{"id":1398,"date":"2012-09-12T10:06:18","date_gmt":"2012-09-12T14:06:18","guid":{"rendered":"http:\/\/www.josettevilleneuve.com\/?page_id=1398"},"modified":"2018-03-04T17:04:43","modified_gmt":"2018-03-04T22:04:43","slug":"partir-ou-rester-la","status":"publish","type":"page","link":"http:\/\/www.josettevilleneuve.com\/?page_id=1398","title":{"rendered":"Wabasso"},"content":{"rendered":"<div>\n<ol>\n<li><a title=\"Jeux du Qu\u00e9bec\" href=\"http:\/\/www.josettevilleneuve.com\/?page_id=1792\">Jeux du Qu\u00e9bec<\/a><\/li>\n<li><a title=\"Journ\u00e9es de la culture\" href=\"http:\/\/www.josettevilleneuve.com\/?page_id=1461\">Journ\u00e9es de la Culture<\/a><\/li>\n<\/ol>\n<h2>Partir ou rester l\u00e0 | Wabasso<\/h2>\n<p><a href=\"http:\/\/www.josettevilleneuve.com\/wp-content\/uploads\/2012\/09\/wabasso33.jpg\"><img loading=\"lazy\" class=\"alignnone  wp-image-3067\" title=\"wabasso33\" src=\"http:\/\/www.josettevilleneuve.com\/wp-content\/uploads\/2012\/09\/wabasso33.jpg\" alt=\"\" width=\"699\" height=\"466\" srcset=\"http:\/\/www.josettevilleneuve.com\/wp-content\/uploads\/2012\/09\/wabasso33.jpg 900w, http:\/\/www.josettevilleneuve.com\/wp-content\/uploads\/2012\/09\/wabasso33-300x200.jpg 300w\" sizes=\"(max-width: 699px) 100vw, 699px\" \/><\/a><\/p>\n<h6><a href=\"http:\/\/www.josettevilleneuve.com\/wp-content\/uploads\/2012\/09\/63164_322388047868179_986322791_n.png\"><img loading=\"lazy\" class=\"alignnone  wp-image-3068\" title=\"63164_322388047868179_986322791_n\" src=\"http:\/\/www.josettevilleneuve.com\/wp-content\/uploads\/2012\/09\/63164_322388047868179_986322791_n.png\" alt=\"\" width=\"700\" height=\"164\" srcset=\"http:\/\/www.josettevilleneuve.com\/wp-content\/uploads\/2012\/09\/63164_322388047868179_986322791_n.png 960w, http:\/\/www.josettevilleneuve.com\/wp-content\/uploads\/2012\/09\/63164_322388047868179_986322791_n-300x70.png 300w\" sizes=\"(max-width: 700px) 100vw, 700px\" \/><\/a>cr\u00e9dit photo JJRD<\/h6>\n<p>Cr\u00e9dit photographique\u00a0\u00a9 \u00c9milie Duchesne, \u00c9difice Wabasso, rue de la Station \u00e0 Shawinigan. Troisi\u00e8me et derni\u00e8re \u00e9tape du projet <em>Partir ou rester l\u00e0<\/em>, 25 octobre 2012 : vernissage et finissage du projet.\u00a0<em><\/em><\/p>\n<\/div>\n<blockquote><p>En <strong>octobre<\/strong> survient la r\u00e9ouverture de l\u2019ancienne usine <em>Wabasso (Shawinigan Cotton Company Limited), <\/em>rappel de la grande p\u00e9riode de prosp\u00e9rit\u00e9 industrielle de Shawinigan, encore sign\u00e9e par la pr\u00e9sence de ce monumental b\u00e2timent qui a vu des g\u00e9n\u00e9rations de femmes faire vrombir, des vies durant, les machines \u00e0 coudre de cette compagnie.<\/p>\n<p>Cette troisi\u00e8me installation occupe de fa\u00e7on imposante l\u2019espace industriel mis \u00e0 nu. Elle provoque une r\u00e9appropriation du lieu par des femmes, mani\u00e8re de boucler la boucle en y ramenant les draps ouvrag\u00e9s de ces artistes.<\/p>\n<p><a href=\"http:\/\/www.josettevilleneuve.com\/wp-content\/uploads\/2012\/09\/pyj.jpg\" target=\"_blank\"><img loading=\"lazy\" class=\"alignnone  wp-image-2197\" title=\"wabasso5\" src=\"http:\/\/www.josettevilleneuve.com\/wp-content\/uploads\/2012\/09\/pyj-300x179.jpg\" alt=\"\" width=\"300\" height=\"179\" srcset=\"http:\/\/www.josettevilleneuve.com\/wp-content\/uploads\/2012\/09\/pyj-300x179.jpg 300w, http:\/\/www.josettevilleneuve.com\/wp-content\/uploads\/2012\/09\/pyj.jpg 600w\" sizes=\"(max-width: 300px) 100vw, 300px\" \/><\/a><a href=\"http:\/\/www.josettevilleneuve.com\/wp-content\/uploads\/2012\/09\/Untitled-1.jpg\" target=\"_blank\"> <img loading=\"lazy\" class=\"alignnone size-medium wp-image-2198\" title=\"Wabasso7\" src=\"http:\/\/www.josettevilleneuve.com\/wp-content\/uploads\/2012\/09\/Untitled-1-200x300.jpg\" alt=\"\" width=\"200\" height=\"300\" srcset=\"http:\/\/www.josettevilleneuve.com\/wp-content\/uploads\/2012\/09\/Untitled-1-200x300.jpg 200w, http:\/\/www.josettevilleneuve.com\/wp-content\/uploads\/2012\/09\/Untitled-1.jpg 600w\" sizes=\"(max-width: 200px) 100vw, 200px\" \/><\/a> <a href=\"http:\/\/www.josettevilleneuve.com\/wp-content\/uploads\/2012\/09\/Untitled-2.jpg\" target=\"_blank\"><img loading=\"lazy\" class=\"alignnone size-medium wp-image-2199\" title=\"wabasso9\" src=\"http:\/\/www.josettevilleneuve.com\/wp-content\/uploads\/2012\/09\/Untitled-2-300x200.jpg\" alt=\"\" width=\"300\" height=\"200\" srcset=\"http:\/\/www.josettevilleneuve.com\/wp-content\/uploads\/2012\/09\/Untitled-2-300x200.jpg 300w, http:\/\/www.josettevilleneuve.com\/wp-content\/uploads\/2012\/09\/Untitled-2.jpg 900w\" sizes=\"(max-width: 300px) 100vw, 300px\" \/><\/a><\/p><\/blockquote>\n<p><strong><em>Les artistes remercient le Conseil des arts et des lettres du Qu\u00e9bec, la Conf\u00e9rence r\u00e9gionale des \u00c9lus et Forum jeunesse Mauricie pour leur aide financi\u00e8re. <\/em><\/strong><\/p>\n<p>Nous remercions aussi tous les partenaires qui ont permis de concr\u00e9tiser le projet \u00e0 diff\u00e9rentes \u00e9tapes : cueillette de draps, aide technique, publicit\u00e9, pr\u00eat de locaux, pr\u00eat d&rsquo;outils et de v\u00e9hicules par le biais de <em>Culture Shawinigan, Soci\u00e9t\u00e9 St-Vincent-de-Paul, A.P.E. inc., Centre d\u2019entrepreneuriat de Shawinigan, Microbrasserie Le Trou du Diable.<\/em><\/p>\n<p>L&rsquo;installation a pris fin le 24 novembre 2012&#8230;<\/p>\n<p><a title=\"Partir ou rester l\u00e0 \" href=\"http:\/\/www.josettevilleneuve.com\/?page_id=1807\" target=\"_blank\">Photos des artistes du projet ICI<\/a><\/p>\n<p>&nbsp;<\/p>\n<p>Cliquez sur les images pour les agrandir, reculez d&rsquo;une page pour revenir au site.<\/p>\n<p><strong>\n\t\t<style type=\"text\/css\">\n\t\t\t#gallery-1 {\n\t\t\t\tmargin: auto;\n\t\t\t}\n\t\t\t#gallery-1 .gallery-item {\n\t\t\t\tfloat: left;\n\t\t\t\tmargin-top: 10px;\n\t\t\t\ttext-align: center;\n\t\t\t\twidth: 25%;\n\t\t\t}\n\t\t\t#gallery-1 img {\n\t\t\t\tborder: 2px solid #cfcfcf;\n\t\t\t}\n\t\t\t#gallery-1 .gallery-caption {\n\t\t\t\tmargin-left: 0;\n\t\t\t}\n\t\t\t\/* see gallery_shortcode() in wp-includes\/media.php *\/\n\t\t<\/style>\n\t\t<div id='gallery-1' class='gallery galleryid-1398 gallery-columns-4 gallery-size-thumbnail'><dl class='gallery-item'>\n\t\t\t<dt class='gallery-icon landscape'>\n\t\t\t\t<a href='http:\/\/www.josettevilleneuve.com\/wp-content\/uploads\/2012\/09\/63164_322388047868179_986322791_n.png'><img width=\"150\" height=\"150\" src=\"http:\/\/www.josettevilleneuve.com\/wp-content\/uploads\/2012\/09\/63164_322388047868179_986322791_n-150x150.png\" class=\"attachment-thumbnail size-thumbnail\" alt=\"\" loading=\"lazy\" \/><\/a>\n\t\t\t<\/dt><\/dl><dl class='gallery-item'>\n\t\t\t<dt class='gallery-icon landscape'>\n\t\t\t\t<a href='http:\/\/www.josettevilleneuve.com\/wp-content\/uploads\/2012\/09\/wabEmiie.jpg'><img width=\"150\" height=\"150\" src=\"http:\/\/www.josettevilleneuve.com\/wp-content\/uploads\/2012\/09\/wabEmiie-150x150.jpg\" class=\"attachment-thumbnail size-thumbnail\" alt=\"\" loading=\"lazy\" \/><\/a>\n\t\t\t<\/dt><\/dl><dl class='gallery-item'>\n\t\t\t<dt class='gallery-icon landscape'>\n\t\t\t\t<a href='http:\/\/www.josettevilleneuve.com\/wp-content\/uploads\/2012\/09\/wabasso01.jpg'><img width=\"150\" height=\"150\" src=\"http:\/\/www.josettevilleneuve.com\/wp-content\/uploads\/2012\/09\/wabasso01-150x150.jpg\" class=\"attachment-thumbnail size-thumbnail\" alt=\"\" loading=\"lazy\" \/><\/a>\n\t\t\t<\/dt><\/dl><dl class='gallery-item'>\n\t\t\t<dt class='gallery-icon landscape'>\n\t\t\t\t<a href='http:\/\/www.josettevilleneuve.com\/wp-content\/uploads\/2012\/09\/wabasso03.jpg'><img width=\"150\" height=\"150\" src=\"http:\/\/www.josettevilleneuve.com\/wp-content\/uploads\/2012\/09\/wabasso03-150x150.jpg\" class=\"attachment-thumbnail size-thumbnail\" alt=\"\" loading=\"lazy\" \/><\/a>\n\t\t\t<\/dt><\/dl><br style=\"clear: both\" \/><dl class='gallery-item'>\n\t\t\t<dt class='gallery-icon portrait'>\n\t\t\t\t<a href='http:\/\/www.josettevilleneuve.com\/wp-content\/uploads\/2012\/09\/wabasso04.jpg'><img width=\"150\" height=\"150\" src=\"http:\/\/www.josettevilleneuve.com\/wp-content\/uploads\/2012\/09\/wabasso04-150x150.jpg\" class=\"attachment-thumbnail size-thumbnail\" alt=\"\" loading=\"lazy\" \/><\/a>\n\t\t\t<\/dt><\/dl><dl class='gallery-item'>\n\t\t\t<dt class='gallery-icon portrait'>\n\t\t\t\t<a href='http:\/\/www.josettevilleneuve.com\/wp-content\/uploads\/2012\/09\/wabasso041.jpg'><img width=\"150\" height=\"150\" src=\"http:\/\/www.josettevilleneuve.com\/wp-content\/uploads\/2012\/09\/wabasso041-150x150.jpg\" class=\"attachment-thumbnail size-thumbnail\" alt=\"\" loading=\"lazy\" \/><\/a>\n\t\t\t<\/dt><\/dl><dl class='gallery-item'>\n\t\t\t<dt class='gallery-icon landscape'>\n\t\t\t\t<a href='http:\/\/www.josettevilleneuve.com\/wp-content\/uploads\/2012\/09\/wabasso06.jpg'><img width=\"150\" height=\"150\" src=\"http:\/\/www.josettevilleneuve.com\/wp-content\/uploads\/2012\/09\/wabasso06-150x150.jpg\" class=\"attachment-thumbnail size-thumbnail\" alt=\"\" loading=\"lazy\" \/><\/a>\n\t\t\t<\/dt><\/dl><dl class='gallery-item'>\n\t\t\t<dt class='gallery-icon landscape'>\n\t\t\t\t<a href='http:\/\/www.josettevilleneuve.com\/wp-content\/uploads\/2012\/09\/wabasso33.jpg'><img width=\"150\" height=\"150\" src=\"http:\/\/www.josettevilleneuve.com\/wp-content\/uploads\/2012\/09\/wabasso33-150x150.jpg\" class=\"attachment-thumbnail size-thumbnail\" alt=\"\" loading=\"lazy\" \/><\/a>\n\t\t\t<\/dt><\/dl><br style=\"clear: both\" \/><dl class='gallery-item'>\n\t\t\t<dt class='gallery-icon landscape'>\n\t\t\t\t<a href='http:\/\/www.josettevilleneuve.com\/wp-content\/uploads\/2012\/09\/pyj.jpg'><img width=\"150\" height=\"150\" src=\"http:\/\/www.josettevilleneuve.com\/wp-content\/uploads\/2012\/09\/pyj-150x150.jpg\" class=\"attachment-thumbnail size-thumbnail\" alt=\"\" loading=\"lazy\" \/><\/a>\n\t\t\t<\/dt><\/dl><dl class='gallery-item'>\n\t\t\t<dt class='gallery-icon portrait'>\n\t\t\t\t<a href='http:\/\/www.josettevilleneuve.com\/wp-content\/uploads\/2012\/09\/Untitled-1.jpg'><img width=\"150\" height=\"150\" src=\"http:\/\/www.josettevilleneuve.com\/wp-content\/uploads\/2012\/09\/Untitled-1-150x150.jpg\" class=\"attachment-thumbnail size-thumbnail\" alt=\"\" loading=\"lazy\" \/><\/a>\n\t\t\t<\/dt><\/dl><dl class='gallery-item'>\n\t\t\t<dt class='gallery-icon landscape'>\n\t\t\t\t<a href='http:\/\/www.josettevilleneuve.com\/wp-content\/uploads\/2012\/09\/Untitled-2.jpg'><img width=\"150\" height=\"150\" src=\"http:\/\/www.josettevilleneuve.com\/wp-content\/uploads\/2012\/09\/Untitled-2-150x150.jpg\" class=\"attachment-thumbnail size-thumbnail\" alt=\"\" loading=\"lazy\" \/><\/a>\n\t\t\t<\/dt><\/dl><dl class='gallery-item'>\n\t\t\t<dt class='gallery-icon landscape'>\n\t\t\t\t<a href='http:\/\/www.josettevilleneuve.com\/wp-content\/uploads\/2012\/09\/wabasso9.jpg'><img width=\"150\" height=\"150\" src=\"http:\/\/www.josettevilleneuve.com\/wp-content\/uploads\/2012\/09\/wabasso9-150x150.jpg\" class=\"attachment-thumbnail size-thumbnail\" alt=\"\" loading=\"lazy\" \/><\/a>\n\t\t\t<\/dt><\/dl><br style=\"clear: both\" \/>\n\t\t<\/div>\n<br \/>\n<\/strong><\/p>\n<p><em>Un projet original de Josette Villeneuve, avec la participation des artistes Karine Beaulieu, \u00c9milie Duchesne, Myriam Fauteux, Cyndie Lemay et Louise Paill\u00e9.<\/em><\/p>\n<div><\/div>\n<div><a href=\"http:\/\/www.josettevilleneuve.com\/wp-content\/uploads\/2012\/08\/CALQi2c.bmp\"><img loading=\"lazy\" title=\"CALQi2c\" src=\"http:\/\/www.josettevilleneuve.com\/wp-content\/uploads\/2012\/08\/CALQi2c.bmp\" alt=\"\" width=\"274\" height=\"104\" \/><\/a><img loading=\"lazy\" title=\"image004\" src=\"http:\/\/www.josettevilleneuve.com\/wp-content\/uploads\/2012\/08\/image004.jpg\" alt=\"\" width=\"170\" height=\"104\" \/><a href=\"http:\/\/www.josettevilleneuve.com\/wp-content\/uploads\/2012\/08\/Forum-jeunesse-mauricie_logo.jpg\"><img loading=\"lazy\" title=\"Forum jeunesse mauricie_logo\" src=\"http:\/\/www.josettevilleneuve.com\/wp-content\/uploads\/2012\/08\/Forum-jeunesse-mauricie_logo.jpg\" alt=\"\" width=\"104\" height=\"108\" \/><\/a><\/div>\n<div><\/div>\n<p>&nbsp;<\/p>\n<div>\n<div><em><br \/>\n<\/em><\/div>\n<\/div>\n","protected":false},"excerpt":{"rendered":"<p>Jeux du Qu\u00e9bec Journ\u00e9es de la Culture Partir ou rester l\u00e0 | Wabasso cr\u00e9dit photo JJRD Cr\u00e9dit photographique\u00a0\u00a9 \u00c9milie Duchesne, \u00c9difice Wabasso, rue de la Station \u00e0 Shawinigan. Troisi\u00e8me et derni\u00e8re \u00e9tape du projet Partir ou rester l\u00e0, 25 octobre 2012 : vernissage et finissage du projet.\u00a0 En octobre survient la r\u00e9ouverture de l\u2019ancienne usine<a class=\"rmore\" href=\"http:\/\/www.josettevilleneuve.com\/?page_id=1398\">&nbsp;&nbsp; Read More &#8230;<\/a><\/p>\n","protected":false},"author":1,"featured_media":0,"parent":109,"menu_order":60,"comment_status":"open","ping_status":"open","template":"","meta":[],"_links":{"self":[{"href":"http:\/\/www.josettevilleneuve.com\/index.php?rest_route=\/wp\/v2\/pages\/1398"}],"collection":[{"href":"http:\/\/www.josettevilleneuve.com\/index.php?rest_route=\/wp\/v2\/pages"}],"about":[{"href":"http:\/\/www.josettevilleneuve.com\/index.php?rest_route=\/wp\/v2\/types\/page"}],"author":[{"embeddable":true,"href":"http:\/\/www.josettevilleneuve.com\/index.php?rest_route=\/wp\/v2\/users\/1"}],"replies":[{"embeddable":true,"href":"http:\/\/www.josettevilleneuve.com\/index.php?rest_route=%2Fwp%2Fv2%2Fcomments&post=1398"}],"version-history":[{"count":38,"href":"http:\/\/www.josettevilleneuve.com\/index.php?rest_route=\/wp\/v2\/pages\/1398\/revisions"}],"predecessor-version":[{"id":4630,"href":"http:\/\/www.josettevilleneuve.com\/index.php?rest_route=\/wp\/v2\/pages\/1398\/revisions\/4630"}],"up":[{"embeddable":true,"href":"http:\/\/www.josettevilleneuve.com\/index.php?rest_route=\/wp\/v2\/pages\/109"}],"wp:attachment":[{"href":"http:\/\/www.josettevilleneuve.com\/index.php?rest_route=%2Fwp%2Fv2%2Fmedia&parent=1398"}],"curies":[{"name":"wp","href":"https:\/\/api.w.org\/{rel}","templated":true}]}}