{"id":1792,"date":"2012-12-11T22:00:04","date_gmt":"2012-12-12T02:00:04","guid":{"rendered":"http:\/\/www.josettevilleneuve.com\/?page_id=1792"},"modified":"2015-12-16T20:54:28","modified_gmt":"2015-12-17T01:54:28","slug":"jeux-du-quebec","status":"publish","type":"page","link":"http:\/\/www.josettevilleneuve.com\/?page_id=1792","title":{"rendered":"Jeux du Qu\u00e9bec"},"content":{"rendered":"<ol>\n<li><a title=\"Journ\u00e9es de la culture\" href=\"http:\/\/www.josettevilleneuve.com\/?page_id=1461\">Journ\u00e9es de la Culture<\/a><\/li>\n<li><a title=\"Wabasso\" href=\"http:\/\/www.josettevilleneuve.com\/?page_id=1398\">Wabasso<\/a><\/li>\n<\/ol>\n<p>Vid\u00e9o tourn\u00e9e par Fontaine Leriche, produite par Culture Mauricie gr\u00e2ce au soutien de CR\u00c9 Mauricie et Forum Jeunesse Mauricie.<\/p>\n<p><iframe loading=\"lazy\" src=\"https:\/\/www.youtube.com\/embed\/TtXameFdVbo\" frameborder=\"0\" width=\"560\" height=\"315\"><\/iframe><\/p>\n<p>Pour sa premi\u00e8re sortie publique officielle, le 28 juillet 2012, le projet <em><strong>Partir ou rester l\u00e0 <\/strong><\/em>s\u2019inscrit au <strong>Blitz urbain<\/strong> pendant les Jeux du Qu\u00e9bec et invite le public de tous \u00e2ges \u00e0 griffonner, dessiner, \u00e9crire, gribouiller sur place, \u00e0 m\u00eame un choix de tissus usag\u00e9s (draps et taies d\u2019oreillers), en s\u2019inspirant de la th\u00e9matique\u00a0: <em>Partir ou rester l\u00e0\u2026 ? <\/em><\/p>\n<p>On s&rsquo;installe au Parc Augustin-Lambert, pr\u00e8s du Centre des Arts de Shawinigan. Les draps flottent et battent au vent !!<\/p>\n<p><em><a href=\"http:\/\/www.josettevilleneuve.com\/wp-content\/uploads\/2012\/12\/Jeuxqc1.jpg\" target=\"_blank\"><img loading=\"lazy\" class=\"alignnone size-medium wp-image-2291\" title=\"Jeuxqc1\" src=\"http:\/\/www.josettevilleneuve.com\/wp-content\/uploads\/2012\/12\/Jeuxqc1-200x300.jpg\" alt=\"\" width=\"200\" height=\"300\" srcset=\"http:\/\/www.josettevilleneuve.com\/wp-content\/uploads\/2012\/12\/Jeuxqc1-200x300.jpg 200w, http:\/\/www.josettevilleneuve.com\/wp-content\/uploads\/2012\/12\/Jeuxqc1.jpg 600w\" sizes=\"(max-width: 200px) 100vw, 200px\" \/><\/a><a href=\"http:\/\/www.josettevilleneuve.com\/wp-content\/uploads\/2012\/12\/Jeuxqc2.jpg\" target=\"_blank\"> <img loading=\"lazy\" class=\"alignnone size-medium wp-image-2292\" title=\"Jeuxqc2\" src=\"http:\/\/www.josettevilleneuve.com\/wp-content\/uploads\/2012\/12\/Jeuxqc2-200x300.jpg\" alt=\"\" width=\"200\" height=\"300\" srcset=\"http:\/\/www.josettevilleneuve.com\/wp-content\/uploads\/2012\/12\/Jeuxqc2-200x300.jpg 200w, http:\/\/www.josettevilleneuve.com\/wp-content\/uploads\/2012\/12\/Jeuxqc2.jpg 600w\" sizes=\"(max-width: 200px) 100vw, 200px\" \/> <\/a><a href=\"http:\/\/www.josettevilleneuve.com\/wp-content\/uploads\/2012\/12\/Jeuxqc3.jpg\" target=\"_blank\"><img loading=\"lazy\" class=\"alignnone size-medium wp-image-2293\" title=\"Jeuxqc3\" src=\"http:\/\/www.josettevilleneuve.com\/wp-content\/uploads\/2012\/12\/Jeuxqc3-300x200.jpg\" alt=\"\" width=\"300\" height=\"200\" srcset=\"http:\/\/www.josettevilleneuve.com\/wp-content\/uploads\/2012\/12\/Jeuxqc3-300x200.jpg 300w, http:\/\/www.josettevilleneuve.com\/wp-content\/uploads\/2012\/12\/Jeuxqc3.jpg 900w\" sizes=\"(max-width: 300px) 100vw, 300px\" \/><\/a><\/em><\/p>\n<p style=\"text-align: center;\"><em><a href=\"http:\/\/www.josettevilleneuve.com\/wp-content\/uploads\/2012\/12\/JeuxQc7.jpg\" target=\"_blank\">********************<\/a><\/em><\/p>\n<p style=\"text-align: left;\"><em><a href=\"http:\/\/www.josettevilleneuve.com\/wp-content\/uploads\/2012\/12\/JeuxQc7.jpg\" target=\"_blank\"><img loading=\"lazy\" class=\"alignnone size-medium wp-image-2294\" title=\"JeuxQc7\" src=\"http:\/\/www.josettevilleneuve.com\/wp-content\/uploads\/2012\/12\/JeuxQc7-300x200.jpg\" alt=\"\" width=\"300\" height=\"200\" srcset=\"http:\/\/www.josettevilleneuve.com\/wp-content\/uploads\/2012\/12\/JeuxQc7-300x200.jpg 300w, http:\/\/www.josettevilleneuve.com\/wp-content\/uploads\/2012\/12\/JeuxQc7.jpg 900w\" sizes=\"(max-width: 300px) 100vw, 300px\" \/> <\/a><a href=\"http:\/\/www.josettevilleneuve.com\/wp-content\/uploads\/2012\/12\/JeuxQc4.jpg\" target=\"_blank\"><img loading=\"lazy\" class=\"alignnone  wp-image-2295\" title=\"JeuxQc4\" src=\"http:\/\/www.josettevilleneuve.com\/wp-content\/uploads\/2012\/12\/JeuxQc4-300x200.jpg\" alt=\"\" width=\"300\" height=\"200\" srcset=\"http:\/\/www.josettevilleneuve.com\/wp-content\/uploads\/2012\/12\/JeuxQc4-300x200.jpg 300w, http:\/\/www.josettevilleneuve.com\/wp-content\/uploads\/2012\/12\/JeuxQc4.jpg 900w\" sizes=\"(max-width: 300px) 100vw, 300px\" \/><\/a><\/em><\/p>\n<p style=\"text-align: center;\"><em><a href=\"http:\/\/www.josettevilleneuve.com\/wp-content\/uploads\/2012\/12\/JeuxQc4.jpg\" target=\"_blank\">********************<\/a><\/em><\/p>\n<p style=\"text-align: left;\"><em><a href=\"http:\/\/www.josettevilleneuve.com\/wp-content\/uploads\/2012\/12\/JeuxQc5.jpg\" target=\"_blank\"><img loading=\"lazy\" class=\"alignnone size-medium wp-image-2296\" title=\"JeuxQc5\" src=\"http:\/\/www.josettevilleneuve.com\/wp-content\/uploads\/2012\/12\/JeuxQc5-300x200.jpg\" alt=\"\" width=\"300\" height=\"200\" srcset=\"http:\/\/www.josettevilleneuve.com\/wp-content\/uploads\/2012\/12\/JeuxQc5-300x200.jpg 300w, http:\/\/www.josettevilleneuve.com\/wp-content\/uploads\/2012\/12\/JeuxQc5.jpg 900w\" sizes=\"(max-width: 300px) 100vw, 300px\" \/><\/a><a href=\"http:\/\/www.josettevilleneuve.com\/wp-content\/uploads\/2012\/12\/LPaille21.jpg\" target=\"_blank\"> <img loading=\"lazy\" class=\"alignnone size-medium wp-image-2297\" title=\"LPaille2\" src=\"http:\/\/www.josettevilleneuve.com\/wp-content\/uploads\/2012\/12\/LPaille21-200x300.jpg\" alt=\"\" width=\"200\" height=\"300\" srcset=\"http:\/\/www.josettevilleneuve.com\/wp-content\/uploads\/2012\/12\/LPaille21-200x300.jpg 200w, http:\/\/www.josettevilleneuve.com\/wp-content\/uploads\/2012\/12\/LPaille21.jpg 600w\" sizes=\"(max-width: 200px) 100vw, 200px\" \/> <\/a><a href=\"http:\/\/www.josettevilleneuve.com\/wp-content\/uploads\/2012\/12\/JeuxQc6.jpg\" target=\"_blank\"><img loading=\"lazy\" class=\"alignnone size-medium wp-image-2298\" title=\"JeuxQc6\" src=\"http:\/\/www.josettevilleneuve.com\/wp-content\/uploads\/2012\/12\/JeuxQc6-200x300.jpg\" alt=\"\" width=\"200\" height=\"300\" srcset=\"http:\/\/www.josettevilleneuve.com\/wp-content\/uploads\/2012\/12\/JeuxQc6-200x300.jpg 200w, http:\/\/www.josettevilleneuve.com\/wp-content\/uploads\/2012\/12\/JeuxQc6.jpg 600w\" sizes=\"(max-width: 200px) 100vw, 200px\" \/><\/a><\/em><\/p>\n<p style=\"text-align: center;\"><em><a href=\"http:\/\/www.josettevilleneuve.com\/wp-content\/uploads\/2012\/12\/Jeuxqc2.jpg\">********************<br \/>\n<\/a><\/em><\/p>\n<p>Cr\u00e9dit photographique\u00a0 \u00a9\u00c9milie Duchesne<\/p>\n<p><strong><a href=\"http:\/\/www.josettevilleneuve.com\/wp-content\/uploads\/2012\/07\/18.jpg\" target=\"_blank\"><img loading=\"lazy\" title=\"Griffonnage collectif\" src=\"http:\/\/www.josettevilleneuve.com\/wp-content\/uploads\/2012\/07\/18.jpg\" alt=\"\" width=\"300\" height=\"223\" \/><\/a><\/strong><\/p>\n<div><\/div>\n<div>Les artistes <em>Karine Beaulieu, \u00c9milie Duchesne, Myriam Fauteux, Cyndie Lemay, Louise Paill\u00e9 et Josette Villeneuve <\/em>remercient le Conseil des arts et des lettres du Qu\u00e9bec, la Conf\u00e9rence r\u00e9gionale des \u00e9lus et Forum jeunesse Mauricie pour leur appui financier.<\/div>\n<div><a href=\"http:\/\/www.josettevilleneuve.com\/wp-content\/uploads\/2012\/08\/CALQi2c.bmp\"><img loading=\"lazy\" title=\"CALQi2c\" src=\"http:\/\/www.josettevilleneuve.com\/wp-content\/uploads\/2012\/08\/CALQi2c.bmp\" alt=\"\" width=\"274\" height=\"104\" \/><\/a><img loading=\"lazy\" title=\"image004\" src=\"http:\/\/www.josettevilleneuve.com\/wp-content\/uploads\/2012\/08\/image004.jpg\" alt=\"\" width=\"170\" height=\"104\" \/><a href=\"http:\/\/www.josettevilleneuve.com\/wp-content\/uploads\/2012\/08\/Forum-jeunesse-mauricie_logo.jpg\"><img loading=\"lazy\" title=\"Forum jeunesse mauricie_logo\" src=\"http:\/\/www.josettevilleneuve.com\/wp-content\/uploads\/2012\/08\/Forum-jeunesse-mauricie_logo.jpg\" alt=\"\" width=\"104\" height=\"108\" \/><\/a><a href=\"http:\/\/www.josettevilleneuve.com\/wp-content\/uploads\/2012\/12\/Culture_Shawinigan2.jpg\"><img loading=\"lazy\" class=\"alignnone  wp-image-3070\" title=\"Culture_Shawinigan(col-petit)\" src=\"http:\/\/www.josettevilleneuve.com\/wp-content\/uploads\/2012\/12\/Culture_Shawinigan2-e1385044996352.jpg\" alt=\"\" width=\"184\" height=\"78\" \/><\/a><\/div>\n<div><\/div>\n","protected":false},"excerpt":{"rendered":"<p>Journ\u00e9es de la Culture Wabasso Vid\u00e9o tourn\u00e9e par Fontaine Leriche, produite par Culture Mauricie gr\u00e2ce au soutien de CR\u00c9 Mauricie et Forum Jeunesse Mauricie. Pour sa premi\u00e8re sortie publique officielle, le 28 juillet 2012, le projet Partir ou rester l\u00e0 s\u2019inscrit au Blitz urbain pendant les Jeux du Qu\u00e9bec et invite le public de tous<a class=\"rmore\" href=\"http:\/\/www.josettevilleneuve.com\/?page_id=1792\">&nbsp;&nbsp; Read More &#8230;<\/a><\/p>\n","protected":false},"author":1,"featured_media":1805,"parent":109,"menu_order":0,"comment_status":"open","ping_status":"open","template":"","meta":[],"_links":{"self":[{"href":"http:\/\/www.josettevilleneuve.com\/index.php?rest_route=\/wp\/v2\/pages\/1792"}],"collection":[{"href":"http:\/\/www.josettevilleneuve.com\/index.php?rest_route=\/wp\/v2\/pages"}],"about":[{"href":"http:\/\/www.josettevilleneuve.com\/index.php?rest_route=\/wp\/v2\/types\/page"}],"author":[{"embeddable":true,"href":"http:\/\/www.josettevilleneuve.com\/index.php?rest_route=\/wp\/v2\/users\/1"}],"replies":[{"embeddable":true,"href":"http:\/\/www.josettevilleneuve.com\/index.php?rest_route=%2Fwp%2Fv2%2Fcomments&post=1792"}],"version-history":[{"count":21,"href":"http:\/\/www.josettevilleneuve.com\/index.php?rest_route=\/wp\/v2\/pages\/1792\/revisions"}],"predecessor-version":[{"id":3835,"href":"http:\/\/www.josettevilleneuve.com\/index.php?rest_route=\/wp\/v2\/pages\/1792\/revisions\/3835"}],"up":[{"embeddable":true,"href":"http:\/\/www.josettevilleneuve.com\/index.php?rest_route=\/wp\/v2\/pages\/109"}],"wp:featuredmedia":[{"embeddable":true,"href":"http:\/\/www.josettevilleneuve.com\/index.php?rest_route=\/wp\/v2\/media\/1805"}],"wp:attachment":[{"href":"http:\/\/www.josettevilleneuve.com\/index.php?rest_route=%2Fwp%2Fv2%2Fmedia&parent=1792"}],"curies":[{"name":"wp","href":"https:\/\/api.w.org\/{rel}","templated":true}]}}