{"id":255,"date":"2010-05-10T22:07:30","date_gmt":"2010-05-11T02:07:30","guid":{"rendered":"http:\/\/www.josettevilleneuve.com\/?page_id=255"},"modified":"2022-10-31T16:32:25","modified_gmt":"2022-10-31T16:32:25","slug":"utopique-forum-artistique","status":"publish","type":"page","link":"http:\/\/www.josettevilleneuve.com\/?page_id=255","title":{"rendered":"Utopique forum artistique"},"content":{"rendered":"<div id=\"attachment_562\" style=\"width: 310px\" class=\"wp-caption alignnone\"><a href=\"http:\/\/www.josettevilleneuve.com\/wp-content\/uploads\/2010\/05\/07.jpg\" target=\"_blank\" rel=\"noopener\"><img aria-describedby=\"caption-attachment-562\" loading=\"lazy\" class=\"size-medium wp-image-562 \" title=\"Utopique forum artistique\" src=\"http:\/\/www.josettevilleneuve.com\/wp-content\/uploads\/2010\/05\/07-300x200.jpg\" alt=\"atelier \/ Katimavik\" width=\"300\" height=\"200\" srcset=\"http:\/\/www.josettevilleneuve.com\/wp-content\/uploads\/2010\/05\/07-300x200.jpg 300w, http:\/\/www.josettevilleneuve.com\/wp-content\/uploads\/2010\/05\/07.jpg 640w\" sizes=\"(max-width: 300px) 100vw, 300px\" \/><\/a><p id=\"caption-attachment-562\" class=\"wp-caption-text\">atelier \/ Katimavik<\/p><\/div>\n<div id=\"attachment_563\" style=\"width: 210px\" class=\"wp-caption alignnone\"><a href=\"http:\/\/www.josettevilleneuve.com\/wp-content\/uploads\/2010\/05\/04.jpg\" target=\"_blank\" rel=\"noopener\"><img aria-describedby=\"caption-attachment-563\" loading=\"lazy\" class=\"size-medium wp-image-563 \" title=\"Utopique forum artistique\" src=\"http:\/\/www.josettevilleneuve.com\/wp-content\/uploads\/2010\/05\/04-200x300.jpg\" alt=\"atelier \/ Katimavik\" width=\"200\" height=\"300\" srcset=\"http:\/\/www.josettevilleneuve.com\/wp-content\/uploads\/2010\/05\/04-200x300.jpg 200w, http:\/\/www.josettevilleneuve.com\/wp-content\/uploads\/2010\/05\/04.jpg 321w\" sizes=\"(max-width: 200px) 100vw, 200px\" \/><\/a><p id=\"caption-attachment-563\" class=\"wp-caption-text\">Atelier \/ Katimavik<\/p><\/div>\n<p><a href=\"http:\/\/www.josettevilleneuve.com\/wp-content\/uploads\/2010\/05\/081.jpg\" target=\"_blank\" rel=\"noopener\"><img loading=\"lazy\" class=\"size-medium wp-image-564 alignleft\" title=\"Utopique forum artistique Josette Villeneuve\" src=\"http:\/\/www.josettevilleneuve.com\/wp-content\/uploads\/2010\/05\/081-300x200.jpg\" alt=\"\" width=\"300\" height=\"200\" srcset=\"http:\/\/www.josettevilleneuve.com\/wp-content\/uploads\/2010\/05\/081-300x200.jpg 300w, http:\/\/www.josettevilleneuve.com\/wp-content\/uploads\/2010\/05\/081.jpg 640w\" sizes=\"(max-width: 300px) 100vw, 300px\" \/><\/a><\/p>\n<h2 style=\"margin: 0cm 36pt 0pt 35.4pt; line-height: 150%; text-align: justify; tab-stops: 396.0pt;\"><\/h2>\n<h2 style=\"margin: 0cm 36pt 0pt 35.4pt; line-height: 150%; text-align: justify; tab-stops: 396.0pt;\"><\/h2>\n<h2 style=\"margin: 0cm 36pt 0pt 35.4pt; line-height: 150%; text-align: justify; tab-stops: 396.0pt;\"><\/h2>\n<h2 style=\"margin: 0cm 36pt 0pt 35.4pt; line-height: 150%; text-align: justify; tab-stops: 396.0pt;\"><\/h2>\n<h2 style=\"margin: 0cm 36pt 0pt 35.4pt; line-height: 150%; text-align: justify; tab-stops: 396.0pt;\"><\/h2>\n<h2 style=\"margin: 0cm 36pt 0pt 35.4pt; line-height: 150%; text-align: justify; tab-stops: 396.0pt;\"><\/h2>\n<h2 style=\"margin: 0cm 36pt 0pt 35.4pt; line-height: 150%; text-align: justify; tab-stops: 396.0pt;\"><\/h2>\n<h2 style=\"margin: 0cm 36pt 0pt 35.4pt; line-height: 150%; text-align: justify; tab-stops: 396.0pt;\"><span style=\"font-weight: normal; font-size: 12pt; line-height: 150%;\"><span style=\"font-family: Times New Roman;\"><strong><a href=\"http:\/\/www.josettevilleneuve.com\/wp-content\/uploads\/2010\/03\/datail-alma.jpg\" target=\"_blank\" rel=\"noopener\"><img loading=\"lazy\" class=\"alignnone size-medium wp-image-229\" title=\"d\u00e9tail-alma\" src=\"http:\/\/www.josettevilleneuve.com\/wp-content\/uploads\/2010\/03\/datail-alma-300x224.jpg\" alt=\"d\u00e9tail\" width=\"300\" height=\"224\" srcset=\"http:\/\/www.josettevilleneuve.com\/wp-content\/uploads\/2010\/03\/datail-alma-300x224.jpg 300w, http:\/\/www.josettevilleneuve.com\/wp-content\/uploads\/2010\/03\/datail-alma.jpg 1440w\" sizes=\"(max-width: 300px) 100vw, 300px\" \/><\/a>\u00a0\u00a0<\/strong><\/span><\/span><strong style=\"font-family: 'Times New Roman'; font-size: 12pt; line-height: 150%;\"><a href=\"http:\/\/www.josettevilleneuve.com\/wp-content\/uploads\/2010\/03\/une-rencontre-internationale1.jpg\" target=\"_blank\" rel=\"noopener\"><img loading=\"lazy\" class=\"alignnone size-medium wp-image-228\" title=\"une-rencontre-internationale1\" src=\"http:\/\/www.josettevilleneuve.com\/wp-content\/uploads\/2010\/03\/une-rencontre-internationale1-300x224.jpg\" alt=\"une rencontre internationale\" width=\"300\" height=\"224\" srcset=\"http:\/\/www.josettevilleneuve.com\/wp-content\/uploads\/2010\/03\/une-rencontre-internationale1-300x224.jpg 300w, http:\/\/www.josettevilleneuve.com\/wp-content\/uploads\/2010\/03\/une-rencontre-internationale1.jpg 1440w\" sizes=\"(max-width: 300px) 100vw, 300px\" \/><\/a><\/strong><\/h2>\n<h3>UTOPIQUE FORUM ARTISTIQUE \/\u00a0<span style=\"font-size: 1.17em;\">Une rencontre internationale, 2010<\/span><\/h3>\n<p>Images de la micro-r\u00e9sidence, du 24 au 27 f\u00e9vrier 2010.<\/p>\n<p>\u00c9tiquettes de v\u00eatements, \u00e9pingles, 180 po x 80 po.<\/p>\n<p>Dur\u00e9e de l\u2019exposition : du 27 f\u00e9vrier au 12 mars 2010.<br \/>\nLieu : Espacepointca, Coll\u00e8ge d\u2019Alma;<br \/>\nCommissaire du projet: Karine C\u00f4t\u00e9.<br \/>\nPhotos : Josette Villeneuve, Karine C\u00f4t\u00e9.<br \/>\nTrois artistes (Chantale Boulianne, Carl Bouchard et Josette Villeneuve) + 1 collectif (Women With Kitchen Appliances) ont \u00e9t\u00e9 invit\u00e9s par l\u2019artiste almatoise Karine C\u00f4t\u00e9 \u00e0 relever ce d\u00e9fi de cr\u00e9ation dans le cadre d\u2019une micro-r\u00e9sidence intensive o\u00f9 ils pousseront leurs limites \u00e0 l\u2019extr\u00eame. Sous le th\u00e8me de la performance et de la contre-performance, ils r\u00e9pondront \u00e0 l\u2019urgence de cr\u00e9er un produit \u00e0 livrer co\u00fbte que co\u00fbte.<br \/>\nhttp:\/\/www.zoneoccupee.com Revue Zone occup\u00e9e, page 40<\/p>\n<p style=\"margin: 0cm 36pt 0pt 35.4pt; line-height: 150%; text-align: left; tab-stops: 396.0pt;\"><span style=\"font-weight: normal; font-size: 12pt; line-height: 150%;\"><span style=\"font-family: Times New Roman;\"><span style=\"text-decoration: underline;\"><strong><a href=\"http:\/\/www.josettevilleneuve.com\/wp-content\/uploads\/2010\/03\/chantale-boulianne.jpg\"><img loading=\"lazy\" class=\"alignnone size-medium wp-image-231\" title=\"chantale-boulianne\" src=\"http:\/\/www.josettevilleneuve.com\/wp-content\/uploads\/2010\/03\/chantale-boulianne-300x223.jpg\" alt=\"chantale boulianne\" width=\"300\" height=\"223\" srcset=\"http:\/\/www.josettevilleneuve.com\/wp-content\/uploads\/2010\/03\/chantale-boulianne-300x223.jpg 300w, http:\/\/www.josettevilleneuve.com\/wp-content\/uploads\/2010\/03\/chantale-boulianne.jpg 1440w\" sizes=\"(max-width: 300px) 100vw, 300px\" \/><\/a><\/strong><\/span><\/span><\/span><\/p>\n<p style=\"margin: 0cm 36pt 0pt 35.4pt; line-height: 150%; text-align: left; tab-stops: 396.0pt;\"><span style=\"font-weight: normal; font-size: 12pt; line-height: 150%;\"><strong><span style=\"text-decoration: underline;\"><span style=\"font-family: Times New Roman;\"><span style=\"font-weight: normal; font-size: 12pt; line-height: 150%;\"><span style=\"font-family: Times New Roman;\"><span style=\"text-decoration: underline;\"><strong><a href=\"http:\/\/www.josettevilleneuve.com\/wp-content\/uploads\/2010\/03\/chantale-boulianne2.jpg\"><img loading=\"lazy\" class=\"alignnone size-medium wp-image-232\" title=\"chantale-boulianne2\" src=\"http:\/\/www.josettevilleneuve.com\/wp-content\/uploads\/2010\/03\/chantale-boulianne2-300x218.jpg\" alt=\"chantale boulianne\" width=\"300\" height=\"218\" srcset=\"http:\/\/www.josettevilleneuve.com\/wp-content\/uploads\/2010\/03\/chantale-boulianne2-300x218.jpg 300w, http:\/\/www.josettevilleneuve.com\/wp-content\/uploads\/2010\/03\/chantale-boulianne2.jpg 1440w\" sizes=\"(max-width: 300px) 100vw, 300px\" \/><\/a><\/strong><\/span><\/span><\/span><\/span><\/span><\/strong><\/span><\/p>\n<p style=\"margin: 0cm 36pt 0pt 35.4pt; line-height: 150%; text-align: left; tab-stops: 396.0pt;\"><span style=\"font-weight: normal; font-size: 12pt; line-height: 150%;\"><span style=\"font-family: Times New Roman;\"><span style=\"font-weight: normal; font-size: 12pt; line-height: 150%;\">Chantale Boulianne, <em>Dig\u00e9rer l&rsquo;\u00e9l\u00e9phant.<\/em><\/span><\/span><\/span><\/p>\n<p style=\"margin: 0cm 36pt 0pt 35.4pt; line-height: 150%; text-align: left; tab-stops: 396.0pt;\"><span style=\"font-weight: normal; font-size: 12pt; line-height: 150%;\">&#8212;&#8212;&#8212;&#8212;&#8212;&#8212;&#8212;&#8212;&#8212;&#8212;&#8212;<\/span><\/p>\n<p style=\"margin: 0cm 36pt 0pt 35.4pt; line-height: 150%; text-align: left; tab-stops: 396.0pt;\"><span style=\"font-weight: normal; font-size: 12pt; line-height: 150%;\"><span style=\"font-weight: normal; font-size: 12pt; line-height: 150%;\"><span style=\"font-family: Times New Roman;\"><span style=\"text-decoration: underline;\"><strong><a href=\"http:\/\/www.josettevilleneuve.com\/wp-content\/uploads\/2010\/03\/carl-bouchard2.jpg\"><img loading=\"lazy\" class=\"alignnone size-medium wp-image-233\" title=\"carl-bouchard2\" src=\"http:\/\/www.josettevilleneuve.com\/wp-content\/uploads\/2010\/03\/carl-bouchard2-300x224.jpg\" alt=\"gagner une heure\" width=\"300\" height=\"224\" srcset=\"http:\/\/www.josettevilleneuve.com\/wp-content\/uploads\/2010\/03\/carl-bouchard2-300x224.jpg 300w, http:\/\/www.josettevilleneuve.com\/wp-content\/uploads\/2010\/03\/carl-bouchard2.jpg 1440w\" sizes=\"(max-width: 300px) 100vw, 300px\" \/><\/a><\/strong><\/span><\/span><\/span><\/span><\/p>\n<p style=\"margin: 0cm 36pt 0pt 35.4pt; line-height: 150%; text-align: left; tab-stops: 396.0pt;\"><span style=\"font-weight: normal; font-size: 12pt; line-height: 150%;\"><span style=\"font-weight: normal; font-size: 12pt; line-height: 150%;\"><span style=\"font-weight: normal; font-size: 12pt; line-height: 150%;\"><span style=\"font-family: Times New Roman;\"><span style=\"text-decoration: underline;\"><strong><a href=\"http:\/\/www.josettevilleneuve.com\/wp-content\/uploads\/2010\/03\/carl-bouchard3.jpg\"><img loading=\"lazy\" class=\"alignnone size-medium wp-image-234\" title=\"carl-bouchard3\" src=\"http:\/\/www.josettevilleneuve.com\/wp-content\/uploads\/2010\/03\/carl-bouchard3-300x225.jpg\" alt=\"Gagner une heure\" width=\"300\" height=\"225\" srcset=\"http:\/\/www.josettevilleneuve.com\/wp-content\/uploads\/2010\/03\/carl-bouchard3-300x225.jpg 300w, http:\/\/www.josettevilleneuve.com\/wp-content\/uploads\/2010\/03\/carl-bouchard3.jpg 1440w\" sizes=\"(max-width: 300px) 100vw, 300px\" \/><\/a><\/strong><\/span><\/span><\/span><\/span><\/span><\/p>\n<p style=\"margin: 0cm 36pt 0pt 35.4pt; line-height: 150%; text-align: left; tab-stops: 396.0pt;\"><span style=\"font-weight: normal; font-size: 12pt; line-height: 150%;\"><span style=\"font-weight: normal; font-size: 12pt; line-height: 150%;\"><span style=\"font-weight: normal; font-size: 12pt; line-height: 150%;\"><span style=\"font-family: Times New Roman;\">Carl Bouchard, <em>Gagner une heure, <\/em>performance.<\/span><\/span><\/span><\/span><\/p>\n","protected":false},"excerpt":{"rendered":"<p>\u00a0\u00a0 UTOPIQUE FORUM ARTISTIQUE \/\u00a0Une rencontre internationale, 2010 Images de la micro-r\u00e9sidence, du 24 au 27 f\u00e9vrier 2010. \u00c9tiquettes de v\u00eatements, \u00e9pingles, 180 po x 80 po. Dur\u00e9e de l\u2019exposition : du 27 f\u00e9vrier au 12 mars 2010. Lieu : Espacepointca, Coll\u00e8ge d\u2019Alma; Commissaire du projet: Karine C\u00f4t\u00e9. Photos : Josette Villeneuve, Karine C\u00f4t\u00e9. Trois<a class=\"rmore\" href=\"http:\/\/www.josettevilleneuve.com\/?page_id=255\">&nbsp;&nbsp; Read More &#8230;<\/a><\/p>\n","protected":false},"author":1,"featured_media":0,"parent":408,"menu_order":71,"comment_status":"open","ping_status":"open","template":"","meta":[],"_links":{"self":[{"href":"http:\/\/www.josettevilleneuve.com\/index.php?rest_route=\/wp\/v2\/pages\/255"}],"collection":[{"href":"http:\/\/www.josettevilleneuve.com\/index.php?rest_route=\/wp\/v2\/pages"}],"about":[{"href":"http:\/\/www.josettevilleneuve.com\/index.php?rest_route=\/wp\/v2\/types\/page"}],"author":[{"embeddable":true,"href":"http:\/\/www.josettevilleneuve.com\/index.php?rest_route=\/wp\/v2\/users\/1"}],"replies":[{"embeddable":true,"href":"http:\/\/www.josettevilleneuve.com\/index.php?rest_route=%2Fwp%2Fv2%2Fcomments&post=255"}],"version-history":[{"count":19,"href":"http:\/\/www.josettevilleneuve.com\/index.php?rest_route=\/wp\/v2\/pages\/255\/revisions"}],"predecessor-version":[{"id":7088,"href":"http:\/\/www.josettevilleneuve.com\/index.php?rest_route=\/wp\/v2\/pages\/255\/revisions\/7088"}],"up":[{"embeddable":true,"href":"http:\/\/www.josettevilleneuve.com\/index.php?rest_route=\/wp\/v2\/pages\/408"}],"wp:attachment":[{"href":"http:\/\/www.josettevilleneuve.com\/index.php?rest_route=%2Fwp%2Fv2%2Fmedia&parent=255"}],"curies":[{"name":"wp","href":"https:\/\/api.w.org\/{rel}","templated":true}]}}