{"id":3418,"date":"2015-03-13T12:27:55","date_gmt":"2015-03-13T16:27:55","guid":{"rendered":"http:\/\/www.josettevilleneuve.com\/?page_id=3418"},"modified":"2021-05-05T13:12:34","modified_gmt":"2021-05-05T17:12:34","slug":"solo","status":"publish","type":"page","link":"http:\/\/www.josettevilleneuve.com\/?page_id=3418","title":{"rendered":"Solo Galerie d&rsquo;art d&rsquo;Outremont"},"content":{"rendered":"<p>\u00c0 la Galerie d&rsquo;art d&rsquo;Outremont, du 10 septembre au 4 octobre 2015<\/p>\n<h2>EN D\u00c9COUDRE DU MONDE<\/h2>\n<p><iframe loading=\"lazy\" src=\"https:\/\/www.youtube.com\/embed\/9mcOdu4oU1g\" width=\"560\" height=\"315\" frameborder=\"0\"><\/iframe><\/p>\n<h3>JOSETTE VILLENEUVE<\/h3>\n<div><a title=\"Texte d'Audrey Labrie\" href=\"http:\/\/www.josettevilleneuve.com\/?page_id=3564\" target=\"_blank\" rel=\"noopener\">Lire le texte d&rsquo;Audrey Labrie<\/a>\u00a0 \u00a0 \u00a0 &#8211; \u00a0 \u00a0 voir l&rsquo;<a href=\"http:\/\/www.josettevilleneuve.com\/wp-content\/uploads\/2015\/03\/OPUSCULE-31-aout.pdf\">OPUSCULE 31 aout<\/a><\/div>\n<div><a title=\"En d\u00e9coudre des mondes\" href=\"https:\/\/www.youtube.com\/watch?v=9mcOdu4oU1g \" target=\"_blank\" rel=\"noopener\">Voir la vid\u00e9o tourn\u00e9e \u00e0 la Galerie d&rsquo;art d&rsquo;Outremont<\/a><\/div>\n<div><a title=\"Express d'Outremont JVilleneuve\" href=\"http:\/\/journalmetro.com\/local\/outremont-mont-royal\/actualites\/832135\/exposition-en-decoudre-du-monde-bouleverser-les-frontieres\/\" target=\"_blank\" rel=\"noopener\">Article de L&rsquo;Express d&rsquo;Outremont<\/a> par Anne-Fr\u00e9d\u00e9rique H\u00e9bert-Dolbec<\/div>\n<div><\/div>\n<div>\n\n\t\t<style type=\"text\/css\">\n\t\t\t#gallery-1 {\n\t\t\t\tmargin: auto;\n\t\t\t}\n\t\t\t#gallery-1 .gallery-item {\n\t\t\t\tfloat: left;\n\t\t\t\tmargin-top: 10px;\n\t\t\t\ttext-align: center;\n\t\t\t\twidth: 25%;\n\t\t\t}\n\t\t\t#gallery-1 img {\n\t\t\t\tborder: 2px solid #cfcfcf;\n\t\t\t}\n\t\t\t#gallery-1 .gallery-caption {\n\t\t\t\tmargin-left: 0;\n\t\t\t}\n\t\t\t\/* see gallery_shortcode() in wp-includes\/media.php *\/\n\t\t<\/style>\n\t\t<div id='gallery-1' class='gallery galleryid-3418 gallery-columns-4 gallery-size-thumbnail'><dl class='gallery-item'>\n\t\t\t<dt class='gallery-icon landscape'>\n\t\t\t\t<a href='http:\/\/www.josettevilleneuve.com\/wp-content\/uploads\/2015\/03\/jvilleneuveGAO7.jpg'><img width=\"150\" height=\"150\" src=\"http:\/\/www.josettevilleneuve.com\/wp-content\/uploads\/2015\/03\/jvilleneuveGAO7-150x150.jpg\" class=\"attachment-thumbnail size-thumbnail\" alt=\"\" loading=\"lazy\" srcset=\"http:\/\/www.josettevilleneuve.com\/wp-content\/uploads\/2015\/03\/jvilleneuveGAO7-150x150.jpg 150w, http:\/\/www.josettevilleneuve.com\/wp-content\/uploads\/2015\/03\/jvilleneuveGAO7-144x144.jpg 144w\" sizes=\"(max-width: 150px) 100vw, 150px\" \/><\/a>\n\t\t\t<\/dt><\/dl>\n\t\t\t<br style='clear: both' \/>\n\t\t<\/div>\n\n<\/div>\n<div><em>La Galerie d\u2019art d\u2019Outremont pr\u00e9sente l\u2019installation En d\u00e9coudre du monde de l\u2019artiste shawiniganaise Josette Villeneuve qui regroupe des \u0153uvres r\u00e9alis\u00e9es entre 2006 et 2015.<\/em><\/div>\n<div>\n<p>Privil\u00e9giant la pratique de diverses techniques et l&rsquo;utilisation de mat\u00e9riaux usuels, le travail de Villeneuve construit des mondes d\u00e9cousus, des territoires bigarr\u00e9s.<br \/>\nLa mise en espace de ces travaux, dont certains monumentaux, interroge les probl\u00e9matiques identitaires, la globalisation des march\u00e9 et la mondialisation des \u00e9changes commerciaux. Mappemondes, drapeaux et nuages compos\u00e9s d\u2019\u00e9tiquettes de v\u00eatements aux made in tous azimuts, reconfigurent les limites g\u00e9opolitiques de notre soci\u00e9t\u00e9 en mutation, remettent en question\u202f les singularit\u00e9s culturelles et les appartenances territoriales.<br \/>\nCe brouhaha visuel, ce melting-pot identitaire, ce brassage des fronti\u00e8res\u202f bousculent\u202f une certaine perception de notre monde, de nos mani\u00e8res de voir, d&rsquo;agir, de ressentir.<\/p>\n<p>Josette Villeneuve, avril 2015<\/p>\n<\/div>\n<div><a title=\"L'Express d'Outremont GAO Josette Villeneuve\" href=\"http:\/\/www.josettevilleneuve.com\/?page_id=3857:\/\/\" target=\"_blank\" rel=\"noopener\">Vers l&rsquo;Express d&rsquo;Outremon<\/a><\/div>\n","protected":false},"excerpt":{"rendered":"<p>\u00c0 la Galerie d&rsquo;art d&rsquo;Outremont, du 10 septembre au 4 octobre 2015 EN D\u00c9COUDRE DU MONDE JOSETTE VILLENEUVE Lire le texte d&rsquo;Audrey Labrie\u00a0 \u00a0 \u00a0 &#8211; \u00a0 \u00a0 voir l&rsquo;OPUSCULE 31 aout Voir la vid\u00e9o tourn\u00e9e \u00e0 la Galerie d&rsquo;art d&rsquo;Outremont Article de L&rsquo;Express d&rsquo;Outremont par Anne-Fr\u00e9d\u00e9rique H\u00e9bert-Dolbec La Galerie d\u2019art d\u2019Outremont pr\u00e9sente l\u2019installation En<a class=\"rmore\" href=\"http:\/\/www.josettevilleneuve.com\/?page_id=3418\">&nbsp;&nbsp; Read More &#8230;<\/a><\/p>\n","protected":false},"author":1,"featured_media":0,"parent":0,"menu_order":0,"comment_status":"open","ping_status":"open","template":"","meta":[],"_links":{"self":[{"href":"http:\/\/www.josettevilleneuve.com\/index.php?rest_route=\/wp\/v2\/pages\/3418"}],"collection":[{"href":"http:\/\/www.josettevilleneuve.com\/index.php?rest_route=\/wp\/v2\/pages"}],"about":[{"href":"http:\/\/www.josettevilleneuve.com\/index.php?rest_route=\/wp\/v2\/types\/page"}],"author":[{"embeddable":true,"href":"http:\/\/www.josettevilleneuve.com\/index.php?rest_route=\/wp\/v2\/users\/1"}],"replies":[{"embeddable":true,"href":"http:\/\/www.josettevilleneuve.com\/index.php?rest_route=%2Fwp%2Fv2%2Fcomments&post=3418"}],"version-history":[{"count":22,"href":"http:\/\/www.josettevilleneuve.com\/index.php?rest_route=\/wp\/v2\/pages\/3418\/revisions"}],"predecessor-version":[{"id":6499,"href":"http:\/\/www.josettevilleneuve.com\/index.php?rest_route=\/wp\/v2\/pages\/3418\/revisions\/6499"}],"wp:attachment":[{"href":"http:\/\/www.josettevilleneuve.com\/index.php?rest_route=%2Fwp%2Fv2%2Fmedia&parent=3418"}],"curies":[{"name":"wp","href":"https:\/\/api.w.org\/{rel}","templated":true}]}}