{"id":3857,"date":"2015-12-18T11:01:17","date_gmt":"2015-12-18T16:01:17","guid":{"rendered":"http:\/\/www.josettevilleneuve.com\/?page_id=3857"},"modified":"2021-12-13T08:19:44","modified_gmt":"2021-12-13T13:19:44","slug":"express-doutremont","status":"publish","type":"page","link":"http:\/\/www.josettevilleneuve.com\/?page_id=3857","title":{"rendered":"Express d&rsquo;Outremont"},"content":{"rendered":"<div data-currentphoto=\"0\">\n<figure><img src=\"https:\/\/s0.wp.com\/wp-content\/themes\/vip\/journalmetro\/images\/local\/logo-outremont-mont-royal.jpg\" alt=\"Logo\" \/><\/p>\n<div>27\/08\/2015\u00a0<strong>Mise \u00e0 jour :<\/strong>\u00a027 ao\u00fbt 2015 | 15:10<\/p>\n<\/div>\n<h1>Exposition \u00abEn d\u00e9coudre du monde\u00bb: bouleverser les fronti\u00e8res<\/h1>\n<div>\n<div>Par\u00a0<a href=\"http:\/\/journalmetro.com\/author\/annefrederiquehebertdolbec\/\">Anne-Fr\u00e9d\u00e9rique H\u00e9bert-Dolbec<\/a>TC Media<\/div>\n<div>\n<div data-href=\"http:\/\/journalmetro.com\/local\/outremont-mont-royal\/actualites\/832135\/exposition-en-decoudre-du-monde-bouleverser-les-frontieres\/\" data-send=\"false\" data-layout=\"button_count\" data-width=\"450\" data-show-faces=\"true\" data-action=\"recommend\"><\/div>\n<\/div>\n<\/div>\n<\/figure>\n<figure><figcaption>Mappemondes, drapeaux et nuages compos\u00e9s d&rsquo;\u00e9tiquettes de v\u00eatements aux made in tous azimuts transformeront la Galerie en v\u00e9ritable Atlas.<\/p>\n<div>Collaboration sp\u00e9ciale<\/div>\n<\/figcaption><\/figure>\n<\/div>\n<p>L\u2019exposition \u00abEn d\u00e9coudre du monde\u00bb, pr\u00e9sent\u00e9e \u00e0 la Galerie d\u2019art d\u2019Outremont du 10 septembre au 4 octobre, fera entrer les visiteurs dans un univers bien \u00e0 part avec les installations et les sculptures de l\u2019artiste shawiniganaise, Josette Villeneuve, qui cherche \u00e0 bousculer notre perception du monde.<\/p>\n<p>Mappemondes, drapeaux et nuages compos\u00e9s d\u2019\u00e9tiquettes de v\u00eatements transformeront la Galerie en v\u00e9ritable Atlas. Par exemple, un drapeau des \u00c9tats-Unis constitu\u00e9 d\u2019une multitude d\u2019inscriptions de pays de toutes provenances o\u00f9 se c\u00f4toient les made in Bangladesh et les Hecho en Cuba, rappelle l\u2019importance de toutes ces cultures dans le succ\u00e8s am\u00e9ricain.<br \/>\n\u00abLes objets de tous les jours pullulent au c\u0153ur de mes projets. J\u2019ai commenc\u00e9 \u00e0 travailler avec les \u00e9tiquettes de v\u00eatements parce que ces mati\u00e8res pauvres me sont apparues somptueuses et extr\u00eamement riches : les formes qui leur sont donn\u00e9es ouvrent une r\u00e9flexion sur la globalisation\u00bb, explique l\u2019artiste.<br \/>\nLe travail de Mme Villeneuve interroge la mondialisation des \u00e9changes commerciaux, et remet en question les singularit\u00e9s culturelles et les appartenances territoriales. \u00abJ\u2019aime sortir les objets que nous sommes habitu\u00e9s de voir dans notre quotidien pour les inscrire dans un autre contexte, les amener dans un lieu impr\u00e9visible,\u00bb ajoute-t-elle.<\/p>\n<p>Josette Villeneuve vit et travaille \u00e0 Shawinigan. Ses installations ont fait l\u2019objet de plusieurs pr\u00e9sentations au Qu\u00e9bec, entre autres dans le cadre de la Biennale nationale de sculpture contemporaine de Trois-Rivi\u00e8res et du Symposium international de Baie-Saint-Paul, de m\u00eame qu\u2019en Ontario \u00e0 la Galerie Glendon et en Belgique dans le cadre de la Triennale de Tournai.\u202f Appuy\u00e9e \u00e0 plusieurs reprises par le CALQ, elle a re\u00e7u le Prix de la cr\u00e9ation artistique en Mauricie en 2009.<\/p>\n","protected":false},"excerpt":{"rendered":"<p>27\/08\/2015\u00a0Mise \u00e0 jour :\u00a027 ao\u00fbt 2015 | 15:10 Exposition \u00abEn d\u00e9coudre du monde\u00bb: bouleverser les fronti\u00e8res Par\u00a0Anne-Fr\u00e9d\u00e9rique H\u00e9bert-DolbecTC Media Mappemondes, drapeaux et nuages compos\u00e9s d&rsquo;\u00e9tiquettes de v\u00eatements aux made in tous azimuts transformeront la Galerie en v\u00e9ritable Atlas. Collaboration sp\u00e9ciale L\u2019exposition \u00abEn d\u00e9coudre du monde\u00bb, pr\u00e9sent\u00e9e \u00e0 la Galerie d\u2019art d\u2019Outremont du 10 septembre au<a class=\"rmore\" href=\"http:\/\/www.josettevilleneuve.com\/?page_id=3857\">&nbsp;&nbsp; Read More &#8230;<\/a><\/p>\n","protected":false},"author":1,"featured_media":0,"parent":0,"menu_order":0,"comment_status":"open","ping_status":"open","template":"","meta":[],"_links":{"self":[{"href":"http:\/\/www.josettevilleneuve.com\/index.php?rest_route=\/wp\/v2\/pages\/3857"}],"collection":[{"href":"http:\/\/www.josettevilleneuve.com\/index.php?rest_route=\/wp\/v2\/pages"}],"about":[{"href":"http:\/\/www.josettevilleneuve.com\/index.php?rest_route=\/wp\/v2\/types\/page"}],"author":[{"embeddable":true,"href":"http:\/\/www.josettevilleneuve.com\/index.php?rest_route=\/wp\/v2\/users\/1"}],"replies":[{"embeddable":true,"href":"http:\/\/www.josettevilleneuve.com\/index.php?rest_route=%2Fwp%2Fv2%2Fcomments&post=3857"}],"version-history":[{"count":5,"href":"http:\/\/www.josettevilleneuve.com\/index.php?rest_route=\/wp\/v2\/pages\/3857\/revisions"}],"predecessor-version":[{"id":6675,"href":"http:\/\/www.josettevilleneuve.com\/index.php?rest_route=\/wp\/v2\/pages\/3857\/revisions\/6675"}],"wp:attachment":[{"href":"http:\/\/www.josettevilleneuve.com\/index.php?rest_route=%2Fwp%2Fv2%2Fmedia&parent=3857"}],"curies":[{"name":"wp","href":"https:\/\/api.w.org\/{rel}","templated":true}]}}