{"id":4250,"date":"2016-10-08T14:21:12","date_gmt":"2016-10-08T18:21:12","guid":{"rendered":"http:\/\/www.josettevilleneuve.com\/?page_id=4250"},"modified":"2016-11-01T08:50:32","modified_gmt":"2016-11-01T12:50:32","slug":"musee-de-lagriculture","status":"publish","type":"page","link":"http:\/\/www.josettevilleneuve.com\/?page_id=4250","title":{"rendered":"Quadriller sa terre"},"content":{"rendered":"<p>Exposition th\u00e9matique au Mus\u00e9e qu\u00e9b\u00e9cois de l&rsquo;agriculture et de l&rsquo;alimentation, VRillE art actuel \/ La Pocati\u00e8re, du 9 octobre au 31 d\u00e9cembre 2016<\/p>\n<p><a href=\"http:\/\/www.josettevilleneuve.com\/wp-content\/uploads\/2016\/10\/Quadriller-sa-terre1.jpg\" target=\"_blank\"><img loading=\"lazy\" title=\"Quadriller sa terre, JVilleneuve, 2016\" src=\"http:\/\/www.josettevilleneuve.com\/wp-content\/uploads\/2016\/10\/Quadriller-sa-terre1-300x258.jpg\" alt=\"\" width=\"300\" height=\"258\" \/><\/a>\u00a0 \u00a0<a href=\"http:\/\/www.josettevilleneuve.com\/wp-content\/uploads\/2016\/10\/detail.jpg\" target=\"_blank\"><img loading=\"lazy\" title=\"detail\" src=\"http:\/\/www.josettevilleneuve.com\/wp-content\/uploads\/2016\/10\/detail-300x259.jpg\" alt=\"\" width=\"300\" height=\"259\" \/><\/a><\/p>\n<p><a href=\"http:\/\/www.josettevilleneuve.com\/wp-content\/uploads\/2016\/01\/14432939_948627878599822_1481620828069957451_n.jpg\" target=\"_blank\"><img loading=\"lazy\" class=\"alignnone size-medium wp-image-4228\" title=\"Affiche LE SEMOIR\" src=\"http:\/\/www.josettevilleneuve.com\/wp-content\/uploads\/2016\/01\/14432939_948627878599822_1481620828069957451_n-194x300.jpg\" alt=\"LE SEMOIR\" width=\"194\" height=\"300\" srcset=\"http:\/\/www.josettevilleneuve.com\/wp-content\/uploads\/2016\/01\/14432939_948627878599822_1481620828069957451_n-194x300.jpg 194w, http:\/\/www.josettevilleneuve.com\/wp-content\/uploads\/2016\/01\/14432939_948627878599822_1481620828069957451_n.jpg 621w\" sizes=\"(max-width: 194px) 100vw, 194px\" \/><\/a>\u00a0<a href=\"http:\/\/www.josettevilleneuve.com\/wp-content\/uploads\/2016\/01\/14542586_958781737584436_4321263306012893236_o.jpg\" target=\"_blank\"><img loading=\"lazy\" class=\"alignnone size-medium wp-image-4240\" title=\"Vernissage \/ Le Semoir \/ oeuvres de Pilar Macias et J.Villeneuve\" src=\"http:\/\/www.josettevilleneuve.com\/wp-content\/uploads\/2016\/01\/14542586_958781737584436_4321263306012893236_o-212x300.jpg\" alt=\"photo Pilar Macias\" width=\"212\" height=\"300\" srcset=\"http:\/\/www.josettevilleneuve.com\/wp-content\/uploads\/2016\/01\/14542586_958781737584436_4321263306012893236_o-212x300.jpg 212w, http:\/\/www.josettevilleneuve.com\/wp-content\/uploads\/2016\/01\/14542586_958781737584436_4321263306012893236_o.jpg 679w\" sizes=\"(max-width: 212px) 100vw, 212px\" \/><\/a>Photos\u00a9PilarMacias<\/p>\n<p>&nbsp;<\/p>\n<pre><em>Josette Villeneuve, 2016, 101 x 117 x 3 cm. Dessin et collages sur carte tectonique du Canada maroufl\u00e9e sur bois. Crayons, papiers divers.<\/em><\/pre>\n<h1>Quadriller sa terre\u2026<\/h1>\n<p>(1)<em> \u00ab [\u2026] Le cosmographe, \u00e0 mesure que ses instruments se perfectionnent, surimpose, au contour incoh\u00e9rent des continents ou des mers, un r\u00e9seau de figures g\u00e9om\u00e9triques charg\u00e9 de r\u00e9introduire quelques segments d\u2019ordre dans la pagaille des paysages et de les rendre intelligibles [&#8230;]. Ces lignes sont des droites mais aussi des courbes, des arcs, des portions de la sph\u00e8re terrestre [\u2026]\u00bb.\u00a0<\/em>L\u2019agriculteur travaille la terre de semblable mani\u00e8re. Il en d\u00e9coupe la topologie, la g\u00e9om\u00e9trie, il la reconfigure selon son sch\u00e9ma d\u2019une ordonnance productive en parcelles, en lots. Au final, \u00e9merge de ces croisements et superpositions, une vision d\u2019un ordre du territoire et d\u2019un certain d\u00e9sordre sous terre\u00a0: l\u2019organique des racines et la g\u00e9om\u00e9trique des lots, des terres.\u00a0(2)<em>\u00ab<\/em><strong><em>\u00a0Il ne faut rien semer\u2026 sans consulter l\u2019astre des nuits. \u00c0 la lune prime, la terre prend force\u2026 Alors, allez-y ! Semez\u2026\u00a0\u00bb.<\/em><\/strong><\/p>\n<ol>\n<li>Gilles Lapouge,<em> La l\u00e9gende de la g\u00e9ographie. <\/em>\u00c9ditions Albin Michel, 2009, p. 72.<\/li>\n<li>Jean Orieux, <em>Souvenirs de campagnes<\/em>. 1978.<\/li>\n<\/ol>\n<p>Josette Villeneuve, septembre 2016<\/p>\n<p>&nbsp;<\/p>\n","protected":false},"excerpt":{"rendered":"<p>Exposition th\u00e9matique au Mus\u00e9e qu\u00e9b\u00e9cois de l&rsquo;agriculture et de l&rsquo;alimentation, VRillE art actuel \/ La Pocati\u00e8re, du 9 octobre au 31 d\u00e9cembre 2016 \u00a0 \u00a0 \u00a0Photos\u00a9PilarMacias &nbsp; Josette Villeneuve, 2016, 101 x 117 x 3 cm. Dessin et collages sur carte tectonique du Canada maroufl\u00e9e sur bois. Crayons, papiers divers. Quadriller sa terre\u2026 (1) \u00ab<a class=\"rmore\" href=\"http:\/\/www.josettevilleneuve.com\/?page_id=4250\">&nbsp;&nbsp; Read More &#8230;<\/a><\/p>\n","protected":false},"author":1,"featured_media":0,"parent":0,"menu_order":0,"comment_status":"open","ping_status":"open","template":"","meta":[],"_links":{"self":[{"href":"http:\/\/www.josettevilleneuve.com\/index.php?rest_route=\/wp\/v2\/pages\/4250"}],"collection":[{"href":"http:\/\/www.josettevilleneuve.com\/index.php?rest_route=\/wp\/v2\/pages"}],"about":[{"href":"http:\/\/www.josettevilleneuve.com\/index.php?rest_route=\/wp\/v2\/types\/page"}],"author":[{"embeddable":true,"href":"http:\/\/www.josettevilleneuve.com\/index.php?rest_route=\/wp\/v2\/users\/1"}],"replies":[{"embeddable":true,"href":"http:\/\/www.josettevilleneuve.com\/index.php?rest_route=%2Fwp%2Fv2%2Fcomments&post=4250"}],"version-history":[{"count":23,"href":"http:\/\/www.josettevilleneuve.com\/index.php?rest_route=\/wp\/v2\/pages\/4250\/revisions"}],"predecessor-version":[{"id":4361,"href":"http:\/\/www.josettevilleneuve.com\/index.php?rest_route=\/wp\/v2\/pages\/4250\/revisions\/4361"}],"wp:attachment":[{"href":"http:\/\/www.josettevilleneuve.com\/index.php?rest_route=%2Fwp%2Fv2%2Fmedia&parent=4250"}],"curies":[{"name":"wp","href":"https:\/\/api.w.org\/{rel}","templated":true}]}}