{"id":109,"date":"2008-09-22T23:13:39","date_gmt":"2008-09-23T03:13:39","guid":{"rendered":"http:\/\/www.josettevilleneuve.com\/?page_id=109"},"modified":"2024-08-16T14:02:54","modified_gmt":"2024-08-16T14:02:54","slug":"109-2","status":"publish","type":"page","link":"https:\/\/www.josettevilleneuve.com\/?page_id=109","title":{"rendered":"m\u00e9diation"},"content":{"rendered":"\n<h2>Conceptrice de projets collectifs et de m\u00e9diation<\/h2>\n\n\n\n<hr class=\"wp-block-separator\"\/>\n\n\n\n<p>     <\/p>\n\n\n\n<h2>BANCS PUBLICS<\/h2>\n\n\n\n<figure class=\"wp-block-image size-full is-resized is-style-default\"><a href=\"http:\/\/www.josettevilleneuve.com\/wp-content\/uploads\/2024\/02\/csm_CALQ_AnnonceResultats_Mauricie_24_1200x630_a5f296c027.png\"><img loading=\"lazy\" src=\"http:\/\/www.josettevilleneuve.com\/wp-content\/uploads\/2024\/02\/csm_CALQ_AnnonceResultats_Mauricie_24_1200x630_a5f296c027.png\" alt=\"\" class=\"wp-image-7391\" width=\"467\" height=\"245\" srcset=\"https:\/\/www.josettevilleneuve.com\/wp-content\/uploads\/2024\/02\/csm_CALQ_AnnonceResultats_Mauricie_24_1200x630_a5f296c027.png 815w, https:\/\/www.josettevilleneuve.com\/wp-content\/uploads\/2024\/02\/csm_CALQ_AnnonceResultats_Mauricie_24_1200x630_a5f296c027-300x158.png 300w, https:\/\/www.josettevilleneuve.com\/wp-content\/uploads\/2024\/02\/csm_CALQ_AnnonceResultats_Mauricie_24_1200x630_a5f296c027-768x403.png 768w\" sizes=\"(max-width: 467px) 100vw, 467px\" \/><\/a><\/figure>\n\n\n\n<p class=\"has-medium-font-size\">Un projet d&rsquo;art urbain appuy\u00e9 par le CALQ via l&rsquo;entente territoriale Mauricie. Typiquement shawiniganais, les artistes r\u00e9aliseront 4 \u00e9l\u00e9ments de mobilier urbain :  ludique, color\u00e9, utilitaire&#8230; \u00c0 installer en juillet 2024<\/p>\n\n\n\n<figure class=\"wp-block-gallery has-nested-images columns-default is-cropped\">\n<figure class=\"wp-block-image size-large\"><a href=\"http:\/\/www.josettevilleneuve.com\/wp-content\/uploads\/2024\/07\/10sS8gDM-1-scaled.jpeg\"><img loading=\"lazy\" width=\"1024\" height=\"683\" data-id=\"7778\"  src=\"http:\/\/www.josettevilleneuve.com\/wp-content\/uploads\/2024\/07\/10sS8gDM-1-1024x683.jpeg\" alt=\"\" class=\"wp-image-7778\" srcset=\"https:\/\/www.josettevilleneuve.com\/wp-content\/uploads\/2024\/07\/10sS8gDM-1-1024x683.jpeg 1024w, https:\/\/www.josettevilleneuve.com\/wp-content\/uploads\/2024\/07\/10sS8gDM-1-300x200.jpeg 300w, https:\/\/www.josettevilleneuve.com\/wp-content\/uploads\/2024\/07\/10sS8gDM-1-768x512.jpeg 768w, https:\/\/www.josettevilleneuve.com\/wp-content\/uploads\/2024\/07\/10sS8gDM-1-1536x1024.jpeg 1536w, https:\/\/www.josettevilleneuve.com\/wp-content\/uploads\/2024\/07\/10sS8gDM-1-2048x1366.jpeg 2048w\" sizes=\"(max-width: 1024px) 100vw, 1024px\" \/><\/a><\/figure>\n\n\n\n<figure class=\"wp-block-image size-large is-style-default\"><a href=\"http:\/\/www.josettevilleneuve.com\/wp-content\/uploads\/2024\/07\/KwTaH-9J-scaled.jpeg\"><img loading=\"lazy\" width=\"1024\" height=\"683\" data-id=\"7774\"  src=\"http:\/\/www.josettevilleneuve.com\/wp-content\/uploads\/2024\/07\/KwTaH-9J-1024x683.jpeg\" alt=\"\" class=\"wp-image-7774\" srcset=\"https:\/\/www.josettevilleneuve.com\/wp-content\/uploads\/2024\/07\/KwTaH-9J-1024x683.jpeg 1024w, https:\/\/www.josettevilleneuve.com\/wp-content\/uploads\/2024\/07\/KwTaH-9J-300x200.jpeg 300w, https:\/\/www.josettevilleneuve.com\/wp-content\/uploads\/2024\/07\/KwTaH-9J-768x512.jpeg 768w, https:\/\/www.josettevilleneuve.com\/wp-content\/uploads\/2024\/07\/KwTaH-9J-1536x1024.jpeg 1536w, https:\/\/www.josettevilleneuve.com\/wp-content\/uploads\/2024\/07\/KwTaH-9J-2048x1366.jpeg 2048w\" sizes=\"(max-width: 1024px) 100vw, 1024px\" \/><\/a><\/figure>\n<\/figure>\n\n\n\n<p>  Soir\u00e9e d&rsquo;ouverture de l&rsquo;\u00e9v\u00e9nement Interzone 7 &#8211; Pr\u00e9sentation des bancs dans l&rsquo;espace urbain du centre ville de Shawinigan.<\/p>\n\n\n\n<hr class=\"wp-block-separator is-style-wide\"\/>\n\n\n\n<hr class=\"wp-block-separator is-style-wide\"\/>\n\n\n\n<p>    <\/p>\n\n\n\n<div class=\"wp-block-media-text alignwide is-stacked-on-mobile\"><figure class=\"wp-block-media-text__media\"><img loading=\"lazy\" width=\"2560\" height=\"1920\" src=\"http:\/\/www.josettevilleneuve.com\/wp-content\/uploads\/2022\/10\/IMG_1258-scaled.jpg\" alt=\"\" class=\"wp-image-6901 size-full\" srcset=\"https:\/\/www.josettevilleneuve.com\/wp-content\/uploads\/2022\/10\/IMG_1258-scaled.jpg 2560w, https:\/\/www.josettevilleneuve.com\/wp-content\/uploads\/2022\/10\/IMG_1258-300x225.jpg 300w\" sizes=\"(max-width: 2560px) 100vw, 2560px\" \/><\/figure><div class=\"wp-block-media-text__content\">\n<p class=\"has-medium-font-size\"><a href=\"http:\/\/www.josettevilleneuve.com\/?page_id=6819\" target=\"_blank\" rel=\"noreferrer noopener\">Murale : \u00ab\u00a01901 avenue Shawinigan\u00a0\u00bb<\/a><\/p>\n<\/div><\/div>\n\n\n\n<hr class=\"wp-block-separator is-style-wide\"\/>\n\n\n\n<div class=\"wp-block-media-text alignwide is-stacked-on-mobile is-image-fill\"><figure class=\"wp-block-media-text__media\" style=\"background-image:url(http:\/\/www.josettevilleneuve.com\/wp-content\/uploads\/2019\/05\/01_interzone-1024x744.jpg);background-position:50% 50%\"><img loading=\"lazy\" width=\"1024\" height=\"744\" src=\"http:\/\/www.josettevilleneuve.com\/wp-content\/uploads\/2019\/05\/01_interzone-1024x744.jpg\" alt=\"\" class=\"wp-image-5123 size-full\" srcset=\"https:\/\/www.josettevilleneuve.com\/wp-content\/uploads\/2019\/05\/01_interzone-1024x744.jpg 1024w, https:\/\/www.josettevilleneuve.com\/wp-content\/uploads\/2019\/05\/01_interzone-300x218.jpg 300w, https:\/\/www.josettevilleneuve.com\/wp-content\/uploads\/2019\/05\/01_interzone-768x558.jpg 768w\" sizes=\"(max-width: 1024px) 100vw, 1024px\" \/><\/figure><div class=\"wp-block-media-text__content\">\n<ul><li><a rel=\"noreferrer noopener\" href=\"http:\/\/www.josettevilleneuve.com\/?page_id=4674\" target=\"_blank\">Interzone 2018 1\u00e8re \u00e9dition<\/a><\/li><\/ul>\n\n\n\n<ul><li><a rel=\"noreferrer noopener\" href=\"http:\/\/www.josettevilleneuve.com\/?page_id=5111\" target=\"_blank\">Interzone 2019<\/a> &#8211; 2e \u00e9dition<\/li><\/ul>\n\n\n\n<ul><li><a rel=\"noreferrer noopener\" href=\"http:\/\/www.josettevilleneuve.com\/?page_id=5771\" target=\"_blank\">Interzone 2020<\/a> 3e \u00e9dition<\/li><\/ul>\n\n\n\n<ul><li><a rel=\"noreferrer noopener\" href=\"http:\/\/www.josettevilleneuve.com\/?page_id=6339\" target=\"_blank\">Interzone 2021<\/a> 4e \u00e9dition<\/li><\/ul>\n\n\n\n<ul><li><a rel=\"noreferrer noopener\" href=\"http:\/\/www.josettevilleneuve.com\/?page_id=7216\" target=\"_blank\">Interzone 2022<\/a> 5e \u00e9dition<\/li><li>I<a rel=\"noreferrer noopener\" href=\"http:\/\/www.josettevilleneuve.com\/?page_id=7321\" target=\"_blank\">nterzone 2023<\/a> 6e \u00e9dition<\/li><li><a href=\"https:\/\/www.interzoneshawinigan.com\/\" target=\"_blank\" rel=\"noreferrer noopener\">Interzone 2024<\/a> 7e \u00e9dition <\/li><\/ul>\n<\/div><\/div>\n\n\n\n<hr class=\"wp-block-separator\"\/>\n\n\n\n<hr class=\"wp-block-separator is-style-wide\"\/>\n\n\n\n<p>   <\/p>\n\n\n\n<div class=\"wp-block-media-text alignwide is-stacked-on-mobile\"><figure class=\"wp-block-media-text__media\"><img loading=\"lazy\" width=\"1024\" height=\"450\" src=\"http:\/\/www.josettevilleneuve.com\/wp-content\/uploads\/2024\/03\/poijf-1024x450.jpg\" alt=\"\" class=\"wp-image-7605 size-full\" srcset=\"https:\/\/www.josettevilleneuve.com\/wp-content\/uploads\/2024\/03\/poijf-1024x450.jpg 1024w, https:\/\/www.josettevilleneuve.com\/wp-content\/uploads\/2024\/03\/poijf-300x132.jpg 300w, https:\/\/www.josettevilleneuve.com\/wp-content\/uploads\/2024\/03\/poijf-768x337.jpg 768w, https:\/\/www.josettevilleneuve.com\/wp-content\/uploads\/2024\/03\/poijf.jpg 1107w\" sizes=\"(max-width: 1024px) 100vw, 1024px\" \/><\/figure><div class=\"wp-block-media-text__content\">\n<p class=\"has-medium-font-size\">2014  \u00ab\u00a0Une rencontre internationale\u00a0\u00bb <\/p>\n<\/div><\/div>\n\n\n\n<div class=\"wp-block-columns\">\n<div class=\"wp-block-column\" style=\"flex-basis:100%\">\n<p>      <\/p>\n<\/div>\n<\/div>\n\n\n\n<hr class=\"wp-block-separator is-style-wide\"\/>\n\n\n\n<hr class=\"wp-block-separator is-style-wide\"\/>\n\n\n\n<p>    <\/p>\n\n\n\n<div class=\"wp-block-media-text alignwide is-stacked-on-mobile is-image-fill\"><figure class=\"wp-block-media-text__media\" style=\"background-image:url(http:\/\/www.josettevilleneuve.com\/wp-content\/uploads\/2015\/12\/MG_9715-1024x682.jpg);background-position:50% 50%\"><img loading=\"lazy\" width=\"1024\" height=\"682\" src=\"http:\/\/www.josettevilleneuve.com\/wp-content\/uploads\/2015\/12\/MG_9715-1024x682.jpg\" alt=\"\" class=\"wp-image-3751 size-full\" srcset=\"https:\/\/www.josettevilleneuve.com\/wp-content\/uploads\/2015\/12\/MG_9715-1024x682.jpg 1024w, https:\/\/www.josettevilleneuve.com\/wp-content\/uploads\/2015\/12\/MG_9715-300x200.jpg 300w, https:\/\/www.josettevilleneuve.com\/wp-content\/uploads\/2015\/12\/MG_9715-900x600.jpg 900w, https:\/\/www.josettevilleneuve.com\/wp-content\/uploads\/2015\/12\/MG_9715.jpg 1500w\" sizes=\"(max-width: 1024px) 100vw, 1024px\" \/><\/figure><div class=\"wp-block-media-text__content\">\n<p class=\"has-medium-font-size\"><a href=\"http:\/\/www.josettevilleneuve.com\/?page_id=3404\">Des arbres parmi nous<\/a><\/p>\n\n\n\n<p>2015<\/p>\n<\/div><\/div>\n\n\n\n<hr class=\"wp-block-separator\"\/>\n\n\n\n<div class=\"wp-block-media-text alignwide is-stacked-on-mobile is-image-fill\"><figure class=\"wp-block-media-text__media\" style=\"background-image:url(http:\/\/www.josettevilleneuve.com\/wp-content\/uploads\/2013\/10\/defile-28-septembre.jpg);background-position:50% 50%\"><img loading=\"lazy\" width=\"960\" height=\"640\" src=\"http:\/\/www.josettevilleneuve.com\/wp-content\/uploads\/2013\/10\/defile-28-septembre.jpg\" alt=\"\" class=\"wp-image-2951 size-full\" srcset=\"https:\/\/www.josettevilleneuve.com\/wp-content\/uploads\/2013\/10\/defile-28-septembre.jpg 960w, https:\/\/www.josettevilleneuve.com\/wp-content\/uploads\/2013\/10\/defile-28-septembre-300x200.jpg 300w\" sizes=\"(max-width: 960px) 100vw, 960px\" \/><\/figure><div class=\"wp-block-media-text__content\">\n<p class=\"has-medium-font-size\"><a href=\"http:\/\/www.josettevilleneuve.com\/?page_id=2828\">Re-touchez-moi!<\/a><\/p>\n\n\n\n<p>2013<\/p>\n<\/div><\/div>\n\n\n\n<hr class=\"wp-block-separator\"\/>\n\n\n\n<div class=\"wp-block-media-text alignwide is-stacked-on-mobile is-image-fill\"><figure class=\"wp-block-media-text__media\" style=\"background-image:url(http:\/\/www.josettevilleneuve.com\/wp-content\/uploads\/2012\/12\/Josette-Villeneuve3.jpg);background-position:50% 50%\"><img loading=\"lazy\" width=\"600\" height=\"600\" src=\"http:\/\/www.josettevilleneuve.com\/wp-content\/uploads\/2012\/12\/Josette-Villeneuve3.jpg\" alt=\"\" class=\"wp-image-2260 size-full\" srcset=\"https:\/\/www.josettevilleneuve.com\/wp-content\/uploads\/2012\/12\/Josette-Villeneuve3.jpg 600w, https:\/\/www.josettevilleneuve.com\/wp-content\/uploads\/2012\/12\/Josette-Villeneuve3-150x150.jpg 150w, https:\/\/www.josettevilleneuve.com\/wp-content\/uploads\/2012\/12\/Josette-Villeneuve3-300x300.jpg 300w\" sizes=\"(max-width: 600px) 100vw, 600px\" \/><\/figure><div class=\"wp-block-media-text__content\">\n<p class=\"has-medium-font-size\"><a href=\"http:\/\/www.josettevilleneuve.com\/?page_id=1807\">Partir ou rester l\u00e0<\/a><\/p>\n\n\n\n<p>2012<\/p>\n<\/div><\/div>\n\n\n\n<hr class=\"wp-block-separator\"\/>\n\n\n\n<div class=\"wp-block-media-text alignwide is-stacked-on-mobile is-image-fill\"><figure class=\"wp-block-media-text__media\" style=\"background-image:url(http:\/\/www.josettevilleneuve.com\/wp-content\/uploads\/2013\/12\/100_5062-1024x682.jpg);background-position:50% 50%\"><img loading=\"lazy\" width=\"1024\" height=\"682\" src=\"http:\/\/www.josettevilleneuve.com\/wp-content\/uploads\/2013\/12\/100_5062-1024x682.jpg\" alt=\"\" class=\"wp-image-3104 size-full\" srcset=\"https:\/\/www.josettevilleneuve.com\/wp-content\/uploads\/2013\/12\/100_5062-1024x682.jpg 1024w, https:\/\/www.josettevilleneuve.com\/wp-content\/uploads\/2013\/12\/100_5062-300x200.jpg 300w\" sizes=\"(max-width: 1024px) 100vw, 1024px\" \/><\/figure><div class=\"wp-block-media-text__content\">\n<p class=\"has-medium-font-size\"><a href=\"http:\/\/www.josettevilleneuve.com\/?page_id=3090\">Propos d\u00e9cousus<\/a><\/p>\n\n\n\n<p>2007<\/p>\n<\/div><\/div>\n\n\n\n<hr class=\"wp-block-separator\"\/>\n\n\n\n<div class=\"wp-block-media-text alignwide is-stacked-on-mobile\"><figure class=\"wp-block-media-text__media\"><img loading=\"lazy\" width=\"1024\" height=\"539\" src=\"http:\/\/www.josettevilleneuve.com\/wp-content\/uploads\/2020\/11\/17.jovilleneuve-1024x539.jpg\" alt=\"\" class=\"wp-image-6183 size-full\" srcset=\"https:\/\/www.josettevilleneuve.com\/wp-content\/uploads\/2020\/11\/17.jovilleneuve-1024x539.jpg 1024w, https:\/\/www.josettevilleneuve.com\/wp-content\/uploads\/2020\/11\/17.jovilleneuve-300x158.jpg 300w, https:\/\/www.josettevilleneuve.com\/wp-content\/uploads\/2020\/11\/17.jovilleneuve-768x404.jpg 768w\" sizes=\"(max-width: 1024px) 100vw, 1024px\" \/><\/figure><div class=\"wp-block-media-text__content\">\n<p class=\"has-medium-font-size\"><a href=\"http:\/\/www.josettevilleneuve.com\/?page_id=27\">Se faufiler dans le paysage<\/a><\/p>\n\n\n\n<p>2006<\/p>\n<\/div><\/div>\n\n\n\n<hr class=\"wp-block-separator\"\/>\n\n\n\n<p><\/p>\n","protected":false},"excerpt":{"rendered":"<p>Conceptrice de projets collectifs et de m\u00e9diation BANCS PUBLICS Un projet d&rsquo;art urbain appuy\u00e9 par le CALQ via l&rsquo;entente territoriale Mauricie. Typiquement shawiniganais, les artistes r\u00e9aliseront 4 \u00e9l\u00e9ments de mobilier urbain : ludique, color\u00e9, utilitaire&#8230; \u00c0 installer en juillet 2024 Soir\u00e9e d&rsquo;ouverture de l&rsquo;\u00e9v\u00e9nement Interzone 7 &#8211; Pr\u00e9sentation des bancs dans l&rsquo;espace urbain du centre<a class=\"rmore\" href=\"https:\/\/www.josettevilleneuve.com\/?page_id=109\">&nbsp;&nbsp; Read More &#8230;<\/a><\/p>\n","protected":false},"author":1,"featured_media":0,"parent":0,"menu_order":60,"comment_status":"open","ping_status":"open","template":"","meta":[],"_links":{"self":[{"href":"https:\/\/www.josettevilleneuve.com\/index.php?rest_route=\/wp\/v2\/pages\/109"}],"collection":[{"href":"https:\/\/www.josettevilleneuve.com\/index.php?rest_route=\/wp\/v2\/pages"}],"about":[{"href":"https:\/\/www.josettevilleneuve.com\/index.php?rest_route=\/wp\/v2\/types\/page"}],"author":[{"embeddable":true,"href":"https:\/\/www.josettevilleneuve.com\/index.php?rest_route=\/wp\/v2\/users\/1"}],"replies":[{"embeddable":true,"href":"https:\/\/www.josettevilleneuve.com\/index.php?rest_route=%2Fwp%2Fv2%2Fcomments&post=109"}],"version-history":[{"count":114,"href":"https:\/\/www.josettevilleneuve.com\/index.php?rest_route=\/wp\/v2\/pages\/109\/revisions"}],"predecessor-version":[{"id":7864,"href":"https:\/\/www.josettevilleneuve.com\/index.php?rest_route=\/wp\/v2\/pages\/109\/revisions\/7864"}],"wp:attachment":[{"href":"https:\/\/www.josettevilleneuve.com\/index.php?rest_route=%2Fwp%2Fv2%2Fmedia&parent=109"}],"curies":[{"name":"wp","href":"https:\/\/api.w.org\/{rel}","templated":true}]}}