{"id":111,"date":"2008-09-23T16:28:26","date_gmt":"2008-09-23T20:28:26","guid":{"rendered":"http:\/\/www.josettevilleneuve.com\/?page_id=111"},"modified":"2024-12-16T20:34:40","modified_gmt":"2024-12-16T20:34:40","slug":"ii-les-expos-solos","status":"publish","type":"page","link":"https:\/\/www.josettevilleneuve.com\/?page_id=111","title":{"rendered":"Mappemondes"},"content":{"rendered":"\n<h2>UN MONDE \u00c0 RACCOMMODER AU MUS\u00c9E DE LA CIVILISATION DE QU\u00c9BEC, 2024<\/h2>\n\n\n\n<figure class=\"wp-block-image size-large is-style-default\"><a href=\"http:\/\/www.josettevilleneuve.com\/wp-content\/uploads\/2024\/06\/438102048_1222667559112461_381178136038047312_n.jpg\"><img loading=\"lazy\" width=\"1024\" height=\"577\" src=\"http:\/\/www.josettevilleneuve.com\/wp-content\/uploads\/2024\/06\/438102048_1222667559112461_381178136038047312_n-1024x577.jpg\" alt=\"\" class=\"wp-image-7760\" srcset=\"https:\/\/www.josettevilleneuve.com\/wp-content\/uploads\/2024\/06\/438102048_1222667559112461_381178136038047312_n-1024x577.jpg 1024w, https:\/\/www.josettevilleneuve.com\/wp-content\/uploads\/2024\/06\/438102048_1222667559112461_381178136038047312_n-300x169.jpg 300w, https:\/\/www.josettevilleneuve.com\/wp-content\/uploads\/2024\/06\/438102048_1222667559112461_381178136038047312_n-768x432.jpg 768w, https:\/\/www.josettevilleneuve.com\/wp-content\/uploads\/2024\/06\/438102048_1222667559112461_381178136038047312_n-1536x865.jpg 1536w, https:\/\/www.josettevilleneuve.com\/wp-content\/uploads\/2024\/06\/438102048_1222667559112461_381178136038047312_n.jpg 2000w\" sizes=\"(max-width: 1024px) 100vw, 1024px\" \/><\/a><\/figure>\n\n\n\n<div class=\"wp-block-media-text alignwide is-stacked-on-mobile\"><figure class=\"wp-block-media-text__media\"><img loading=\"lazy\" width=\"487\" height=\"1006\" src=\"http:\/\/www.josettevilleneuve.com\/wp-content\/uploads\/2024\/06\/txt-1.png\" alt=\"\" class=\"wp-image-7764 size-full\" srcset=\"https:\/\/www.josettevilleneuve.com\/wp-content\/uploads\/2024\/06\/txt-1.png 487w, https:\/\/www.josettevilleneuve.com\/wp-content\/uploads\/2024\/06\/txt-1-145x300.png 145w\" sizes=\"(max-width: 487px) 100vw, 487px\" \/><\/figure><div class=\"wp-block-media-text__content\">\n<p class=\"has-large-font-size\"><\/p>\n<\/div><\/div>\n\n\n\n<p class=\"has-large-font-size\"><a href=\"http:\/\/www.josettevilleneuve.com\/?page_id=112\">Voir les drapeaux cliquez ICI<\/a><\/p>\n\n\n\n<h2><em>UN MONDE \u00c0 RACCOMMODER<\/em> &#8211; 2005&#8230;<\/h2>\n\n\n\n<figure class=\"wp-block-image size-large is-style-default\"><a href=\"http:\/\/www.josettevilleneuve.com\/wp-content\/uploads\/2020\/11\/01.jvilleneuve.jpg\"><img loading=\"lazy\" width=\"1024\" height=\"683\" src=\"http:\/\/www.josettevilleneuve.com\/wp-content\/uploads\/2020\/11\/01.jvilleneuve-1024x683.jpg\" alt=\"\" class=\"wp-image-6150\" srcset=\"https:\/\/www.josettevilleneuve.com\/wp-content\/uploads\/2020\/11\/01.jvilleneuve.jpg 1024w, https:\/\/www.josettevilleneuve.com\/wp-content\/uploads\/2020\/11\/01.jvilleneuve-300x200.jpg 300w, https:\/\/www.josettevilleneuve.com\/wp-content\/uploads\/2020\/11\/01.jvilleneuve-768x512.jpg 768w\" sizes=\"(max-width: 1024px) 100vw, 1024px\" \/><\/a><\/figure>\n\n\n\n<p>L\u2019installation \u00ab\u00a0Un monde \u00e0 raccommoder\u00a0\u00bb a fait l\u2019objet de plusieurs pr\u00e9sentations au Qu\u00e9bec et en Ontario entre 2005 et 2024. Ces diff\u00e9rentes mises en espace ont occasionn\u00e9 des transformations formelles d\u2019importance et la confection d\u2019une deuxi\u00e8me mappemonde. Aussi, l\u2019introduction des drapeaux, petits et grands formats\u2026<\/p>\n\n\n\n<p>Mon travail avec les \u00e9tiquettes de v\u00eatements a commenc\u00e9 de fa\u00e7on impulsive et fr\u00e9n\u00e9tique, d\u00e9clench\u00e9 par la d\u00e9couverte de cette mati\u00e8re somptueuse aux made in tous azimuts. La collecte m\u2019a amen\u00e9e \u00e0 parcourir les d\u00e9p\u00f4ts de v\u00eatements usag\u00e9s, source d\u2019approvisionnement in\u00e9puisable de ces pr\u00e9cieux bouts de tissu, chacun portant la marque d\u2019un lieu, d\u2019un travail, d\u2019un savoir-faire.<\/p>\n\n\n\n<p>Dans une lecture actuelle, l\u2019\u0153uvre questionne la probl\u00e9matique identitaire de notre soci\u00e9t\u00e9 en mutation, probl\u00e9matique qui s\u2019accentue avec les multiples d\u00e9placements impuls\u00e9s par les \u00e9changes du commerce mondial et am\u00e8ne une confrontation des singularit\u00e9s culturelles et des appartenances territoriales.<\/p>\n\n\n\n<p><\/p>\n\n\n\n<h2><img loading=\"lazy\" class=\"aligncenter\" title=\"Un monde \u00e0 raccommoder JVilleneuve photo :Mathieu Corriveau\" src=\"http:\/\/www.josettevilleneuve.com\/wp-content\/uploads\/2008\/09\/mat.bmp\" alt=\"Un monde \u00e0 raccommoder BNSC06\" width=\"255\" height=\"175\"><\/h2>\n\n\n\n<ul><li>Cliquez<a title=\"texte du catalogue\" rel=\"noopener\" href=\"http:\/\/www.josettevilleneuve.com\/?page_id=1779\" target=\"_blank\"> ICI pour lire le texte paru dans le catalogue<\/a> de la Biennale nationale de sculpture contemporaine.<\/li><li>Entrevue avec Jacques Bertrand, Macadam Tribus,<a title=\"Josette Villeneuve Radio-Canada\" rel=\"noopener\" href=\"http:\/\/www.radio-canada.ca\/radio\/emissions\/document.asp?docnumero=76616&amp;numero=62\" target=\"_blank\"> Radio-Canada&nbsp;<\/a><\/li><li>Article du Devoir par Fabien Deglise et \u00c9milie Folie-Boivin<\/li><li><a rel=\"noopener\" href=\"http:\/\/www.josettevilleneuve.com\/?page_id=220\" target=\"_blank\">Article de Marika Kemeny<\/a>. (Glendon communications officer), \u00e0 la Galerie Glendon de Toronto, du 24 f\u00e9vrier au 27 mars 2009 : Un monde \u00e0 raccommoder \/ A World Stitched Together) Weaving recycled materials into her work is part of Josette Villeneuve&rsquo;s creative process&#8230;<br> <h4>Lieux de pr\u00e9sentation par ordre chronologique de 2005 \u00e0 2024:<\/h4> <\/li><\/ul>\n\n\n\n<ol><li><a href=\"http:\/\/www.bnsc.ca\/\">Biennale nationale de sculpture contemporaine<\/a>, Trois-Rivi\u00e8res (Qu\u00e9bec).<\/li><li>Galerie Verticale, Laval (Qu\u00e9bec)<\/li><li>Centre d&rsquo;art Rotary, La Sarre (Qu\u00e9bec).<\/li><li>Centre d&rsquo;artistes Regart, L\u00e9vis (Qu\u00e9bec).<\/li><li>Centre d&rsquo;exposition de Rouyn-Noranda (Qu\u00e9bec).<\/li><li>Glendon Gallery, Universit\u00e9 York, Toronto (Ontario).<\/li><li><a rel=\"noopener\" href=\"http:\/\/tohu.ca\/fr\/accueil.html\" target=\"_blank\">TOHU<\/a>, La Cit\u00e9 des arts du cirque, Montr\u00e9al (Qu\u00e9bec) du 12 mars au 3 mai 2009.<\/li><li>Mus\u00e9e H\u00f4tel des postes, Victoriaville<\/li><li>Centre culturel Yvonne-L.-Bombardier, Valcourt<\/li><li>Galerie d&rsquo;art d&rsquo;Outremont, Montr\u00e9al<\/li><li><a href=\"https:\/\/mcq.org\/decouvrir\/expositions\/le-quebec-autrement-dit\/\">Mus\u00e9e de la civilisation de Qu\u00e9bec<\/a><\/li><\/ol>\n\n\n\n<p class=\"has-text-align-center\">****************************************<\/p>\n\n\n\n<figure class=\"wp-block-gallery has-nested-images columns-default is-cropped\">\n<figure class=\"wp-block-image size-large is-style-default\"><a href=\"http:\/\/www.josettevilleneuve.com\/wp-content\/uploads\/2019\/05\/empreintes_humanite_josette_villeneuve_5.jpg\"><img loading=\"lazy\" width=\"700\" height=\"340\" data-id=\"5161\"  src=\"http:\/\/www.josettevilleneuve.com\/wp-content\/uploads\/2019\/05\/empreintes_humanite_josette_villeneuve_5.jpg\" alt=\"\" class=\"wp-image-5161\" srcset=\"https:\/\/www.josettevilleneuve.com\/wp-content\/uploads\/2019\/05\/empreintes_humanite_josette_villeneuve_5.jpg 700w, https:\/\/www.josettevilleneuve.com\/wp-content\/uploads\/2019\/05\/empreintes_humanite_josette_villeneuve_5-300x146.jpg 300w\" sizes=\"(max-width: 700px) 100vw, 700px\" \/><\/a><\/figure>\n\n\n\n<figure class=\"wp-block-image size-large is-style-default\"><a href=\"http:\/\/www.josettevilleneuve.com\/wp-content\/uploads\/2024\/02\/03-scaled.jpeg\"><img loading=\"lazy\" width=\"2560\" height=\"1920\" data-id=\"7353\"  src=\"http:\/\/www.josettevilleneuve.com\/wp-content\/uploads\/2024\/02\/03-scaled.jpeg\" alt=\"\" class=\"wp-image-7353\" srcset=\"https:\/\/www.josettevilleneuve.com\/wp-content\/uploads\/2024\/02\/03-scaled.jpeg 2560w, https:\/\/www.josettevilleneuve.com\/wp-content\/uploads\/2024\/02\/03-300x225.jpeg 300w\" sizes=\"(max-width: 2560px) 100vw, 2560px\" \/><\/a><\/figure>\n\n\n\n<figure class=\"wp-block-image size-large is-style-default\"><a href=\"http:\/\/www.josettevilleneuve.com\/wp-content\/uploads\/2024\/02\/Capture-decran-2023-04-20-120203.png\"><img loading=\"lazy\" width=\"647\" height=\"336\" data-id=\"7354\"  src=\"http:\/\/www.josettevilleneuve.com\/wp-content\/uploads\/2024\/02\/Capture-decran-2023-04-20-120203.png\" alt=\"\" class=\"wp-image-7354\" srcset=\"https:\/\/www.josettevilleneuve.com\/wp-content\/uploads\/2024\/02\/Capture-decran-2023-04-20-120203.png 647w, https:\/\/www.josettevilleneuve.com\/wp-content\/uploads\/2024\/02\/Capture-decran-2023-04-20-120203-300x156.png 300w\" sizes=\"(max-width: 647px) 100vw, 647px\" \/><\/a><\/figure>\n\n\n\n<figure class=\"wp-block-image size-large is-style-default\"><a href=\"http:\/\/www.josettevilleneuve.com\/wp-content\/uploads\/2022\/04\/Atelier-Josette-3-rotated.jpg\"><img loading=\"lazy\" width=\"2016\" height=\"1512\" data-id=\"6791\"  src=\"http:\/\/www.josettevilleneuve.com\/wp-content\/uploads\/2022\/04\/Atelier-Josette-3-rotated.jpg\" alt=\"\" class=\"wp-image-6791\" srcset=\"https:\/\/www.josettevilleneuve.com\/wp-content\/uploads\/2022\/04\/Atelier-Josette-3-rotated.jpg 2016w, https:\/\/www.josettevilleneuve.com\/wp-content\/uploads\/2022\/04\/Atelier-Josette-3-300x225.jpg 300w, https:\/\/www.josettevilleneuve.com\/wp-content\/uploads\/2022\/04\/Atelier-Josette-3-1024x768.jpg 1024w, https:\/\/www.josettevilleneuve.com\/wp-content\/uploads\/2022\/04\/Atelier-Josette-3-768x576.jpg 768w, https:\/\/www.josettevilleneuve.com\/wp-content\/uploads\/2022\/04\/Atelier-Josette-3-1536x1152.jpg 1536w\" sizes=\"(max-width: 2016px) 100vw, 2016px\" \/><\/a><\/figure>\n\n\n\n<figure class=\"wp-block-image size-large is-style-default\"><a href=\"http:\/\/www.josettevilleneuve.com\/wp-content\/uploads\/2020\/11\/14jovilleneuve.jpg\"><img loading=\"lazy\" width=\"2304\" height=\"1728\" data-id=\"6182\"  src=\"http:\/\/www.josettevilleneuve.com\/wp-content\/uploads\/2020\/11\/14jovilleneuve.jpg\" alt=\"\" class=\"wp-image-6182\" srcset=\"https:\/\/www.josettevilleneuve.com\/wp-content\/uploads\/2020\/11\/14jovilleneuve.jpg 2304w, https:\/\/www.josettevilleneuve.com\/wp-content\/uploads\/2020\/11\/14jovilleneuve-300x225.jpg 300w, https:\/\/www.josettevilleneuve.com\/wp-content\/uploads\/2020\/11\/14jovilleneuve-768x576.jpg 768w, https:\/\/www.josettevilleneuve.com\/wp-content\/uploads\/2020\/11\/14jovilleneuve-1024x768.jpg 1024w\" sizes=\"(max-width: 2304px) 100vw, 2304px\" \/><\/a><\/figure>\n\n\n\n<figure class=\"wp-block-image size-large is-style-default\"><a href=\"http:\/\/www.josettevilleneuve.com\/wp-content\/uploads\/2020\/11\/29villeneuve.jpg\"><img loading=\"lazy\" width=\"1024\" height=\"768\" data-id=\"6179\"  src=\"http:\/\/www.josettevilleneuve.com\/wp-content\/uploads\/2020\/11\/29villeneuve.jpg\" alt=\"\" class=\"wp-image-6179\" srcset=\"https:\/\/www.josettevilleneuve.com\/wp-content\/uploads\/2020\/11\/29villeneuve.jpg 1024w, https:\/\/www.josettevilleneuve.com\/wp-content\/uploads\/2020\/11\/29villeneuve-300x225.jpg 300w, https:\/\/www.josettevilleneuve.com\/wp-content\/uploads\/2020\/11\/29villeneuve-768x576.jpg 768w\" sizes=\"(max-width: 1024px) 100vw, 1024px\" \/><\/a><\/figure>\n\n\n\n<figure class=\"wp-block-image size-large is-style-default\"><a href=\"http:\/\/www.josettevilleneuve.com\/wp-content\/uploads\/2020\/11\/28jovilleneuve.jpg\"><img loading=\"lazy\" width=\"3402\" height=\"2346\" data-id=\"6180\"  src=\"http:\/\/www.josettevilleneuve.com\/wp-content\/uploads\/2020\/11\/28jovilleneuve.jpg\" alt=\"\" class=\"wp-image-6180\" srcset=\"https:\/\/www.josettevilleneuve.com\/wp-content\/uploads\/2020\/11\/28jovilleneuve.jpg 3402w, https:\/\/www.josettevilleneuve.com\/wp-content\/uploads\/2020\/11\/28jovilleneuve-300x207.jpg 300w, https:\/\/www.josettevilleneuve.com\/wp-content\/uploads\/2020\/11\/28jovilleneuve-768x530.jpg 768w, https:\/\/www.josettevilleneuve.com\/wp-content\/uploads\/2020\/11\/28jovilleneuve-1024x706.jpg 1024w\" sizes=\"(max-width: 3402px) 100vw, 3402px\" \/><\/a><\/figure>\n\n\n\n<figure class=\"wp-block-image size-large is-style-default\"><a href=\"http:\/\/www.josettevilleneuve.com\/wp-content\/uploads\/2020\/11\/15jovilleneuve.jpg\"><img loading=\"lazy\" width=\"2304\" height=\"1728\" data-id=\"6181\"  src=\"http:\/\/www.josettevilleneuve.com\/wp-content\/uploads\/2020\/11\/15jovilleneuve.jpg\" alt=\"\" class=\"wp-image-6181\" srcset=\"https:\/\/www.josettevilleneuve.com\/wp-content\/uploads\/2020\/11\/15jovilleneuve.jpg 2304w, https:\/\/www.josettevilleneuve.com\/wp-content\/uploads\/2020\/11\/15jovilleneuve-300x225.jpg 300w, https:\/\/www.josettevilleneuve.com\/wp-content\/uploads\/2020\/11\/15jovilleneuve-768x576.jpg 768w, https:\/\/www.josettevilleneuve.com\/wp-content\/uploads\/2020\/11\/15jovilleneuve-1024x768.jpg 1024w\" sizes=\"(max-width: 2304px) 100vw, 2304px\" \/><\/a><\/figure>\n\n\n\n<figure class=\"wp-block-image size-large is-style-default\"><a href=\"http:\/\/www.josettevilleneuve.com\/wp-content\/uploads\/2020\/11\/DSC4390_Photo-Guy-LHeureux.jpg\"><img loading=\"lazy\" width=\"1024\" height=\"683\" data-id=\"6178\"  src=\"http:\/\/www.josettevilleneuve.com\/wp-content\/uploads\/2020\/11\/DSC4390_Photo-Guy-LHeureux.jpg\" alt=\"\" class=\"wp-image-6178\" srcset=\"https:\/\/www.josettevilleneuve.com\/wp-content\/uploads\/2020\/11\/DSC4390_Photo-Guy-LHeureux.jpg 1024w, https:\/\/www.josettevilleneuve.com\/wp-content\/uploads\/2020\/11\/DSC4390_Photo-Guy-LHeureux-300x200.jpg 300w, https:\/\/www.josettevilleneuve.com\/wp-content\/uploads\/2020\/11\/DSC4390_Photo-Guy-LHeureux-768x512.jpg 768w\" sizes=\"(max-width: 1024px) 100vw, 1024px\" \/><\/a><\/figure>\n\n\n\n<figure class=\"wp-block-image size-large is-style-default\"><a href=\"http:\/\/www.josettevilleneuve.com\/wp-content\/uploads\/2020\/11\/DSC4405_Photo-Guy-LHeureux.jpg\"><img loading=\"lazy\" width=\"1024\" height=\"676\" data-id=\"6177\"  src=\"http:\/\/www.josettevilleneuve.com\/wp-content\/uploads\/2020\/11\/DSC4405_Photo-Guy-LHeureux.jpg\" alt=\"\" class=\"wp-image-6177\" srcset=\"https:\/\/www.josettevilleneuve.com\/wp-content\/uploads\/2020\/11\/DSC4405_Photo-Guy-LHeureux.jpg 1024w, https:\/\/www.josettevilleneuve.com\/wp-content\/uploads\/2020\/11\/DSC4405_Photo-Guy-LHeureux-300x198.jpg 300w, https:\/\/www.josettevilleneuve.com\/wp-content\/uploads\/2020\/11\/DSC4405_Photo-Guy-LHeureux-768x507.jpg 768w\" sizes=\"(max-width: 1024px) 100vw, 1024px\" \/><\/a><\/figure>\n\n\n\n<figure class=\"wp-block-image size-large is-style-default\"><a href=\"http:\/\/www.josettevilleneuve.com\/wp-content\/uploads\/2020\/11\/01.jvilleneuve.jpg\"><img loading=\"lazy\" width=\"1024\" height=\"683\" data-id=\"6150\"  src=\"http:\/\/www.josettevilleneuve.com\/wp-content\/uploads\/2020\/11\/01.jvilleneuve.jpg\" alt=\"\" class=\"wp-image-6150\" srcset=\"https:\/\/www.josettevilleneuve.com\/wp-content\/uploads\/2020\/11\/01.jvilleneuve.jpg 1024w, https:\/\/www.josettevilleneuve.com\/wp-content\/uploads\/2020\/11\/01.jvilleneuve-300x200.jpg 300w, https:\/\/www.josettevilleneuve.com\/wp-content\/uploads\/2020\/11\/01.jvilleneuve-768x512.jpg 768w\" sizes=\"(max-width: 1024px) 100vw, 1024px\" \/><\/a><\/figure>\n\n\n\n<figure class=\"wp-block-image size-large is-style-default\"><a href=\"http:\/\/www.josettevilleneuve.com\/wp-content\/uploads\/2020\/11\/jvilleneuve-site-web.jpg\"><img loading=\"lazy\" width=\"1300\" height=\"924\" data-id=\"6140\"  src=\"http:\/\/www.josettevilleneuve.com\/wp-content\/uploads\/2020\/11\/jvilleneuve-site-web.jpg\" alt=\"\" class=\"wp-image-6140\" srcset=\"https:\/\/www.josettevilleneuve.com\/wp-content\/uploads\/2020\/11\/jvilleneuve-site-web.jpg 1300w, https:\/\/www.josettevilleneuve.com\/wp-content\/uploads\/2020\/11\/jvilleneuve-site-web-300x213.jpg 300w, https:\/\/www.josettevilleneuve.com\/wp-content\/uploads\/2020\/11\/jvilleneuve-site-web-768x546.jpg 768w, https:\/\/www.josettevilleneuve.com\/wp-content\/uploads\/2020\/11\/jvilleneuve-site-web-1024x728.jpg 1024w\" sizes=\"(max-width: 1300px) 100vw, 1300px\" \/><\/a><\/figure>\n\n\n\n<figure class=\"wp-block-image size-large is-style-default\"><a href=\"http:\/\/www.josettevilleneuve.com\/wp-content\/uploads\/2020\/07\/105004566_3042997425769107_7022103808248122637_o.jpg\"><img loading=\"lazy\" width=\"960\" height=\"960\" data-id=\"5723\"  src=\"http:\/\/www.josettevilleneuve.com\/wp-content\/uploads\/2020\/07\/105004566_3042997425769107_7022103808248122637_o.jpg\" alt=\"\" class=\"wp-image-5723\" srcset=\"https:\/\/www.josettevilleneuve.com\/wp-content\/uploads\/2020\/07\/105004566_3042997425769107_7022103808248122637_o.jpg 960w, https:\/\/www.josettevilleneuve.com\/wp-content\/uploads\/2020\/07\/105004566_3042997425769107_7022103808248122637_o-150x150.jpg 150w, https:\/\/www.josettevilleneuve.com\/wp-content\/uploads\/2020\/07\/105004566_3042997425769107_7022103808248122637_o-300x300.jpg 300w, https:\/\/www.josettevilleneuve.com\/wp-content\/uploads\/2020\/07\/105004566_3042997425769107_7022103808248122637_o-768x768.jpg 768w\" sizes=\"(max-width: 960px) 100vw, 960px\" \/><\/a><\/figure>\n\n\n\n<figure class=\"wp-block-image size-large is-style-default\"><a href=\"http:\/\/www.josettevilleneuve.com\/wp-content\/uploads\/2020\/07\/106315164_3042997655769084_1534571312205146899_o.jpg\"><img loading=\"lazy\" width=\"960\" height=\"960\" data-id=\"5724\"  src=\"http:\/\/www.josettevilleneuve.com\/wp-content\/uploads\/2020\/07\/106315164_3042997655769084_1534571312205146899_o.jpg\" alt=\"\" class=\"wp-image-5724\" srcset=\"https:\/\/www.josettevilleneuve.com\/wp-content\/uploads\/2020\/07\/106315164_3042997655769084_1534571312205146899_o.jpg 960w, https:\/\/www.josettevilleneuve.com\/wp-content\/uploads\/2020\/07\/106315164_3042997655769084_1534571312205146899_o-150x150.jpg 150w, https:\/\/www.josettevilleneuve.com\/wp-content\/uploads\/2020\/07\/106315164_3042997655769084_1534571312205146899_o-300x300.jpg 300w, https:\/\/www.josettevilleneuve.com\/wp-content\/uploads\/2020\/07\/106315164_3042997655769084_1534571312205146899_o-768x768.jpg 768w\" sizes=\"(max-width: 960px) 100vw, 960px\" \/><\/a><\/figure>\n\n\n\n<figure class=\"wp-block-image size-large is-style-default\"><a href=\"http:\/\/www.josettevilleneuve.com\/wp-content\/uploads\/2020\/10\/beaut\u00e9-1-1600x1064.jpg\"><img loading=\"lazy\" width=\"1600\" height=\"1064\" data-id=\"5741\"  src=\"http:\/\/www.josettevilleneuve.com\/wp-content\/uploads\/2020\/10\/beaut\u00e9-1-1600x1064.jpg\" alt=\"\" class=\"wp-image-5741\" srcset=\"https:\/\/www.josettevilleneuve.com\/wp-content\/uploads\/2020\/10\/beaut\u00e9-1-1600x1064.jpg 1600w, https:\/\/www.josettevilleneuve.com\/wp-content\/uploads\/2020\/10\/beaut\u00e9-1-1600x1064-300x200.jpg 300w, https:\/\/www.josettevilleneuve.com\/wp-content\/uploads\/2020\/10\/beaut\u00e9-1-1600x1064-768x511.jpg 768w, https:\/\/www.josettevilleneuve.com\/wp-content\/uploads\/2020\/10\/beaut\u00e9-1-1600x1064-1024x681.jpg 1024w\" sizes=\"(max-width: 1600px) 100vw, 1600px\" \/><\/a><\/figure>\n\n\n\n<figure class=\"wp-block-image size-large is-style-default\"><a href=\"http:\/\/www.josettevilleneuve.com\/wp-content\/uploads\/2016\/02\/03villeneuve.jpg\"><img loading=\"lazy\" width=\"1024\" height=\"683\" data-id=\"4115\"  src=\"http:\/\/www.josettevilleneuve.com\/wp-content\/uploads\/2016\/02\/03villeneuve.jpg\" alt=\"\" class=\"wp-image-4115\"\/><\/a><\/figure>\n\n\n\n<figure class=\"wp-block-image size-large is-style-default\"><a href=\"http:\/\/www.josettevilleneuve.com\/wp-content\/uploads\/2015\/11\/DSC4419_Photo-Guy-LHeureux.jpg\"><img loading=\"lazy\" width=\"1070\" height=\"768\" data-id=\"4032\"  src=\"http:\/\/www.josettevilleneuve.com\/wp-content\/uploads\/2015\/11\/DSC4419_Photo-Guy-LHeureux.jpg\" alt=\"Galerie d'art d'Outremont \/ En d\u00e9coudre des mondes, d\u00e9tail \/ photo Guy LHeureux\" class=\"wp-image-4032\" srcset=\"https:\/\/www.josettevilleneuve.com\/wp-content\/uploads\/2015\/11\/DSC4419_Photo-Guy-LHeureux.jpg 1070w, https:\/\/www.josettevilleneuve.com\/wp-content\/uploads\/2015\/11\/DSC4419_Photo-Guy-LHeureux-300x215.jpg 300w, https:\/\/www.josettevilleneuve.com\/wp-content\/uploads\/2015\/11\/DSC4419_Photo-Guy-LHeureux-1024x734.jpg 1024w, https:\/\/www.josettevilleneuve.com\/wp-content\/uploads\/2015\/11\/DSC4419_Photo-Guy-LHeureux-900x645.jpg 900w\" sizes=\"(max-width: 1070px) 100vw, 1070px\" \/><\/a><\/figure>\n\n\n\n<figure class=\"wp-block-image size-large is-style-default\"><a href=\"http:\/\/www.josettevilleneuve.com\/wp-content\/uploads\/2015\/11\/DSC4414_Photo-Guy-LHeureux.jpg\"><img loading=\"lazy\" width=\"1024\" height=\"683\" data-id=\"4033\"  src=\"http:\/\/www.josettevilleneuve.com\/wp-content\/uploads\/2015\/11\/DSC4414_Photo-Guy-LHeureux.jpg\" alt=\"Galerie d'art d'Outremont \/ En d\u00e9coudre des mondes, d\u00e9tail \/ photo Guy LHeureux\" class=\"wp-image-4033\" srcset=\"https:\/\/www.josettevilleneuve.com\/wp-content\/uploads\/2015\/11\/DSC4414_Photo-Guy-LHeureux.jpg 1024w, https:\/\/www.josettevilleneuve.com\/wp-content\/uploads\/2015\/11\/DSC4414_Photo-Guy-LHeureux-300x200.jpg 300w, https:\/\/www.josettevilleneuve.com\/wp-content\/uploads\/2015\/11\/DSC4414_Photo-Guy-LHeureux-900x600.jpg 900w\" sizes=\"(max-width: 1024px) 100vw, 1024px\" \/><\/a><\/figure>\n\n\n\n<figure class=\"wp-block-image size-full is-style-default\"><a href=\"http:\/\/www.josettevilleneuve.com\/wp-content\/uploads\/2012\/11\/09jvilleneuve.jpg\"><img loading=\"lazy\" width=\"1024\" height=\"684\" data-id=\"1721\"  src=\"http:\/\/www.josettevilleneuve.com\/wp-content\/uploads\/2012\/11\/09jvilleneuve.jpg\" alt=\"\" class=\"wp-image-1721\" srcset=\"https:\/\/www.josettevilleneuve.com\/wp-content\/uploads\/2012\/11\/09jvilleneuve.jpg 1024w, https:\/\/www.josettevilleneuve.com\/wp-content\/uploads\/2012\/11\/09jvilleneuve-300x200.jpg 300w\" sizes=\"(max-width: 1024px) 100vw, 1024px\" \/><\/a><\/figure>\n<\/figure>\n\n\n\n<p>En parall\u00e8le de l&rsquo;exposition , des ateliers d&rsquo;\u00e9criture et cr\u00e9ation, dirig\u00e9s par Josette Villeneuve, ont eu lieu \u00e0 la TOHU avec des groupes de jeunes des \u00e9coles du quartier St-Michel.<\/p>\n\n\n\n<p>Un projet appuy\u00e9 par le Fonds de la Mauricie pour les arts et les lettres d\u00e9velopp\u00e9 avec des \u00e9l\u00e8ves de 1er cycle du primaire a ouvert sur la cr\u00e9ations d&rsquo;ab\u00e9c\u00e9daires ( 2006).<\/p>\n\n\n\n<div class=\"wp-block-image is-style-default\"><figure class=\"alignleft\"><img src=\"..\/wp-content\/uploads\/2009\/01\/P1000388-300x168.jpg\" alt=\"ateliers avec groupe\" title=\"TOHU JVilleneuve ateliers dirig\u00e9s\"\/><\/figure><\/div>\n\n\n\n<p><em><a href=\"..\/wp-content\/uploads\/2009\/01\/P1000388.jpg\"><span style=\"color: #808080;\"><\/span><\/a><\/em><\/p>\n","protected":false},"excerpt":{"rendered":"<p>UN MONDE \u00c0 RACCOMMODER AU MUS\u00c9E DE LA CIVILISATION DE QU\u00c9BEC, 2024 Voir les drapeaux cliquez ICI UN MONDE \u00c0 RACCOMMODER &#8211; 2005&#8230; L\u2019installation \u00ab\u00a0Un monde \u00e0 raccommoder\u00a0\u00bb a fait l\u2019objet de plusieurs pr\u00e9sentations au Qu\u00e9bec et en Ontario entre 2005 et 2024. Ces diff\u00e9rentes mises en espace ont occasionn\u00e9 des transformations formelles d\u2019importance et<a class=\"rmore\" href=\"https:\/\/www.josettevilleneuve.com\/?page_id=111\">&nbsp;&nbsp; Read More &#8230;<\/a><\/p>\n","protected":false},"author":1,"featured_media":0,"parent":1691,"menu_order":20,"comment_status":"open","ping_status":"open","template":"","meta":[],"_links":{"self":[{"href":"https:\/\/www.josettevilleneuve.com\/index.php?rest_route=\/wp\/v2\/pages\/111"}],"collection":[{"href":"https:\/\/www.josettevilleneuve.com\/index.php?rest_route=\/wp\/v2\/pages"}],"about":[{"href":"https:\/\/www.josettevilleneuve.com\/index.php?rest_route=\/wp\/v2\/types\/page"}],"author":[{"embeddable":true,"href":"https:\/\/www.josettevilleneuve.com\/index.php?rest_route=\/wp\/v2\/users\/1"}],"replies":[{"embeddable":true,"href":"https:\/\/www.josettevilleneuve.com\/index.php?rest_route=%2Fwp%2Fv2%2Fcomments&post=111"}],"version-history":[{"count":110,"href":"https:\/\/www.josettevilleneuve.com\/index.php?rest_route=\/wp\/v2\/pages\/111\/revisions"}],"predecessor-version":[{"id":7952,"href":"https:\/\/www.josettevilleneuve.com\/index.php?rest_route=\/wp\/v2\/pages\/111\/revisions\/7952"}],"up":[{"embeddable":true,"href":"https:\/\/www.josettevilleneuve.com\/index.php?rest_route=\/wp\/v2\/pages\/1691"}],"wp:attachment":[{"href":"https:\/\/www.josettevilleneuve.com\/index.php?rest_route=%2Fwp%2Fv2%2Fmedia&parent=111"}],"curies":[{"name":"wp","href":"https:\/\/api.w.org\/{rel}","templated":true}]}}