{"id":116,"date":"2008-09-23T16:54:57","date_gmt":"2008-09-23T20:54:57","guid":{"rendered":"http:\/\/www.josettevilleneuve.com\/?page_id=116"},"modified":"2013-05-15T09:16:43","modified_gmt":"2013-05-15T13:16:43","slug":"iv-a-c-q-u-i-s-i-t-o-n-s","status":"publish","type":"page","link":"https:\/\/www.josettevilleneuve.com\/?page_id=116","title":{"rendered":"Drapeaux-nuages"},"content":{"rendered":"<p><a href=\"http:\/\/www.josettevilleneuve.com\/wp-content\/uploads\/2008\/07\/beau-temps-mauvais-temps2.jpg\" target=\"_blank\"><img loading=\"lazy\" class=\"alignleft  wp-image-42\" title=\"Beau temps mauvais temps\" src=\"http:\/\/www.josettevilleneuve.com\/wp-content\/uploads\/2008\/07\/beau-temps-mauvais-temps2-300x200.jpg\" alt=\"\" width=\"300\" height=\"200\" srcset=\"https:\/\/www.josettevilleneuve.com\/wp-content\/uploads\/2008\/07\/beau-temps-mauvais-temps2-300x200.jpg 300w, https:\/\/www.josettevilleneuve.com\/wp-content\/uploads\/2008\/07\/beau-temps-mauvais-temps2.jpg 1610w\" sizes=\"(max-width: 300px) 100vw, 300px\" \/><\/a><\/p>\n<p><img loading=\"lazy\" class=\"size-thumbnail wp-image-33 alignleft\" title=\"Jour de l\\'installation\" src=\"http:\/\/www.josettevilleneuve.com\/wp-content\/uploads\/2008\/07\/josette2-150x150.jpg\" alt=\"Beau temps, mauvais temps\" width=\"150\" height=\"150\" \/><\/p>\n<p>L&rsquo;oeuvre <em>Beau temps, mauvais temps <\/em>a fait l&rsquo;objet d&rsquo;une acquisition par la galerie S\u00e9quence de Chicoutimi dans le cadre du programme d&rsquo;int\u00e9gration des arts du gouvernement du Qu\u00e9bec. <strong>Cliquez <a href=\"http:\/\/www.mcc.gouv.qc.ca\/fileadmin\/documents\/publications\/BilanIAAE_2007_2010.pdf\" target=\"_blank\">ICI<\/a> pour voir le catalogue, aller \u00e0 la page 66 \/ 184<\/strong>. L&rsquo;installation a eu lieu le 2 avril 2008.<\/p>\n<p>Trois nuages, form\u00e9s d\u2019\u00e9tiquettes de v\u00eatements r\u00e9cup\u00e9r\u00e9s, transforment le mur de la cage d\u2019escalier de la galerie [S\u00e9quence] en espace-ciel triplement m\u00e9taphorique : m\u00e9tissage et d\u00e9placement des populations, mission de l&rsquo;organisme et savoir-faire. Les \u00e9tiquettes savamment choisies et de provenances diverses sont cousues les unes aux autres, faisant ainsi \u00e9cho aux d\u00e9marches de cr\u00e9ation, \u00e0 la mise en r\u00e9seau des projets de la galerie ainsi qu\u2019\u00e0 sa mission sociale, affirmant la place importante du citoyen-artiste.<\/p>\n<p>Source :\u00a0 <a href=\"http:\/\/www.mcc.gouv.qc.ca\/fileadmin\/documents\/publications\/BilanIAAE_2007_2010.pdf\" target=\"_blank\">Bilan 2007 &#8211; 2011 du programme d&rsquo;int\u00e9gration des arts \u00e0 l&rsquo;architecture et \u00e0 l&rsquo;environnement du Qu\u00e9bec<\/a>\u00a0\u00a0 voir page 66 \/ 184<\/p>\n<p>&nbsp;<\/p>\n","protected":false},"excerpt":{"rendered":"<p>L&rsquo;oeuvre Beau temps, mauvais temps a fait l&rsquo;objet d&rsquo;une acquisition par la galerie S\u00e9quence de Chicoutimi dans le cadre du programme d&rsquo;int\u00e9gration des arts du gouvernement du Qu\u00e9bec. Cliquez ICI pour voir le catalogue, aller \u00e0 la page 66 \/ 184. L&rsquo;installation a eu lieu le 2 avril 2008. Trois nuages, form\u00e9s d\u2019\u00e9tiquettes de v\u00eatements<a class=\"rmore\" href=\"https:\/\/www.josettevilleneuve.com\/?page_id=116\">&nbsp;&nbsp; Read More &#8230;<\/a><\/p>\n","protected":false},"author":1,"featured_media":0,"parent":112,"menu_order":34,"comment_status":"open","ping_status":"open","template":"","meta":[],"_links":{"self":[{"href":"https:\/\/www.josettevilleneuve.com\/index.php?rest_route=\/wp\/v2\/pages\/116"}],"collection":[{"href":"https:\/\/www.josettevilleneuve.com\/index.php?rest_route=\/wp\/v2\/pages"}],"about":[{"href":"https:\/\/www.josettevilleneuve.com\/index.php?rest_route=\/wp\/v2\/types\/page"}],"author":[{"embeddable":true,"href":"https:\/\/www.josettevilleneuve.com\/index.php?rest_route=\/wp\/v2\/users\/1"}],"replies":[{"embeddable":true,"href":"https:\/\/www.josettevilleneuve.com\/index.php?rest_route=%2Fwp%2Fv2%2Fcomments&post=116"}],"version-history":[{"count":16,"href":"https:\/\/www.josettevilleneuve.com\/index.php?rest_route=\/wp\/v2\/pages\/116\/revisions"}],"predecessor-version":[{"id":2593,"href":"https:\/\/www.josettevilleneuve.com\/index.php?rest_route=\/wp\/v2\/pages\/116\/revisions\/2593"}],"up":[{"embeddable":true,"href":"https:\/\/www.josettevilleneuve.com\/index.php?rest_route=\/wp\/v2\/pages\/112"}],"wp:attachment":[{"href":"https:\/\/www.josettevilleneuve.com\/index.php?rest_route=%2Fwp%2Fv2%2Fmedia&parent=116"}],"curies":[{"name":"wp","href":"https:\/\/api.w.org\/{rel}","templated":true}]}}