{"id":1380,"date":"2012-08-16T09:42:39","date_gmt":"2012-08-16T13:42:39","guid":{"rendered":"http:\/\/www.josettevilleneuve.com\/?page_id=1380"},"modified":"2015-12-16T23:26:34","modified_gmt":"2015-12-17T04:26:34","slug":"bnsc-06","status":"publish","type":"page","link":"https:\/\/www.josettevilleneuve.com\/?page_id=1380","title":{"rendered":"BNSC 06"},"content":{"rendered":"<h3>Biennale nationale de sculpture contemporaine de Trois-Rivi\u00e8res 2006<\/h3>\n<h3><em>Le Temps du vertical et de l&rsquo;horizontal.<\/em><\/h3>\n<blockquote><p><img loading=\"lazy\" title=\"mat\" src=\"http:\/\/www.josettevilleneuve.com\/wp-content\/uploads\/2008\/09\/mat.bmp\" alt=\"Un monde \u00e0 raccommoder BNSC06\" width=\"255\" height=\"175\" \/><\/p>\n<p>cr\u00e9dit photo: Mathieu Corriveau<br \/>\n<em>Un monde \u00e0 raccommoder,<\/em> Josette Villeneuve, 2006.<br \/>\n\u00c9tiquettes de v\u00eatements, coton, \u00e9pingles, mannequins.<br \/>\nInstallation cr\u00e9\u00e9e pour la Biennale nationale de sculpture contemporaine de Trois-Rivi\u00e8res du 16 juin au 3 septembre 2006 sous la th\u00e9matique \u00ab Le temps du vertical et de l\u2019horizontal \u00bb.<\/p>\n<p>Texte paru dans le catalogue de la Biennale nationale de sculpture contemporaine 2006, \u00e9ditions d\u2019art Le Sabord:<\/p>\n<p>J\u2019ai commenc\u00e9 \u00e0 travailler avec les \u00e9tiquettes de v\u00eatements parce que ces mati\u00e8re pauvres me sont apparues somptueuses et extr\u00eamement riches. Chaque fragment collect\u00e9 et rassembl\u00e9 porte en lui-m\u00eame la marque d\u2019un lieu, d\u2019un travail, d\u2019un savoir faire. Made in China : province canadienne ! \u2026 made in India : \u00e9tat africain ! \u2026 Cette mappemonde singuli\u00e8re provoque des d\u00e9placements g\u00e9opolitiques qui questionnent les rapports identitaires, les \u00e9changes socio-\u00e9conomiques. L\u2019assemblage compose une foule cosmopolite o\u00f9 chaque morceau perd sa sp\u00e9cificit\u00e9 dans le croisement al\u00e9atoire des longitudes et des latitudes.<\/p>\n<pre><em style=\"text-align: justify; font-family: Georgia, 'Times New Roman', 'Bitstream Charter', Times, serif; font-size: 13px; line-height: 19px;\">.<\/em><\/pre>\n<p><img loading=\"lazy\" title=\"Un monde \u00e0 raccommoder\" src=\"http:\/\/www.josettevilleneuve.com\/wp-content\/uploads\/2008\/07\/01villeneuve-300x225.jpg\" alt=\"Mappemonde...\" width=\"266\" height=\"193\" \/>\u00a0 <img title=\"BNSC 2006\" src=\"http:\/\/www.josettevilleneuve.com\/wp-content\/uploads\/2008\/09\/03-300x225.jpg\" alt=\"\" \/><\/p>\n<p style=\"text-align: justify;\">\u00a0<strong>L\u2019installation <em>Un monde \u00e0 raccommoder<\/em> a fait l\u2019objet de plusieurs pr\u00e9sentations au Qu\u00e9bec et en Ontario entre 2005 et 2009. Ces diff\u00e9rentes mises en espace ont occasionn\u00e9 des transformations formelles d\u2019importance et la confection d\u2019une deuxi\u00e8me mappemonde. Aussi, l\u2019introduction des drapeaux, petits et grands formats\u2026\u00a0 <\/strong><a title=\"Un monde \u00e0 raccommoder\" href=\"http:\/\/www.josettevilleneuve.com\/?page_id=111\" target=\"_blank\">Pour voir la liste et d&rsquo;autres images, cliquez ici<\/a><\/p>\n<h3>Pour acc\u00e9der au site de la BNSC cliquez <a href=\"http:\/\/www.bnsc.ca\/index.php\" target=\"_blank\">ICI<\/a><\/h3>\n<\/blockquote>\n\n\t\t<style type=\"text\/css\">\n\t\t\t#gallery-1 {\n\t\t\t\tmargin: auto;\n\t\t\t}\n\t\t\t#gallery-1 .gallery-item {\n\t\t\t\tfloat: left;\n\t\t\t\tmargin-top: 10px;\n\t\t\t\ttext-align: center;\n\t\t\t\twidth: 33%;\n\t\t\t}\n\t\t\t#gallery-1 img {\n\t\t\t\tborder: 2px solid #cfcfcf;\n\t\t\t}\n\t\t\t#gallery-1 .gallery-caption {\n\t\t\t\tmargin-left: 0;\n\t\t\t}\n\t\t\t\/* see gallery_shortcode() in wp-includes\/media.php *\/\n\t\t<\/style>\n\t\t<div id='gallery-1' class='gallery galleryid-1380 gallery-columns-3 gallery-size-thumbnail'><dl class='gallery-item'>\n\t\t\t<dt class='gallery-icon landscape'>\n\t\t\t\t<a href='https:\/\/www.josettevilleneuve.com\/?attachment_id=1596'><img width=\"150\" height=\"150\" src=\"https:\/\/www.josettevilleneuve.com\/wp-content\/uploads\/2012\/08\/02villeneuve-150x150.jpg\" class=\"attachment-thumbnail size-thumbnail\" alt=\"\" loading=\"lazy\" \/><\/a>\n\t\t\t<\/dt><\/dl><dl class='gallery-item'>\n\t\t\t<dt class='gallery-icon landscape'>\n\t\t\t\t<a href='https:\/\/www.josettevilleneuve.com\/?attachment_id=1597'><img width=\"150\" height=\"150\" src=\"https:\/\/www.josettevilleneuve.com\/wp-content\/uploads\/2012\/08\/03villeneuve-150x150.jpg\" class=\"attachment-thumbnail size-thumbnail\" alt=\"\" loading=\"lazy\" \/><\/a>\n\t\t\t<\/dt><\/dl><dl class='gallery-item'>\n\t\t\t<dt class='gallery-icon landscape'>\n\t\t\t\t<a href='https:\/\/www.josettevilleneuve.com\/?attachment_id=1598'><img width=\"150\" height=\"150\" src=\"https:\/\/www.josettevilleneuve.com\/wp-content\/uploads\/2012\/08\/04villeneuve-150x150.jpg\" class=\"attachment-thumbnail size-thumbnail\" alt=\"\" loading=\"lazy\" \/><\/a>\n\t\t\t<\/dt><\/dl><br style=\"clear: both\" \/><dl class='gallery-item'>\n\t\t\t<dt class='gallery-icon landscape'>\n\t\t\t\t<a href='https:\/\/www.josettevilleneuve.com\/?attachment_id=1599'><img width=\"150\" height=\"150\" src=\"https:\/\/www.josettevilleneuve.com\/wp-content\/uploads\/2012\/08\/05villeneuve-150x150.jpg\" class=\"attachment-thumbnail size-thumbnail\" alt=\"\" loading=\"lazy\" \/><\/a>\n\t\t\t<\/dt><\/dl>\n\t\t\t<br style='clear: both' \/>\n\t\t<\/div>\n\n","protected":false},"excerpt":{"rendered":"<p>Biennale nationale de sculpture contemporaine de Trois-Rivi\u00e8res 2006 Le Temps du vertical et de l&rsquo;horizontal. cr\u00e9dit photo: Mathieu Corriveau Un monde \u00e0 raccommoder, Josette Villeneuve, 2006. \u00c9tiquettes de v\u00eatements, coton, \u00e9pingles, mannequins. Installation cr\u00e9\u00e9e pour la Biennale nationale de sculpture contemporaine de Trois-Rivi\u00e8res du 16 juin au 3 septembre 2006 sous la th\u00e9matique \u00ab Le<a class=\"rmore\" href=\"https:\/\/www.josettevilleneuve.com\/?page_id=1380\">&nbsp;&nbsp; Read More &#8230;<\/a><\/p>\n","protected":false},"author":1,"featured_media":0,"parent":109,"menu_order":67,"comment_status":"open","ping_status":"open","template":"","meta":[],"_links":{"self":[{"href":"https:\/\/www.josettevilleneuve.com\/index.php?rest_route=\/wp\/v2\/pages\/1380"}],"collection":[{"href":"https:\/\/www.josettevilleneuve.com\/index.php?rest_route=\/wp\/v2\/pages"}],"about":[{"href":"https:\/\/www.josettevilleneuve.com\/index.php?rest_route=\/wp\/v2\/types\/page"}],"author":[{"embeddable":true,"href":"https:\/\/www.josettevilleneuve.com\/index.php?rest_route=\/wp\/v2\/users\/1"}],"replies":[{"embeddable":true,"href":"https:\/\/www.josettevilleneuve.com\/index.php?rest_route=%2Fwp%2Fv2%2Fcomments&post=1380"}],"version-history":[{"count":17,"href":"https:\/\/www.josettevilleneuve.com\/index.php?rest_route=\/wp\/v2\/pages\/1380\/revisions"}],"predecessor-version":[{"id":3855,"href":"https:\/\/www.josettevilleneuve.com\/index.php?rest_route=\/wp\/v2\/pages\/1380\/revisions\/3855"}],"up":[{"embeddable":true,"href":"https:\/\/www.josettevilleneuve.com\/index.php?rest_route=\/wp\/v2\/pages\/109"}],"wp:attachment":[{"href":"https:\/\/www.josettevilleneuve.com\/index.php?rest_route=%2Fwp%2Fv2%2Fmedia&parent=1380"}],"curies":[{"name":"wp","href":"https:\/\/api.w.org\/{rel}","templated":true}]}}