{"id":1919,"date":"2012-12-16T13:25:04","date_gmt":"2012-12-16T17:25:04","guid":{"rendered":"http:\/\/www.josettevilleneuve.com\/?page_id=1919"},"modified":"2013-11-21T10:58:42","modified_gmt":"2013-11-21T14:58:42","slug":"1919-2","status":"publish","type":"page","link":"https:\/\/www.josettevilleneuve.com\/?page_id=1919","title":{"rendered":"Reboisement &#8230;"},"content":{"rendered":"<p><strong> <\/strong><strong>Retour sur le 1er \u00e9v\u00e9nement satellite qui s\u2019est d\u00e9roul\u00e9 samedi le 12 juin dans la cour ext\u00e9rieure de la Galerie d\u2019art du Parc. <em>Reboisement \u00e9ph\u00e9m\u00e8re<\/em><\/strong><\/p>\n<p><a href=\"http:\/\/www.josettevilleneuve.com\/wp-content\/uploads\/2010\/05\/Taguer-tout-partout.jpg\" target=\"_blank\"><img loading=\"lazy\" title=\"Taguer tout partout\" src=\"http:\/\/www.josettevilleneuve.com\/wp-content\/uploads\/2010\/05\/Taguer-tout-partout-300x224.jpg\" alt=\"Josette Villeneuve \u00c9v\u00e9nement satellite 1\" width=\"300\" height=\"224\" \/><\/a>\u00a0\u00a0 <a href=\"http:\/\/www.josettevilleneuve.com\/wp-content\/uploads\/2010\/05\/mains.jpg\" target=\"_blank\"><img loading=\"lazy\" title=\"mains\" src=\"http:\/\/www.josettevilleneuve.com\/wp-content\/uploads\/2010\/05\/mains-300x224.jpg\" alt=\"Josette Villeneuve \u00c9v\u00e9nement satellite 1\" width=\"300\" height=\"224\" \/><\/a><\/p>\n<p><a href=\"http:\/\/www.josettevilleneuve.com\/wp-content\/uploads\/2010\/05\/LE-participant.jpg\" target=\"_blank\"><img loading=\"lazy\" title=\"LE participant\" src=\"http:\/\/www.josettevilleneuve.com\/wp-content\/uploads\/2010\/05\/LE-participant-300x224.jpg\" alt=\"Josette Villeneuve, \u00c9v\u00e9nement satellite 1\" width=\"300\" height=\"224\" \/><\/a>\u00a0\u00a0 <a href=\"http:\/\/www.josettevilleneuve.com\/wp-content\/uploads\/2010\/05\/Allez-go-1.jpg\" target=\"_blank\"><img loading=\"lazy\" title=\"Allez go !\" src=\"http:\/\/www.josettevilleneuve.com\/wp-content\/uploads\/2010\/05\/Allez-go-1-300x225.jpg\" alt=\"Josette Villeneuve \u00c9v\u00e9nement satellite 1\" width=\"300\" height=\"225\" \/><\/a><\/p>\n<div><\/div>\n<div><a href=\"http:\/\/www.josettevilleneuve.com\/wp-content\/uploads\/2010\/05\/Brouille1.jpg\" target=\"_blank\"><img loading=\"lazy\" title=\"Brouille\" src=\"http:\/\/www.josettevilleneuve.com\/wp-content\/uploads\/2010\/05\/Brouille1-300x225.jpg\" alt=\"\u00c9v\u00e9nement satellite 1 Josette Villeneuve\" width=\"300\" height=\"225\" \/><\/a>\u00a0\u00a0 <a href=\"http:\/\/www.josettevilleneuve.com\/wp-content\/uploads\/2010\/05\/On-reboise....jpg\" target=\"_blank\"><img loading=\"lazy\" title=\"On reboise...\" src=\"http:\/\/www.josettevilleneuve.com\/wp-content\/uploads\/2010\/05\/On-reboise...-300x225.jpg\" alt=\"Josette Villeneuve, \u00c9v\u00e9nement satellite 1\" width=\"300\" height=\"225\" \/><\/a><\/div>\n","protected":false},"excerpt":{"rendered":"<p>Retour sur le 1er \u00e9v\u00e9nement satellite qui s\u2019est d\u00e9roul\u00e9 samedi le 12 juin dans la cour ext\u00e9rieure de la Galerie d\u2019art du Parc. Reboisement \u00e9ph\u00e9m\u00e8re \u00a0\u00a0 \u00a0\u00a0 \u00a0\u00a0<\/p>\n","protected":false},"author":1,"featured_media":0,"parent":0,"menu_order":0,"comment_status":"open","ping_status":"open","template":"","meta":[],"_links":{"self":[{"href":"https:\/\/www.josettevilleneuve.com\/index.php?rest_route=\/wp\/v2\/pages\/1919"}],"collection":[{"href":"https:\/\/www.josettevilleneuve.com\/index.php?rest_route=\/wp\/v2\/pages"}],"about":[{"href":"https:\/\/www.josettevilleneuve.com\/index.php?rest_route=\/wp\/v2\/types\/page"}],"author":[{"embeddable":true,"href":"https:\/\/www.josettevilleneuve.com\/index.php?rest_route=\/wp\/v2\/users\/1"}],"replies":[{"embeddable":true,"href":"https:\/\/www.josettevilleneuve.com\/index.php?rest_route=%2Fwp%2Fv2%2Fcomments&post=1919"}],"version-history":[{"count":7,"href":"https:\/\/www.josettevilleneuve.com\/index.php?rest_route=\/wp\/v2\/pages\/1919\/revisions"}],"predecessor-version":[{"id":2323,"href":"https:\/\/www.josettevilleneuve.com\/index.php?rest_route=\/wp\/v2\/pages\/1919\/revisions\/2323"}],"wp:attachment":[{"href":"https:\/\/www.josettevilleneuve.com\/index.php?rest_route=%2Fwp%2Fv2%2Fmedia&parent=1919"}],"curies":[{"name":"wp","href":"https:\/\/api.w.org\/{rel}","templated":true}]}}