{"id":1991,"date":"2012-12-17T23:58:28","date_gmt":"2012-12-18T03:58:28","guid":{"rendered":"http:\/\/www.josettevilleneuve.com\/?page_id=1991"},"modified":"2015-12-30T22:02:45","modified_gmt":"2015-12-31T03:02:45","slug":"collages-2","status":"publish","type":"page","link":"https:\/\/www.josettevilleneuve.com\/?page_id=1991","title":{"rendered":"collages"},"content":{"rendered":"<h2 style=\"text-align: left;\"><a href=\"http:\/\/kolajmagazine.com\/artistdirectory\/josette-villeneuve\" target=\"_blank\">Voir\u00a0 KOLAJ MAGAZINE \/ Josette Villeneuve<\/a><\/h2>\n<p style=\"text-align: left;\">Dans cette s\u00e9rie de tableaux-collage, je puise \u00e0 m\u00eame les revues d\u2019art, les planches de jeu, les images web, les cartes g\u00e9ographiques, les plans de ville, les pubs et les embl\u00e8mes. Je les dessine, les juxtapose, les installe dans l\u2019espace.<\/p>\n<address><a href=\"http:\/\/www.josettevilleneuve.com\/wp-content\/uploads\/2012\/08\/villeneuvej021.jpg\"><img loading=\"lazy\" class=\" wp-image-1332 aligncenter\" title=\"Je veux des choses\" src=\"http:\/\/www.josettevilleneuve.com\/wp-content\/uploads\/2012\/08\/villeneuvej021.jpg\" alt=\"\" width=\"402\" height=\"328\" \/><\/a><\/address>\n<address style=\"text-align: center;\">\u00a0<\/address>\n<address style=\"text-align: center;\"><em>\u00ab\u00a0Je veux des choses\u00a0\u00bb<\/em>, 2012. (Collection Ville de Trois-Rivi\u00e8res).\u00a0<\/address>\n<address style=\"text-align: center;\">Huile, graphite, crayons \/ papier Fabriano, photocopies maroufl\u00e9es sur bois,\u00a0 100 cm x 121 cm (h x l).<\/address>\n<address style=\"text-align: center;\">********************<\/address>\n<p style=\"text-align: center;\"><img loading=\"lazy\" class=\"wp-image-1321 aligncenter\" title=\"Progression urbaine\" src=\"http:\/\/www.josettevilleneuve.com\/wp-content\/uploads\/2012\/08\/villeneuvej01.jpg\" alt=\"\" width=\"401\" height=\"336\" srcset=\"https:\/\/www.josettevilleneuve.com\/wp-content\/uploads\/2012\/08\/villeneuvej01.jpg 900w, https:\/\/www.josettevilleneuve.com\/wp-content\/uploads\/2012\/08\/villeneuvej01-300x252.jpg 300w\" sizes=\"(max-width: 401px) 100vw, 401px\" \/><\/p>\n<address style=\"text-align: center;\"><em>\u00ab\u00a0Courir apr\u00e8s sa queue\u00a0\u00bb, <\/em>2011.\u00a0<\/address>\n<address style=\"text-align: center;\">Huile, graphite, crayons, papier Fabriano, photocopies maroufl\u00e9es\/bois, 100 cm x 121 cm (h x l).<\/address>\n<address style=\"text-align: center;\">*******<\/address>\n<p style=\"text-align: center;\"><a href=\"http:\/\/www.josettevilleneuve.com\/wp-content\/uploads\/2012\/08\/villeneuvej011.jpg\" target=\"_blank\"><img loading=\"lazy\" class=\"wp-image-1325 aligncenter\" title=\"Va y avoir d'la bagarre\" src=\"http:\/\/www.josettevilleneuve.com\/wp-content\/uploads\/2012\/08\/villeneuvej011.jpg\" alt=\"\" width=\"401\" height=\"333\" \/><\/a><\/p>\n<address style=\"text-align: center;\"><em>\u00ab\u00a0Revenir chez-soi\u00a0\u00bb<\/em>, 2012.<\/address>\n<address style=\"text-align: center;\">Huile, graphite, crayons sur carte g\u00e9ographique entoil\u00e9e de l\u2019Am\u00e9rique du Nord, maroufl\u00e9e sur bois, 100 cm x 121 cm (h x l).<\/address>\n<address style=\"text-align: center;\"><a title=\"kolaj \/ Ariane Fairlie \/ Josette Villeneuve\" href=\"http:\/\/www.josettevilleneuve.com\/?page_id=3978\" target=\"_blank\">Lire l&rsquo;article d&rsquo;Ariane Fairlie<\/a><\/address>\n<div><\/div>\n<address style=\"text-align: center;\">\u00a0<\/address>\n<address style=\"text-align: center;\">*******<\/address>\n<p style=\"text-align: center;\"><a href=\"http:\/\/www.josettevilleneuve.com\/wp-content\/uploads\/2012\/08\/Je-veux-des-choses-2.jpg\" target=\"_blank\"><img loading=\"lazy\" class=\"wp-image-1984 aligncenter\" title=\"Je veux des choses 2\" src=\"http:\/\/www.josettevilleneuve.com\/wp-content\/uploads\/2012\/08\/Je-veux-des-choses-2-1024x872.jpg\" alt=\"\" width=\"400\" height=\"340\" srcset=\"https:\/\/www.josettevilleneuve.com\/wp-content\/uploads\/2012\/08\/Je-veux-des-choses-2-1024x872.jpg 1024w, https:\/\/www.josettevilleneuve.com\/wp-content\/uploads\/2012\/08\/Je-veux-des-choses-2-300x255.jpg 300w\" sizes=\"(max-width: 400px) 100vw, 400px\" \/><\/a><\/p>\n<address style=\"text-align: center;\"><em>\u00ab\u00a0Faire ses devoirs\u00a0\u00bb,\u00a0<\/em> 2013.\u00a0 (Collection Ville de Trois-Rivi\u00e8res).<\/address>\n<address style=\"text-align: center;\">Prismacolor, huile sur carte g\u00e9ographique de l\u2019Am\u00e9rique du Nord et cahiers Canada maroufl\u00e9s sur bois. 100 x 121 cm (h x l)<\/address>\n<address style=\"text-align: center;\">\u00a0*******<\/address>\n<p style=\"text-align: center;\"><a href=\"http:\/\/www.josettevilleneuve.com\/wp-content\/uploads\/2012\/08\/01Etre-dans-tous-ses-Etats.jpg\"><img loading=\"lazy\" class=\"alignnone size-medium wp-image-2736\" title=\"01Etre dans tous ses Etats\" src=\"http:\/\/www.josettevilleneuve.com\/wp-content\/uploads\/2012\/08\/01Etre-dans-tous-ses-Etats-300x252.jpg\" alt=\"\" width=\"300\" height=\"252\" srcset=\"https:\/\/www.josettevilleneuve.com\/wp-content\/uploads\/2012\/08\/01Etre-dans-tous-ses-Etats-300x252.jpg 300w, https:\/\/www.josettevilleneuve.com\/wp-content\/uploads\/2012\/08\/01Etre-dans-tous-ses-Etats.jpg 900w\" sizes=\"(max-width: 300px) 100vw, 300px\" \/><\/a><\/p>\n<address style=\"text-align: center;\"><em>\u00catre dans tous ses \u00c9tats,<\/em> 2012.<\/address>\n<address style=\"text-align: center;\">Prismacolor, huile, acrylique sur carte g\u00e9ographique de l\u2019Am\u00e9rique du Nord maroufl\u00e9e sur bois. 100 cm x 121 cm (h x l).<\/address>\n<address style=\"text-align: center;\">********************<\/address>\n<address>\u00a0<\/address>\n<p>Voir l&rsquo;installation de la Maison de la Culture de Trois-Rivi\u00e8res :\u00a0\u00a0\u00a0 <a href=\"http:\/\/www.josettevilleneuve.com\/?page_id=801\" target=\"_blank\">N\/B JUSQU&rsquo;\u00c0 LA DERNI\u00c8RE MINUTE<\/a><\/p>\n","protected":false},"excerpt":{"rendered":"<p>Voir\u00a0 KOLAJ MAGAZINE \/ Josette Villeneuve Dans cette s\u00e9rie de tableaux-collage, je puise \u00e0 m\u00eame les revues d\u2019art, les planches de jeu, les images web, les cartes g\u00e9ographiques, les plans de ville, les pubs et les embl\u00e8mes. Je les dessine, les juxtapose, les installe dans l\u2019espace. \u00a0 \u00ab\u00a0Je veux des choses\u00a0\u00bb, 2012. (Collection Ville de<a class=\"rmore\" href=\"https:\/\/www.josettevilleneuve.com\/?page_id=1991\">&nbsp;&nbsp; Read More &#8230;<\/a><\/p>\n","protected":false},"author":1,"featured_media":0,"parent":0,"menu_order":0,"comment_status":"open","ping_status":"open","template":"","meta":[],"_links":{"self":[{"href":"https:\/\/www.josettevilleneuve.com\/index.php?rest_route=\/wp\/v2\/pages\/1991"}],"collection":[{"href":"https:\/\/www.josettevilleneuve.com\/index.php?rest_route=\/wp\/v2\/pages"}],"about":[{"href":"https:\/\/www.josettevilleneuve.com\/index.php?rest_route=\/wp\/v2\/types\/page"}],"author":[{"embeddable":true,"href":"https:\/\/www.josettevilleneuve.com\/index.php?rest_route=\/wp\/v2\/users\/1"}],"replies":[{"embeddable":true,"href":"https:\/\/www.josettevilleneuve.com\/index.php?rest_route=%2Fwp%2Fv2%2Fcomments&post=1991"}],"version-history":[{"count":27,"href":"https:\/\/www.josettevilleneuve.com\/index.php?rest_route=\/wp\/v2\/pages\/1991\/revisions"}],"predecessor-version":[{"id":2387,"href":"https:\/\/www.josettevilleneuve.com\/index.php?rest_route=\/wp\/v2\/pages\/1991\/revisions\/2387"}],"wp:attachment":[{"href":"https:\/\/www.josettevilleneuve.com\/index.php?rest_route=%2Fwp%2Fv2%2Fmedia&parent=1991"}],"curies":[{"name":"wp","href":"https:\/\/api.w.org\/{rel}","templated":true}]}}