{"id":2995,"date":"2013-11-08T11:16:50","date_gmt":"2013-11-08T15:16:50","guid":{"rendered":"http:\/\/www.josettevilleneuve.com\/?page_id=2995"},"modified":"2014-02-14T11:53:48","modified_gmt":"2014-02-14T15:53:48","slug":"defi-textile","status":"publish","type":"page","link":"https:\/\/www.josettevilleneuve.com\/?page_id=2995","title":{"rendered":"D\u00e9fi textile"},"content":{"rendered":"<p><strong><\/strong><strong>D\u00e9fi textile 2012, Le GRAVE, Victoriaville.<\/strong> Josette Villeneuve, 2012. Huile, crayon sur draps r\u00e9cup\u00e9r\u00e9s.<\/p>\n<p><a href=\"http:\/\/www.josettevilleneuve.com\/wp-content\/uploads\/2013\/11\/defi-textile-02.jpg\" target=\"_blank\"><img loading=\"lazy\" class=\"alignnone size-full wp-image-3154\" title=\"defi textile 02\" src=\"http:\/\/www.josettevilleneuve.com\/wp-content\/uploads\/2013\/11\/defi-textile-02.jpg\" alt=\"\" width=\"900\" height=\"500\" srcset=\"https:\/\/www.josettevilleneuve.com\/wp-content\/uploads\/2013\/11\/defi-textile-02.jpg 900w, https:\/\/www.josettevilleneuve.com\/wp-content\/uploads\/2013\/11\/defi-textile-02-300x166.jpg 300w\" sizes=\"(max-width: 900px) 100vw, 900px\" \/><\/a>L\u2019imbrication entre les dessins d\u2019escaliers et les imprim\u00e9s des draps, l\u2019un du domaine public et l\u2019autre li\u00e9 \u00e0 l\u2019intime, provoque une \u00e9trange combinaison o\u00f9 se mesurent ces deux pr\u00e9sences, l\u2019une bousculant l\u2019autre tour \u00e0 tour.<\/p>\n<p>Entre les draps et l\u2019escalier, entre la mati\u00e8re souple et la structure rigide, entre l\u2019illusion de mouvement et la d\u00e9clinaison des motifs d\u00e9coratifs se construit l\u2019\u0153uvre, b\u00e2tie d\u2019apr\u00e8s le territoire que j\u2019habite.<\/p>\n<p style=\"text-align: center;\">********************<\/p>\n","protected":false},"excerpt":{"rendered":"<p>D\u00e9fi textile 2012, Le GRAVE, Victoriaville. Josette Villeneuve, 2012. Huile, crayon sur draps r\u00e9cup\u00e9r\u00e9s. L\u2019imbrication entre les dessins d\u2019escaliers et les imprim\u00e9s des draps, l\u2019un du domaine public et l\u2019autre li\u00e9 \u00e0 l\u2019intime, provoque une \u00e9trange combinaison o\u00f9 se mesurent ces deux pr\u00e9sences, l\u2019une bousculant l\u2019autre tour \u00e0 tour. Entre les draps et l\u2019escalier, entre<a class=\"rmore\" href=\"https:\/\/www.josettevilleneuve.com\/?page_id=2995\">&nbsp;&nbsp; Read More &#8230;<\/a><\/p>\n","protected":false},"author":1,"featured_media":0,"parent":0,"menu_order":0,"comment_status":"open","ping_status":"open","template":"","meta":[],"_links":{"self":[{"href":"https:\/\/www.josettevilleneuve.com\/index.php?rest_route=\/wp\/v2\/pages\/2995"}],"collection":[{"href":"https:\/\/www.josettevilleneuve.com\/index.php?rest_route=\/wp\/v2\/pages"}],"about":[{"href":"https:\/\/www.josettevilleneuve.com\/index.php?rest_route=\/wp\/v2\/types\/page"}],"author":[{"embeddable":true,"href":"https:\/\/www.josettevilleneuve.com\/index.php?rest_route=\/wp\/v2\/users\/1"}],"replies":[{"embeddable":true,"href":"https:\/\/www.josettevilleneuve.com\/index.php?rest_route=%2Fwp%2Fv2%2Fcomments&post=2995"}],"version-history":[{"count":4,"href":"https:\/\/www.josettevilleneuve.com\/index.php?rest_route=\/wp\/v2\/pages\/2995\/revisions"}],"predecessor-version":[{"id":3156,"href":"https:\/\/www.josettevilleneuve.com\/index.php?rest_route=\/wp\/v2\/pages\/2995\/revisions\/3156"}],"wp:attachment":[{"href":"https:\/\/www.josettevilleneuve.com\/index.php?rest_route=%2Fwp%2Fv2%2Fmedia&parent=2995"}],"curies":[{"name":"wp","href":"https:\/\/api.w.org\/{rel}","templated":true}]}}