{"id":3033,"date":"2013-11-19T10:34:48","date_gmt":"2013-11-19T14:34:48","guid":{"rendered":"http:\/\/www.josettevilleneuve.com\/?page_id=3033"},"modified":"2020-12-06T16:25:02","modified_gmt":"2020-12-06T21:25:02","slug":"oeuvres-drap","status":"publish","type":"page","link":"https:\/\/www.josettevilleneuve.com\/?page_id=3033","title":{"rendered":"oeuvres sur drap"},"content":{"rendered":"\n<ul class=\"wp-block-gallery columns-2 is-cropped\"><li class=\"blocks-gallery-item\"><figure><img loading=\"lazy\" width=\"600\" height=\"600\" src=\"http:\/\/www.josettevilleneuve.com\/wp-content\/uploads\/2020\/12\/01.ruelle.jpg\" alt=\"\" data-id=\"6288\" data-link=\"http:\/\/www.josettevilleneuve.com\/?attachment_id=6288\" class=\"wp-image-6288\" srcset=\"https:\/\/www.josettevilleneuve.com\/wp-content\/uploads\/2020\/12\/01.ruelle.jpg 600w, https:\/\/www.josettevilleneuve.com\/wp-content\/uploads\/2020\/12\/01.ruelle-150x150.jpg 150w, https:\/\/www.josettevilleneuve.com\/wp-content\/uploads\/2020\/12\/01.ruelle-300x300.jpg 300w\" sizes=\"(max-width: 600px) 100vw, 600px\" \/><\/figure><\/li><li class=\"blocks-gallery-item\"><figure><img loading=\"lazy\" width=\"750\" height=\"907\" src=\"http:\/\/www.josettevilleneuve.com\/wp-content\/uploads\/2020\/12\/12.Wabasso.jpg\" alt=\"\" data-id=\"6289\" data-link=\"http:\/\/www.josettevilleneuve.com\/?attachment_id=6289\" class=\"wp-image-6289\" srcset=\"https:\/\/www.josettevilleneuve.com\/wp-content\/uploads\/2020\/12\/12.Wabasso.jpg 750w, https:\/\/www.josettevilleneuve.com\/wp-content\/uploads\/2020\/12\/12.Wabasso-248x300.jpg 248w\" sizes=\"(max-width: 750px) 100vw, 750px\" \/><\/figure><\/li><\/ul>\n\n\n<p>Installations \u00e0 l&rsquo;\u00e9difice Wabasso, Shawinigan 2012<\/p>\n<p>Voir d&rsquo;autres images du projet <a title=\"Partir ou rester l\u00e0\" href=\"http:\/\/www.josettevilleneuve.com\/?page_id=1807\" target=\"_blank\" rel=\"noopener\">Partir ou rester l\u00e0<\/a><\/p>\n<p><a href=\"http:\/\/www.josettevilleneuve.com\/wp-content\/uploads\/2013\/11\/wabasso07.jpg\" target=\"_blank\" rel=\"noopener\"><img loading=\"lazy\" class=\"alignnone  wp-image-3037\" title=\"wabasso07\" src=\"http:\/\/www.josettevilleneuve.com\/wp-content\/uploads\/2013\/11\/wabasso07.jpg\" alt=\"\" width=\"698\" height=\"153\" srcset=\"https:\/\/www.josettevilleneuve.com\/wp-content\/uploads\/2013\/11\/wabasso07.jpg 2160w, https:\/\/www.josettevilleneuve.com\/wp-content\/uploads\/2013\/11\/wabasso07-300x65.jpg 300w, https:\/\/www.josettevilleneuve.com\/wp-content\/uploads\/2013\/11\/wabasso07-1024x225.jpg 1024w\" sizes=\"(max-width: 698px) 100vw, 698px\" \/><\/a><a href=\"http:\/\/www.josettevilleneuve.com\/wp-content\/uploads\/2013\/11\/wabasso01.jpg\" target=\"_blank\" rel=\"noopener\"><img loading=\"lazy\" class=\"alignnone  wp-image-3040\" title=\"wabasso01\" src=\"http:\/\/www.josettevilleneuve.com\/wp-content\/uploads\/2013\/11\/wabasso01.jpg\" alt=\"\" width=\"698\" height=\"470\"><\/a><\/p>\n<p><a href=\"http:\/\/www.josettevilleneuve.com\/wp-content\/uploads\/2013\/11\/wabasso04.jpg\" target=\"_blank\" rel=\"noopener\"><img loading=\"lazy\" class=\"alignnone  wp-image-3045\" title=\"wabasso04\" src=\"http:\/\/www.josettevilleneuve.com\/wp-content\/uploads\/2013\/11\/wabasso04.jpg\" alt=\"\" width=\"697\" height=\"744\" srcset=\"https:\/\/www.josettevilleneuve.com\/wp-content\/uploads\/2013\/11\/wabasso04.jpg 2020w, https:\/\/www.josettevilleneuve.com\/wp-content\/uploads\/2013\/11\/wabasso04-280x300.jpg 280w\" sizes=\"(max-width: 697px) 100vw, 697px\" \/><\/a><a href=\"http:\/\/www.josettevilleneuve.com\/wp-content\/uploads\/2013\/11\/wabasso05.jpg\" target=\"_blank\" rel=\"noopener\"><img loading=\"lazy\" class=\"alignnone  wp-image-3046\" title=\"wabasso05\" src=\"http:\/\/www.josettevilleneuve.com\/wp-content\/uploads\/2013\/11\/wabasso05.jpg\" alt=\"\" width=\"699\" height=\"426\" srcset=\"https:\/\/www.josettevilleneuve.com\/wp-content\/uploads\/2013\/11\/wabasso05-300x183.jpg 300w, https:\/\/www.josettevilleneuve.com\/wp-content\/uploads\/2013\/11\/wabasso05-1024x626.jpg 1024w\" sizes=\"(max-width: 699px) 100vw, 699px\" \/><\/a><\/p>\n<p><a href=\"http:\/\/www.josettevilleneuve.com\/wp-content\/uploads\/2013\/11\/wabasso02.jpg\" target=\"_blank\" rel=\"noopener\"><img loading=\"lazy\" class=\"alignnone  wp-image-3042\" title=\"wabasso02\" src=\"http:\/\/www.josettevilleneuve.com\/wp-content\/uploads\/2013\/11\/wabasso02.jpg\" alt=\"\" width=\"699\" height=\"425\"><\/a><a href=\"http:\/\/www.josettevilleneuve.com\/wp-content\/uploads\/2013\/11\/63164_322388047868179_986322791_n.png\" target=\"_blank\" rel=\"noopener\"><img loading=\"lazy\" class=\"alignnone  wp-image-3048\" title=\"63164_322388047868179_986322791_n\" src=\"http:\/\/www.josettevilleneuve.com\/wp-content\/uploads\/2013\/11\/63164_322388047868179_986322791_n.png\" alt=\"\" width=\"700\" height=\"164\" srcset=\"https:\/\/www.josettevilleneuve.com\/wp-content\/uploads\/2013\/11\/63164_322388047868179_986322791_n.png 960w, https:\/\/www.josettevilleneuve.com\/wp-content\/uploads\/2013\/11\/63164_322388047868179_986322791_n-300x70.png 300w\" sizes=\"(max-width: 700px) 100vw, 700px\" \/><\/a><\/p>\n<p><\/p>\n<p><a href=\"http:\/\/www.josettevilleneuve.com\/wp-content\/uploads\/2013\/11\/06villeneuvejosette.jpg\" target=\"_blank\" rel=\"noopener\"><img loading=\"lazy\" class=\"alignnone  wp-image-3034\" title=\"06villeneuvejosette\" src=\"http:\/\/www.josettevilleneuve.com\/wp-content\/uploads\/2013\/11\/06villeneuvejosette.jpg\" alt=\"\" width=\"535\" height=\"689\"><\/a><\/p>\n<p>Installations \u00e0 l&rsquo;\u00e9difice Wabasso, Shawinigan 2012<\/p>\n<p>Entre les draps et l\u2019escalier, entre la mati\u00e8re souple et la structure rigide, entre l\u2019illusion de mouvement et la d\u00e9clinaison des motifs d\u00e9coratifs, entre les silences et le brouhaha mondain se construit l\u2019\u0153uvre, b\u00e2tie d\u2019apr\u00e8s le territoire que j\u2019habite.&nbsp;<em>Je privil\u00e9gie dans l\u2019\u00e9laboration de ce corpus d\u2019\u0153uvres la repr\u00e9sentation d\u2019un \u00e9l\u00e9ment architectural singulier tir\u00e9 de l\u2019espace urbain shawiniganais|qu\u00e9b\u00e9cois&nbsp;: des escaliers ext\u00e9rieurs.<\/em><\/p>\n<p><em>Dans chaque tableau, je dessine un ou plusieurs de ces escaliers. L\u2019impulsion de d\u00e9part pour chaque dessin survient, s\u2019impose avec le choix du drap, selon qu\u2019il soit uni ou imprim\u00e9.&nbsp;<\/em><em>C\u2019est ce choix qui d\u00e9finira le rythme du dessin, son emplacement, sa gestuelle forte ou subtile et donnera \u00e0 l\u2019ensemble une apparente agitation, un romantisme fleur-bleue ou une \u00e9vanescente po\u00e9sie.<\/em><\/p>\n<p><em>Une autre particularit\u00e9 de cette construction bidimensionnelle d\u00e9finit \u00e0 ces lieux une atmosph\u00e8re trouble, \u00e9trange: l\u2019exclusion de toute pr\u00e9sence humaine&nbsp;: <\/em>Absence de pr\u00e9sence \u2026<em> &nbsp;Une absence qui tend \u00e0 provoquer chez celui qui balaie la surface du regard un d\u00e9sir de l\u2019habiter, de s\u2019y projeter mentalement pour monter et descendre les vol\u00e9es de marche.&nbsp;<\/em><em>&nbsp;<\/em><em>L\u2019installation de l\u2019ensemble de ce corpus rend compte du monde dans lequel nous vivons : un monde en constant d\u00e9placement \u00e0 la recherche du lieu \u00ab&nbsp;r\u00eav\u00e9&nbsp;\u00bb. &nbsp;Un mouvement perp\u00e9tuel qui nous ram\u00e8ne \u00e0 notre propre solitude.<\/em><\/p>\n<p>Josette Villeneuve, 12 mai 2012<\/p>","protected":false},"excerpt":{"rendered":"<p>Installations \u00e0 l&rsquo;\u00e9difice Wabasso, Shawinigan 2012 Voir d&rsquo;autres images du projet Partir ou rester l\u00e0 Installations \u00e0 l&rsquo;\u00e9difice Wabasso, Shawinigan 2012 Entre les draps et l\u2019escalier, entre la mati\u00e8re souple et la structure rigide, entre l\u2019illusion de mouvement et la d\u00e9clinaison des motifs d\u00e9coratifs, entre les silences et le brouhaha mondain se construit l\u2019\u0153uvre, b\u00e2tie<a class=\"rmore\" href=\"https:\/\/www.josettevilleneuve.com\/?page_id=3033\">&nbsp;&nbsp; Read More &#8230;<\/a><\/p>\n","protected":false},"author":1,"featured_media":0,"parent":0,"menu_order":0,"comment_status":"open","ping_status":"open","template":"","meta":[],"_links":{"self":[{"href":"https:\/\/www.josettevilleneuve.com\/index.php?rest_route=\/wp\/v2\/pages\/3033"}],"collection":[{"href":"https:\/\/www.josettevilleneuve.com\/index.php?rest_route=\/wp\/v2\/pages"}],"about":[{"href":"https:\/\/www.josettevilleneuve.com\/index.php?rest_route=\/wp\/v2\/types\/page"}],"author":[{"embeddable":true,"href":"https:\/\/www.josettevilleneuve.com\/index.php?rest_route=\/wp\/v2\/users\/1"}],"replies":[{"embeddable":true,"href":"https:\/\/www.josettevilleneuve.com\/index.php?rest_route=%2Fwp%2Fv2%2Fcomments&post=3033"}],"version-history":[{"count":18,"href":"https:\/\/www.josettevilleneuve.com\/index.php?rest_route=\/wp\/v2\/pages\/3033\/revisions"}],"predecessor-version":[{"id":6291,"href":"https:\/\/www.josettevilleneuve.com\/index.php?rest_route=\/wp\/v2\/pages\/3033\/revisions\/6291"}],"wp:attachment":[{"href":"https:\/\/www.josettevilleneuve.com\/index.php?rest_route=%2Fwp%2Fv2%2Fmedia&parent=3033"}],"curies":[{"name":"wp","href":"https:\/\/api.w.org\/{rel}","templated":true}]}}