{"id":3277,"date":"2014-07-10T17:19:41","date_gmt":"2014-07-10T21:19:41","guid":{"rendered":"http:\/\/www.josettevilleneuve.com\/?page_id=3277"},"modified":"2020-11-29T10:51:07","modified_gmt":"2020-11-29T15:51:07","slug":"maison-culturelle-armand-vaillancourt","status":"publish","type":"page","link":"https:\/\/www.josettevilleneuve.com\/?page_id=3277","title":{"rendered":"2014 Bosquet d&rsquo;int\u00e9rieur pour oiseau nicheur"},"content":{"rendered":"<h3>La Maison culturelle Armand-Vaillancourt | Via le Centre d\u2019artistes Vrille art actuel |<\/h3>\n<address>Pr\u00e9sente une exposition de Josette Villeneuve, du 20 juin au 30 septembre 2014.\u00a0<\/address>\n<h3><em style=\"font-size: 1.17em;\">Bosquet d\u2019int\u00e9rieur pour oiseau nicheur\u00a0<\/em><\/h3>\n<p><a title=\"vrille\" href=\"https:\/\/www.facebook.com\/Vrilleartactuel\/photos\/a.175284369267514.35439.158874574241827\/563550190440928\/?type=1&amp;theater\" target=\"_blank\" rel=\"noopener\">Site Facebook ici<\/a><\/p>\n<p>Cliquez<a title=\"vrille\" href=\"https:\/\/www.facebook.com\/Vrilleartactuel?fref=ts\" target=\"_blank\" rel=\"noopener\"> ICI <\/a>pour voir la page de Vrille art actuel<\/p>\n<p><a href=\"http:\/\/www.josettevilleneuve.com\/wp-content\/uploads\/2012\/11\/kamouraska05.jpg\"><img loading=\"lazy\" class=\"alignnone  wp-image-3263\" title=\"kamouraska05\" src=\"http:\/\/www.josettevilleneuve.com\/wp-content\/uploads\/2012\/11\/kamouraska05.jpg\" alt=\"\" width=\"671\" height=\"480\" \/><\/a><\/p>\n<h2>\u00a0<\/h2>\n<p><a href=\"http:\/\/www.josettevilleneuve.com\/wp-content\/uploads\/2012\/11\/kamouraska04.jpg\"><img loading=\"lazy\" class=\"alignnone  wp-image-3260\" title=\"kamouraska04\" src=\"http:\/\/www.josettevilleneuve.com\/wp-content\/uploads\/2012\/11\/kamouraska04-1024x768.jpg\" alt=\"\" width=\"670\" height=\"503\" srcset=\"https:\/\/www.josettevilleneuve.com\/wp-content\/uploads\/2012\/11\/kamouraska04-1024x768.jpg 1024w, https:\/\/www.josettevilleneuve.com\/wp-content\/uploads\/2012\/11\/kamouraska04-300x225.jpg 300w, https:\/\/www.josettevilleneuve.com\/wp-content\/uploads\/2012\/11\/kamouraska04.jpg 1800w\" sizes=\"(max-width: 670px) 100vw, 670px\" \/><\/a><\/p>\n<p><em>Bosquet d\u2019int\u00e9rieur pour oiseau nicheur,<\/em> 2014. Megabloks, tourets de bois, corneille.<\/p>\n<p>Les objets de tous les jours pullulent au c\u0153ur de mes projets. J\u2019aime les sortir de leur ordinaire pour les inscrire dans un autre contexte, les amener dans un lieu impr\u00e9visible.\u00a0 \u00ab\u00a0Planter un petit bois\u00a0\u00bb \u00e0 l\u2019int\u00e9rieur de ce b\u00e2timent patrimonial devient l\u2019occasion de mettre en pr\u00e9sence des valeurs contradictoires\u00a0: la noblesse et l\u2019harmonie du lieu et de l\u2019arbre confront\u00e9 au mat\u00e9riau plastique aux couleurs criardes et kitchs\u2026 le Megablok. Embo\u00eet\u00e9 et d\u00e9pos\u00e9 sur un rebut de l\u2019activit\u00e9 commerciale et industrielle, le touret de bois, il devient bosquet d\u2019int\u00e9rieur.<\/p>\n<p>L\u2019installation questionne ainsi l\u2019intervention humaine dans le patrimoine paysager.\u00a0 En plus de ces confrontations environnementales, chaque arbre pr\u00e9sente une organisation de pixels \u00e9tincelants qui compose un tableau \u00ab\u00a0constructiviste\u00a0\u00bb aux couleurs des saisons.<\/p>\n<p>Au final, l\u2019interpr\u00e9tation ludique de ce brouhaha pictural et\/ou sculptural am\u00e8ne une r\u00e9flexion sur certaines perceptions qui influencent notre fa\u00e7on d\u2019agir, de voir et de ressentir les images, les objets, l\u2019espace, notre habitat.<\/p>\n<p>Voir aussi <a title=\"BNSC 2014\" href=\"http:\/\/www.josettevilleneuve.com\/?page_id=3303\" target=\"_blank\" rel=\"noopener\">\u00e9v\u00e9nement satellite de la BNSC 2014<\/a> (Biennale nationale de sculpture contemporaine)<\/p>\n\n\n<p><\/p>\n","protected":false},"excerpt":{"rendered":"<p>La Maison culturelle Armand-Vaillancourt | Via le Centre d\u2019artistes Vrille art actuel | Pr\u00e9sente une exposition de Josette Villeneuve, du 20 juin au 30 septembre 2014.\u00a0 Bosquet d\u2019int\u00e9rieur pour oiseau nicheur\u00a0 Site Facebook ici Cliquez ICI pour voir la page de Vrille art actuel \u00a0 Bosquet d\u2019int\u00e9rieur pour oiseau nicheur, 2014. Megabloks, tourets de bois,<a class=\"rmore\" href=\"https:\/\/www.josettevilleneuve.com\/?page_id=3277\">&nbsp;&nbsp; Read More &#8230;<\/a><\/p>\n","protected":false},"author":1,"featured_media":0,"parent":0,"menu_order":0,"comment_status":"open","ping_status":"open","template":"","meta":[],"_links":{"self":[{"href":"https:\/\/www.josettevilleneuve.com\/index.php?rest_route=\/wp\/v2\/pages\/3277"}],"collection":[{"href":"https:\/\/www.josettevilleneuve.com\/index.php?rest_route=\/wp\/v2\/pages"}],"about":[{"href":"https:\/\/www.josettevilleneuve.com\/index.php?rest_route=\/wp\/v2\/types\/page"}],"author":[{"embeddable":true,"href":"https:\/\/www.josettevilleneuve.com\/index.php?rest_route=\/wp\/v2\/users\/1"}],"replies":[{"embeddable":true,"href":"https:\/\/www.josettevilleneuve.com\/index.php?rest_route=%2Fwp%2Fv2%2Fcomments&post=3277"}],"version-history":[{"count":23,"href":"https:\/\/www.josettevilleneuve.com\/index.php?rest_route=\/wp\/v2\/pages\/3277\/revisions"}],"predecessor-version":[{"id":6126,"href":"https:\/\/www.josettevilleneuve.com\/index.php?rest_route=\/wp\/v2\/pages\/3277\/revisions\/6126"}],"wp:attachment":[{"href":"https:\/\/www.josettevilleneuve.com\/index.php?rest_route=%2Fwp%2Fv2%2Fmedia&parent=3277"}],"curies":[{"name":"wp","href":"https:\/\/api.w.org\/{rel}","templated":true}]}}