{"id":4149,"date":"2016-02-15T09:36:07","date_gmt":"2016-02-15T14:36:07","guid":{"rendered":"http:\/\/www.josettevilleneuve.com\/?page_id=4149"},"modified":"2016-02-15T10:34:02","modified_gmt":"2016-02-15T15:34:02","slug":"travaux-en-cours-silex","status":"publish","type":"page","link":"https:\/\/www.josettevilleneuve.com\/?page_id=4149","title":{"rendered":"R\u00e9sidence \/Silex"},"content":{"rendered":"<div id=\"attachment_4150\" style=\"width: 618px\" class=\"wp-caption alignnone\"><a href=\"http:\/\/www.josettevilleneuve.com\/wp-content\/uploads\/2016\/02\/josette-villeneuve-Silex-2015.jpg\"><img aria-describedby=\"caption-attachment-4150\" loading=\"lazy\" class=\" wp-image-4150  \" title=\"josette villeneuve Silex 2015\" src=\"http:\/\/www.josettevilleneuve.com\/wp-content\/uploads\/2016\/02\/josette-villeneuve-Silex-2015.jpg\" alt=\"\" width=\"608\" height=\"432\" \/><\/a><p id=\"caption-attachment-4150\" class=\"wp-caption-text\">Atelier Silex \/ travaux en cours \/ Josette Villeneuve<\/p><\/div>\n<p>Travaux en cours, r\u00e9sidence \u00e0 l&rsquo;Atelier Silex du 6 au 28 mai 2015.<\/p>\n<p>Je travaille \u00e0 Shawinigan dans un atelier vaste et lumineux o\u00f9 les objets s\u2019accumulent au fil des ans, des projets r\u00e9alis\u00e9s et de ceux en cours. J\u2019aurais parfois besoin de faire dispara\u00eetre (momentan\u00e9ment) tout cet encombrement.\u00a0Le nouveau volet initi\u00e9 par comit\u00e9 artistique de l\u2019atelier Silex intitul\u00e9 <em>Travaux en cours,\u00a0<\/em>qui rend possible la location d\u2019espaces, m\u2019a ouvert la salle Espace 0\u2026 3\/4 pour trois semaines. Plong\u00e9e dans cet aquarium-laboratoire, un lieu neutre, \u00e0 nu, en dehors de mes rep\u00e8res habituels, j\u2019ai pu explorer des mises en espace de mat\u00e9riaux et de mati\u00e8res en vue de mon exposition \u00e0 la<a title=\"GAO Josette Villeneuve\" href=\"http:\/\/www.galeriedartdoutremont.ca\/2015\/05\/27\/josette-villeneuve-10-septembre-4-octobre-2015\/\" target=\"_blank\"> Galerie d&rsquo;art d&rsquo;Outremont<\/a>. \u00c7a a march\u00e9, j\u2019ai trouv\u00e9\u2026 Et ma rencontre avec le duo Daniel Delisle et Beno\u00eet Perreault (qui travaillent dans un local adjacent) a donn\u00e9 lieu \u00e0 une \u00e9poustouflante transformation lumineuse et sonore de mon installation, \u00e0 la fin de ce \u00ab travaux en cours \u00bb, dans un cadre id\u00e9al, pas de stress (groupe restreint d\u2019invitations) et discussions autour d\u2019un BBQ dans pr\u00e9tention.<br \/>\nSortir de ma routine, changer d\u2019air et cr\u00e9er un certain chaos, brasser la cabane, oui ! Et pas obligatoirement bien loin\u2026<br \/>\nMerci au COA (Audrey Labrie, Lynda Baril et Annie Pelletier) pour ce bouillonnement d\u2019id\u00e9es et cette implication g\u00e9n\u00e9reuse.<br \/>\nJosette Villeneuve, juin 2015<\/p>\n\n\t\t<style type=\"text\/css\">\n\t\t\t#gallery-1 {\n\t\t\t\tmargin: auto;\n\t\t\t}\n\t\t\t#gallery-1 .gallery-item {\n\t\t\t\tfloat: left;\n\t\t\t\tmargin-top: 10px;\n\t\t\t\ttext-align: center;\n\t\t\t\twidth: 25%;\n\t\t\t}\n\t\t\t#gallery-1 img {\n\t\t\t\tborder: 2px solid #cfcfcf;\n\t\t\t}\n\t\t\t#gallery-1 .gallery-caption {\n\t\t\t\tmargin-left: 0;\n\t\t\t}\n\t\t\t\/* see gallery_shortcode() in wp-includes\/media.php *\/\n\t\t<\/style>\n\t\t<div id='gallery-1' class='gallery galleryid-4149 gallery-columns-4 gallery-size-thumbnail'><dl class='gallery-item'>\n\t\t\t<dt class='gallery-icon landscape'>\n\t\t\t\t<a href='https:\/\/www.josettevilleneuve.com\/wp-content\/uploads\/2016\/02\/Atelier-Silex-Josette-Villeneuve.jpg'><img width=\"150\" height=\"112\" src=\"https:\/\/www.josettevilleneuve.com\/wp-content\/uploads\/2016\/02\/Atelier-Silex-Josette-Villeneuve.jpg\" class=\"attachment-thumbnail size-thumbnail\" alt=\"\" loading=\"lazy\" \/><\/a>\n\t\t\t<\/dt><\/dl><dl class='gallery-item'>\n\t\t\t<dt class='gallery-icon landscape'>\n\t\t\t\t<a href='https:\/\/www.josettevilleneuve.com\/wp-content\/uploads\/2016\/02\/josette-villeneuve-Silex-2015.jpg'><img width=\"150\" height=\"107\" src=\"https:\/\/www.josettevilleneuve.com\/wp-content\/uploads\/2016\/02\/josette-villeneuve-Silex-2015.jpg\" class=\"attachment-thumbnail size-thumbnail\" alt=\"\" loading=\"lazy\" aria-describedby=\"gallery-1-4150\" \/><\/a>\n\t\t\t<\/dt>\n\t\t\t\t<dd class='wp-caption-text gallery-caption' id='gallery-1-4150'>\n\t\t\t\tAtelier Silex \/ travaux en cours \/ Josette Villeneuve\n\t\t\t\t<\/dd><\/dl><dl class='gallery-item'>\n\t\t\t<dt class='gallery-icon landscape'>\n\t\t\t\t<a href='https:\/\/www.josettevilleneuve.com\/wp-content\/uploads\/2016\/02\/silex1.jpg'><img width=\"150\" height=\"100\" src=\"https:\/\/www.josettevilleneuve.com\/wp-content\/uploads\/2016\/02\/silex1.jpg\" class=\"attachment-thumbnail size-thumbnail\" alt=\"\" loading=\"lazy\" \/><\/a>\n\t\t\t<\/dt><\/dl><dl class='gallery-item'>\n\t\t\t<dt class='gallery-icon landscape'>\n\t\t\t\t<a href='https:\/\/www.josettevilleneuve.com\/wp-content\/uploads\/2016\/02\/silex2.jpg'><img width=\"150\" height=\"100\" src=\"https:\/\/www.josettevilleneuve.com\/wp-content\/uploads\/2016\/02\/silex2.jpg\" class=\"attachment-thumbnail size-thumbnail\" alt=\"\" loading=\"lazy\" \/><\/a>\n\t\t\t<\/dt><\/dl><br style=\"clear: both\" \/><dl class='gallery-item'>\n\t\t\t<dt class='gallery-icon landscape'>\n\t\t\t\t<a href='https:\/\/www.josettevilleneuve.com\/wp-content\/uploads\/2016\/02\/silex3.jpg'><img width=\"150\" height=\"100\" src=\"https:\/\/www.josettevilleneuve.com\/wp-content\/uploads\/2016\/02\/silex3.jpg\" class=\"attachment-thumbnail size-thumbnail\" alt=\"\" loading=\"lazy\" \/><\/a>\n\t\t\t<\/dt><\/dl><dl class='gallery-item'>\n\t\t\t<dt class='gallery-icon landscape'>\n\t\t\t\t<a href='https:\/\/www.josettevilleneuve.com\/wp-content\/uploads\/2016\/02\/silex4.jpg'><img width=\"150\" height=\"100\" src=\"https:\/\/www.josettevilleneuve.com\/wp-content\/uploads\/2016\/02\/silex4.jpg\" class=\"attachment-thumbnail size-thumbnail\" alt=\"\" loading=\"lazy\" \/><\/a>\n\t\t\t<\/dt><\/dl><dl class='gallery-item'>\n\t\t\t<dt class='gallery-icon landscape'>\n\t\t\t\t<a href='https:\/\/www.josettevilleneuve.com\/wp-content\/uploads\/2016\/02\/silex5.jpg'><img width=\"150\" height=\"100\" src=\"https:\/\/www.josettevilleneuve.com\/wp-content\/uploads\/2016\/02\/silex5.jpg\" class=\"attachment-thumbnail size-thumbnail\" alt=\"\" loading=\"lazy\" \/><\/a>\n\t\t\t<\/dt><\/dl><dl class='gallery-item'>\n\t\t\t<dt class='gallery-icon landscape'>\n\t\t\t\t<a href='https:\/\/www.josettevilleneuve.com\/wp-content\/uploads\/2016\/02\/silex6.jpg'><img width=\"150\" height=\"100\" src=\"https:\/\/www.josettevilleneuve.com\/wp-content\/uploads\/2016\/02\/silex6.jpg\" class=\"attachment-thumbnail size-thumbnail\" alt=\"\" loading=\"lazy\" \/><\/a>\n\t\t\t<\/dt><\/dl><br style=\"clear: both\" \/><dl class='gallery-item'>\n\t\t\t<dt class='gallery-icon landscape'>\n\t\t\t\t<a href='https:\/\/www.josettevilleneuve.com\/wp-content\/uploads\/2016\/02\/silex7.jpg'><img width=\"150\" height=\"100\" src=\"https:\/\/www.josettevilleneuve.com\/wp-content\/uploads\/2016\/02\/silex7.jpg\" class=\"attachment-thumbnail size-thumbnail\" alt=\"\" loading=\"lazy\" \/><\/a>\n\t\t\t<\/dt><\/dl><dl class='gallery-item'>\n\t\t\t<dt class='gallery-icon landscape'>\n\t\t\t\t<a href='https:\/\/www.josettevilleneuve.com\/wp-content\/uploads\/2016\/02\/silex8.jpg'><img width=\"150\" height=\"100\" src=\"https:\/\/www.josettevilleneuve.com\/wp-content\/uploads\/2016\/02\/silex8.jpg\" class=\"attachment-thumbnail size-thumbnail\" alt=\"\" loading=\"lazy\" \/><\/a>\n\t\t\t<\/dt><\/dl>\n\t\t\t<br style='clear: both' \/>\n\t\t<\/div>\n\n<p>Voir la vid\u00e9o de la performance de Beno\u00eet Perreault et Daniel Delisle <a href=\"https:\/\/youtu.be\/1uzdYaGzm9E\" target=\"_blank\">cliquez ICI<\/a><\/p>\n<p>Lire le texte d&rsquo;Audrey Labrie <a href=\"http:\/\/www.josettevilleneuve.com\/?page_id=3564\">cliquez ici<\/a><\/p>\n","protected":false},"excerpt":{"rendered":"<p>Travaux en cours, r\u00e9sidence \u00e0 l&rsquo;Atelier Silex du 6 au 28 mai 2015. Je travaille \u00e0 Shawinigan dans un atelier vaste et lumineux o\u00f9 les objets s\u2019accumulent au fil des ans, des projets r\u00e9alis\u00e9s et de ceux en cours. J\u2019aurais parfois besoin de faire dispara\u00eetre (momentan\u00e9ment) tout cet encombrement.\u00a0Le nouveau volet initi\u00e9 par comit\u00e9 artistique<a class=\"rmore\" href=\"https:\/\/www.josettevilleneuve.com\/?page_id=4149\">&nbsp;&nbsp; Read More &#8230;<\/a><\/p>\n","protected":false},"author":1,"featured_media":0,"parent":0,"menu_order":0,"comment_status":"open","ping_status":"open","template":"","meta":[],"_links":{"self":[{"href":"https:\/\/www.josettevilleneuve.com\/index.php?rest_route=\/wp\/v2\/pages\/4149"}],"collection":[{"href":"https:\/\/www.josettevilleneuve.com\/index.php?rest_route=\/wp\/v2\/pages"}],"about":[{"href":"https:\/\/www.josettevilleneuve.com\/index.php?rest_route=\/wp\/v2\/types\/page"}],"author":[{"embeddable":true,"href":"https:\/\/www.josettevilleneuve.com\/index.php?rest_route=\/wp\/v2\/users\/1"}],"replies":[{"embeddable":true,"href":"https:\/\/www.josettevilleneuve.com\/index.php?rest_route=%2Fwp%2Fv2%2Fcomments&post=4149"}],"version-history":[{"count":9,"href":"https:\/\/www.josettevilleneuve.com\/index.php?rest_route=\/wp\/v2\/pages\/4149\/revisions"}],"predecessor-version":[{"id":4156,"href":"https:\/\/www.josettevilleneuve.com\/index.php?rest_route=\/wp\/v2\/pages\/4149\/revisions\/4156"}],"wp:attachment":[{"href":"https:\/\/www.josettevilleneuve.com\/index.php?rest_route=%2Fwp%2Fv2%2Fmedia&parent=4149"}],"curies":[{"name":"wp","href":"https:\/\/api.w.org\/{rel}","templated":true}]}}