{"id":4180,"date":"2016-02-17T22:05:22","date_gmt":"2016-02-18T03:05:22","guid":{"rendered":"http:\/\/www.josettevilleneuve.com\/?page_id=4180"},"modified":"2024-03-12T23:18:42","modified_gmt":"2024-03-12T23:18:42","slug":"pavillon-michel-sarrazin","status":"publish","type":"page","link":"https:\/\/www.josettevilleneuve.com\/?page_id=4180","title":{"rendered":"Images 1%"},"content":{"rendered":"\n<h2>Escapade bor\u00e9ale<\/h2>\n\n\n\n<p>R\u00e9alisation en cours du projet <em><strong>\u00ab\u00a0Escapade Bor\u00e9ale\u00a0\u00bb<\/strong><\/em> dans le cadre du programme d&rsquo;int\u00e9gration des arts \u00e0 l&rsquo;architecture. R\u00e9serve faunique St-Maurice &#8211; succursale accueil Mattawin.<br>  <\/p>\n\n\n\n<figure class=\"wp-block-image size-large is-resized is-style-default\"><a href=\"http:\/\/www.josettevilleneuve.com\/wp-content\/uploads\/2021\/03\/Sans-titre-1-e1615053705600.jpg\"><img loading=\"lazy\" src=\"http:\/\/www.josettevilleneuve.com\/wp-content\/uploads\/2021\/03\/Sans-titre-1-732x1024.jpg\" alt=\"Travail en cours\" class=\"wp-image-6460\" width=\"583\" height=\"816\"\/><\/a><\/figure>\n\n\n\n<p>      <\/p>\n\n\n\n<hr class=\"wp-block-separator is-style-wide\"\/>\n\n\n\n<hr class=\"wp-block-separator is-style-wide\"\/>\n\n\n\n<h2>Color\u00e9 et solidaire, \u00c9cole de St-Narcisse, 2013<\/h2>\n\n\n\n<figure class=\"wp-block-gallery has-nested-images columns-default is-cropped\">\n<figure class=\"wp-block-image size-large is-style-default\"><img loading=\"lazy\" width=\"1024\" height=\"768\" data-id=\"5584\"  src=\"http:\/\/www.josettevilleneuve.com\/wp-content\/uploads\/2020\/02\/DSC00863-1024x768.jpg\" alt=\"\" class=\"wp-image-5584\" srcset=\"https:\/\/www.josettevilleneuve.com\/wp-content\/uploads\/2020\/02\/DSC00863-1024x768.jpg 1024w, https:\/\/www.josettevilleneuve.com\/wp-content\/uploads\/2020\/02\/DSC00863-300x225.jpg 300w, https:\/\/www.josettevilleneuve.com\/wp-content\/uploads\/2020\/02\/DSC00863-768x576.jpg 768w\" sizes=\"(max-width: 1024px) 100vw, 1024px\" \/><\/figure>\n\n\n\n<figure class=\"wp-block-image size-large is-style-default\"><img loading=\"lazy\" width=\"1024\" height=\"768\" data-id=\"5585\"  src=\"http:\/\/www.josettevilleneuve.com\/wp-content\/uploads\/2020\/02\/DSC00868-1024x768.jpg\" alt=\"\" class=\"wp-image-5585\" srcset=\"https:\/\/www.josettevilleneuve.com\/wp-content\/uploads\/2020\/02\/DSC00868-1024x768.jpg 1024w, https:\/\/www.josettevilleneuve.com\/wp-content\/uploads\/2020\/02\/DSC00868-300x225.jpg 300w, https:\/\/www.josettevilleneuve.com\/wp-content\/uploads\/2020\/02\/DSC00868-768x576.jpg 768w\" sizes=\"(max-width: 1024px) 100vw, 1024px\" \/><\/figure>\n\n\n\n<figure class=\"wp-block-image size-large is-style-default\"><img loading=\"lazy\" width=\"1024\" height=\"768\" data-id=\"5586\"  src=\"http:\/\/www.josettevilleneuve.com\/wp-content\/uploads\/2020\/02\/DSC00875-1024x768.jpg\" alt=\"\" class=\"wp-image-5586\" srcset=\"https:\/\/www.josettevilleneuve.com\/wp-content\/uploads\/2020\/02\/DSC00875-1024x768.jpg 1024w, https:\/\/www.josettevilleneuve.com\/wp-content\/uploads\/2020\/02\/DSC00875-300x225.jpg 300w, https:\/\/www.josettevilleneuve.com\/wp-content\/uploads\/2020\/02\/DSC00875-768x576.jpg 768w\" sizes=\"(max-width: 1024px) 100vw, 1024px\" \/><\/figure>\n\n\n\n<figure class=\"wp-block-image size-large is-style-default\"><img loading=\"lazy\" width=\"1024\" height=\"768\" data-id=\"5583\"  src=\"http:\/\/www.josettevilleneuve.com\/wp-content\/uploads\/2020\/02\/DSC00862-1024x768.jpg\" alt=\"\" class=\"wp-image-5583\" srcset=\"https:\/\/www.josettevilleneuve.com\/wp-content\/uploads\/2020\/02\/DSC00862-1024x768.jpg 1024w, https:\/\/www.josettevilleneuve.com\/wp-content\/uploads\/2020\/02\/DSC00862-300x225.jpg 300w, https:\/\/www.josettevilleneuve.com\/wp-content\/uploads\/2020\/02\/DSC00862-768x576.jpg 768w\" sizes=\"(max-width: 1024px) 100vw, 1024px\" \/><\/figure>\n<\/figure>\n\n\n\n<p>    <\/p>\n\n\n\n<hr class=\"wp-block-separator is-style-wide\"\/>\n\n\n\n<hr class=\"wp-block-separator is-style-wide\"\/>\n\n\n\n<p>    <\/p>\n\n\n\n<h2>Beau temps mauvais temps. 2008<\/h2>\n\n\n\n<figure class=\"wp-block-image\"><img loading=\"lazy\" width=\"480\" height=\"319\" src=\"http:\/\/www.josettevilleneuve.com\/wp-content\/uploads\/2020\/02\/arts-visuels-josette-villeneuve-beau-temps-mauvais-temps-lun-2008-01-07-0000-nid-1502.jpg\" alt=\"\" class=\"wp-image-5594\" srcset=\"https:\/\/www.josettevilleneuve.com\/wp-content\/uploads\/2020\/02\/arts-visuels-josette-villeneuve-beau-temps-mauvais-temps-lun-2008-01-07-0000-nid-1502.jpg 480w, https:\/\/www.josettevilleneuve.com\/wp-content\/uploads\/2020\/02\/arts-visuels-josette-villeneuve-beau-temps-mauvais-temps-lun-2008-01-07-0000-nid-1502-300x199.jpg 300w\" sizes=\"(max-width: 480px) 100vw, 480px\" \/><\/figure>\n\n\n\n<p>Beau temps, mauvais temps. 2008.<br> Trois nuages, form\u00e9s d\u2019\u00e9tiquettes de v\u00eatements r\u00e9cup\u00e9r\u00e9s, transforment  le mur de la cage d\u2019escalier de la galerie [S\u00e9quence] en espace-ciel  triplement m\u00e9taphorique : m\u00e9tissage et d\u00e9placement des populations,  mission de l\u2019organisme et savoir-faire. Les \u00e9tiquettes savamment  choisies et de provenances diverses sont cousues les unes aux autres,  faisant ainsi \u00e9cho aux d\u00e9marches de cr\u00e9ation, \u00e0 la mise en r\u00e9seau des  projets de la galerie ainsi qu\u2019\u00e0 sa mission sociale, affirmant la place  importante du citoyen-artiste.<br> Acquisition dans le cadre de la Politique d&rsquo;int\u00e9gration des arts \u00e0  l&rsquo;architecture du gouvernement du Qu\u00e9bec. L\u2019installation a eu lieu le 2  avril 2008.<br> Source :&nbsp; Bilan 2007 \u2013 2011 du programme d\u2019int\u00e9gration des arts \u00e0  l\u2019architecture et \u00e0 l\u2019environnement du Qu\u00e9bec&nbsp;&nbsp; voir page 66 \/ 184<br> &nbsp;            Ann\u00e9e de cr\u00e9ation:     07\/01\/2008           Technique(s) autre(s):     <a href=\"https:\/\/www.enoac.ca\/fr\/taxonomy\/term\/691\">\u00e9tiquettes de v\u00eatements<\/a>           Mat\u00e9riaux:     <a href=\"https:\/\/www.enoac.ca\/fr\/taxonomy\/term\/77\">bois<\/a>           Municipalit\u00e9:     <a href=\"https:\/\/www.enoac.ca\/fr\/taxonomy\/term\/556\">Chicoutimi<\/a>           Emplacement:     Centre Bang, espace S\u00e9quence, Chicoutimi.           Droit de reproduction:     Josette Villeneuve : 100%          <\/p>\n\n\n\n<p>                                                          <\/p>\n\n\n\n<hr class=\"wp-block-separator is-style-wide\"\/>\n\n\n\n<hr class=\"wp-block-separator is-style-wide\"\/>\n\n\n\n<p>      <\/p>\n\n\n<div id=\"attachment_4181\" style=\"width: 748px\" class=\"wp-caption alignnone\"><a href=\"http:\/\/www.josettevilleneuve.com\/wp-content\/uploads\/2016\/02\/01.jpg\"><img aria-describedby=\"caption-attachment-4181\" loading=\"lazy\" class=\"wp-image-4181\" title=\"Josette Villeneuve - Pavillon Michel-Sarrazin\" src=\"http:\/\/www.josettevilleneuve.com\/wp-content\/uploads\/2016\/02\/01.jpg\" alt=\"Pavillon Michel Sarrazin, Universit\u00e9 du Qu\u00e9bec \u00e0 Trois-Rivi\u00e8res, 1995\" width=\"738\" height=\"491\"><\/a><p id=\"caption-attachment-4181\" class=\"wp-caption-text\">Pavillon Michel Sarrazin, Universit\u00e9 du Qu\u00e9bec \u00e0 Trois-Rivi\u00e8res, 1995<\/p><\/div>\n\n\n<p>    <\/p>\n\n\n\n<hr class=\"wp-block-separator is-style-wide\"\/>\n\n\n\n<hr class=\"wp-block-separator is-style-wide\"\/>\n\n\n\n<p>   <\/p>\n\n\n\n<figure class=\"wp-block-image size-large is-resized is-style-default\"><a href=\"http:\/\/www.josettevilleneuve.com\/wp-content\/uploads\/2024\/03\/16villeneuve-1.jpg\"><img loading=\"lazy\" src=\"http:\/\/www.josettevilleneuve.com\/wp-content\/uploads\/2024\/03\/16villeneuve-1-1024x768.jpg\" alt=\"\" class=\"wp-image-7571\" width=\"458\" height=\"344\" srcset=\"https:\/\/www.josettevilleneuve.com\/wp-content\/uploads\/2024\/03\/16villeneuve-1-1024x768.jpg 1024w, https:\/\/www.josettevilleneuve.com\/wp-content\/uploads\/2024\/03\/16villeneuve-1-300x225.jpg 300w, https:\/\/www.josettevilleneuve.com\/wp-content\/uploads\/2024\/03\/16villeneuve-1-768x576.jpg 768w, https:\/\/www.josettevilleneuve.com\/wp-content\/uploads\/2024\/03\/16villeneuve-1-1536x1152.jpg 1536w, https:\/\/www.josettevilleneuve.com\/wp-content\/uploads\/2024\/03\/16villeneuve-1-2048x1536.jpg 2048w\" sizes=\"(max-width: 458px) 100vw, 458px\" \/><\/a><figcaption>Biblioth\u00e8que St-\u00c9tienne-des-Gr\u00e8s, 2005. \u00ab\u00a0Passeur de r\u00eave\u00a0\u00bb<\/figcaption><\/figure>\n\n\n\n<p>   <\/p>\n\n\n\n<hr class=\"wp-block-separator is-style-wide\"\/>\n\n\n\n<hr class=\"wp-block-separator is-style-wide\"\/>\n\n\n\n<p>    <\/p>\n\n\n\n<figure class=\"wp-block-image size-large is-style-default\"><a href=\"http:\/\/www.josettevilleneuve.com\/wp-content\/uploads\/2024\/03\/00660007-1.jpg\"><img loading=\"lazy\" width=\"1024\" height=\"668\" src=\"http:\/\/www.josettevilleneuve.com\/wp-content\/uploads\/2024\/03\/00660007-1-1024x668.jpg\" alt=\"\" class=\"wp-image-7556\" srcset=\"https:\/\/www.josettevilleneuve.com\/wp-content\/uploads\/2024\/03\/00660007-1-1024x668.jpg 1024w, https:\/\/www.josettevilleneuve.com\/wp-content\/uploads\/2024\/03\/00660007-1-300x196.jpg 300w, https:\/\/www.josettevilleneuve.com\/wp-content\/uploads\/2024\/03\/00660007-1-768x501.jpg 768w, https:\/\/www.josettevilleneuve.com\/wp-content\/uploads\/2024\/03\/00660007-1-1536x1002.jpg 1536w, https:\/\/www.josettevilleneuve.com\/wp-content\/uploads\/2024\/03\/00660007-1.jpg 1570w\" sizes=\"(max-width: 1024px) 100vw, 1024px\" \/><\/a><\/figure>\n\n\n\n<p>\u00c9cole Rom\u00e9o-Salois, St-Cyrille-de-Wendover, 2003<\/p>\n\n\n\n<hr class=\"wp-block-separator is-style-wide\"\/>\n\n\n\n<hr class=\"wp-block-separator is-style-wide\"\/>\n\n\n\n<p> <\/p>\n\n\n\n<figure class=\"wp-block-image size-large is-resized is-style-default\"><a href=\"http:\/\/www.josettevilleneuve.com\/wp-content\/uploads\/2024\/03\/00660001-rotated.jpg\"><img loading=\"lazy\" src=\"http:\/\/www.josettevilleneuve.com\/wp-content\/uploads\/2024\/03\/00660001-668x1024.jpg\" alt=\"\" class=\"wp-image-7568\" width=\"432\" height=\"662\" srcset=\"https:\/\/www.josettevilleneuve.com\/wp-content\/uploads\/2024\/03\/00660001-668x1024.jpg 668w, https:\/\/www.josettevilleneuve.com\/wp-content\/uploads\/2024\/03\/00660001-196x300.jpg 196w, https:\/\/www.josettevilleneuve.com\/wp-content\/uploads\/2024\/03\/00660001-768x1178.jpg 768w, https:\/\/www.josettevilleneuve.com\/wp-content\/uploads\/2024\/03\/00660001-1002x1536.jpg 1002w, https:\/\/www.josettevilleneuve.com\/wp-content\/uploads\/2024\/03\/00660001-rotated.jpg 1024w\" sizes=\"(max-width: 432px) 100vw, 432px\" \/><\/a><figcaption>\u00c9cole primaire St-Jean, Wickham. 2003<\/figcaption><\/figure>\n\n\n\n<p><\/p>\n\n\n\n<hr class=\"wp-block-separator is-style-wide\"\/>\n\n\n\n<hr class=\"wp-block-separator is-style-wide\"\/>\n\n\n\n<p>   <\/p>\n\n\n\n<figure class=\"wp-block-gallery has-nested-images columns-default is-cropped\">\n<figure class=\"wp-block-image size-large is-style-default\"><a href=\"http:\/\/www.josettevilleneuve.com\/wp-content\/uploads\/2024\/03\/00660008.jpg\"><img loading=\"lazy\" width=\"1024\" height=\"668\" data-id=\"7562\"  src=\"http:\/\/www.josettevilleneuve.com\/wp-content\/uploads\/2024\/03\/00660008-1024x668.jpg\" alt=\"\" class=\"wp-image-7562\" srcset=\"https:\/\/www.josettevilleneuve.com\/wp-content\/uploads\/2024\/03\/00660008-1024x668.jpg 1024w, https:\/\/www.josettevilleneuve.com\/wp-content\/uploads\/2024\/03\/00660008-300x196.jpg 300w, https:\/\/www.josettevilleneuve.com\/wp-content\/uploads\/2024\/03\/00660008-768x501.jpg 768w, https:\/\/www.josettevilleneuve.com\/wp-content\/uploads\/2024\/03\/00660008-1536x1002.jpg 1536w, https:\/\/www.josettevilleneuve.com\/wp-content\/uploads\/2024\/03\/00660008.jpg 1570w\" sizes=\"(max-width: 1024px) 100vw, 1024px\" \/><\/a><\/figure>\n\n\n\n<figure class=\"wp-block-image size-large is-style-default\"><a href=\"http:\/\/www.josettevilleneuve.com\/wp-content\/uploads\/2024\/03\/00660009.jpg\"><img loading=\"lazy\" width=\"1024\" height=\"668\" data-id=\"7563\"  src=\"http:\/\/www.josettevilleneuve.com\/wp-content\/uploads\/2024\/03\/00660009-1024x668.jpg\" alt=\"\" class=\"wp-image-7563\" srcset=\"https:\/\/www.josettevilleneuve.com\/wp-content\/uploads\/2024\/03\/00660009-1024x668.jpg 1024w, https:\/\/www.josettevilleneuve.com\/wp-content\/uploads\/2024\/03\/00660009-300x196.jpg 300w, https:\/\/www.josettevilleneuve.com\/wp-content\/uploads\/2024\/03\/00660009-768x501.jpg 768w, https:\/\/www.josettevilleneuve.com\/wp-content\/uploads\/2024\/03\/00660009-1536x1002.jpg 1536w, https:\/\/www.josettevilleneuve.com\/wp-content\/uploads\/2024\/03\/00660009.jpg 1570w\" sizes=\"(max-width: 1024px) 100vw, 1024px\" \/><\/a><\/figure>\n<\/figure>\n\n\n\n<p>R\u00e9sidence Avellin-Dalcourt, Nicolet, 2003<\/p>\n\n\n\n<p>   <\/p>\n\n\n\n<hr class=\"wp-block-separator is-style-wide\"\/>\n\n\n\n<hr class=\"wp-block-separator is-style-wide\"\/>\n\n\n\n<p>  <\/p>\n\n\n\n<figure class=\"wp-block-image size-large is-resized is-style-default\"><a href=\"http:\/\/www.josettevilleneuve.com\/wp-content\/uploads\/2024\/03\/00660011.jpg\"><img loading=\"lazy\" src=\"http:\/\/www.josettevilleneuve.com\/wp-content\/uploads\/2024\/03\/00660011-1024x668.jpg\" alt=\"\" class=\"wp-image-7572\" width=\"467\" height=\"304\" srcset=\"https:\/\/www.josettevilleneuve.com\/wp-content\/uploads\/2024\/03\/00660011-1024x668.jpg 1024w, https:\/\/www.josettevilleneuve.com\/wp-content\/uploads\/2024\/03\/00660011-300x196.jpg 300w, https:\/\/www.josettevilleneuve.com\/wp-content\/uploads\/2024\/03\/00660011-768x501.jpg 768w, https:\/\/www.josettevilleneuve.com\/wp-content\/uploads\/2024\/03\/00660011-1536x1002.jpg 1536w, https:\/\/www.josettevilleneuve.com\/wp-content\/uploads\/2024\/03\/00660011.jpg 1570w\" sizes=\"(max-width: 467px) 100vw, 467px\" \/><\/a><figcaption>Biblioth\u00e8que municipale, St-Cyrille-de-Wendover, 2003<\/figcaption><\/figure>\n\n\n\n<p><\/p>\n\n\n\n<figure class=\"wp-block-image size-large is-resized is-style-default\"><a href=\"http:\/\/www.josettevilleneuve.com\/wp-content\/uploads\/2024\/03\/00660010.jpg\"><img loading=\"lazy\" src=\"http:\/\/www.josettevilleneuve.com\/wp-content\/uploads\/2024\/03\/00660010-1024x668.jpg\" alt=\"\" class=\"wp-image-7573\" width=\"608\" height=\"396\" srcset=\"https:\/\/www.josettevilleneuve.com\/wp-content\/uploads\/2024\/03\/00660010-1024x668.jpg 1024w, https:\/\/www.josettevilleneuve.com\/wp-content\/uploads\/2024\/03\/00660010-300x196.jpg 300w, https:\/\/www.josettevilleneuve.com\/wp-content\/uploads\/2024\/03\/00660010-768x501.jpg 768w, https:\/\/www.josettevilleneuve.com\/wp-content\/uploads\/2024\/03\/00660010-1536x1002.jpg 1536w, https:\/\/www.josettevilleneuve.com\/wp-content\/uploads\/2024\/03\/00660010.jpg 1570w\" sizes=\"(max-width: 608px) 100vw, 608px\" \/><\/a><figcaption>D\u00e9tail, Biblioth\u00e8que municipale, St-Cyrille-de-Wendover, 2003<\/figcaption><\/figure>\n\n\n\n<p>  <\/p>\n\n\n\n<p><\/p>\n","protected":false},"excerpt":{"rendered":"<p>Escapade bor\u00e9ale R\u00e9alisation en cours du projet \u00ab\u00a0Escapade Bor\u00e9ale\u00a0\u00bb dans le cadre du programme d&rsquo;int\u00e9gration des arts \u00e0 l&rsquo;architecture. R\u00e9serve faunique St-Maurice &#8211; succursale accueil Mattawin. Color\u00e9 et solidaire, \u00c9cole de St-Narcisse, 2013 Beau temps mauvais temps. 2008 Beau temps, mauvais temps. 2008. Trois nuages, form\u00e9s d\u2019\u00e9tiquettes de v\u00eatements r\u00e9cup\u00e9r\u00e9s, transforment le mur de la<a class=\"rmore\" href=\"https:\/\/www.josettevilleneuve.com\/?page_id=4180\">&nbsp;&nbsp; Read More &#8230;<\/a><\/p>\n","protected":false},"author":1,"featured_media":0,"parent":0,"menu_order":0,"comment_status":"open","ping_status":"open","template":"","meta":[],"_links":{"self":[{"href":"https:\/\/www.josettevilleneuve.com\/index.php?rest_route=\/wp\/v2\/pages\/4180"}],"collection":[{"href":"https:\/\/www.josettevilleneuve.com\/index.php?rest_route=\/wp\/v2\/pages"}],"about":[{"href":"https:\/\/www.josettevilleneuve.com\/index.php?rest_route=\/wp\/v2\/types\/page"}],"author":[{"embeddable":true,"href":"https:\/\/www.josettevilleneuve.com\/index.php?rest_route=\/wp\/v2\/users\/1"}],"replies":[{"embeddable":true,"href":"https:\/\/www.josettevilleneuve.com\/index.php?rest_route=%2Fwp%2Fv2%2Fcomments&post=4180"}],"version-history":[{"count":21,"href":"https:\/\/www.josettevilleneuve.com\/index.php?rest_route=\/wp\/v2\/pages\/4180\/revisions"}],"predecessor-version":[{"id":7622,"href":"https:\/\/www.josettevilleneuve.com\/index.php?rest_route=\/wp\/v2\/pages\/4180\/revisions\/7622"}],"wp:attachment":[{"href":"https:\/\/www.josettevilleneuve.com\/index.php?rest_route=%2Fwp%2Fv2%2Fmedia&parent=4180"}],"curies":[{"name":"wp","href":"https:\/\/api.w.org\/{rel}","templated":true}]}}