{"id":4332,"date":"2016-10-19T17:43:04","date_gmt":"2016-10-19T21:43:04","guid":{"rendered":"http:\/\/www.josettevilleneuve.com\/?page_id=4332"},"modified":"2024-02-29T14:58:02","modified_gmt":"2024-02-29T14:58:02","slug":"2003-2","status":"publish","type":"page","link":"https:\/\/www.josettevilleneuve.com\/?page_id=4332","title":{"rendered":"1995"},"content":{"rendered":"\n<figure class=\"wp-block-image size-full is-style-default\"><a href=\"http:\/\/www.josettevilleneuve.com\/wp-content\/uploads\/2022\/11\/Villeneuve.Josette.jpg\"><img loading=\"lazy\" width=\"400\" height=\"320\" src=\"http:\/\/www.josettevilleneuve.com\/wp-content\/uploads\/2022\/11\/Villeneuve.Josette.jpg\" alt=\"\" class=\"wp-image-7109\" srcset=\"https:\/\/www.josettevilleneuve.com\/wp-content\/uploads\/2022\/11\/Villeneuve.Josette.jpg 400w, https:\/\/www.josettevilleneuve.com\/wp-content\/uploads\/2022\/11\/Villeneuve.Josette-300x240.jpg 300w\" sizes=\"(max-width: 400px) 100vw, 400px\" \/><\/a><figcaption>Josette Villeneuve, <em>M\u00e9mentos<\/em>, 1994, huile, graphite, papiers maroufl\u00e9s et cordes sur toile, 138 x 163 cm<br>Collection particuli\u00e8re<br>L&rsquo;image et la description du titre proviennent du livre suivant:<br><em>Biennale d\u00e9couverte : concours des arts visuels de Qu\u00e9bec<\/em>, Qu\u00e9bec: Fondation D\u00e9couverte, 1995<br>63 pages; ISBN: 2921585200<br>Note: Exposition du 31 octobre au 19 novembre 1995 au Mus\u00e9e du Qu\u00e9bec (Qu\u00e9bec), <\/figcaption><\/figure>\n\n\n\n<hr class=\"wp-block-separator\"\/>\n\n\n\n<hr class=\"wp-block-separator is-style-wide\"\/>\n\n\n\n<p><\/p>\n\n\n\n<h2>2003 \u00ab\u00a0De XP \u00e0 XXG\u00a0\u00bb<\/h2>\n\n\n\n<p><\/p>\n\n\n\n<figure class=\"wp-block-gallery has-nested-images columns-default is-cropped\">\n<figure class=\"wp-block-image size-large is-style-default\"><a href=\"http:\/\/www.josettevilleneuve.com\/wp-content\/uploads\/2016\/10\/00000.1XP-A-XXG.jpg\"><img loading=\"lazy\" width=\"1533\" height=\"1171\" data-id=\"4335\"  src=\"http:\/\/www.josettevilleneuve.com\/wp-content\/uploads\/2016\/10\/00000.1XP-A-XXG.jpg\" alt=\"\" class=\"wp-image-4335\" srcset=\"https:\/\/www.josettevilleneuve.com\/wp-content\/uploads\/2016\/10\/00000.1XP-A-XXG.jpg 1533w, https:\/\/www.josettevilleneuve.com\/wp-content\/uploads\/2016\/10\/00000.1XP-A-XXG-300x229.jpg 300w, https:\/\/www.josettevilleneuve.com\/wp-content\/uploads\/2016\/10\/00000.1XP-A-XXG-1024x782.jpg 1024w, https:\/\/www.josettevilleneuve.com\/wp-content\/uploads\/2016\/10\/00000.1XP-A-XXG-900x687.jpg 900w\" sizes=\"(max-width: 1533px) 100vw, 1533px\" \/><\/a><\/figure>\n\n\n\n<figure class=\"wp-block-image size-large is-style-default\"><a href=\"http:\/\/www.josettevilleneuve.com\/wp-content\/uploads\/2016\/10\/0000001XP-A-XXG.jpg\"><img loading=\"lazy\" width=\"1760\" height=\"1171\" data-id=\"4334\"  src=\"http:\/\/www.josettevilleneuve.com\/wp-content\/uploads\/2016\/10\/0000001XP-A-XXG.jpg\" alt=\"\" class=\"wp-image-4334\" srcset=\"https:\/\/www.josettevilleneuve.com\/wp-content\/uploads\/2016\/10\/0000001XP-A-XXG.jpg 1760w, https:\/\/www.josettevilleneuve.com\/wp-content\/uploads\/2016\/10\/0000001XP-A-XXG-300x199.jpg 300w, https:\/\/www.josettevilleneuve.com\/wp-content\/uploads\/2016\/10\/0000001XP-A-XXG-1024x681.jpg 1024w, https:\/\/www.josettevilleneuve.com\/wp-content\/uploads\/2016\/10\/0000001XP-A-XXG-900x598.jpg 900w\" sizes=\"(max-width: 1760px) 100vw, 1760px\" \/><\/a><\/figure>\n\n\n\n<figure class=\"wp-block-image size-large is-style-default\"><a href=\"http:\/\/www.josettevilleneuve.com\/wp-content\/uploads\/2016\/10\/0000.XPAXXG.jpg\"><img loading=\"lazy\" width=\"1152\" height=\"1532\" data-id=\"4333\"  src=\"http:\/\/www.josettevilleneuve.com\/wp-content\/uploads\/2016\/10\/0000.XPAXXG.jpg\" alt=\"\" class=\"wp-image-4333\" srcset=\"https:\/\/www.josettevilleneuve.com\/wp-content\/uploads\/2016\/10\/0000.XPAXXG.jpg 1152w, https:\/\/www.josettevilleneuve.com\/wp-content\/uploads\/2016\/10\/0000.XPAXXG-225x300.jpg 225w, https:\/\/www.josettevilleneuve.com\/wp-content\/uploads\/2016\/10\/0000.XPAXXG-770x1024.jpg 770w, https:\/\/www.josettevilleneuve.com\/wp-content\/uploads\/2016\/10\/0000.XPAXXG-900x1196.jpg 900w\" sizes=\"(max-width: 1152px) 100vw, 1152px\" \/><\/a><\/figure>\n<\/figure>\n\n\n\n<p>Lieux de diffusion de XP \u00e0 XXG :<\/p>\n\n\n\n<ul><li>Centre de diffusion Presse Papier 2003<\/li><li>Centre des arts de Shawinigan 2004<\/li><li>Galerie Art-Image, Gatineau, 2004<\/li><li>Praxis art actuel, Ste-Th\u00e9r\u00e8se-de-Blainville, 2004<\/li><\/ul>\n\n\n\n<hr class=\"wp-block-separator\"\/>\n\n\n\n<p>Cliquez<a title=\"2003\" href=\"http:\/\/www.josettevilleneuve.com\/?page_id=4309\"> pour archives&nbsp;<\/a>1998-2000<\/p>\n\n\n\n<hr class=\"wp-block-separator is-style-wide\"\/>\n\n\n\n<hr class=\"wp-block-separator is-style-wide\"\/>\n\n\n\n<p><\/p>\n\n\n\n<h2>\u00ab\u00a0Gagner son ciel\u00a0\u00bb 2011<\/h2>\n\n\n\n<p>Don &#8211; encan pour le Mus\u00e9e des cultures du monde, Nicolet<\/p>\n\n\n\n<figure class=\"wp-block-gallery has-nested-images columns-default is-cropped\">\n<figure class=\"wp-block-image size-large is-style-default\"><a href=\"http:\/\/www.josettevilleneuve.com\/wp-content\/uploads\/2024\/02\/web03.jpg\"><img loading=\"lazy\" width=\"1024\" height=\"768\" data-id=\"7454\"  src=\"http:\/\/www.josettevilleneuve.com\/wp-content\/uploads\/2024\/02\/web03-1024x768.jpg\" alt=\"\" class=\"wp-image-7454\" srcset=\"https:\/\/www.josettevilleneuve.com\/wp-content\/uploads\/2024\/02\/web03-1024x768.jpg 1024w, https:\/\/www.josettevilleneuve.com\/wp-content\/uploads\/2024\/02\/web03-300x225.jpg 300w, https:\/\/www.josettevilleneuve.com\/wp-content\/uploads\/2024\/02\/web03-768x576.jpg 768w, https:\/\/www.josettevilleneuve.com\/wp-content\/uploads\/2024\/02\/web03.jpg 1459w\" sizes=\"(max-width: 1024px) 100vw, 1024px\" \/><\/a><\/figure>\n\n\n\n<figure class=\"wp-block-image size-large is-style-default\"><a href=\"http:\/\/www.josettevilleneuve.com\/wp-content\/uploads\/2024\/02\/web05.jpg\"><img loading=\"lazy\" width=\"1459\" height=\"1094\" data-id=\"7456\"  src=\"http:\/\/www.josettevilleneuve.com\/wp-content\/uploads\/2024\/02\/web05.jpg\" alt=\"\" class=\"wp-image-7456\" srcset=\"https:\/\/www.josettevilleneuve.com\/wp-content\/uploads\/2024\/02\/web05.jpg 1459w, https:\/\/www.josettevilleneuve.com\/wp-content\/uploads\/2024\/02\/web05-300x225.jpg 300w, https:\/\/www.josettevilleneuve.com\/wp-content\/uploads\/2024\/02\/web05-1024x768.jpg 1024w, https:\/\/www.josettevilleneuve.com\/wp-content\/uploads\/2024\/02\/web05-768x576.jpg 768w\" sizes=\"(max-width: 1459px) 100vw, 1459px\" \/><\/a><\/figure>\n\n\n\n<figure class=\"wp-block-image size-large is-style-default\"><a href=\"http:\/\/www.josettevilleneuve.com\/wp-content\/uploads\/2024\/02\/web06.jpg\"><img loading=\"lazy\" width=\"1024\" height=\"768\" data-id=\"7457\"  src=\"http:\/\/www.josettevilleneuve.com\/wp-content\/uploads\/2024\/02\/web06-1024x768.jpg\" alt=\"\" class=\"wp-image-7457\" srcset=\"https:\/\/www.josettevilleneuve.com\/wp-content\/uploads\/2024\/02\/web06-1024x768.jpg 1024w, https:\/\/www.josettevilleneuve.com\/wp-content\/uploads\/2024\/02\/web06-300x225.jpg 300w, https:\/\/www.josettevilleneuve.com\/wp-content\/uploads\/2024\/02\/web06-768x576.jpg 768w, https:\/\/www.josettevilleneuve.com\/wp-content\/uploads\/2024\/02\/web06.jpg 1459w\" sizes=\"(max-width: 1024px) 100vw, 1024px\" \/><\/a><\/figure>\n\n\n\n<figure class=\"wp-block-image size-large is-style-default\"><a href=\"http:\/\/www.josettevilleneuve.com\/wp-content\/uploads\/2024\/02\/web02.jpg\"><img loading=\"lazy\" width=\"1024\" height=\"768\" data-id=\"7453\"  src=\"http:\/\/www.josettevilleneuve.com\/wp-content\/uploads\/2024\/02\/web02-1024x768.jpg\" alt=\"\" class=\"wp-image-7453\" srcset=\"https:\/\/www.josettevilleneuve.com\/wp-content\/uploads\/2024\/02\/web02-1024x768.jpg 1024w, https:\/\/www.josettevilleneuve.com\/wp-content\/uploads\/2024\/02\/web02-300x225.jpg 300w, https:\/\/www.josettevilleneuve.com\/wp-content\/uploads\/2024\/02\/web02-768x576.jpg 768w, https:\/\/www.josettevilleneuve.com\/wp-content\/uploads\/2024\/02\/web02.jpg 1459w\" sizes=\"(max-width: 1024px) 100vw, 1024px\" \/><\/a><\/figure>\n\n\n\n<figure class=\"wp-block-image size-large is-style-default\"><a href=\"http:\/\/www.josettevilleneuve.com\/wp-content\/uploads\/2024\/02\/web01.jpg\"><img loading=\"lazy\" width=\"1024\" height=\"768\" data-id=\"7452\"  src=\"http:\/\/www.josettevilleneuve.com\/wp-content\/uploads\/2024\/02\/web01-1024x768.jpg\" alt=\"\" class=\"wp-image-7452\" srcset=\"https:\/\/www.josettevilleneuve.com\/wp-content\/uploads\/2024\/02\/web01-1024x768.jpg 1024w, https:\/\/www.josettevilleneuve.com\/wp-content\/uploads\/2024\/02\/web01-300x225.jpg 300w, https:\/\/www.josettevilleneuve.com\/wp-content\/uploads\/2024\/02\/web01-768x576.jpg 768w, https:\/\/www.josettevilleneuve.com\/wp-content\/uploads\/2024\/02\/web01.jpg 1459w\" sizes=\"(max-width: 1024px) 100vw, 1024px\" \/><\/a><\/figure>\n\n\n\n<figure class=\"wp-block-image size-large is-style-default\"><a href=\"http:\/\/www.josettevilleneuve.com\/wp-content\/uploads\/2024\/02\/web04.jpg\"><img loading=\"lazy\" width=\"1459\" height=\"1094\" data-id=\"7455\"  src=\"http:\/\/www.josettevilleneuve.com\/wp-content\/uploads\/2024\/02\/web04.jpg\" alt=\"\" class=\"wp-image-7455\" srcset=\"https:\/\/www.josettevilleneuve.com\/wp-content\/uploads\/2024\/02\/web04.jpg 1459w, https:\/\/www.josettevilleneuve.com\/wp-content\/uploads\/2024\/02\/web04-300x225.jpg 300w, https:\/\/www.josettevilleneuve.com\/wp-content\/uploads\/2024\/02\/web04-1024x768.jpg 1024w, https:\/\/www.josettevilleneuve.com\/wp-content\/uploads\/2024\/02\/web04-768x576.jpg 768w\" sizes=\"(max-width: 1459px) 100vw, 1459px\" \/><\/a><\/figure>\n<\/figure>\n\n\n\n<p>Collage et dessin sur collection d&rsquo;images saintes \/ retable<\/p>\n","protected":false},"excerpt":{"rendered":"<p>2003 \u00ab\u00a0De XP \u00e0 XXG\u00a0\u00bb Lieux de diffusion de XP \u00e0 XXG : Centre de diffusion Presse Papier 2003 Centre des arts de Shawinigan 2004 Galerie Art-Image, Gatineau, 2004 Praxis art actuel, Ste-Th\u00e9r\u00e8se-de-Blainville, 2004 Cliquez pour archives&nbsp;1998-2000 \u00ab\u00a0Gagner son ciel\u00a0\u00bb 2011 Don &#8211; encan pour le Mus\u00e9e des cultures du monde, Nicolet Collage et dessin<a class=\"rmore\" href=\"https:\/\/www.josettevilleneuve.com\/?page_id=4332\">&nbsp;&nbsp; Read More &#8230;<\/a><\/p>\n","protected":false},"author":1,"featured_media":0,"parent":0,"menu_order":0,"comment_status":"open","ping_status":"open","template":"","meta":[],"_links":{"self":[{"href":"https:\/\/www.josettevilleneuve.com\/index.php?rest_route=\/wp\/v2\/pages\/4332"}],"collection":[{"href":"https:\/\/www.josettevilleneuve.com\/index.php?rest_route=\/wp\/v2\/pages"}],"about":[{"href":"https:\/\/www.josettevilleneuve.com\/index.php?rest_route=\/wp\/v2\/types\/page"}],"author":[{"embeddable":true,"href":"https:\/\/www.josettevilleneuve.com\/index.php?rest_route=\/wp\/v2\/users\/1"}],"replies":[{"embeddable":true,"href":"https:\/\/www.josettevilleneuve.com\/index.php?rest_route=%2Fwp%2Fv2%2Fcomments&post=4332"}],"version-history":[{"count":14,"href":"https:\/\/www.josettevilleneuve.com\/index.php?rest_route=\/wp\/v2\/pages\/4332\/revisions"}],"predecessor-version":[{"id":7466,"href":"https:\/\/www.josettevilleneuve.com\/index.php?rest_route=\/wp\/v2\/pages\/4332\/revisions\/7466"}],"wp:attachment":[{"href":"https:\/\/www.josettevilleneuve.com\/index.php?rest_route=%2Fwp%2Fv2%2Fmedia&parent=4332"}],"curies":[{"name":"wp","href":"https:\/\/api.w.org\/{rel}","templated":true}]}}