{"id":4356,"date":"2016-10-29T09:54:10","date_gmt":"2016-10-29T13:54:10","guid":{"rendered":"http:\/\/www.josettevilleneuve.com\/?page_id=4356"},"modified":"2021-01-09T09:09:21","modified_gmt":"2021-01-09T14:09:21","slug":"2016-parmi-les-arbres","status":"publish","type":"page","link":"https:\/\/www.josettevilleneuve.com\/?page_id=4356","title":{"rendered":"2016 Bruissements chromatiques"},"content":{"rendered":"\n<p>Avec Louise Paill\u00e9 et Roger Gaudreau au Centre des arts de Shawinigan<\/p>\n\n\n<p><a title=\"Parmi les arbres\" href=\"http:\/\/www.josettevilleneuve.com\/wp-content\/uploads\/2016\/01\/Opuscule-Parmi-les-arbres.pdf\" target=\"_blank\" rel=\"noopener\">Voir l&rsquo;opuscule Parmi les arbres<\/a><\/p>\n<p><strong><a href=\"http:\/\/www.josettevilleneuve.com\/wp-content\/uploads\/2016\/10\/88.jpg\" target=\"_blank\" rel=\"noopener\"><img loading=\"lazy\" title=\"Vue d'ensemble\" src=\"http:\/\/www.josettevilleneuve.com\/wp-content\/uploads\/2016\/10\/88-300x163.jpg\" alt=\"\" width=\"300\" height=\"163\" \/><\/a>\u00a0\u00a0<\/strong><\/p>\n<p><strong><em>\u00a0 \u00a0<\/em><\/strong>\u00a0 <strong><em><img loading=\"lazy\" title=\"Au coeur \/ 102 cm x 117 cm\" src=\"http:\/\/www.josettevilleneuve.com\/wp-content\/uploads\/2016\/10\/troncweb-225x300.jpg\" alt=\"\" width=\"225\" height=\"300\" \/>\u00a0<strong><em>\u00a0<\/em><\/strong><\/em><\/strong><strong><em><a href=\"http:\/\/www.josettevilleneuve.com\/wp-content\/uploads\/2016\/10\/77.jpg\" target=\"_blank\" rel=\"noopener\"><img loading=\"lazy\" title=\"Noir et blanc \/ 102 cm x 117 cm\" src=\"http:\/\/www.josettevilleneuve.com\/wp-content\/uploads\/2016\/10\/77-202x300.jpg\" alt=\"Bruissements chromatiques\" width=\"202\" height=\"300\" \/><\/a>\u00a0<\/em><\/strong><\/p>\n<p><strong><em><strong><em><img loading=\"lazy\" class=\"\" title=\"Coup de sang \/ 135cm x 109 cm\" src=\"http:\/\/www.josettevilleneuve.com\/wp-content\/uploads\/2016\/10\/IMG_0666-e1478790532335-300x300.jpg\" alt=\"Bruissements chromatiques\" width=\"247\" height=\"247\" \/>\u00a0\u00a0<\/em><\/strong><\/em><\/strong><strong><em><a href=\"http:\/\/www.josettevilleneuve.com\/wp-content\/uploads\/2016\/10\/jaune-WEB.jpg\" target=\"_blank\" rel=\"noopener\"><img loading=\"lazy\" class=\"alignnone\" title=\"D\u00e9lire \/ 135 cm x 109 cm \" src=\"http:\/\/www.josettevilleneuve.com\/wp-content\/uploads\/2016\/10\/jaune-WEB-300x278.jpg\" alt=\"Bruissements chromatiques\" width=\"255\" height=\"236\" \/><\/a>\u00a0<\/em><\/strong><\/p>\n<p><strong><em>\u00a0<a href=\"http:\/\/www.josettevilleneuve.com\/wp-content\/uploads\/2016\/10\/2016-11-18-13.17.07.jpg\" target=\"_blank\" rel=\"noopener\"><img loading=\"lazy\" class=\"alignnone\" title=\"18 novembre 2016 \/ rencontres scolaires\" src=\"http:\/\/www.josettevilleneuve.com\/wp-content\/uploads\/2016\/10\/2016-11-18-13.17.07-300x224.jpg\" alt=\"\" width=\"300\" height=\"224\" \/><\/a><\/em><\/strong><\/p>\n<p><strong><em><a href=\"http:\/\/www.josettevilleneuve.com\/wp-content\/uploads\/2016\/10\/detail2.jpg\"><img loading=\"lazy\" class=\"alignnone size-thumbnail wp-image-4536\" title=\"detail.aerien\" src=\"http:\/\/www.josettevilleneuve.com\/wp-content\/uploads\/2016\/10\/detail2-150x150.jpg\" alt=\"\" width=\"150\" height=\"150\" srcset=\"https:\/\/www.josettevilleneuve.com\/wp-content\/uploads\/2016\/10\/detail2-150x150.jpg 150w, https:\/\/www.josettevilleneuve.com\/wp-content\/uploads\/2016\/10\/detail2-144x144.jpg 144w\" sizes=\"(max-width: 150px) 100vw, 150px\" \/><\/a><\/em><\/strong><img loading=\"lazy\" class=\"alignnone size-thumbnail wp-image-4398\" title=\"L'heure mauve \/ d\u00e9tail\" src=\"http:\/\/www.josettevilleneuve.com\/wp-content\/uploads\/2016\/10\/detail1-150x150.jpg\" alt=\"\" width=\"150\" height=\"150\" srcset=\"https:\/\/www.josettevilleneuve.com\/wp-content\/uploads\/2016\/10\/detail1-150x150.jpg 150w, https:\/\/www.josettevilleneuve.com\/wp-content\/uploads\/2016\/10\/detail1-144x144.jpg 144w\" sizes=\"(max-width: 150px) 100vw, 150px\" \/><img loading=\"lazy\" class=\"alignnone\" title=\"Coup de sang \/ d\u00e9tail\" src=\"http:\/\/www.josettevilleneuve.com\/wp-content\/uploads\/2016\/10\/flux-sanguin.detail-150x150.jpg\" alt=\"Bruissements chromatiques\" width=\"150\" height=\"150\" \/><img loading=\"lazy\" class=\"alignnone\" title=\"Detail.blanc\" src=\"http:\/\/www.josettevilleneuve.com\/wp-content\/uploads\/2016\/10\/Sans-titre-2-150x150.jpg\" alt=\"\" width=\"150\" height=\"150\" \/><img loading=\"lazy\" class=\"alignnone\" title=\"Au coeur \/ d\u00e9tail\" src=\"http:\/\/www.josettevilleneuve.com\/wp-content\/uploads\/2016\/10\/33-150x150.jpg\" alt=\"\" width=\"150\" height=\"150\" \/><strong><em><img loading=\"lazy\" class=\"alignnone\" title=\"jaune.detail\" src=\"http:\/\/www.josettevilleneuve.com\/wp-content\/uploads\/2016\/10\/jaune.detail-150x150.jpg\" alt=\"\" width=\"150\" height=\"150\" \/><\/em><\/strong><\/p>\n<div>\n<p>*********************************************************<\/p>\n<p>\u00a0<\/p>\n<p><a href=\"http:\/\/www.josettevilleneuve.com\/wp-content\/uploads\/2016\/10\/2016-11-22-09.02.08.jpg\" target=\"_blank\" rel=\"noopener\"><img loading=\"lazy\" class=\"alignnone size-medium wp-image-4522\" title=\"22 novembre 2016 \/ rencontres scolaires\" src=\"http:\/\/www.josettevilleneuve.com\/wp-content\/uploads\/2016\/10\/2016-11-22-09.02.08-300x224.jpg\" alt=\"\" width=\"300\" height=\"224\" srcset=\"https:\/\/www.josettevilleneuve.com\/wp-content\/uploads\/2016\/10\/2016-11-22-09.02.08-300x224.jpg 300w, https:\/\/www.josettevilleneuve.com\/wp-content\/uploads\/2016\/10\/2016-11-22-09.02.08-1024x764.jpg 1024w, https:\/\/www.josettevilleneuve.com\/wp-content\/uploads\/2016\/10\/2016-11-22-09.02.08-900x672.jpg 900w\" sizes=\"(max-width: 300px) 100vw, 300px\" \/><\/a>\u00a0<a href=\"http:\/\/www.josettevilleneuve.com\/wp-content\/uploads\/2016\/10\/Sans-titre-1.jpg\" target=\"_blank\" rel=\"noopener\"><img loading=\"lazy\" class=\"alignnone size-medium wp-image-4520\" title=\"Isabelle Gingras \/ rencontres scolaires\" src=\"http:\/\/www.josettevilleneuve.com\/wp-content\/uploads\/2016\/10\/Sans-titre-1-300x182.jpg\" alt=\"\" width=\"300\" height=\"182\" srcset=\"https:\/\/www.josettevilleneuve.com\/wp-content\/uploads\/2016\/10\/Sans-titre-1-300x182.jpg 300w, https:\/\/www.josettevilleneuve.com\/wp-content\/uploads\/2016\/10\/Sans-titre-1-1024x622.jpg 1024w, https:\/\/www.josettevilleneuve.com\/wp-content\/uploads\/2016\/10\/Sans-titre-1-900x547.jpg 900w, https:\/\/www.josettevilleneuve.com\/wp-content\/uploads\/2016\/10\/Sans-titre-1.jpg 2048w\" sizes=\"(max-width: 300px) 100vw, 300px\" \/><\/a>\u00a0<a href=\"http:\/\/www.josettevilleneuve.com\/wp-content\/uploads\/2016\/10\/2016-11-18-13.14.43.jpg\" target=\"_blank\" rel=\"noopener\"><img loading=\"lazy\" class=\"alignnone size-medium wp-image-4519\" title=\"Bruissements chromatiques \/ rencontres scolaires\" src=\"http:\/\/www.josettevilleneuve.com\/wp-content\/uploads\/2016\/10\/2016-11-18-13.14.43-300x224.jpg\" alt=\"\" width=\"300\" height=\"224\" srcset=\"https:\/\/www.josettevilleneuve.com\/wp-content\/uploads\/2016\/10\/2016-11-18-13.14.43-300x224.jpg 300w, https:\/\/www.josettevilleneuve.com\/wp-content\/uploads\/2016\/10\/2016-11-18-13.14.43-1024x764.jpg 1024w, https:\/\/www.josettevilleneuve.com\/wp-content\/uploads\/2016\/10\/2016-11-18-13.14.43-900x672.jpg 900w\" sizes=\"(max-width: 300px) 100vw, 300px\" \/><\/a><\/p>\n<p>photos Isabelle.Gingras\u00a9<\/p>\n<p>Des centaines de photos d\u2019arbres, des esquisses dans un cahier, les superbes planches des sciences de la nature, des impressions num\u00e9riques d\u2019\u0153uvres compos\u00e9es d\u2019\u00e9tiquettes de v\u00eatements, des cartes g\u00e9ographiques, des b\u00e2tons d\u2019huile, des crayons primacolor\u2026 Et l\u2019obligation de revenir au dessin et \u00e0 la peinture, une r\u00e8gle que je me suis impos\u00e9e. Ce foisonnement de mat\u00e9riaux, de r\u00e8gles et de techniques, implique toutefois une cohabitation de motifs, d\u2019images et de supports.<\/p>\n<p>De tout temps, le paysage est repr\u00e9sent\u00e9 en art, tout comme la chaise a fait l\u2019objet de multiples d\u00e9clinaisons \u00e0 travers diff\u00e9rents mouvements artistiques. Ici, elle \u00a0double ma pr\u00e9sence en ramenant ces \u00e9l\u00e9ments du milieu de travail d\u2019atelier \u00e0 un support uniformis\u00e9 pour cette repr\u00e9sentation en salle conventionnelle.<\/p>\n<p>Mon interpr\u00e9tation du paysage met d\u2019abord en parall\u00e8le deux organisations spatiales, l\u2019une urbaine avec la g\u00e9om\u00e9trie des \u00e9tiquettes pixellis\u00e9es, et l\u2019autre du paysage, avec les lignes-veinures courbes et sinueuses. Un rapprochement se cr\u00e9e aussi entre l\u2019homme et l\u2019arbre par cette double r\u00e9f\u00e9rence chromatique dans l\u2019utilisation de couleurs habituelles de la nature juxtapos\u00e9es aux couleurs emprunt\u00e9es \u00e0 l\u2019organisme humain dans les flux sanguins.<\/p>\n<p>Au propos pictural, \u00e0 la fois narratif-figuratif et organique-textural s\u2019ajoute la double perspective a\u00e9rienne et frontale qui incite le regard \u00e0 plonger dans l\u2019\u0153uvre pour ensuite en suivre les sinuosit\u00e9s.<\/p>\n<p>Le r\u00e9sultat final devient paysage de cohabitation, territoire d\u2019exploration, o\u00f9\u00a0les vibrations chromatiques de la gestuelle s\u2019affirment dans le plaisir de peindre une vision lumineuse et \u00e9clat\u00e9e de l\u2019arbre.<\/p>\n<p>Josette Villeneuve, novembre 2016<\/p>\n<p>********************************************************************************************************************<\/p>\n<p><a title=\"Le Semoir\" href=\"http:\/\/www.josettevilleneuve.com\/?page_id=4250\" target=\"_blank\" rel=\"noopener\">\u00a0Voir aussi QUADRILLER SA TERRE, 2016. Mus\u00e9e qu\u00e9becois de l&rsquo;agriculture et de l&rsquo;alimentation, La Pocati\u00e8re. Centre VRiLLE art actuel<\/a><\/p>\n<\/div>\n<div>\u00a0<\/div>\n<div>\n<p><a href=\"http:\/\/www.josettevilleneuve.com\/?page_id=4478\">Voir aussi EXPOVENTE, 2016<\/a><\/p>\n<\/div>","protected":false},"excerpt":{"rendered":"<p>Avec Louise Paill\u00e9 et Roger Gaudreau au Centre des arts de Shawinigan Voir l&rsquo;opuscule Parmi les arbres \u00a0\u00a0 \u00a0 \u00a0\u00a0 \u00a0\u00a0\u00a0 \u00a0\u00a0\u00a0 \u00a0 ********************************************************* \u00a0 \u00a0\u00a0 photos Isabelle.Gingras\u00a9 Des centaines de photos d\u2019arbres, des esquisses dans un cahier, les superbes planches des sciences de la nature, des impressions num\u00e9riques d\u2019\u0153uvres compos\u00e9es d\u2019\u00e9tiquettes de v\u00eatements, des<a class=\"rmore\" href=\"https:\/\/www.josettevilleneuve.com\/?page_id=4356\">&nbsp;&nbsp; Read More &#8230;<\/a><\/p>\n","protected":false},"author":1,"featured_media":0,"parent":0,"menu_order":0,"comment_status":"open","ping_status":"open","template":"","meta":[],"_links":{"self":[{"href":"https:\/\/www.josettevilleneuve.com\/index.php?rest_route=\/wp\/v2\/pages\/4356"}],"collection":[{"href":"https:\/\/www.josettevilleneuve.com\/index.php?rest_route=\/wp\/v2\/pages"}],"about":[{"href":"https:\/\/www.josettevilleneuve.com\/index.php?rest_route=\/wp\/v2\/types\/page"}],"author":[{"embeddable":true,"href":"https:\/\/www.josettevilleneuve.com\/index.php?rest_route=\/wp\/v2\/users\/1"}],"replies":[{"embeddable":true,"href":"https:\/\/www.josettevilleneuve.com\/index.php?rest_route=%2Fwp%2Fv2%2Fcomments&post=4356"}],"version-history":[{"count":73,"href":"https:\/\/www.josettevilleneuve.com\/index.php?rest_route=\/wp\/v2\/pages\/4356\/revisions"}],"predecessor-version":[{"id":6407,"href":"https:\/\/www.josettevilleneuve.com\/index.php?rest_route=\/wp\/v2\/pages\/4356\/revisions\/6407"}],"wp:attachment":[{"href":"https:\/\/www.josettevilleneuve.com\/index.php?rest_route=%2Fwp%2Fv2%2Fmedia&parent=4356"}],"curies":[{"name":"wp","href":"https:\/\/api.w.org\/{rel}","templated":true}]}}