{"id":4478,"date":"2016-12-10T10:16:49","date_gmt":"2016-12-10T15:16:49","guid":{"rendered":"http:\/\/www.josettevilleneuve.com\/?page_id=4478"},"modified":"2020-11-29T16:00:20","modified_gmt":"2020-11-29T21:00:20","slug":"2016-2","status":"publish","type":"page","link":"https:\/\/www.josettevilleneuve.com\/?page_id=4478","title":{"rendered":"2016"},"content":{"rendered":"<p>Dessin et peinture sur \u00a0impressions num\u00e9riques (polypropyl\u00e8ne). support : bois.<\/p>\n<ul>\n<li><em>Hurler \u00e0 la lune, 2016, \u00a030 po x 24 po<\/em><\/li>\n<li><em>Petit renard en orbite, 2016, \u00a020 po x 24 po<\/em><\/li>\n<li><em>Ursa Major <\/em>(collection priv\u00e9e), 2015<em>, \u00a060 po x 60 po<\/em><\/li>\n<li><em>Des mers \u00e0 la d\u00e9rive, 2015, 47 po x 40 po<\/em><\/li>\n<\/ul>\n\n\t\t<style type=\"text\/css\">\n\t\t\t#gallery-1 {\n\t\t\t\tmargin: auto;\n\t\t\t}\n\t\t\t#gallery-1 .gallery-item {\n\t\t\t\tfloat: left;\n\t\t\t\tmargin-top: 10px;\n\t\t\t\ttext-align: center;\n\t\t\t\twidth: 25%;\n\t\t\t}\n\t\t\t#gallery-1 img {\n\t\t\t\tborder: 2px solid #cfcfcf;\n\t\t\t}\n\t\t\t#gallery-1 .gallery-caption {\n\t\t\t\tmargin-left: 0;\n\t\t\t}\n\t\t\t\/* see gallery_shortcode() in wp-includes\/media.php *\/\n\t\t<\/style>\n\t\t<div id='gallery-1' class='gallery galleryid-4478 gallery-columns-4 gallery-size-thumbnail'><dl class='gallery-item'>\n\t\t\t<dt class='gallery-icon landscape'>\n\t\t\t\t<a href='https:\/\/www.josettevilleneuve.com\/wp-content\/uploads\/2016\/12\/03_brouiller-les-cartes_dessin-sur-polypropylene_ensemble-100-cm-x121cm-x-142cm.jpg'><img width=\"150\" height=\"150\" src=\"https:\/\/www.josettevilleneuve.com\/wp-content\/uploads\/2016\/12\/03_brouiller-les-cartes_dessin-sur-polypropylene_ensemble-100-cm-x121cm-x-142cm-150x150.jpg\" class=\"attachment-thumbnail size-thumbnail\" alt=\"\" loading=\"lazy\" srcset=\"https:\/\/www.josettevilleneuve.com\/wp-content\/uploads\/2016\/12\/03_brouiller-les-cartes_dessin-sur-polypropylene_ensemble-100-cm-x121cm-x-142cm-150x150.jpg 150w, https:\/\/www.josettevilleneuve.com\/wp-content\/uploads\/2016\/12\/03_brouiller-les-cartes_dessin-sur-polypropylene_ensemble-100-cm-x121cm-x-142cm-144x144.jpg 144w\" sizes=\"(max-width: 150px) 100vw, 150px\" \/><\/a>\n\t\t\t<\/dt><\/dl><dl class='gallery-item'>\n\t\t\t<dt class='gallery-icon landscape'>\n\t\t\t\t<a href='https:\/\/www.josettevilleneuve.com\/wp-content\/uploads\/2016\/12\/02_brouiller-les-cartes_dessin-sur-polypropylene_100-cm-x121cm.jpg'><img width=\"150\" height=\"150\" src=\"https:\/\/www.josettevilleneuve.com\/wp-content\/uploads\/2016\/12\/02_brouiller-les-cartes_dessin-sur-polypropylene_100-cm-x121cm-150x150.jpg\" class=\"attachment-thumbnail size-thumbnail\" alt=\"\" loading=\"lazy\" srcset=\"https:\/\/www.josettevilleneuve.com\/wp-content\/uploads\/2016\/12\/02_brouiller-les-cartes_dessin-sur-polypropylene_100-cm-x121cm-150x150.jpg 150w, https:\/\/www.josettevilleneuve.com\/wp-content\/uploads\/2016\/12\/02_brouiller-les-cartes_dessin-sur-polypropylene_100-cm-x121cm-144x144.jpg 144w\" sizes=\"(max-width: 150px) 100vw, 150px\" \/><\/a>\n\t\t\t<\/dt><\/dl><dl class='gallery-item'>\n\t\t\t<dt class='gallery-icon portrait'>\n\t\t\t\t<a href='https:\/\/www.josettevilleneuve.com\/wp-content\/uploads\/2016\/12\/01_brouiller-les-cartes_2016_dessin-sur-polypropylene_100-cm-x121cm-e1481385625191.jpg'><img width=\"150\" height=\"150\" src=\"https:\/\/www.josettevilleneuve.com\/wp-content\/uploads\/2016\/12\/01_brouiller-les-cartes_2016_dessin-sur-polypropylene_100-cm-x121cm-e1481385625191-150x150.jpg\" class=\"attachment-thumbnail size-thumbnail\" alt=\"\" loading=\"lazy\" \/><\/a>\n\t\t\t<\/dt><\/dl><dl class='gallery-item'>\n\t\t\t<dt class='gallery-icon portrait'>\n\t\t\t\t<a href='https:\/\/www.josettevilleneuve.com\/wp-content\/uploads\/2016\/12\/Hurler01.jpg'><img width=\"150\" height=\"150\" src=\"https:\/\/www.josettevilleneuve.com\/wp-content\/uploads\/2016\/12\/Hurler01-150x150.jpg\" class=\"attachment-thumbnail size-thumbnail\" alt=\"\" loading=\"lazy\" srcset=\"https:\/\/www.josettevilleneuve.com\/wp-content\/uploads\/2016\/12\/Hurler01-150x150.jpg 150w, https:\/\/www.josettevilleneuve.com\/wp-content\/uploads\/2016\/12\/Hurler01-144x144.jpg 144w\" sizes=\"(max-width: 150px) 100vw, 150px\" \/><\/a>\n\t\t\t<\/dt><\/dl><br style=\"clear: both\" \/><dl class='gallery-item'>\n\t\t\t<dt class='gallery-icon landscape'>\n\t\t\t\t<a href='https:\/\/www.josettevilleneuve.com\/wp-content\/uploads\/2016\/12\/vue-densemble-01.jpg'><img width=\"150\" height=\"150\" src=\"https:\/\/www.josettevilleneuve.com\/wp-content\/uploads\/2016\/12\/vue-densemble-01-150x150.jpg\" class=\"attachment-thumbnail size-thumbnail\" alt=\"\" loading=\"lazy\" srcset=\"https:\/\/www.josettevilleneuve.com\/wp-content\/uploads\/2016\/12\/vue-densemble-01-150x150.jpg 150w, https:\/\/www.josettevilleneuve.com\/wp-content\/uploads\/2016\/12\/vue-densemble-01-144x144.jpg 144w\" sizes=\"(max-width: 150px) 100vw, 150px\" \/><\/a>\n\t\t\t<\/dt><\/dl><dl class='gallery-item'>\n\t\t\t<dt class='gallery-icon landscape'>\n\t\t\t\t<a href='https:\/\/www.josettevilleneuve.com\/wp-content\/uploads\/2016\/12\/vue-densemble.jpg'><img width=\"150\" height=\"150\" src=\"https:\/\/www.josettevilleneuve.com\/wp-content\/uploads\/2016\/12\/vue-densemble-150x150.jpg\" class=\"attachment-thumbnail size-thumbnail\" alt=\"\" loading=\"lazy\" srcset=\"https:\/\/www.josettevilleneuve.com\/wp-content\/uploads\/2016\/12\/vue-densemble-150x150.jpg 150w, https:\/\/www.josettevilleneuve.com\/wp-content\/uploads\/2016\/12\/vue-densemble-144x144.jpg 144w\" sizes=\"(max-width: 150px) 100vw, 150px\" \/><\/a>\n\t\t\t<\/dt><\/dl><dl class='gallery-item'>\n\t\t\t<dt class='gallery-icon landscape'>\n\t\t\t\t<a href='https:\/\/www.josettevilleneuve.com\/wp-content\/uploads\/2016\/12\/detailourse.jpg'><img width=\"150\" height=\"150\" src=\"https:\/\/www.josettevilleneuve.com\/wp-content\/uploads\/2016\/12\/detailourse-150x150.jpg\" class=\"attachment-thumbnail size-thumbnail\" alt=\"\" loading=\"lazy\" srcset=\"https:\/\/www.josettevilleneuve.com\/wp-content\/uploads\/2016\/12\/detailourse-150x150.jpg 150w, https:\/\/www.josettevilleneuve.com\/wp-content\/uploads\/2016\/12\/detailourse-144x144.jpg 144w\" sizes=\"(max-width: 150px) 100vw, 150px\" \/><\/a>\n\t\t\t<\/dt><\/dl><dl class='gallery-item'>\n\t\t\t<dt class='gallery-icon landscape'>\n\t\t\t\t<a href='https:\/\/www.josettevilleneuve.com\/wp-content\/uploads\/2016\/12\/gourse.jpg'><img width=\"150\" height=\"150\" src=\"https:\/\/www.josettevilleneuve.com\/wp-content\/uploads\/2016\/12\/gourse-150x150.jpg\" class=\"attachment-thumbnail size-thumbnail\" alt=\"\" loading=\"lazy\" srcset=\"https:\/\/www.josettevilleneuve.com\/wp-content\/uploads\/2016\/12\/gourse-150x150.jpg 150w, https:\/\/www.josettevilleneuve.com\/wp-content\/uploads\/2016\/12\/gourse-144x144.jpg 144w\" sizes=\"(max-width: 150px) 100vw, 150px\" \/><\/a>\n\t\t\t<\/dt><\/dl><br style=\"clear: both\" \/>\n\t\t<\/div>\n\n<p><a title=\"Quadriller sa terre \/ Le semoir\" href=\"http:\/\/www.josettevilleneuve.com\/?page_id=4250\" target=\"_blank\" rel=\"noopener\">Voir aussi Quadrille sa terre,<\/a> Mus\u00e9e de l&rsquo;agriculture et de l&rsquo;alimentation de La Pocati\u00e8re<\/p>\n","protected":false},"excerpt":{"rendered":"<p>Dessin et peinture sur \u00a0impressions num\u00e9riques (polypropyl\u00e8ne). support : bois. Hurler \u00e0 la lune, 2016, \u00a030 po x 24 po Petit renard en orbite, 2016, \u00a020 po x 24 po Ursa Major (collection priv\u00e9e), 2015, \u00a060 po x 60 po Des mers \u00e0 la d\u00e9rive, 2015, 47 po x 40 po Voir aussi Quadrille sa<a class=\"rmore\" href=\"https:\/\/www.josettevilleneuve.com\/?page_id=4478\">&nbsp;&nbsp; Read More &#8230;<\/a><\/p>\n","protected":false},"author":1,"featured_media":0,"parent":0,"menu_order":0,"comment_status":"open","ping_status":"open","template":"","meta":[],"_links":{"self":[{"href":"https:\/\/www.josettevilleneuve.com\/index.php?rest_route=\/wp\/v2\/pages\/4478"}],"collection":[{"href":"https:\/\/www.josettevilleneuve.com\/index.php?rest_route=\/wp\/v2\/pages"}],"about":[{"href":"https:\/\/www.josettevilleneuve.com\/index.php?rest_route=\/wp\/v2\/types\/page"}],"author":[{"embeddable":true,"href":"https:\/\/www.josettevilleneuve.com\/index.php?rest_route=\/wp\/v2\/users\/1"}],"replies":[{"embeddable":true,"href":"https:\/\/www.josettevilleneuve.com\/index.php?rest_route=%2Fwp%2Fv2%2Fcomments&post=4478"}],"version-history":[{"count":18,"href":"https:\/\/www.josettevilleneuve.com\/index.php?rest_route=\/wp\/v2\/pages\/4478\/revisions"}],"predecessor-version":[{"id":6203,"href":"https:\/\/www.josettevilleneuve.com\/index.php?rest_route=\/wp\/v2\/pages\/4478\/revisions\/6203"}],"wp:attachment":[{"href":"https:\/\/www.josettevilleneuve.com\/index.php?rest_route=%2Fwp%2Fv2%2Fmedia&parent=4478"}],"curies":[{"name":"wp","href":"https:\/\/api.w.org\/{rel}","templated":true}]}}