{"id":449,"date":"2010-07-26T09:22:38","date_gmt":"2010-07-26T13:22:38","guid":{"rendered":"http:\/\/www.josettevilleneuve.com\/?page_id=449"},"modified":"2014-05-06T17:17:26","modified_gmt":"2014-05-06T21:17:26","slug":"taguer-tout-partout","status":"publish","type":"page","link":"https:\/\/www.josettevilleneuve.com\/?page_id=449","title":{"rendered":"Satellites bnsc 2010"},"content":{"rendered":"<div id=\"attachment_527\" style=\"width: 250px\" class=\"wp-caption alignleft\"><a href=\"http:\/\/www.josettevilleneuve.com\/wp-content\/uploads\/2010\/07\/111.jpg\" target=\"_blank\"><img aria-describedby=\"caption-attachment-527\" loading=\"lazy\" class=\"size-medium wp-image-527  \" title=\"\u00e9v\u00e9sat3\" src=\"http:\/\/www.josettevilleneuve.com\/wp-content\/uploads\/2010\/07\/111-300x224.jpg\" alt=\"taguer tout partout\" width=\"240\" height=\"179\" srcset=\"https:\/\/www.josettevilleneuve.com\/wp-content\/uploads\/2010\/07\/111-300x224.jpg 300w, https:\/\/www.josettevilleneuve.com\/wp-content\/uploads\/2010\/07\/111-1024x766.jpg 1024w, https:\/\/www.josettevilleneuve.com\/wp-content\/uploads\/2010\/07\/111.jpg 1260w\" sizes=\"(max-width: 240px) 100vw, 240px\" \/><\/a><p id=\"caption-attachment-527\" class=\"wp-caption-text\">taguer tout partout<\/p><\/div>\n<div><strong>\u00c9V\u00c9NEMENTS SATELLITES DE LA BIENNALE NATIONALE DE SCULPTURE CONTEMPORAINE DE TROIS-RIVI\u00c8RES<\/strong><\/div>\n<p><span style=\"color: #000000;\"><span style=\"color: #000000;\"><em><strong>3 volets :\u00a0 <\/strong><\/em><\/span>Cliquez sur les liens ci-dessous pour aller vers la page correspondante :<em><br \/>\n<\/em><\/span><\/p>\n<ol>\n<li><a href=\"http:\/\/www.josettevilleneuve.com\/?page_id=1919\" target=\"_blank\"><em>Reboisement \u00e9ph\u00e9m\u00e8re<\/em><\/a>, <span style=\"color: #000000;\">Galerie d\u2019art du Parc, 12 juin 2010<\/span><\/li>\n<li><a href=\"http:\/\/www.josettevilleneuve.com\/?page_id=1923\" target=\"_blank\"><em>Le<\/em><em> drapeau du jour<\/em>,<\/a><span style=\"color: #000000;\"> lieu historique national du Canada des Forges-du-Saint-Maurice, 1er juillet 2010<\/span><\/li>\n<li><a href=\"http:\/\/www.josettevilleneuve.com\/?page_id=1927\" target=\"_blank\"><em>Taguer tout partout<\/em><\/a>,<span style=\"color: #000000;\"> Champlain, 31 juillet 2010. <\/span><\/li>\n<\/ol>\n","protected":false},"excerpt":{"rendered":"<p>\u00c9V\u00c9NEMENTS SATELLITES DE LA BIENNALE NATIONALE DE SCULPTURE CONTEMPORAINE DE TROIS-RIVI\u00c8RES 3 volets :\u00a0 Cliquez sur les liens ci-dessous pour aller vers la page correspondante : Reboisement \u00e9ph\u00e9m\u00e8re, Galerie d\u2019art du Parc, 12 juin 2010 Le drapeau du jour, lieu historique national du Canada des Forges-du-Saint-Maurice, 1er juillet 2010 Taguer tout partout, Champlain, 31 juillet<a class=\"rmore\" href=\"https:\/\/www.josettevilleneuve.com\/?page_id=449\">&nbsp;&nbsp; Read More &#8230;<\/a><\/p>\n","protected":false},"author":1,"featured_media":0,"parent":109,"menu_order":63,"comment_status":"open","ping_status":"open","template":"","meta":[],"_links":{"self":[{"href":"https:\/\/www.josettevilleneuve.com\/index.php?rest_route=\/wp\/v2\/pages\/449"}],"collection":[{"href":"https:\/\/www.josettevilleneuve.com\/index.php?rest_route=\/wp\/v2\/pages"}],"about":[{"href":"https:\/\/www.josettevilleneuve.com\/index.php?rest_route=\/wp\/v2\/types\/page"}],"author":[{"embeddable":true,"href":"https:\/\/www.josettevilleneuve.com\/index.php?rest_route=\/wp\/v2\/users\/1"}],"replies":[{"embeddable":true,"href":"https:\/\/www.josettevilleneuve.com\/index.php?rest_route=%2Fwp%2Fv2%2Fcomments&post=449"}],"version-history":[{"count":55,"href":"https:\/\/www.josettevilleneuve.com\/index.php?rest_route=\/wp\/v2\/pages\/449\/revisions"}],"predecessor-version":[{"id":486,"href":"https:\/\/www.josettevilleneuve.com\/index.php?rest_route=\/wp\/v2\/pages\/449\/revisions\/486"}],"up":[{"embeddable":true,"href":"https:\/\/www.josettevilleneuve.com\/index.php?rest_route=\/wp\/v2\/pages\/109"}],"wp:attachment":[{"href":"https:\/\/www.josettevilleneuve.com\/index.php?rest_route=%2Fwp%2Fv2%2Fmedia&parent=449"}],"curies":[{"name":"wp","href":"https:\/\/api.w.org\/{rel}","templated":true}]}}