{"id":5111,"date":"2019-05-01T17:44:06","date_gmt":"2019-05-01T21:44:06","guid":{"rendered":"http:\/\/www.josettevilleneuve.com\/?page_id=5111"},"modified":"2020-11-28T16:27:22","modified_gmt":"2020-11-28T21:27:22","slug":"le-retour-dinterzone","status":"publish","type":"page","link":"https:\/\/www.josettevilleneuve.com\/?page_id=5111","title":{"rendered":"Interzone \u00e9dition 2019"},"content":{"rendered":"\n<p class=\"has-medium-font-size\"><em>Conception, diffusion, animation d&rsquo;un espace public urbain singulier de Shawinigan.<\/em><\/p>\n\n\n\n<figure class=\"wp-block-image\"><img loading=\"lazy\" width=\"1024\" height=\"688\" src=\"http:\/\/www.josettevilleneuve.com\/wp-content\/uploads\/2019\/09\/pub-Hebdo-1024x688.jpg\" alt=\"\" class=\"wp-image-5394\" srcset=\"https:\/\/www.josettevilleneuve.com\/wp-content\/uploads\/2019\/09\/pub-Hebdo-1024x688.jpg 1024w, https:\/\/www.josettevilleneuve.com\/wp-content\/uploads\/2019\/09\/pub-Hebdo-300x202.jpg 300w, https:\/\/www.josettevilleneuve.com\/wp-content\/uploads\/2019\/09\/pub-Hebdo-768x516.jpg 768w\" sizes=\"(max-width: 1024px) 100vw, 1024px\" \/><\/figure>\n\n\n\n<p><em>Le retour d\u2019Interzone<\/em> vous invite \u00e0 d\u00e9couvrir et red\u00e9couvrir les travaux de 12 artistes inscrits dans le c\u0153ur de l\u2019urbanit\u00e9 shawiniganaise. &nbsp;Aux interventions de 2018 s\u2019ajoutent six corpus r\u00e9alis\u00e9s par des cr\u00e9ateurs de la rel\u00e8ve et \u00e9tablis : <\/p>\n\n\n\n<ul><li>Joseph Jean Rolland DUB\u00c9<\/li><li>Louis GRANDMONT<\/li><li>Philippe JOBIN<\/li><li>Danielle JULIEN<\/li><li>Fontaine LERICHE<\/li><li>Christine OUELLETTE <\/li><\/ul>\n\n\n\n<p>&#8230; Investissent des espaces rest\u00e9s vacants lors de la premi\u00e8re \u00e9dition. <br>La ruelle prend du coffre&nbsp;: bigarr\u00e9e, attrayante ! Une rencontre tonique du public avec l\u2019art actuel, une intrusion insolite dans ce Surprenant Shawinigan.   <\/p>\n\n\n\n<h2><strong>Ouverture-inauguration VENDREDI LE 12 JUILLET 2019 en formule 5@7&nbsp;festif&nbsp;!!<\/strong><\/h2>\n\n\n\n<p><em>\u00ab\u00a0Arpenter les ruelles, c&rsquo;est changer de temps, changer d&rsquo;espace, changer de monde. D\u00e9barquez dans l&rsquo;envers du d\u00e9cor, d\u00e9ambulez dans une salle d\u2019exposition \u00e0 ciel ouvert au centre-ville de Shawininigan\u00a0\u00bb&nbsp;!<\/em><\/p>\n\n\n\n<h2>Les 12 artistes cr\u00e9ateurs :<\/h2>\n\n\n\n<p class=\"has-background has-luminous-vivid-amber-background-color\">Karine BEALIEU, Joseph Jean Rolland DUB\u00c9, \u00c9milie DUCHESNE, Myriam FAUTEUX, Louis GRANDMONT, Les architectes JACQUES et GERVAIS, Philippe JOBIN, Danielle JULIEN, Fontaine LERICHE, Christine OUELLETTE, Louise PAILL\u00c9 et Josette VILLENEUVE<\/p>\n\n\n\n<ul class=\"wp-block-gallery columns-3 is-cropped\"><li class=\"blocks-gallery-item\"><figure><img loading=\"lazy\" width=\"1024\" height=\"683\" src=\"http:\/\/www.josettevilleneuve.com\/wp-content\/uploads\/2019\/05\/06.interzone-1024x683.jpg\" alt=\"\" data-id=\"5174\" data-link=\"http:\/\/www.josettevilleneuve.com\/?attachment_id=5174\" class=\"wp-image-5174\" srcset=\"https:\/\/www.josettevilleneuve.com\/wp-content\/uploads\/2019\/05\/06.interzone-1024x683.jpg 1024w, https:\/\/www.josettevilleneuve.com\/wp-content\/uploads\/2019\/05\/06.interzone-300x200.jpg 300w, https:\/\/www.josettevilleneuve.com\/wp-content\/uploads\/2019\/05\/06.interzone-768x512.jpg 768w\" sizes=\"(max-width: 1024px) 100vw, 1024px\" \/><\/figure><\/li><li class=\"blocks-gallery-item\"><figure><img loading=\"lazy\" width=\"1024\" height=\"768\" src=\"http:\/\/www.josettevilleneuve.com\/wp-content\/uploads\/2019\/05\/04.GC_-1024x768.jpg\" alt=\"\" data-id=\"5175\" data-link=\"http:\/\/www.josettevilleneuve.com\/?attachment_id=5175\" class=\"wp-image-5175\" srcset=\"https:\/\/www.josettevilleneuve.com\/wp-content\/uploads\/2019\/05\/04.GC_-1024x768.jpg 1024w, https:\/\/www.josettevilleneuve.com\/wp-content\/uploads\/2019\/05\/04.GC_-300x225.jpg 300w, https:\/\/www.josettevilleneuve.com\/wp-content\/uploads\/2019\/05\/04.GC_-768x576.jpg 768w\" sizes=\"(max-width: 1024px) 100vw, 1024px\" \/><\/figure><\/li><li class=\"blocks-gallery-item\"><figure><img loading=\"lazy\" width=\"1024\" height=\"683\" src=\"http:\/\/www.josettevilleneuve.com\/wp-content\/uploads\/2019\/05\/untitled-shoot-20180713-6960-1024x683.jpg\" alt=\"\" data-id=\"5176\" data-link=\"http:\/\/www.josettevilleneuve.com\/?attachment_id=5176\" class=\"wp-image-5176\" srcset=\"https:\/\/www.josettevilleneuve.com\/wp-content\/uploads\/2019\/05\/untitled-shoot-20180713-6960-1024x683.jpg 1024w, https:\/\/www.josettevilleneuve.com\/wp-content\/uploads\/2019\/05\/untitled-shoot-20180713-6960-300x200.jpg 300w, https:\/\/www.josettevilleneuve.com\/wp-content\/uploads\/2019\/05\/untitled-shoot-20180713-6960-768x512.jpg 768w\" sizes=\"(max-width: 1024px) 100vw, 1024px\" \/><\/figure><\/li><\/ul>\n\n\n\n<p>Dans ma d\u00e9marche, je m\u2019approprie des images, des objets, des art\u00e9facts du quotidien pour les d\u00e9tourner de leur fonction premi\u00e8re et en exploiter le potentiel ludique, po\u00e9tique, chim\u00e9rique, esth\u00e9tique. L\u2019id\u00e9e de travailler un mat\u00e9riau usuel, une mati\u00e8re plastique dite ind\u00e9sirable (des megablocs) dans ce lieu \u00ab&nbsp;trash&nbsp;\u00bb (une ruelle du centre-ville de Shawinigan) m\u2019est apparue amusante, joyeuse, et allait dans la surcharge de couleurs et de mat\u00e9riaux que j\u2019affectionne.<\/p>\n\n\n\n<p>Les motifs g\u00e9om\u00e9triques&nbsp; reproduits s\u2019inspirent d\u2019\u00e9l\u00e9ments architecturaux t\u00e9moignant du savoir-faire des artisans briqueteurs de l\u2019\u00e9poque, qui se donnaient \u00e0 fond dans la fioriture et l\u2019ornement pour enjoliver les fa\u00e7ades et le haut des immeubles des quartiers ouvriers, \u00e9rig\u00e9s pendant le boom immobilier de la p\u00e9riode industrielle shawiniganaise.<\/p>\n\n\n\n<p>\nLe public est invit\u00e9 \u00e0 assister au <strong>finissage d\u2019Interzone. <\/strong>D\u00e9ambulation,\n causerie, partage, discussions autour de la cr\u00e9ation-finissage de ce \nparcours artistique \u00e0 ciel ouvert. Les cr\u00e9ateurs qui ont investi ce lieu\n t\u00e9moignent de leur exp\u00e9rience au public avant le&nbsp; retrait des \ninterventions. Rencontre avec les \u00e9tudiantes du coll\u00e8ge de Shawinigan \ninscrites au cours Arts, lettres et communications et leur enseignante \nRoxanne Lessard.\n\n<\/p>\n\n\n\n<figure class=\"wp-block-image\"><img loading=\"lazy\" width=\"1024\" height=\"682\" src=\"http:\/\/www.josettevilleneuve.com\/wp-content\/uploads\/2016\/01\/42634025_2046397595381675_8001528921466077184_n-1024x682.jpg\" alt=\"\" class=\"wp-image-4964\" srcset=\"https:\/\/www.josettevilleneuve.com\/wp-content\/uploads\/2016\/01\/42634025_2046397595381675_8001528921466077184_n-1024x682.jpg 1024w, https:\/\/www.josettevilleneuve.com\/wp-content\/uploads\/2016\/01\/42634025_2046397595381675_8001528921466077184_n-300x200.jpg 300w, https:\/\/www.josettevilleneuve.com\/wp-content\/uploads\/2016\/01\/42634025_2046397595381675_8001528921466077184_n-900x600.jpg 900w\" sizes=\"(max-width: 1024px) 100vw, 1024px\" \/><figcaption>Cyclopes photographie<\/figcaption><\/figure>\n","protected":false},"excerpt":{"rendered":"<p>Conception, diffusion, animation d&rsquo;un espace public urbain singulier de Shawinigan. Le retour d\u2019Interzone vous invite \u00e0 d\u00e9couvrir et red\u00e9couvrir les travaux de 12 artistes inscrits dans le c\u0153ur de l\u2019urbanit\u00e9 shawiniganaise. &nbsp;Aux interventions de 2018 s\u2019ajoutent six corpus r\u00e9alis\u00e9s par des cr\u00e9ateurs de la rel\u00e8ve et \u00e9tablis : Joseph Jean Rolland DUB\u00c9 Louis GRANDMONT Philippe<a class=\"rmore\" href=\"https:\/\/www.josettevilleneuve.com\/?page_id=5111\">&nbsp;&nbsp; Read More &#8230;<\/a><\/p>\n","protected":false},"author":1,"featured_media":0,"parent":0,"menu_order":0,"comment_status":"closed","ping_status":"closed","template":"","meta":[],"_links":{"self":[{"href":"https:\/\/www.josettevilleneuve.com\/index.php?rest_route=\/wp\/v2\/pages\/5111"}],"collection":[{"href":"https:\/\/www.josettevilleneuve.com\/index.php?rest_route=\/wp\/v2\/pages"}],"about":[{"href":"https:\/\/www.josettevilleneuve.com\/index.php?rest_route=\/wp\/v2\/types\/page"}],"author":[{"embeddable":true,"href":"https:\/\/www.josettevilleneuve.com\/index.php?rest_route=\/wp\/v2\/users\/1"}],"replies":[{"embeddable":true,"href":"https:\/\/www.josettevilleneuve.com\/index.php?rest_route=%2Fwp%2Fv2%2Fcomments&post=5111"}],"version-history":[{"count":58,"href":"https:\/\/www.josettevilleneuve.com\/index.php?rest_route=\/wp\/v2\/pages\/5111\/revisions"}],"predecessor-version":[{"id":7116,"href":"https:\/\/www.josettevilleneuve.com\/index.php?rest_route=\/wp\/v2\/pages\/5111\/revisions\/7116"}],"wp:attachment":[{"href":"https:\/\/www.josettevilleneuve.com\/index.php?rest_route=%2Fwp%2Fv2%2Fmedia&parent=5111"}],"curies":[{"name":"wp","href":"https:\/\/api.w.org\/{rel}","templated":true}]}}