{"id":5211,"date":"2019-05-30T09:06:16","date_gmt":"2019-05-30T13:06:16","guid":{"rendered":"http:\/\/www.josettevilleneuve.com\/?page_id=5211"},"modified":"2021-12-11T14:48:53","modified_gmt":"2021-12-11T19:48:53","slug":"2020-ligne-de-flottaison","status":"publish","type":"page","link":"https:\/\/www.josettevilleneuve.com\/?page_id=5211","title":{"rendered":"2020 Ligne de flottaison"},"content":{"rendered":"\n<p>Maison de la culture de Trois-Rivi\u00e8res, Centre d&rsquo;exposition Raymond-Lasnier, du 26 janvier au 15 mars 2020<\/p>\n\n\n\n<figure class=\"wp-block-image\"><img loading=\"lazy\" width=\"600\" height=\"600\" src=\"http:\/\/www.josettevilleneuve.com\/wp-content\/uploads\/2020\/12\/Screenshot_2020-12-06-Josette-Villeneuve-josettevilleneuve_-\u2022-Photos-et-vid\u00e9os-Instagram.png\" alt=\"\" class=\"wp-image-6298\" srcset=\"https:\/\/www.josettevilleneuve.com\/wp-content\/uploads\/2020\/12\/Screenshot_2020-12-06-Josette-Villeneuve-josettevilleneuve_-\u2022-Photos-et-vid\u00e9os-Instagram.png 600w, https:\/\/www.josettevilleneuve.com\/wp-content\/uploads\/2020\/12\/Screenshot_2020-12-06-Josette-Villeneuve-josettevilleneuve_-\u2022-Photos-et-vid\u00e9os-Instagram-150x150.png 150w, https:\/\/www.josettevilleneuve.com\/wp-content\/uploads\/2020\/12\/Screenshot_2020-12-06-Josette-Villeneuve-josettevilleneuve_-\u2022-Photos-et-vid\u00e9os-Instagram-300x300.png 300w\" sizes=\"(max-width: 600px) 100vw, 600px\" \/><\/figure>\n\n\n\n<figure class=\"wp-block-image\"><img loading=\"lazy\" width=\"1024\" height=\"154\" src=\"http:\/\/www.josettevilleneuve.com\/wp-content\/uploads\/2020\/02\/thumbnail_Villeneuve_Josette-2020-Salle_Raymond-Lasnier-photo-Gilles-Roux\u00a9-web-1024x154.jpg\" alt=\"\" class=\"wp-image-5555\" srcset=\"https:\/\/www.josettevilleneuve.com\/wp-content\/uploads\/2020\/02\/thumbnail_Villeneuve_Josette-2020-Salle_Raymond-Lasnier-photo-Gilles-Roux\u00a9-web-1024x154.jpg 1024w, https:\/\/www.josettevilleneuve.com\/wp-content\/uploads\/2020\/02\/thumbnail_Villeneuve_Josette-2020-Salle_Raymond-Lasnier-photo-Gilles-Roux\u00a9-web-300x45.jpg 300w, https:\/\/www.josettevilleneuve.com\/wp-content\/uploads\/2020\/02\/thumbnail_Villeneuve_Josette-2020-Salle_Raymond-Lasnier-photo-Gilles-Roux\u00a9-web-768x116.jpg 768w, https:\/\/www.josettevilleneuve.com\/wp-content\/uploads\/2020\/02\/thumbnail_Villeneuve_Josette-2020-Salle_Raymond-Lasnier-photo-Gilles-Roux\u00a9-web.jpg 1280w\" sizes=\"(max-width: 1024px) 100vw, 1024px\" \/><\/figure>\n\n\n\n<figure class=\"wp-block-image is-resized\"><img loading=\"lazy\" src=\"http:\/\/www.josettevilleneuve.com\/wp-content\/uploads\/2021\/01\/swim.2-1024x879.jpg\" alt=\"\" class=\"wp-image-6423\" width=\"512\" height=\"440\"\/><\/figure>\n\n\n\n<figure class=\"wp-block-image\"><img loading=\"lazy\" width=\"1024\" height=\"369\" src=\"http:\/\/www.josettevilleneuve.com\/wp-content\/uploads\/2020\/02\/thumbnail_Villeneuve_Josette-2020-Salle_Raymond-Lasnier-pan-b-photo-Gilles-Roux\u00a9-web-1024x369.jpg\" alt=\"\" class=\"wp-image-5554\" srcset=\"https:\/\/www.josettevilleneuve.com\/wp-content\/uploads\/2020\/02\/thumbnail_Villeneuve_Josette-2020-Salle_Raymond-Lasnier-pan-b-photo-Gilles-Roux\u00a9-web-1024x369.jpg 1024w, https:\/\/www.josettevilleneuve.com\/wp-content\/uploads\/2020\/02\/thumbnail_Villeneuve_Josette-2020-Salle_Raymond-Lasnier-pan-b-photo-Gilles-Roux\u00a9-web-300x108.jpg 300w, https:\/\/www.josettevilleneuve.com\/wp-content\/uploads\/2020\/02\/thumbnail_Villeneuve_Josette-2020-Salle_Raymond-Lasnier-pan-b-photo-Gilles-Roux\u00a9-web-768x277.jpg 768w, https:\/\/www.josettevilleneuve.com\/wp-content\/uploads\/2020\/02\/thumbnail_Villeneuve_Josette-2020-Salle_Raymond-Lasnier-pan-b-photo-Gilles-Roux\u00a9-web.jpg 1280w\" sizes=\"(max-width: 1024px) 100vw, 1024px\" \/><\/figure>\n\n\n\n<p>Cr\u00e9dit photo @Gilles Roux et Josette Villeneuve<br><\/p>\n\n\n\n<figure class=\"wp-block-image is-resized\"><img loading=\"lazy\" src=\"http:\/\/www.josettevilleneuve.com\/wp-content\/uploads\/2020\/01\/C3R-en_JVilleneuve-9x41-1-2-1024x455.jpg\" alt=\"\" class=\"wp-image-5537\" width=\"190\" height=\"84\"\/><\/figure>\n\n\n\n<h2>Ligne de flottaison<\/h2>\n\n\n\n<p>De mes travaux ant\u00e9rieurs (fibre textile : \u00e9tiquettes) \u00e9merge une s\u00e9rie de tableaux-collage qui fait \u00e9cho \u00e0 la terre et \u00e0 l\u2019attitude de surproduction des soci\u00e9t\u00e9s contemporaines, \u00e0 la g\u00e9opolitique du monde contemporain, aux multiples provenances de produits entass\u00e9s sur des cargos g\u00e9ants devenus symbole du commerce mondial. Ces repr\u00e9sentations de transport maritime puis\u00e9es sur le web impressionnent par leur ing\u00e9nierie mais sont aussi porteuses de menace. L&rsquo;ensemble oscille entre s\u00e9duction (par l&rsquo;organisation g\u00e9om\u00e9trique color\u00e9e des containers) et catastrophe dans la projection que l&rsquo;on se fait d&rsquo;un tel p\u00e9riple.<\/p>\n\n\n\n<p>\u00c0 ce premier corpus d\u2019\u0153uvres, je greffe une s\u00e9rie de dessins de grand format, sur papier libre, qui traite aussi d\u2019un \u00e9l\u00e9ment de la nature : l\u2019eau. Ces figurations de gestes d\u2019enfants qui nagent, qui passent du temps dans l\u2019eau, sont issues de prises de vue personnelles. L\u2019absence de formes rigides et de g\u00e9om\u00e9trie conf\u00e8re \u00e0 l\u2019ensemble une impression de douceur, un vrai plaisir d\u2019\u00eatre flottant et submerg\u00e9.  <br> Une relation dialogique s\u2019\u00e9tablit entre ces deux visions de paysages aquatiques voguant entre fluidit\u00e9 et compression, entre intimit\u00e9 et globalisation, entre le lac et l\u2019oc\u00e9an.  <br><\/p>\n\n\n\n<p>Un troisi\u00e8me point de vue s\u2019invite dans une installation de blocs-jouets  color\u00e9s rouge p\u00e9tant, de format rappelant celui d&rsquo;un conteneur de dimension r\u00e9duite sur lesquels on peut s&rsquo;asseoir. On navigue entre l\u2019attrait du jeu de la couleur et  cet ind\u00e9sirable et omnipr\u00e9sent plastique. <\/p>\n\n\n\n<figure class=\"wp-block-embed is-type-video is-provider-youtube wp-block-embed-youtube wp-embed-aspect-16-9 wp-has-aspect-ratio\"><div class=\"wp-block-embed__wrapper\">\n<iframe loading=\"lazy\" title=\"Ligne de flottaison, vernissage.\" width=\"500\" height=\"281\" src=\"https:\/\/www.youtube.com\/embed\/ZaAezcaA4HA?feature=oembed\" frameborder=\"0\" allow=\"accelerometer; autoplay; clipboard-write; encrypted-media; gyroscope; picture-in-picture\" allowfullscreen><\/iframe>\n<\/div><figcaption>vernissage du 25 janvier par Joseph Jean Rolland Dub\u00e9<\/figcaption><\/figure>\n\n\n\n<p>Cette exposition mixe 3 mani\u00e8res de faire, 3 gestuelles, 3  types d\u2019expression qui s\u2019accordent ou se heurtent pour dynamiser l&rsquo;ensemble. Mes travaux s\u2019inscrivent dans notre monde en perp\u00e9tuelle  transformation et touchent aux probl\u00e9matiques de l\u2019heure :  mondialisation des march\u00e9s, mutations identitaires et d\u00e9rives  environnementales.   Une rencontre entre la g\u00e9opolitique et l\u2019art et un peu de mon univers personnel.  <\/p>\n\n\n\n<p class=\"has-large-font-size\">Rencontres &#8211; m\u00e9dias&#8230;<\/p>\n\n\n\n<p>Audio, Reportage de Jos\u00e9e Bourassa &#8211; RADIO-CANADA <a rel=\"noreferrer noopener\" href=\"https:\/\/ici.radio-canada.ca\/ohdio\/premiere\/emissions\/facteur-matinal\/episodes\/455769\/rattrapage-du-lundi-24-fevrier-202\" target=\"_blank\">premi\u00e8re ICI<\/a><\/p>\n\n\n\n<p>LE NOUVELLISTE par Fran\u00e7ois Hou<a rel=\"noreferrer noopener\" href=\"https:\/\/www.lenouvelliste.ca\/2020\/03\/06\/des-nuances-des-contrastes-et-des-idees-23a4ca6bd8dd9e743f53a7829f53a3ef\" target=\"_blank\">de<\/a><a href=\"https:\/\/www.lenouvelliste.ca\/2020\/03\/06\/des-nuances-des-contrastes-et-des-idees-23a4ca6bd8dd9e743f53a7829f53a3ef\" data-type=\"URL\" data-id=\"https:\/\/www.lenouvelliste.ca\/2020\/03\/06\/des-nuances-des-contrastes-et-des-idees-23a4ca6bd8dd9e743f53a7829f53a3ef\" target=\"_blank\" rel=\"noreferrer noopener\"> ICI<\/a><\/p>\n\n\n\n<p>L&rsquo;HEBDO DU ST-MAURICE  pa<a href=\"https:\/\/www.lhebdojournal.com\/la-ligne-de-flottaison-de-josette-villeneuve\/\" target=\"_blank\" rel=\"noreferrer noopener\">r \u00c8ve B. Alarie<\/a><\/p>\n\n\n\n<p>      ************************************************************************************************************************************************ <\/p>\n\n\n\n<p class=\"has-large-font-size\">Prix &#8211; Honneurs&#8230;<\/p>\n\n\n\n<div class=\"wp-block-media-text alignwide is-stacked-on-mobile is-image-fill\" style=\"grid-template-columns:55% auto\"><figure class=\"wp-block-media-text__media\" style=\"background-image:url(http:\/\/www.josettevilleneuve.com\/wp-content\/uploads\/2020\/12\/Screenshot_2020-12-06-Josette-Villeneuve-josettevilleneuve_-\u2022-Photos-et-vid\u00e9os-Instagram.png);background-position:50% 50%\"><img loading=\"lazy\" width=\"600\" height=\"600\" src=\"http:\/\/www.josettevilleneuve.com\/wp-content\/uploads\/2020\/12\/Screenshot_2020-12-06-Josette-Villeneuve-josettevilleneuve_-\u2022-Photos-et-vid\u00e9os-Instagram.png\" alt=\"\" class=\"wp-image-6298 size-full\" srcset=\"https:\/\/www.josettevilleneuve.com\/wp-content\/uploads\/2020\/12\/Screenshot_2020-12-06-Josette-Villeneuve-josettevilleneuve_-\u2022-Photos-et-vid\u00e9os-Instagram.png 600w, https:\/\/www.josettevilleneuve.com\/wp-content\/uploads\/2020\/12\/Screenshot_2020-12-06-Josette-Villeneuve-josettevilleneuve_-\u2022-Photos-et-vid\u00e9os-Instagram-150x150.png 150w, https:\/\/www.josettevilleneuve.com\/wp-content\/uploads\/2020\/12\/Screenshot_2020-12-06-Josette-Villeneuve-josettevilleneuve_-\u2022-Photos-et-vid\u00e9os-Instagram-300x300.png 300w\" sizes=\"(max-width: 600px) 100vw, 600px\" \/><\/figure><div class=\"wp-block-media-text__content\">\n<p class=\"has-medium-font-size\">Prix Cr\u00e9ation en arts visuels pour <em>\u00ab\u00a0Ligne de flottaison\u00a0\u00bb<\/em><\/p>\n\n\n\n<p class=\"has-medium-font-size\">18 mars 2021, \u00c9v\u00e9nement arts excellence &#8211; Culture Mauricie<\/p>\n\n\n\n<p><\/p>\n\n\n\n<p><\/p>\n\n\n\n<p><\/p>\n\n\n\n<p><a href=\"https:\/\/www.lhebdodustmaurice.com\/prix-arts-excellence-josette-villeneuve-se-demarque\/\">L&rsquo;Hebdo du St-Maurice<\/a><\/p>\n\n\n\n<p><a href=\"https:\/\/www.culturemauricie.ca\/show.php?id=435517\/prix_arts_excellence_:_culture_mauricie_presente_les_laureates\">Culture Mauricie<\/a><\/p>\n\n\n\n<p><a href=\"https:\/\/www.lenouvelliste.ca\/arts\/remise-des-prix-arts-excellence-lemotion-elle-etait-bien-presente-9bfa5f7bd50ecf16e090351cbb1ea4c6\">Le Nouvelliste<\/a><\/p>\n<\/div><\/div>\n\n\n\n<p>\n************************************************************************************************************************************************\n\n<\/p>\n\n\n\n<div class=\"wp-block-media-text alignwide is-stacked-on-mobile is-image-fill\"><figure class=\"wp-block-media-text__media\" style=\"background-image:url(http:\/\/www.josettevilleneuve.com\/wp-content\/uploads\/2020\/12\/Sans-titre-12-1024x683.jpg);background-position:50% 50%\"><img loading=\"lazy\" width=\"1024\" height=\"683\" src=\"http:\/\/www.josettevilleneuve.com\/wp-content\/uploads\/2020\/12\/Sans-titre-12-1024x683.jpg\" alt=\"\" class=\"wp-image-6303 size-full\" srcset=\"https:\/\/www.josettevilleneuve.com\/wp-content\/uploads\/2020\/12\/Sans-titre-12.jpg 1024w, https:\/\/www.josettevilleneuve.com\/wp-content\/uploads\/2020\/12\/Sans-titre-12-300x200.jpg 300w, https:\/\/www.josettevilleneuve.com\/wp-content\/uploads\/2020\/12\/Sans-titre-12-768x512.jpg 768w\" sizes=\"(max-width: 1024px) 100vw, 1024px\" \/><\/figure><div class=\"wp-block-media-text__content\">\n<p class=\"has-medium-font-size\"><a href=\"https:\/\/www.lenouvelliste.ca\/2021\/11\/16\/grands-prix-de-la-culture-de-trois-rivieres-un-hommage-sobre-et-sincere-f603947f66bc716bb1201c55b8d3f817\">Grands Prix culturels de Trois-Rivi\u00e8res &#8211; Prix des arts visuels Stelio Sole <\/a><br><\/p>\n<\/div><\/div>\n\n\n\n<p><\/p>\n\n\n\n<div class=\"wp-block-media-text alignwide is-stacked-on-mobile is-image-fill\"><figure class=\"wp-block-media-text__media\" style=\"background-image:url(http:\/\/www.josettevilleneuve.com\/wp-content\/uploads\/2021\/11\/Capture-d\u2019\u00e9cran-2021-11-18-093645.png);background-position:50% 50%\"><img loading=\"lazy\" width=\"747\" height=\"745\" src=\"http:\/\/www.josettevilleneuve.com\/wp-content\/uploads\/2021\/11\/Capture-d\u2019\u00e9cran-2021-11-18-093645.png\" alt=\"\" class=\"wp-image-6528 size-full\" srcset=\"https:\/\/www.josettevilleneuve.com\/wp-content\/uploads\/2021\/11\/Capture-d\u2019\u00e9cran-2021-11-18-093645.png 747w, https:\/\/www.josettevilleneuve.com\/wp-content\/uploads\/2021\/11\/Capture-d\u2019\u00e9cran-2021-11-18-093645-150x150.png 150w, https:\/\/www.josettevilleneuve.com\/wp-content\/uploads\/2021\/11\/Capture-d\u2019\u00e9cran-2021-11-18-093645-300x300.png 300w\" sizes=\"(max-width: 747px) 100vw, 747px\" \/><\/figure><div class=\"wp-block-media-text__content\">\n<p class=\"has-medium-font-size\"><a href=\"https:\/\/www.lenouvelliste.ca\/2021\/11\/12\/le-28e-gala-distinction-desjardins-salue-lentrepreneuriat-shawiniganais-cd028cb0fbfcbabe87663dc31f501b6d\">Prix art et culture remis \u00e0 Josette Villeneuve<\/a><\/p>\n<\/div><\/div>\n\n\n\n<p><\/p>\n","protected":false},"excerpt":{"rendered":"<p>Maison de la culture de Trois-Rivi\u00e8res, Centre d&rsquo;exposition Raymond-Lasnier, du 26 janvier au 15 mars 2020 Cr\u00e9dit photo @Gilles Roux et Josette Villeneuve Ligne de flottaison De mes travaux ant\u00e9rieurs (fibre textile : \u00e9tiquettes) \u00e9merge une s\u00e9rie de tableaux-collage qui fait \u00e9cho \u00e0 la terre et \u00e0 l\u2019attitude de surproduction des soci\u00e9t\u00e9s contemporaines, \u00e0 la<a class=\"rmore\" href=\"https:\/\/www.josettevilleneuve.com\/?page_id=5211\">&nbsp;&nbsp; Read More &#8230;<\/a><\/p>\n","protected":false},"author":1,"featured_media":0,"parent":0,"menu_order":0,"comment_status":"closed","ping_status":"closed","template":"","meta":[],"_links":{"self":[{"href":"https:\/\/www.josettevilleneuve.com\/index.php?rest_route=\/wp\/v2\/pages\/5211"}],"collection":[{"href":"https:\/\/www.josettevilleneuve.com\/index.php?rest_route=\/wp\/v2\/pages"}],"about":[{"href":"https:\/\/www.josettevilleneuve.com\/index.php?rest_route=\/wp\/v2\/types\/page"}],"author":[{"embeddable":true,"href":"https:\/\/www.josettevilleneuve.com\/index.php?rest_route=\/wp\/v2\/users\/1"}],"replies":[{"embeddable":true,"href":"https:\/\/www.josettevilleneuve.com\/index.php?rest_route=%2Fwp%2Fv2%2Fcomments&post=5211"}],"version-history":[{"count":44,"href":"https:\/\/www.josettevilleneuve.com\/index.php?rest_route=\/wp\/v2\/pages\/5211\/revisions"}],"predecessor-version":[{"id":6673,"href":"https:\/\/www.josettevilleneuve.com\/index.php?rest_route=\/wp\/v2\/pages\/5211\/revisions\/6673"}],"wp:attachment":[{"href":"https:\/\/www.josettevilleneuve.com\/index.php?rest_route=%2Fwp%2Fv2%2Fmedia&parent=5211"}],"curies":[{"name":"wp","href":"https:\/\/api.w.org\/{rel}","templated":true}]}}