{"id":555,"date":"2010-08-03T17:57:09","date_gmt":"2010-08-03T21:57:09","guid":{"rendered":"http:\/\/www.josettevilleneuve.com\/?page_id=555"},"modified":"2020-11-28T13:53:33","modified_gmt":"2020-11-28T18:53:33","slug":"symposium-international-de-baie-st-paul","status":"publish","type":"page","link":"https:\/\/www.josettevilleneuve.com\/?page_id=555","title":{"rendered":"Symposium international de Baie-Saint-Paul \/ 2008"},"content":{"rendered":"<p>En pr\u00e9paration \u00e0 mon s\u00e9jour \u00e0 Baie-St-Paul (<strong>26e Symposium international d\u2019art contemporain<\/strong>), j\u2019ai confectionn\u00e9 des drapeaux <strong>grand format <\/strong>monochromes qui utilisent la symbolique de la couleur : un <strong>blanc <\/strong>pour la paix, la capitulation; un<strong> noir<\/strong> qui ouvre sur la piraterie, la mort; un <strong>bleu fonc\u00e9<\/strong> qui \u00e9moustille l\u2019oeil\u2026 L\u2019interpr\u00e9tation varie selon le regard, qu\u2019il soit ludique, esth\u00e9tique, politique ou autre.<\/p>\n<p><a href=\"..\/wp-content\/uploads\/2008\/09\/bsp-ensemble.jpg\" target=\"_blank\" rel=\"noopener\"><img loading=\"lazy\" class=\"alignnone size-full wp-image-87\" title=\"bsp-ensemble\" src=\"..\/wp-content\/uploads\/2008\/09\/bsp-ensemble.jpg\" alt=\"31 ao\u00fbt 08 BSP\" width=\"500\" height=\"225\" srcset=\"https:\/\/www.josettevilleneuve.com\/wp-content\/uploads\/2008\/09\/bsp-ensemble.jpg 1800w, https:\/\/www.josettevilleneuve.com\/wp-content\/uploads\/2008\/09\/bsp-ensemble-300x135.jpg 300w\" sizes=\"(max-width: 500px) 100vw, 500px\" \/><\/a><\/p>\n<p>Pendant cette r\u00e9sidence d\u2019un mois, j\u2019ajouterai aux grands formats des embl\u00e8mes <strong><em>drapeaux-nuages<\/em><\/strong> . L\u2019ajout de nouveaux embl\u00e8mes (les drapeaux-nuages) sur ces grands formats provoque un remixage des pays\u2026 et questionne la notion d\u2019appartenance \u00e0 un territoire. Un travail \u00e0 la fois anachronique et actuel : qui prend sa source et se construit \u00e0 la mani\u00e8re des mosa\u00efques anciennes, s\u2019apparente au pointillisme et d\u00e9construit l\u2019image en pixels. Ces assemblages proposent un embl\u00e8me \u201cmelting-pot\u201d, transposition ou contrefa\u00e7on de ce symbole.<\/p>\n<p><img loading=\"lazy\" title=\"grand-format-noir-chine\" src=\"..\/wp-content\/uploads\/2008\/09\/grand-format-noir-chine.jpg\" alt=\"drapeau \/ nuage Chine\" width=\"500\" height=\"335\" \/><\/p>\n<p>Drapeau-nuage de la Chine sur endos du grand drapeau blanc r\u00e9versible<\/p>\n<p><a href=\"..\/wp-content\/uploads\/2008\/09\/bleu-drapeau-nuage-qc.jpg\" target=\"_blank\" rel=\"noopener\"><img loading=\"lazy\" title=\"bleu-drapeau-nuage-qc\" src=\"..\/wp-content\/uploads\/2008\/09\/bleu-drapeau-nuage-qc.jpg\" alt=\"grand format bleu + Qc\" width=\"500\" height=\"337\" \/><\/a><\/p>\n<p>Drapeau-nuage du Qu\u00e9bec sur grand drapeau bleu r\u00e9versible<\/p>\n<p><a href=\"..\/wp-content\/uploads\/2008\/11\/14villeneuve.jpg\" target=\"_blank\" rel=\"noopener\"><img loading=\"lazy\" class=\"alignnone size-full wp-image-146\" title=\"BSP08\" src=\"..\/wp-content\/uploads\/2008\/11\/14villeneuve.jpg\" alt=\"BSP08\" width=\"500\" height=\"288\" srcset=\"https:\/\/www.josettevilleneuve.com\/wp-content\/uploads\/2008\/11\/14villeneuve.jpg 3359w, https:\/\/www.josettevilleneuve.com\/wp-content\/uploads\/2008\/11\/14villeneuve-300x173.jpg 300w\" sizes=\"(max-width: 500px) 100vw, 500px\" \/><\/a><\/p>\n<p>Une accumulation de graffiti au mur incite le regard au vagabondage, le d\u00e9tournant de son int\u00e9r\u00eat premier : l&rsquo;attrait pour la somptuosit\u00e9 de cette mati\u00e8re et l&rsquo;assemblage m\u00e9ticuleux des grands formats monochromes&#8230;\u00a0 Copi\u00e9es \u00e0 partir des \u00e9critures sur les \u00e9tiquettes, ces inscriptions report\u00e9es au mur forment ainsi une sorte de <em>listing <\/em>des provenances tous azimuts et des logos de marques \u00e9tranges qui apparaissent sur les v\u00eatements et\u00a0rythment ici l&rsquo;espace.<\/p>\n<p><a href=\"..\/wp-content\/uploads\/2008\/09\/vue-globale.jpg\" target=\"_blank\" rel=\"noopener\"><img loading=\"lazy\" class=\"alignnone size-full wp-image-85\" title=\"vue-globale\" src=\"..\/wp-content\/uploads\/2008\/09\/vue-globale.jpg\" alt=\"affichage au mur\" width=\"500\" height=\"271\" srcset=\"https:\/\/www.josettevilleneuve.com\/wp-content\/uploads\/2008\/09\/vue-globale.jpg 2268w, https:\/\/www.josettevilleneuve.com\/wp-content\/uploads\/2008\/09\/vue-globale-300x162.jpg 300w\" sizes=\"(max-width: 500px) 100vw, 500px\" \/><\/a><\/p>\n<p><a href=\"..\/wp-content\/uploads\/2008\/11\/16villeneuve.jpg\" target=\"_blank\" rel=\"noopener\"><img loading=\"lazy\" class=\"alignnone size-full wp-image-147\" title=\"BSP08-2\" src=\"..\/wp-content\/uploads\/2008\/11\/16villeneuve.jpg\" alt=\"BSP08-2\" width=\"500\" height=\"354\" srcset=\"https:\/\/www.josettevilleneuve.com\/wp-content\/uploads\/2008\/11\/16villeneuve.jpg 2222w, https:\/\/www.josettevilleneuve.com\/wp-content\/uploads\/2008\/11\/16villeneuve-300x212.jpg 300w\" sizes=\"(max-width: 500px) 100vw, 500px\" \/><\/a><\/p>\n<p>D\u00e9tails, Josette Villeneuve, travail in situ.<\/p>\n<p><a href=\"..\/wp-content\/uploads\/2008\/09\/bsp-josette.jpg\" target=\"_blank\" rel=\"noopener\"><img loading=\"lazy\" class=\"alignnone size-full wp-image-91\" title=\"bsp-josette\" src=\"..\/wp-content\/uploads\/2008\/09\/bsp-josette.jpg\" alt=\"installation BSP 29 ao\u00fbt 08\" width=\"432\" height=\"288\" srcset=\"https:\/\/www.josettevilleneuve.com\/wp-content\/uploads\/2008\/09\/bsp-josette.jpg 432w, https:\/\/www.josettevilleneuve.com\/wp-content\/uploads\/2008\/09\/bsp-josette-300x200.jpg 300w\" sizes=\"(max-width: 432px) 100vw, 432px\" \/><\/a><\/p>\n<p>Josette Villeneuve (photos : Marie-Kim Lavigne, Philippe Jobin)<\/p>\n<p><a href=\"..\/wp-content\/uploads\/2008\/09\/artistes1.jpg\" target=\"_blank\" rel=\"noopener\"><img loading=\"lazy\" class=\"alignnone  wp-image-110\" title=\"artistes1\" src=\"..\/wp-content\/uploads\/2008\/09\/artistes1.jpg\" alt=\"\" width=\"499\" height=\"335\" srcset=\"https:\/\/www.josettevilleneuve.com\/wp-content\/uploads\/2008\/09\/artistes1.jpg 588w, https:\/\/www.josettevilleneuve.com\/wp-content\/uploads\/2008\/09\/artistes1-300x201.jpg 300w\" sizes=\"(max-width: 499px) 100vw, 499px\" \/><\/a><\/p>\n<p>Howie Tsui (Ontario), Derek Mehaffey Aka Other (Colombie-Britannique), Anibal Catalan (Mexique), Annie Baillargeon (Qu\u00e9bec), Graeme Patterson (Nouvelle-\u00c9cosse), Mathieu Valade (Qu\u00e9bec), Sylvain Bouthillette (Qu\u00e9bec), Jos\u00e9e Landry-Sirois (Qu\u00e9bec), V\u00e9ronique Isabelle (Qu\u00e9bec) et Fanny Mesnard (France), <strong>Josette Villeneuve<\/strong> (Qu\u00e9bec) et Dan Brault (Qu\u00e9bec).<\/p>\n<blockquote><p>Le mot de <strong>Genevi\u00e8ve Loiselle<\/strong> de l\u2019hebdomadaire <strong>Voir Qu\u00e9bec<\/strong> dans l\u2019\u00e9dition du 21 ao\u00fbt 2008\u2026:<\/p>\n<p><em>Une revue ouverte sur un article consacr\u00e9 \u00e0 Jasper Johns tra\u00eene dans le coin de <strong>Josette Villeneuve<\/strong>. Il fallait s\u2019y attendre puisque l\u2019artiste repr\u00e9sente elle aussi des drapeaux. Son oeuvre ne porte cependant pas sur la peinture. Villeneuve travaille plut\u00f4t \u00e0 partir d\u2019un mat\u00e9riau pauvre mais d\u2019une richesse s\u00e9mantique inou\u00efe: des \u00e9tiquettes de v\u00eatements. Elle les assemble de mani\u00e8re \u00e0 cr\u00e9er des drapeaux de pays \u00e0 l\u2019iconographie d\u00e9tourn\u00e9e. En cousant ensemble ces banals morceaux de tissu, elle construit un discours qui touche aux probl\u00e9matiques de l\u2019heure: mondialisation des march\u00e9s et mutations identitaires. <\/em><\/p><\/blockquote>\n","protected":false},"excerpt":{"rendered":"<p>En pr\u00e9paration \u00e0 mon s\u00e9jour \u00e0 Baie-St-Paul (26e Symposium international d\u2019art contemporain), j\u2019ai confectionn\u00e9 des drapeaux grand format monochromes qui utilisent la symbolique de la couleur : un blanc pour la paix, la capitulation; un noir qui ouvre sur la piraterie, la mort; un bleu fonc\u00e9 qui \u00e9moustille l\u2019oeil\u2026 L\u2019interpr\u00e9tation varie selon le regard, qu\u2019il<a class=\"rmore\" href=\"https:\/\/www.josettevilleneuve.com\/?page_id=555\">&nbsp;&nbsp; Read More &#8230;<\/a><\/p>\n","protected":false},"author":1,"featured_media":0,"parent":109,"menu_order":65,"comment_status":"open","ping_status":"open","template":"","meta":[],"_links":{"self":[{"href":"https:\/\/www.josettevilleneuve.com\/index.php?rest_route=\/wp\/v2\/pages\/555"}],"collection":[{"href":"https:\/\/www.josettevilleneuve.com\/index.php?rest_route=\/wp\/v2\/pages"}],"about":[{"href":"https:\/\/www.josettevilleneuve.com\/index.php?rest_route=\/wp\/v2\/types\/page"}],"author":[{"embeddable":true,"href":"https:\/\/www.josettevilleneuve.com\/index.php?rest_route=\/wp\/v2\/users\/1"}],"replies":[{"embeddable":true,"href":"https:\/\/www.josettevilleneuve.com\/index.php?rest_route=%2Fwp%2Fv2%2Fcomments&post=555"}],"version-history":[{"count":14,"href":"https:\/\/www.josettevilleneuve.com\/index.php?rest_route=\/wp\/v2\/pages\/555\/revisions"}],"predecessor-version":[{"id":6049,"href":"https:\/\/www.josettevilleneuve.com\/index.php?rest_route=\/wp\/v2\/pages\/555\/revisions\/6049"}],"up":[{"embeddable":true,"href":"https:\/\/www.josettevilleneuve.com\/index.php?rest_route=\/wp\/v2\/pages\/109"}],"wp:attachment":[{"href":"https:\/\/www.josettevilleneuve.com\/index.php?rest_route=%2Fwp%2Fv2%2Fmedia&parent=555"}],"curies":[{"name":"wp","href":"https:\/\/api.w.org\/{rel}","templated":true}]}}