{"id":5771,"date":"2020-10-27T11:21:43","date_gmt":"2020-10-27T15:21:43","guid":{"rendered":"http:\/\/www.josettevilleneuve.com\/?page_id=5771"},"modified":"2022-11-21T15:57:19","modified_gmt":"2022-11-21T15:57:19","slug":"interzone-2020","status":"publish","type":"page","link":"https:\/\/www.josettevilleneuve.com\/?page_id=5771","title":{"rendered":"Interzone 2020"},"content":{"rendered":"\n<h2>C&rsquo;est quoi Interzone ?<\/h2>\n\n\n\n<p>Cr\u00e9ation, diffusion, animation d\u2019un espace public singulier de Shawinigan. Un parcours artistique \u00e0 aire ouverte, \u00e0 ciel ouvert et \u00e0 entr\u00e9e libre qui s\u2019\u00e9tale entre la 4<sup>e<\/sup> et la 5<sup>e<\/sup> rue de la Pointe entre les avenues Tamarac et des C\u00e8dres et extensionne cette ann\u00e9e sur la 5e rue de la Pointe.  La ruelle Interzone a cette particularit\u00e9 d\u2019\u00eatre occup\u00e9e au  rez-de-chauss\u00e9e par des commerces qui ont placard\u00e9 fen\u00eatres et portes de  leur arri\u00e8re-cour au fil du temps afin de se prot\u00e9ger contre le vol et  le vandalisme. Ce sont les lieux d\u2019intervention des artistes.  Interzone 2020 continue, insiste, se renouvelle et poursuit sa mission  de d\u00e9mocratiser l\u2019art, de faire rayonner les artistes et leur donner le  go\u00fbt de s\u2019installer au sein de cette effervescence. On poursuit avec le  m\u00eame esprit novateur qui provoque la rencontre des milieux artistiques,  municipal, touristique, r\u00e9sidentiel et commercial.  L\u2019ann\u00e9e 2020 nous  plonge en pleine pand\u00e9mie&nbsp;: mesures sanitaires,  restrictions et  distanciations ont stopp\u00e9 bon nombre d\u2019\u00e9v\u00e9nements  culturels. Une  excellente raison d\u2019aller prendre l\u2019air sans compromettre  l\u2019effort  collectif dans la lutte contre la COVID-19. Un parcours d&rsquo;art  public  dans l&rsquo;urbanit\u00e9 de la ville&nbsp;: Interzone !  <\/p>\n\n\n\n<figure class=\"wp-block-embed is-type-video is-provider-youtube wp-block-embed-youtube wp-embed-aspect-16-9 wp-has-aspect-ratio\"><div class=\"wp-block-embed__wrapper\">\n<iframe loading=\"lazy\" title=\"Interzone2020\" width=\"500\" height=\"281\" src=\"https:\/\/www.youtube.com\/embed\/gHAVv8QSSUQ?feature=oembed\" frameborder=\"0\" allow=\"accelerometer; autoplay; clipboard-write; encrypted-media; gyroscope; picture-in-picture\" allowfullscreen><\/iframe>\n<\/div><\/figure>\n\n\n\n<p class=\"has-luminous-vivid-amber-background-color has-background\">*\u2026 <em>\u00ab&nbsp;Entre rues et ruelles, le d\u00e9dale d\u2019Interzone 2020 permet au moins de s\u2019entrecroiser \/ de garder ses distances r\u00e8glementaires tout en ouvrant des points de vue vers des horizons autres que ceux, plats, de nos multiples \u00e9crans num\u00e9riques. Retour \u00e0 un certain r\u00e9el : le plancher des vaches. <\/em> <br><em>\u2026On marche, on circule, on revient sur nos pas, on a le droit de vagabonder dans toutes ces all\u00e9es dignes d\u2019un mus\u00e9e imaginaire \u00e0 ciel ouvert. Les cimaises des \u0153uvres des artistes ? Celles des espaces laiss\u00e9s-pour-compte, dans une dynamique du Site Specific. Portes condamn\u00e9es, fen\u00eatres bouch\u00e9es, vitrines de commerces en activit\u00e9 ou \u00e0 louer : tous les supports en deux dimensions sont pr\u00e9textes \u00e0 inspiration et \u00e0 appropriation. Les artistes red\u00e9finissent ainsi des espaces vitaux, ceux sur lesquels on ne porte g\u00e9n\u00e9ralement pas attention dans nos d\u00e9placements de tous les jours.&nbsp;\u00bb <\/em> *Extrait du texte d\u2019introduction r\u00e9dig\u00e9 par EMMANUEL GALLAND pour Interzone 2020. <em>&nbsp;<\/em> <\/p>\n\n\n\n<div class=\"wp-block-media-text alignwide is-stacked-on-mobile\"><figure class=\"wp-block-media-text__media\"><img loading=\"lazy\" width=\"1024\" height=\"683\" src=\"http:\/\/www.josettevilleneuve.com\/wp-content\/uploads\/2020\/11\/116840030_155118992882602_1106997591093730328_o-1024x683.jpg\" alt=\"\" class=\"wp-image-5979 size-full\" srcset=\"https:\/\/www.josettevilleneuve.com\/wp-content\/uploads\/2020\/11\/116840030_155118992882602_1106997591093730328_o-1024x683.jpg 1024w, https:\/\/www.josettevilleneuve.com\/wp-content\/uploads\/2020\/11\/116840030_155118992882602_1106997591093730328_o-300x200.jpg 300w, https:\/\/www.josettevilleneuve.com\/wp-content\/uploads\/2020\/11\/116840030_155118992882602_1106997591093730328_o-768x512.jpg 768w, https:\/\/www.josettevilleneuve.com\/wp-content\/uploads\/2020\/11\/116840030_155118992882602_1106997591093730328_o.jpg 1800w\" sizes=\"(max-width: 1024px) 100vw, 1024px\" \/><\/figure><div class=\"wp-block-media-text__content\">\n<h3><br>Par <a href=\"https:\/\/www.rcinet.ca\/fr\/2020\/07\/10\/une-ville-au-canada-se-transforme-en-musee-a-ciel-ouvert\/\">Isma\u00ebl Houdassine <\/a><br>Publi\u00e9 le vendredi 10 juillet 2020<br><\/h3>\n\n\n\n<p class=\"has-medium-font-size\"><a href=\"https:\/\/www.rcinet.ca\/fr\/2020\/07\/10\/une-ville-au-canada-se-transforme-en-musee-a-ciel-ouvert\/\">Une ville canadienne se transforme en mus\u00e9e \u00e0 ciel ouvert<\/a><\/p>\n<\/div><\/div>\n\n\n\n<h1>LES ARTISTES 2020<br><\/h1>\n\n\n\n<p>Cliquez sur les noms des artistes pour acc\u00e9der au <a href=\"https:\/\/www.interzoneshawinigan.com\/\">site internet d&rsquo;Interzone Shawinigan<\/a><\/p>\n\n\n\n<ul><li> <a href=\"https:\/\/www.interzoneshawinigan.com\/interzone-shawinigan-artistes\/jean-jules-soucy\">Jean-Jules SOUCY<\/a><\/li><li><a href=\"https:\/\/www.interzoneshawinigan.com\/interzone-shawinigan-artistes\/jean-pierre-gaudreau\">Jean-Pierre GAUDREAU<\/a><\/li><li><a href=\"https:\/\/www.interzoneshawinigan.com\/interzone-shawinigan-artistes\/lorraine-beaulieu-philippe-boissonnet\">Lorraine BEAULIEU &amp; Philippe BOISSONNET<\/a> <\/li><li><a href=\"https:\/\/www.interzoneshawinigan.com\/interzone-shawinigan-artistes\/roxanne-lacoursiere\">Roxanne LACOURSI\u00c8RE<\/a><\/li><li><a href=\"https:\/\/www.interzoneshawinigan.com\/interzone-shawinigan-artistes\/cyndie-lemay\">Cyndie LEMAY<\/a><\/li><li><a href=\"https:\/\/www.interzoneshawinigan.com\/interzone-shawinigan-artistes\/gregoire-cusson\">Gr\u00e9goire CUSSON<\/a><\/li><li><a href=\"https:\/\/www.interzoneshawinigan.com\/interzone-shawinigan-artistes\/karine-brassard-abaka\">Karine BRASSARD (Abaka)<\/a> <\/li><\/ul>\n\n\n\n<figure class=\"wp-block-gallery has-nested-images columns-default is-cropped\">\n<figure class=\"wp-block-image is-style-default\"><img loading=\"lazy\" width=\"1024\" height=\"682\" data-id=\"5767\"  src=\"http:\/\/www.josettevilleneuve.com\/wp-content\/uploads\/2020\/10\/120443312_176804937380674_9074134796058794751_o-1024x682.jpg\" alt=\"\" class=\"wp-image-5767\" srcset=\"https:\/\/www.josettevilleneuve.com\/wp-content\/uploads\/2020\/10\/120443312_176804937380674_9074134796058794751_o-1024x682.jpg 1024w, https:\/\/www.josettevilleneuve.com\/wp-content\/uploads\/2020\/10\/120443312_176804937380674_9074134796058794751_o-300x200.jpg 300w, https:\/\/www.josettevilleneuve.com\/wp-content\/uploads\/2020\/10\/120443312_176804937380674_9074134796058794751_o-768x512.jpg 768w, https:\/\/www.josettevilleneuve.com\/wp-content\/uploads\/2020\/10\/120443312_176804937380674_9074134796058794751_o.jpg 2000w\" sizes=\"(max-width: 1024px) 100vw, 1024px\" \/><figcaption>Rencontre &#8211; mode pand\u00e9mie<\/figcaption><\/figure>\n\n\n\n<figure class=\"wp-block-image is-style-default\"><img loading=\"lazy\" width=\"1024\" height=\"683\" data-id=\"5766\"  src=\"http:\/\/www.josettevilleneuve.com\/wp-content\/uploads\/2020\/10\/109311617_148114860249682_4884430057190360488_o-1024x683.jpg\" alt=\"\" class=\"wp-image-5766\" srcset=\"https:\/\/www.josettevilleneuve.com\/wp-content\/uploads\/2020\/10\/109311617_148114860249682_4884430057190360488_o-1024x683.jpg 1024w, https:\/\/www.josettevilleneuve.com\/wp-content\/uploads\/2020\/10\/109311617_148114860249682_4884430057190360488_o-300x200.jpg 300w, https:\/\/www.josettevilleneuve.com\/wp-content\/uploads\/2020\/10\/109311617_148114860249682_4884430057190360488_o-768x512.jpg 768w, https:\/\/www.josettevilleneuve.com\/wp-content\/uploads\/2020\/10\/109311617_148114860249682_4884430057190360488_o.jpg 1800w\" sizes=\"(max-width: 1024px) 100vw, 1024px\" \/><\/figure>\n\n\n\n<figure class=\"wp-block-image is-style-default\"><img loading=\"lazy\" width=\"1024\" height=\"683\" data-id=\"5765\"  src=\"http:\/\/www.josettevilleneuve.com\/wp-content\/uploads\/2020\/10\/109136796_148113973583104_4498953158833791785_o-1024x683.jpg\" alt=\"\" class=\"wp-image-5765\" srcset=\"https:\/\/www.josettevilleneuve.com\/wp-content\/uploads\/2020\/10\/109136796_148113973583104_4498953158833791785_o-1024x683.jpg 1024w, https:\/\/www.josettevilleneuve.com\/wp-content\/uploads\/2020\/10\/109136796_148113973583104_4498953158833791785_o-300x200.jpg 300w, https:\/\/www.josettevilleneuve.com\/wp-content\/uploads\/2020\/10\/109136796_148113973583104_4498953158833791785_o-768x512.jpg 768w, https:\/\/www.josettevilleneuve.com\/wp-content\/uploads\/2020\/10\/109136796_148113973583104_4498953158833791785_o.jpg 1800w\" sizes=\"(max-width: 1024px) 100vw, 1024px\" \/><\/figure>\n\n\n\n<figure class=\"wp-block-image is-style-default\"><img loading=\"lazy\" width=\"1024\" height=\"606\" data-id=\"6442\"  src=\"http:\/\/www.josettevilleneuve.com\/wp-content\/uploads\/2021\/01\/109231047_152280126499822_5045771975441221625_o-1-1024x606.jpg\" alt=\"\" class=\"wp-image-6442\"\/><figcaption>Jean-Pierre Gaudreau<\/figcaption><\/figure>\n\n\n\n<figure class=\"wp-block-image is-style-default\"><img loading=\"lazy\" width=\"960\" height=\"720\" data-id=\"6443\"  src=\"http:\/\/www.josettevilleneuve.com\/wp-content\/uploads\/2021\/01\/109629059_10222755649350902_3543760425997570238_n.jpg\" alt=\"\" class=\"wp-image-6443\" srcset=\"https:\/\/www.josettevilleneuve.com\/wp-content\/uploads\/2021\/01\/109629059_10222755649350902_3543760425997570238_n.jpg 960w, https:\/\/www.josettevilleneuve.com\/wp-content\/uploads\/2021\/01\/109629059_10222755649350902_3543760425997570238_n-300x225.jpg 300w, https:\/\/www.josettevilleneuve.com\/wp-content\/uploads\/2021\/01\/109629059_10222755649350902_3543760425997570238_n-768x576.jpg 768w\" sizes=\"(max-width: 960px) 100vw, 960px\" \/><figcaption>Boissonnet-Beaulieu<\/figcaption><\/figure>\n\n\n\n<figure class=\"wp-block-image is-style-default\"><img loading=\"lazy\" width=\"960\" height=\"640\" data-id=\"6444\"  src=\"http:\/\/www.josettevilleneuve.com\/wp-content\/uploads\/2021\/01\/109729007_151539683240533_4135637382674010911_o.jpg\" alt=\"\" class=\"wp-image-6444\" srcset=\"https:\/\/www.josettevilleneuve.com\/wp-content\/uploads\/2021\/01\/109729007_151539683240533_4135637382674010911_o.jpg 960w, https:\/\/www.josettevilleneuve.com\/wp-content\/uploads\/2021\/01\/109729007_151539683240533_4135637382674010911_o-300x200.jpg 300w, https:\/\/www.josettevilleneuve.com\/wp-content\/uploads\/2021\/01\/109729007_151539683240533_4135637382674010911_o-768x512.jpg 768w\" sizes=\"(max-width: 960px) 100vw, 960px\" \/><figcaption>Roxanne Lacoursi\u00e8re<\/figcaption><\/figure>\n\n\n\n<figure class=\"wp-block-image is-style-default\"><img loading=\"lazy\" width=\"1024\" height=\"683\" data-id=\"6445\"  src=\"http:\/\/www.josettevilleneuve.com\/wp-content\/uploads\/2021\/01\/116089778_155118806215954_5547605285051430298_o-1024x683.jpg\" alt=\"\" class=\"wp-image-6445\" srcset=\"https:\/\/www.josettevilleneuve.com\/wp-content\/uploads\/2021\/01\/116089778_155118806215954_5547605285051430298_o-1024x683.jpg 1024w, https:\/\/www.josettevilleneuve.com\/wp-content\/uploads\/2021\/01\/116089778_155118806215954_5547605285051430298_o-300x200.jpg 300w, https:\/\/www.josettevilleneuve.com\/wp-content\/uploads\/2021\/01\/116089778_155118806215954_5547605285051430298_o-768x512.jpg 768w, https:\/\/www.josettevilleneuve.com\/wp-content\/uploads\/2021\/01\/116089778_155118806215954_5547605285051430298_o.jpg 1800w\" sizes=\"(max-width: 1024px) 100vw, 1024px\" \/><figcaption>Cyndie Lemay<\/figcaption><\/figure>\n\n\n\n<figure class=\"wp-block-image is-style-default\"><img loading=\"lazy\" width=\"1024\" height=\"768\" data-id=\"6446\"  src=\"http:\/\/www.josettevilleneuve.com\/wp-content\/uploads\/2021\/01\/116133386_155119012882600_6875610702559427689_o-1024x768.jpg\" alt=\"\" class=\"wp-image-6446\" srcset=\"https:\/\/www.josettevilleneuve.com\/wp-content\/uploads\/2021\/01\/116133386_155119012882600_6875610702559427689_o-1024x768.jpg 1024w, https:\/\/www.josettevilleneuve.com\/wp-content\/uploads\/2021\/01\/116133386_155119012882600_6875610702559427689_o-300x225.jpg 300w, https:\/\/www.josettevilleneuve.com\/wp-content\/uploads\/2021\/01\/116133386_155119012882600_6875610702559427689_o-768x576.jpg 768w, https:\/\/www.josettevilleneuve.com\/wp-content\/uploads\/2021\/01\/116133386_155119012882600_6875610702559427689_o.jpg 1800w\" sizes=\"(max-width: 1024px) 100vw, 1024px\" \/><figcaption>G\u00e9goire Cusson<\/figcaption><\/figure>\n\n\n\n<figure class=\"wp-block-image is-style-default\"><img loading=\"lazy\" width=\"1024\" height=\"1024\" data-id=\"6447\"  src=\"http:\/\/www.josettevilleneuve.com\/wp-content\/uploads\/2021\/01\/116585502_155119309549237_7869554449789638294_o-1024x1024.jpg\" alt=\"\" class=\"wp-image-6447\" srcset=\"https:\/\/www.josettevilleneuve.com\/wp-content\/uploads\/2021\/01\/116585502_155119309549237_7869554449789638294_o-1024x1024.jpg 1024w, https:\/\/www.josettevilleneuve.com\/wp-content\/uploads\/2021\/01\/116585502_155119309549237_7869554449789638294_o-150x150.jpg 150w, https:\/\/www.josettevilleneuve.com\/wp-content\/uploads\/2021\/01\/116585502_155119309549237_7869554449789638294_o-300x300.jpg 300w, https:\/\/www.josettevilleneuve.com\/wp-content\/uploads\/2021\/01\/116585502_155119309549237_7869554449789638294_o-768x768.jpg 768w, https:\/\/www.josettevilleneuve.com\/wp-content\/uploads\/2021\/01\/116585502_155119309549237_7869554449789638294_o.jpg 1800w\" sizes=\"(max-width: 1024px) 100vw, 1024px\" \/><figcaption>Cyndie Lemay<\/figcaption><\/figure>\n\n\n\n<figure class=\"wp-block-image is-style-default\"><img loading=\"lazy\" width=\"1024\" height=\"683\" data-id=\"6448\"  src=\"http:\/\/www.josettevilleneuve.com\/wp-content\/uploads\/2021\/01\/118227752_164113395316495_560492579039544420_o-1024x683.jpg\" alt=\"\" class=\"wp-image-6448\" srcset=\"https:\/\/www.josettevilleneuve.com\/wp-content\/uploads\/2021\/01\/118227752_164113395316495_560492579039544420_o-1024x683.jpg 1024w, https:\/\/www.josettevilleneuve.com\/wp-content\/uploads\/2021\/01\/118227752_164113395316495_560492579039544420_o-300x200.jpg 300w, https:\/\/www.josettevilleneuve.com\/wp-content\/uploads\/2021\/01\/118227752_164113395316495_560492579039544420_o-768x512.jpg 768w, https:\/\/www.josettevilleneuve.com\/wp-content\/uploads\/2021\/01\/118227752_164113395316495_560492579039544420_o.jpg 1600w\" sizes=\"(max-width: 1024px) 100vw, 1024px\" \/><\/figure>\n\n\n\n<figure class=\"wp-block-image is-style-default\"><img loading=\"lazy\" width=\"1024\" height=\"683\" data-id=\"6449\"  src=\"http:\/\/www.josettevilleneuve.com\/wp-content\/uploads\/2021\/01\/116860843_156418796085955_6237281148932180285_o-1024x683.jpg\" alt=\"\" class=\"wp-image-6449\" srcset=\"https:\/\/www.josettevilleneuve.com\/wp-content\/uploads\/2021\/01\/116860843_156418796085955_6237281148932180285_o-1024x683.jpg 1024w, https:\/\/www.josettevilleneuve.com\/wp-content\/uploads\/2021\/01\/116860843_156418796085955_6237281148932180285_o-300x200.jpg 300w, https:\/\/www.josettevilleneuve.com\/wp-content\/uploads\/2021\/01\/116860843_156418796085955_6237281148932180285_o-768x512.jpg 768w, https:\/\/www.josettevilleneuve.com\/wp-content\/uploads\/2021\/01\/116860843_156418796085955_6237281148932180285_o.jpg 1800w\" sizes=\"(max-width: 1024px) 100vw, 1024px\" \/><figcaption>Jean-Jules Soucy<\/figcaption><\/figure>\n<\/figure>\n\n\n\n<h2>Artistes 2018 &#8211; 2019<\/h2>\n\n\n\n<ul><li><a href=\"https:\/\/www.interzoneshawinigan.com\/interzone-shawinigan-artistes\/karine-beaulieu\">Karine Beaulieu<\/a><\/li><li><a href=\"https:\/\/www.interzoneshawinigan.com\/interzone-shawinigan-artistes\/louise-paille\">Louise Paill\u00e9<\/a><\/li><li><a href=\"https:\/\/www.interzoneshawinigan.com\/interzone-shawinigan-artistes\/joseph-jean-rolland-dube\">Joseph Jean Rolland Dub\u00e9<\/a><\/li><li><a href=\"https:\/\/www.interzoneshawinigan.com\/interzone-shawinigan-artistes\/christine-ouellet\">Christine Ouellet<\/a><\/li><li><a href=\"https:\/\/www.interzoneshawinigan.com\/interzone-shawinigan-artistes\/fontaine-leriche\">Fontaine Leriche<\/a><\/li><li><a href=\"https:\/\/www.interzoneshawinigan.com\/interzone-shawinigan-artistes\/philippe-jobin\">Philippe Jobin<\/a><\/li><li><a href=\"https:\/\/www.interzoneshawinigan.com\/interzone-shawinigan-artistes\/louis-grandmont\">Louis Grandmont<\/a><\/li><li>Danielle Julien<\/li><li><a href=\"https:\/\/www.interzoneshawinigan.com\/interzone-shawinigan-artistes\/jacques-gervais\">H\u00e9l\u00e8ne Gervais et Christian Jacques<\/a><\/li><li><a href=\"https:\/\/www.interzoneshawinigan.com\/interzone-shawinigan-artistes\/myriam-fauteux\">Myriam Fauteux<\/a><\/li><li><a href=\"https:\/\/www.interzoneshawinigan.com\/interzone-shawinigan-artistes\/emilie-duchesne\">Emilie Duchesne<\/a><\/li><li><a href=\"https:\/\/www.interzoneshawinigan.com\/interzone-shawinigan-artistes\/josette-villeneuve\">Josette Villeneuve<\/a><\/li><\/ul>\n\n\n\n<p>Cliquez <a href=\"https:\/\/www.facebook.com\/interzoneshawinigan\">ici<\/a> pour acc\u00e9der \u00e0 la page Facebook d&rsquo;Interzone<br><\/p>\n\n\n\n<figure class=\"wp-block-embed is-type-video is-provider-youtube wp-block-embed-youtube wp-embed-aspect-16-9 wp-has-aspect-ratio\"><div class=\"wp-block-embed__wrapper\">\n<iframe loading=\"lazy\" title=\"La Tirelire des tendresses \u2014 une manoeuvre de Monique Juteau.\" width=\"500\" height=\"281\" src=\"https:\/\/www.youtube.com\/embed\/wmD84eFN9zg?feature=oembed\" frameborder=\"0\" allow=\"accelerometer; autoplay; clipboard-write; encrypted-media; gyroscope; picture-in-picture\" allowfullscreen><\/iframe>\n<\/div><figcaption>La Tirelire des tendresses &#8211; une manoeuvre de Monique Juteau &#8211; un documentaire de Joseph Jean Rolland Dub\u00e9 &#8211; Interzone, art actuel Shawinigan, Qu\u00e9bec<\/figcaption><\/figure>\n\n\n\n<p> Racontez-nous  une gentillesse, des petits riens qui font du bien\u00bb, c\u2019est la question  de d\u00e9part que Monique Juteau pose aux passants du centre-ville de Shawinigan. Dans  \u00abLa tirelire des tendresses\u00bb, documentaire vid\u00e9o de <a href=\"https:\/\/www.facebook.com\/DoctorEvidence?__cft__[0]=AZWcUCS1xeCsBEmdyhxsGTSPCPrZ8KoLeCvsbAqchhSZhjQonXLz1f4NS8casWmJZY_vQ4L-rrAYU3vdF4Iw5DtIPk4AdGqg7Hf_yXUUEYwCpvoVU12ytqb0ExA6IK4twGn0F7nTp2iEB45hCyWFKzvs&amp;__tn__=-]K-R\">Joseph Jean Rolland Dub\u00e9<\/a>,  des participants de tous les \u00e2ges nous livrent avec humour et  simplicit\u00e9 ce qu\u2019est la tendresse. Man\u0153uvre inspir\u00e9e de l&rsquo;\u0153uvre de <a href=\"https:\/\/www.facebook.com\/jeanpierre.gaudreau.376?__cft__[0]=AZWcUCS1xeCsBEmdyhxsGTSPCPrZ8KoLeCvsbAqchhSZhjQonXLz1f4NS8casWmJZY_vQ4L-rrAYU3vdF4Iw5DtIPk4AdGqg7Hf_yXUUEYwCpvoVU12ytqb0ExA6IK4twGn0F7nTp2iEB45hCyWFKzvs&amp;__tn__=-]K-R\">Jean-Pierre Gaudreau<\/a>. Les photos en noir et blanc d&rsquo;<a href=\"https:\/\/www.facebook.com\/helene.vallee.3954?__cft__[0]=AZWcUCS1xeCsBEmdyhxsGTSPCPrZ8KoLeCvsbAqchhSZhjQonXLz1f4NS8casWmJZY_vQ4L-rrAYU3vdF4Iw5DtIPk4AdGqg7Hf_yXUUEYwCpvoVU12ytqb0ExA6IK4twGn0F7nTp2iEB45hCyWFKzvs&amp;__tn__=-]K-R\">H\u00e9l\u00e8ne Vall\u00e9e<\/a> nous aident \u00e0 comprendre comment nous avons op\u00e9r\u00e9. Une \u00e9quipe du tonnerre. <\/p>\n\n\n\n<figure class=\"wp-block-image size-large is-resized\"><a href=\"http:\/\/www.josettevilleneuve.com\/wp-content\/uploads\/2022\/10\/Logo-Shawinigan-slogan-couleurs-1.jpg\"><img loading=\"lazy\" src=\"http:\/\/www.josettevilleneuve.com\/wp-content\/uploads\/2022\/10\/Logo-Shawinigan-slogan-couleurs-1-1024x614.jpg\" alt=\"\" class=\"wp-image-6895\" width=\"218\" height=\"130\" srcset=\"https:\/\/www.josettevilleneuve.com\/wp-content\/uploads\/2022\/10\/Logo-Shawinigan-slogan-couleurs-1-1024x614.jpg 1024w, https:\/\/www.josettevilleneuve.com\/wp-content\/uploads\/2022\/10\/Logo-Shawinigan-slogan-couleurs-1-300x180.jpg 300w, https:\/\/www.josettevilleneuve.com\/wp-content\/uploads\/2022\/10\/Logo-Shawinigan-slogan-couleurs-1-768x461.jpg 768w, https:\/\/www.josettevilleneuve.com\/wp-content\/uploads\/2022\/10\/Logo-Shawinigan-slogan-couleurs-1.jpg 1500w\" sizes=\"(max-width: 218px) 100vw, 218px\" \/><\/a><\/figure>\n\n\n\n<figure class=\"wp-block-image is-resized\"><img loading=\"lazy\" src=\"http:\/\/www.josettevilleneuve.com\/wp-content\/uploads\/2020\/12\/002.png\" alt=\"\" class=\"wp-image-6323\" width=\"239\" height=\"135\" srcset=\"https:\/\/www.josettevilleneuve.com\/wp-content\/uploads\/2020\/12\/002.png 444w, https:\/\/www.josettevilleneuve.com\/wp-content\/uploads\/2020\/12\/002-300x169.png 300w\" sizes=\"(max-width: 239px) 100vw, 239px\" \/><\/figure>\n\n\n\n<figure class=\"wp-block-image is-resized\"><img loading=\"lazy\" src=\"http:\/\/www.josettevilleneuve.com\/wp-content\/uploads\/2020\/12\/004.jpg\" alt=\"\" class=\"wp-image-6325\" width=\"151\" height=\"52\"\/><\/figure>\n","protected":false},"excerpt":{"rendered":"<p>C&rsquo;est quoi Interzone ? Cr\u00e9ation, diffusion, animation d\u2019un espace public singulier de Shawinigan. Un parcours artistique \u00e0 aire ouverte, \u00e0 ciel ouvert et \u00e0 entr\u00e9e libre qui s\u2019\u00e9tale entre la 4e et la 5e rue de la Pointe entre les avenues Tamarac et des C\u00e8dres et extensionne cette ann\u00e9e sur la 5e rue de la<a class=\"rmore\" href=\"https:\/\/www.josettevilleneuve.com\/?page_id=5771\">&nbsp;&nbsp; Read More &#8230;<\/a><\/p>\n","protected":false},"author":1,"featured_media":0,"parent":0,"menu_order":0,"comment_status":"closed","ping_status":"closed","template":"","meta":[],"_links":{"self":[{"href":"https:\/\/www.josettevilleneuve.com\/index.php?rest_route=\/wp\/v2\/pages\/5771"}],"collection":[{"href":"https:\/\/www.josettevilleneuve.com\/index.php?rest_route=\/wp\/v2\/pages"}],"about":[{"href":"https:\/\/www.josettevilleneuve.com\/index.php?rest_route=\/wp\/v2\/types\/page"}],"author":[{"embeddable":true,"href":"https:\/\/www.josettevilleneuve.com\/index.php?rest_route=\/wp\/v2\/users\/1"}],"replies":[{"embeddable":true,"href":"https:\/\/www.josettevilleneuve.com\/index.php?rest_route=%2Fwp%2Fv2%2Fcomments&post=5771"}],"version-history":[{"count":41,"href":"https:\/\/www.josettevilleneuve.com\/index.php?rest_route=\/wp\/v2\/pages\/5771\/revisions"}],"predecessor-version":[{"id":7129,"href":"https:\/\/www.josettevilleneuve.com\/index.php?rest_route=\/wp\/v2\/pages\/5771\/revisions\/7129"}],"wp:attachment":[{"href":"https:\/\/www.josettevilleneuve.com\/index.php?rest_route=%2Fwp%2Fv2%2Fmedia&parent=5771"}],"curies":[{"name":"wp","href":"https:\/\/api.w.org\/{rel}","templated":true}]}}