{"id":58,"date":"2008-11-06T22:30:52","date_gmt":"2008-11-07T02:30:52","guid":{"rendered":"http:\/\/www.josettevilleneuve.com\/?page_id=58"},"modified":"2016-10-18T17:02:18","modified_gmt":"2016-10-18T21:02:18","slug":"symposium-de-baie-saint-paul","status":"publish","type":"page","link":"https:\/\/www.josettevilleneuve.com\/?page_id=58","title":{"rendered":"Grands formats"},"content":{"rendered":"<p>La confection des grands formats monochromes ( 203 cm x 127 cm) a pr\u00e9c\u00e9d\u00e9 ma pr\u00e9sence au<br \/>\n26e Symposium international de Baie-Saint-Paul en 2008. Un travail \u00e0 la fois anachronique et actuel :<br \/>\nqui prend sa source et se construit \u00e0 la mani\u00e8re des mosa\u00efques anciennes, s&rsquo;apparente au mouvement<br \/>\npointillisme et d\u00e9construit l&rsquo;image en pixels. Chaque assemblage pr\u00e9sente un patchwork r\u00e9versible.<\/p>\n<p><a href=\"..\/wp-content\/uploads\/2008\/11\/14villeneuve.jpg\" target=\"_blank\"><img loading=\"lazy\" title=\"BSP08\" src=\"..\/wp-content\/uploads\/2008\/11\/14villeneuve.jpg\" alt=\"BSP08\" width=\"500\" height=\"288\" \/><\/a><\/p>\n<p>Voir d&rsquo;autres images en cliquant sur ce lien <a title=\"Symposium Baie-st-Paul Josette Villeneuve\" href=\"http:\/\/www.josettevilleneuve.com\/?page_id=555\">26e Symposium international d&rsquo;art contemporain de Baie-Saint-Paul<\/a><\/p>\n<p><a title=\"Symposium Baie-st-Paul Josette Villeneuve\" href=\"http:\/\/www.josettevilleneuve.com\/?page_id=555\"><img loading=\"lazy\" class=\"alignleft  wp-image-648\" title=\"grand format bleu\" src=\"http:\/\/www.josettevilleneuve.com\/wp-content\/uploads\/2008\/11\/bleu-300x197.jpg\" alt=\"\" width=\"191\" height=\"125\" srcset=\"https:\/\/www.josettevilleneuve.com\/wp-content\/uploads\/2008\/11\/bleu-300x197.jpg 300w, https:\/\/www.josettevilleneuve.com\/wp-content\/uploads\/2008\/11\/bleu.jpg 926w\" sizes=\"(max-width: 191px) 100vw, 191px\" \/><\/a><\/p>\n<p>&nbsp;<\/p>\n<p>&nbsp;<\/p>\n<p>Collection du Mus\u00e9e d&rsquo;art contemporain de Baie-Saint-Paul<\/p>\n<pre style=\"text-align: center;\"><\/pre>\n<p><img loading=\"lazy\" class=\"alignnone  wp-image-88\" title=\"grand-format-noir-chine\" src=\"..\/wp-content\/uploads\/2008\/09\/grand-format-noir-chine.jpg\" alt=\"drapeau \/ nuage Chine\" width=\"278\" height=\"185\" srcset=\"https:\/\/www.josettevilleneuve.com\/wp-content\/uploads\/2008\/09\/grand-format-noir-chine.jpg 600w, https:\/\/www.josettevilleneuve.com\/wp-content\/uploads\/2008\/09\/grand-format-noir-chine-300x201.jpg 300w\" sizes=\"(max-width: 278px) 100vw, 278px\" \/><span style=\"font-family: Consolas, Monaco, monospace;\"><span style=\"font-size: 12px; line-height: 18px;\">\u00a0<\/span><\/span><a style=\"font-family: Consolas, Monaco, monospace; font-size: 12px; line-height: 18px;\" href=\"..\/wp-content\/uploads\/2008\/09\/bleu-drapeau-nuage-qc.jpg\" target=\"_blank\"><img loading=\"lazy\" class=\"alignnone  wp-image-89\" title=\"bleu-drapeau-nuage-qc\" src=\"..\/wp-content\/uploads\/2008\/09\/bleu-drapeau-nuage-qc.jpg\" alt=\"grand format bleu + Qc\" width=\"277\" height=\"185\" \/><\/a><span style=\"font-family: Consolas, Monaco, monospace; font-size: 12px; line-height: 18px;\">\u00a0\u00a0<\/span><\/p>\n<p><strong><a href=\"http:\/\/www.josettevilleneuve.com\/wp-content\/uploads\/2008\/11\/6micx.jpg\" target=\"_blank\"><img loading=\"lazy\" title=\"mixage\" src=\"http:\/\/www.josettevilleneuve.com\/wp-content\/uploads\/2008\/11\/6micx-300x207.jpg\" alt=\"\" width=\"300\" height=\"207\" \/><\/a><\/strong><\/p>\n<p><a href=\"..\/wp-content\/uploads\/2008\/11\/14villeneuve.jpg\" target=\"_blank\"><br \/>\n<\/a><\/p>\n<p>Fin ao\u00fbt 2008, Baie-St-Paul. Josette Villeneuve.<\/p>\n","protected":false},"excerpt":{"rendered":"<p>La confection des grands formats monochromes ( 203 cm x 127 cm) a pr\u00e9c\u00e9d\u00e9 ma pr\u00e9sence au 26e Symposium international de Baie-Saint-Paul en 2008. Un travail \u00e0 la fois anachronique et actuel : qui prend sa source et se construit \u00e0 la mani\u00e8re des mosa\u00efques anciennes, s&rsquo;apparente au mouvement pointillisme et d\u00e9construit l&rsquo;image en pixels.<a class=\"rmore\" href=\"https:\/\/www.josettevilleneuve.com\/?page_id=58\">&nbsp;&nbsp; Read More &#8230;<\/a><\/p>\n","protected":false},"author":1,"featured_media":0,"parent":112,"menu_order":33,"comment_status":"open","ping_status":"open","template":"","meta":[],"_links":{"self":[{"href":"https:\/\/www.josettevilleneuve.com\/index.php?rest_route=\/wp\/v2\/pages\/58"}],"collection":[{"href":"https:\/\/www.josettevilleneuve.com\/index.php?rest_route=\/wp\/v2\/pages"}],"about":[{"href":"https:\/\/www.josettevilleneuve.com\/index.php?rest_route=\/wp\/v2\/types\/page"}],"author":[{"embeddable":true,"href":"https:\/\/www.josettevilleneuve.com\/index.php?rest_route=\/wp\/v2\/users\/1"}],"replies":[{"embeddable":true,"href":"https:\/\/www.josettevilleneuve.com\/index.php?rest_route=%2Fwp%2Fv2%2Fcomments&post=58"}],"version-history":[{"count":52,"href":"https:\/\/www.josettevilleneuve.com\/index.php?rest_route=\/wp\/v2\/pages\/58\/revisions"}],"predecessor-version":[{"id":4299,"href":"https:\/\/www.josettevilleneuve.com\/index.php?rest_route=\/wp\/v2\/pages\/58\/revisions\/4299"}],"up":[{"embeddable":true,"href":"https:\/\/www.josettevilleneuve.com\/index.php?rest_route=\/wp\/v2\/pages\/112"}],"wp:attachment":[{"href":"https:\/\/www.josettevilleneuve.com\/index.php?rest_route=%2Fwp%2Fv2%2Fmedia&parent=58"}],"curies":[{"name":"wp","href":"https:\/\/api.w.org\/{rel}","templated":true}]}}