{"id":5868,"date":"2020-11-04T08:45:12","date_gmt":"2020-11-04T13:45:12","guid":{"rendered":"http:\/\/www.josettevilleneuve.com\/?page_id=5868"},"modified":"2020-11-29T09:56:34","modified_gmt":"2020-11-29T14:56:34","slug":"rever","status":"publish","type":"page","link":"https:\/\/www.josettevilleneuve.com\/?page_id=5868","title":{"rendered":"R\u00eaver"},"content":{"rendered":"\n<p class=\"has-background has-cyan-bluish-gray-background-color\">Initi\u00e9e  par Emilie Duchesne, l&rsquo;exposition collective d\u2019art urbain install\u00e9e sur  les fen\u00eatres placard\u00e9es de la gare \u00e0 Shawinigan s&rsquo;intitule MIGRATIONS. Jusqu\u2019au 30 septembre  2019. <\/p>\n\n\n\n<p>Cr\u00e9dit photo : @cyclopesphotographie. <\/p>\n\n\n\n<figure class=\"wp-block-image\"><img loading=\"lazy\" width=\"960\" height=\"528\" src=\"http:\/\/www.josettevilleneuve.com\/wp-content\/uploads\/2020\/11\/R\u00eaver-1.jpg\" alt=\"\" class=\"wp-image-6029\" srcset=\"https:\/\/www.josettevilleneuve.com\/wp-content\/uploads\/2020\/11\/R\u00eaver-1.jpg 960w, https:\/\/www.josettevilleneuve.com\/wp-content\/uploads\/2020\/11\/R\u00eaver-1-300x165.jpg 300w, https:\/\/www.josettevilleneuve.com\/wp-content\/uploads\/2020\/11\/R\u00eaver-1-768x422.jpg 768w\" sizes=\"(max-width: 960px) 100vw, 960px\" \/><\/figure>\n\n\n\n<ul class=\"wp-block-gallery columns-3 is-cropped\"><li class=\"blocks-gallery-item\"><figure><img loading=\"lazy\" width=\"960\" height=\"640\" src=\"http:\/\/www.josettevilleneuve.com\/wp-content\/uploads\/2019\/09\/67299987_2884332694915211_9007641769516466176_n-1.jpg\" alt=\"\" data-id=\"5327\" data-link=\"http:\/\/www.josettevilleneuve.com\/?attachment_id=5327\" class=\"wp-image-5327\" srcset=\"https:\/\/www.josettevilleneuve.com\/wp-content\/uploads\/2019\/09\/67299987_2884332694915211_9007641769516466176_n-1.jpg 960w, https:\/\/www.josettevilleneuve.com\/wp-content\/uploads\/2019\/09\/67299987_2884332694915211_9007641769516466176_n-1-300x200.jpg 300w, https:\/\/www.josettevilleneuve.com\/wp-content\/uploads\/2019\/09\/67299987_2884332694915211_9007641769516466176_n-1-768x512.jpg 768w\" sizes=\"(max-width: 960px) 100vw, 960px\" \/><\/figure><\/li><li class=\"blocks-gallery-item\"><figure><img loading=\"lazy\" width=\"300\" height=\"200\" src=\"http:\/\/www.josettevilleneuve.com\/wp-content\/uploads\/2019\/09\/Sans-titre-1-1.jpg\" alt=\"\" data-id=\"5359\" data-link=\"http:\/\/www.josettevilleneuve.com\/?attachment_id=5359\" class=\"wp-image-5359\"\/><\/figure><\/li><li class=\"blocks-gallery-item\"><figure><img loading=\"lazy\" width=\"960\" height=\"640\" src=\"http:\/\/www.josettevilleneuve.com\/wp-content\/uploads\/2019\/09\/67921982_2901894266492387_4681226310658293760_n-1.jpg\" alt=\"\" data-id=\"5332\" data-link=\"http:\/\/www.josettevilleneuve.com\/?attachment_id=5332\" class=\"wp-image-5332\" srcset=\"https:\/\/www.josettevilleneuve.com\/wp-content\/uploads\/2019\/09\/67921982_2901894266492387_4681226310658293760_n-1.jpg 960w, https:\/\/www.josettevilleneuve.com\/wp-content\/uploads\/2019\/09\/67921982_2901894266492387_4681226310658293760_n-1-300x200.jpg 300w, https:\/\/www.josettevilleneuve.com\/wp-content\/uploads\/2019\/09\/67921982_2901894266492387_4681226310658293760_n-1-768x512.jpg 768w\" sizes=\"(max-width: 960px) 100vw, 960px\" \/><\/figure><\/li><li class=\"blocks-gallery-item\"><figure><img loading=\"lazy\" width=\"960\" height=\"640\" src=\"http:\/\/www.josettevilleneuve.com\/wp-content\/uploads\/2019\/09\/66812860_2884332854915195_682467017684418560_n.jpg\" alt=\"\" data-id=\"5294\" data-link=\"http:\/\/www.josettevilleneuve.com\/?attachment_id=5294\" class=\"wp-image-5294\" srcset=\"https:\/\/www.josettevilleneuve.com\/wp-content\/uploads\/2019\/09\/66812860_2884332854915195_682467017684418560_n.jpg 960w, https:\/\/www.josettevilleneuve.com\/wp-content\/uploads\/2019\/09\/66812860_2884332854915195_682467017684418560_n-300x200.jpg 300w, https:\/\/www.josettevilleneuve.com\/wp-content\/uploads\/2019\/09\/66812860_2884332854915195_682467017684418560_n-768x512.jpg 768w\" sizes=\"(max-width: 960px) 100vw, 960px\" \/><figcaption> \u00ab&nbsp;R\u00caVER \u00bb, 2019. Josette Villeneuve. Acrylique sur bois. Oeuvre inspir\u00e9e d\u2019une rencontre \u2013   Aissa \u2013 et d\u2019une oeuvre d\u2019Eug\u00e8ne Delacroix \u2013 \u00ab&nbsp;Un lit d\u00e9fait&nbsp;\u00bb. <\/figcaption><\/figure><\/li><\/ul>\n\n\n\n<p>\n\/\/\/\u00ab C\u2019est un projet magistral, par sa dimension, par le lieu qu\u2019il \noccupe, sa situation g\u00e9ographique dans la ville ainsi que par \nl\u2019attachement que la population a envers ce b\u00e2timent patrimonial. <br> L\u2019ajout de nos \u0153uvres donne un coup de magie, d\u2019amour sur cet immeuble d\u00e9laiss\u00e9, abandonn\u00e9, aim\u00e9. <br>\n Le contact avec ma muse, avec les artistes, c\u2019est d\u2019la joie, des \ncontacts chaleureux et attentionn\u00e9s, une motivation. Elles sont \nmagnifiquement allum\u00e9es, rafra\u00eechissantes. \u00bb \u2013<a href=\"https:\/\/www.facebook.com\/josette.villeneuve?__tn__=%2CdKH-R-R&amp;eid=ARD581qbSdXZAEYx0X3vCQn4dp-r-ogVJUY-F5Lhqh7JHPBCHHhAH01mN3Xv-1DGLVf0Gul-pVIjwtGL&amp;fref=mentions\">Josette Villeneuve<\/a><\/p>\n\n\n\n<p class=\"has-background has-very-light-gray-background-color\"> \/\/\/ Pour  ce projet d\u2019art urbain, j\u2019ai choisi d\u2019ajouter une sc\u00e8ne  d\u2019int\u00e9rieur  sur la fen\u00eatre ext\u00e9rieure placard\u00e9e de la gare, une  inversion des  espaces. Un lit vide aux drap\u00e9s vaporeux trac\u00e9 dans des  tons cama\u00efeux  appara\u00eet sur un fond color\u00e9 imitant les joyeux boubous  africains  fleuris. Le lit \u00e9voque des secrets d\u2019alc\u00f4ve, l\u2019intimit\u00e9,  toutes ces  \u00e9tapes de la vie inscrites au creux de ce mobilier usuel, de  la  naissance \u00e0 la mort. Nuits de r\u00eave, de souffrance, de bonheur, nuits blanches \u00e0 ressasser des souvenirs en boucle ou \u00e0 apaiser la souffrance de l\u2019autre, l\u2019histoire se construit entre ces extr\u00eames, ces multiples \u00e9tats. Inspir\u00e9 d\u2019<em>Un lit d\u00e9fait<\/em> d\u2019Eug\u00e8ne Delacroix, chef de file du mouvement romantique et un des premiers \u00e0 peindre l\u2019Orient d\u2019apr\u00e8s nature apr\u00e8s un voyage en Afrique. Ce tableau invite \u00e0 s\u2019y projeter, \u00e0 l\u2019habiter, \u00e0 r\u00eaver.  <\/p>\n","protected":false},"excerpt":{"rendered":"<p>Initi\u00e9e par Emilie Duchesne, l&rsquo;exposition collective d\u2019art urbain install\u00e9e sur les fen\u00eatres placard\u00e9es de la gare \u00e0 Shawinigan s&rsquo;intitule MIGRATIONS. Jusqu\u2019au 30 septembre 2019. Cr\u00e9dit photo : @cyclopesphotographie. \/\/\/\u00ab C\u2019est un projet magistral, par sa dimension, par le lieu qu\u2019il occupe, sa situation g\u00e9ographique dans la ville ainsi que par l\u2019attachement que la population a<a class=\"rmore\" href=\"https:\/\/www.josettevilleneuve.com\/?page_id=5868\">&nbsp;&nbsp; Read More &#8230;<\/a><\/p>\n","protected":false},"author":1,"featured_media":0,"parent":0,"menu_order":0,"comment_status":"closed","ping_status":"closed","template":"","meta":[],"_links":{"self":[{"href":"https:\/\/www.josettevilleneuve.com\/index.php?rest_route=\/wp\/v2\/pages\/5868"}],"collection":[{"href":"https:\/\/www.josettevilleneuve.com\/index.php?rest_route=\/wp\/v2\/pages"}],"about":[{"href":"https:\/\/www.josettevilleneuve.com\/index.php?rest_route=\/wp\/v2\/types\/page"}],"author":[{"embeddable":true,"href":"https:\/\/www.josettevilleneuve.com\/index.php?rest_route=\/wp\/v2\/users\/1"}],"replies":[{"embeddable":true,"href":"https:\/\/www.josettevilleneuve.com\/index.php?rest_route=%2Fwp%2Fv2%2Fcomments&post=5868"}],"version-history":[{"count":7,"href":"https:\/\/www.josettevilleneuve.com\/index.php?rest_route=\/wp\/v2\/pages\/5868\/revisions"}],"predecessor-version":[{"id":6101,"href":"https:\/\/www.josettevilleneuve.com\/index.php?rest_route=\/wp\/v2\/pages\/5868\/revisions\/6101"}],"wp:attachment":[{"href":"https:\/\/www.josettevilleneuve.com\/index.php?rest_route=%2Fwp%2Fv2%2Fmedia&parent=5868"}],"curies":[{"name":"wp","href":"https:\/\/api.w.org\/{rel}","templated":true}]}}