{"id":6046,"date":"2020-11-28T13:35:07","date_gmt":"2020-11-28T18:35:07","guid":{"rendered":"http:\/\/www.josettevilleneuve.com\/?page_id=6046"},"modified":"2025-10-15T19:01:19","modified_gmt":"2025-10-15T19:01:19","slug":"groupe-2","status":"publish","type":"page","link":"https:\/\/www.josettevilleneuve.com\/?page_id=6046","title":{"rendered":"Expositions de groupe &#8211; liste"},"content":{"rendered":"\n<figure class=\"wp-block-image size-full is-resized\"><a href=\"http:\/\/www.josettevilleneuve.com\/wp-content\/uploads\/2024\/02\/musee-civilisation-320x209-1.png\"><img loading=\"lazy\" src=\"http:\/\/www.josettevilleneuve.com\/wp-content\/uploads\/2024\/02\/musee-civilisation-320x209-1.png\" alt=\"\" class=\"wp-image-7366\" width=\"127\" height=\"83\" srcset=\"https:\/\/www.josettevilleneuve.com\/wp-content\/uploads\/2024\/02\/musee-civilisation-320x209-1.png 320w, https:\/\/www.josettevilleneuve.com\/wp-content\/uploads\/2024\/02\/musee-civilisation-320x209-1-300x196.png 300w\" sizes=\"(max-width: 127px) 100vw, 127px\" \/><\/a><\/figure>\n\n\n\n<figure class=\"wp-block-gallery has-nested-images columns-default is-cropped\">\n<figure class=\"wp-block-image size-full\"><a href=\"https:\/\/www.josettevilleneuve.com\/wp-content\/uploads\/2024\/06\/jo_Texte-scaled.jpg\"><img loading=\"lazy\" width=\"2560\" height=\"1681\" data-id=\"7769\"  src=\"http:\/\/www.josettevilleneuve.com\/wp-content\/uploads\/2024\/06\/jo_Texte-scaled.jpg\" alt=\"\" class=\"wp-image-7769\" srcset=\"https:\/\/www.josettevilleneuve.com\/wp-content\/uploads\/2024\/06\/jo_Texte-scaled.jpg 2560w, https:\/\/www.josettevilleneuve.com\/wp-content\/uploads\/2024\/06\/jo_Texte-300x197.jpg 300w, https:\/\/www.josettevilleneuve.com\/wp-content\/uploads\/2024\/06\/jo_Texte-1024x673.jpg 1024w, https:\/\/www.josettevilleneuve.com\/wp-content\/uploads\/2024\/06\/jo_Texte-768x504.jpg 768w, https:\/\/www.josettevilleneuve.com\/wp-content\/uploads\/2024\/06\/jo_Texte-1536x1009.jpg 1536w, https:\/\/www.josettevilleneuve.com\/wp-content\/uploads\/2024\/06\/jo_Texte-2048x1345.jpg 2048w\" sizes=\"(max-width: 2560px) 100vw, 2560px\" \/><\/a><\/figure>\n\n\n\n<figure class=\"wp-block-image size-full\"><a href=\"https:\/\/www.josettevilleneuve.com\/wp-content\/uploads\/2024\/02\/musee-civilisation-320x209-1.png\"><img loading=\"lazy\" width=\"320\" height=\"209\" data-id=\"7366\"  src=\"http:\/\/www.josettevilleneuve.com\/wp-content\/uploads\/2024\/02\/musee-civilisation-320x209-1.png\" alt=\"\" class=\"wp-image-7366\" srcset=\"https:\/\/www.josettevilleneuve.com\/wp-content\/uploads\/2024\/02\/musee-civilisation-320x209-1.png 320w, https:\/\/www.josettevilleneuve.com\/wp-content\/uploads\/2024\/02\/musee-civilisation-320x209-1-300x196.png 300w\" sizes=\"(max-width: 320px) 100vw, 320px\" \/><\/a><\/figure>\n<\/figure>\n\n\n\n<p class=\"has-medium-font-size\"><a href=\"https:\/\/mcq.org\/decouvrir\/expositions\/le-quebec-autrement-dit\/\" target=\"_blank\" rel=\"noreferrer noopener\">\u00ab&nbsp;Le Qu\u00e9bec, autrement dit&nbsp;\u00bb<\/a><\/p>\n\n\n\n<hr class=\"wp-block-separator is-style-wide\"\/>\n\n\n\n<hr class=\"wp-block-separator is-style-wide\"\/>\n\n\n\n<figure class=\"wp-block-image size-full is-resized is-style-default\"><a href=\"http:\/\/www.josettevilleneuve.com\/wp-content\/uploads\/2024\/03\/favicon.png\"><img loading=\"lazy\" src=\"http:\/\/www.josettevilleneuve.com\/wp-content\/uploads\/2024\/03\/favicon.png\" alt=\"\" class=\"wp-image-7642\" width=\"74\" height=\"74\" srcset=\"https:\/\/www.josettevilleneuve.com\/wp-content\/uploads\/2024\/03\/favicon.png 512w, https:\/\/www.josettevilleneuve.com\/wp-content\/uploads\/2024\/03\/favicon-300x300.png 300w, https:\/\/www.josettevilleneuve.com\/wp-content\/uploads\/2024\/03\/favicon-150x150.png 150w\" sizes=\"(max-width: 74px) 100vw, 74px\" \/><\/a><figcaption>MUS\u00c9E D&rsquo;ART CONTEMPORAIN DE BAIE-SAINT-PAUL<\/figcaption><\/figure>\n\n\n\n<p>L&rsquo;exposition<strong><em> <a rel=\"noreferrer noopener\" href=\"https:\/\/macbsp.com\/expositions\/observer-la-riche-collection-du-macbsp-31\" target=\"_blank\">OBSERVER<\/a><\/em><\/strong> met en valeur la riche collection du MACBSP qui t\u00e9moigne d&rsquo;une vie artistique encore et toujours en effervescence. <\/p>\n\n\n\n<p><em>Drapeau nuage bor\u00e9al, <\/em>2008, Josette Villeneuve. \u00c9tiquettes de v\u00eatements cousues<\/p>\n\n\n\n<div class=\"wp-block-media-text alignwide is-stacked-on-mobile\" style=\"grid-template-columns:34% auto\"><figure class=\"wp-block-media-text__media\"><img loading=\"lazy\" width=\"651\" height=\"493\" src=\"http:\/\/www.josettevilleneuve.com\/wp-content\/uploads\/2022\/10\/Capture-decran-2022-10-31-110349-1.png\" alt=\"L'exposition OBSERVER met en valeur la riche collection du MACBSP qui t\u00e9moigne d'une vie artistique encore et toujours en effervescence.\" class=\"wp-image-7077 size-full\" srcset=\"https:\/\/www.josettevilleneuve.com\/wp-content\/uploads\/2022\/10\/Capture-decran-2022-10-31-110349-1.png 651w, https:\/\/www.josettevilleneuve.com\/wp-content\/uploads\/2022\/10\/Capture-decran-2022-10-31-110349-1-300x227.png 300w\" sizes=\"(max-width: 651px) 100vw, 651px\" \/><\/figure><div class=\"wp-block-media-text__content\">\n<p class=\"has-small-font-size\">En 2020-2021, c&rsquo;est sous le th\u00e8me <em><strong>R\u00e9aliser<\/strong><\/em> ou <em><strong>Les mat\u00e9riaux dans l&rsquo;histoire<\/strong><\/em> que les visiteurs pourront explorer, \u00e0 travers les oeuvres pr\u00e9sent\u00e9es, diverses facettes de la cr\u00e9ation artistique : rebuts, mat\u00e9riaux manufactur\u00e9s ou usin\u00e9s, imprim\u00e9s et autres supports sont entr\u00e9s dans le r\u00e9pertoire des mat\u00e9riaux \u00ab\u00a0artistiques\u00a0\u00bb. Recycl\u00e9s, transform\u00e9s, d\u00e9tourn\u00e9s de leur fonction originale, ils sont exp\u00e9riment\u00e9s sur le mode essaie\/erreur, sans techniques pr\u00e9\u00e9tablies. <\/p>\n<\/div><\/div>\n\n\n\n<p class=\"has-small-font-size\">Avec l&rsquo;art contemporain au XXIe si\u00e8cle, il n&rsquo;y a plus de limite : tout mat\u00e9riau peut \u00eatre employ\u00e9 et servir un propos artistique. Un sujet d&rsquo;actualit\u00e9 qui saura assur\u00e9ment int\u00e9resser un tr\u00e8s large public! L&rsquo;exp\u00e9rience immersive originale dans un dispositif multim\u00e9dia enti\u00e8rement renouvel\u00e9 en 2020 est toujours propos\u00e9e dans cette version actualis\u00e9e de l&rsquo;exposition.<\/p>\n\n\n\n<hr class=\"wp-block-separator is-style-wide\"\/>\n\n\n\n<div class=\"wp-block-media-text alignwide is-stacked-on-mobile is-image-fill\"><figure class=\"wp-block-media-text__media\" style=\"background-image:url(http:\/\/www.josettevilleneuve.com\/wp-content\/uploads\/2020\/07\/104786846_3042997482435768_6318611383922618669_o.jpg);background-position:50% 50%\"><img loading=\"lazy\" width=\"960\" height=\"960\" src=\"http:\/\/www.josettevilleneuve.com\/wp-content\/uploads\/2020\/07\/104786846_3042997482435768_6318611383922618669_o.jpg\" alt=\"\" class=\"wp-image-5721 size-full\" srcset=\"https:\/\/www.josettevilleneuve.com\/wp-content\/uploads\/2020\/07\/104786846_3042997482435768_6318611383922618669_o.jpg 960w, https:\/\/www.josettevilleneuve.com\/wp-content\/uploads\/2020\/07\/104786846_3042997482435768_6318611383922618669_o-150x150.jpg 150w, https:\/\/www.josettevilleneuve.com\/wp-content\/uploads\/2020\/07\/104786846_3042997482435768_6318611383922618669_o-300x300.jpg 300w, https:\/\/www.josettevilleneuve.com\/wp-content\/uploads\/2020\/07\/104786846_3042997482435768_6318611383922618669_o-768x768.jpg 768w\" sizes=\"(max-width: 960px) 100vw, 960px\" \/><\/figure><div class=\"wp-block-media-text__content\">\n<p class=\"has-vivid-cyan-blue-color has-text-color has-medium-font-size\"><a href=\"http:\/\/www.josettevilleneuve.com\/?page_id=6010\">La beaut\u00e9 du monde<\/a> &#8211; 2020<\/p>\n\n\n\n<p class=\"has-medium-font-size\">Mus\u00e9e Hotel des Postes, Victoriaville<\/p>\n\n\n\n<p>Invit\u00e9e par Jocelyne Fortin directrice et conservatrice du Mus\u00e9e H\u00f4tel des postes,  dans le cadre de l&rsquo;exposition th\u00e9matique : \u00ab\u00a0La beaut\u00e9 du monde\u00a0\u00bb. <\/p>\n<\/div><\/div>\n\n\n\n<hr class=\"wp-block-separator\"\/>\n\n\n\n<hr class=\"wp-block-separator is-style-wide\"\/>\n\n\n\n<div class=\"wp-block-media-text alignwide is-stacked-on-mobile\"><figure class=\"wp-block-media-text__media\"><img loading=\"lazy\" width=\"1024\" height=\"645\" src=\"http:\/\/www.josettevilleneuve.com\/wp-content\/uploads\/2020\/11\/Sans-titre-1-1024x645.jpg\" alt=\"\" class=\"wp-image-5846 size-full\" srcset=\"https:\/\/www.josettevilleneuve.com\/wp-content\/uploads\/2020\/11\/Sans-titre-1-1024x645.jpg 1024w, https:\/\/www.josettevilleneuve.com\/wp-content\/uploads\/2020\/11\/Sans-titre-1-300x189.jpg 300w, https:\/\/www.josettevilleneuve.com\/wp-content\/uploads\/2020\/11\/Sans-titre-1-768x484.jpg 768w, https:\/\/www.josettevilleneuve.com\/wp-content\/uploads\/2020\/11\/Sans-titre-1.jpg 1625w\" sizes=\"(max-width: 1024px) 100vw, 1024px\" \/><\/figure><div class=\"wp-block-media-text__content\">\n<p class=\"has-medium-font-size\"><a href=\"http:\/\/www.josettevilleneuve.com\/?page_id=5840\">Sur le motif &#8211; Interzone 2019<\/a><\/p>\n\n\n\n<p>Shawinigan<\/p>\n<\/div><\/div>\n\n\n\n<hr class=\"wp-block-separator\"\/>\n\n\n\n<hr class=\"wp-block-separator is-style-wide\"\/>\n\n\n\n<div class=\"wp-block-media-text alignwide is-stacked-on-mobile\"><figure class=\"wp-block-media-text__media\"><img loading=\"lazy\" width=\"300\" height=\"200\" src=\"http:\/\/www.josettevilleneuve.com\/wp-content\/uploads\/2019\/09\/Sans-titre-1-1.jpg\" alt=\"\" class=\"wp-image-5359 size-full\"\/><\/figure><div class=\"wp-block-media-text__content\">\n<p class=\"has-vivid-cyan-blue-color has-text-color has-medium-font-size\"><a href=\"http:\/\/www.josettevilleneuve.com\/?page_id=5868\">R\u00eaver<\/a> &#8211; 2019<\/p>\n\n\n\n<p>Oeuvre \u00e9ph\u00e9m\u00e8re, Shawinigan<\/p>\n<\/div><\/div>\n\n\n\n<hr class=\"wp-block-separator\"\/>\n\n\n\n<div class=\"wp-block-media-text alignwide is-stacked-on-mobile\"><figure class=\"wp-block-media-text__media\"><img loading=\"lazy\" width=\"960\" height=\"639\" src=\"http:\/\/www.josettevilleneuve.com\/wp-content\/uploads\/2019\/10\/71490989_10219718485370103_9103996302785511424_n.jpg\" alt=\"\" class=\"wp-image-5432 size-full\" srcset=\"https:\/\/www.josettevilleneuve.com\/wp-content\/uploads\/2019\/10\/71490989_10219718485370103_9103996302785511424_n.jpg 960w, https:\/\/www.josettevilleneuve.com\/wp-content\/uploads\/2019\/10\/71490989_10219718485370103_9103996302785511424_n-300x200.jpg 300w, https:\/\/www.josettevilleneuve.com\/wp-content\/uploads\/2019\/10\/71490989_10219718485370103_9103996302785511424_n-768x511.jpg 768w\" sizes=\"(max-width: 960px) 100vw, 960px\" \/><\/figure><div class=\"wp-block-media-text__content\">\n<p class=\"has-vivid-cyan-blue-color has-text-color has-medium-font-size\"><a href=\"http:\/\/www.josettevilleneuve.com\/?page_id=5861\">Constellation du canot<\/a> &#8211; 2019<\/p>\n\n\n\n<p>Oeuvre \u00e9ph\u00e9m\u00e8re, Shawinigan<\/p>\n<\/div><\/div>\n\n\n\n<hr class=\"wp-block-separator\"\/>\n\n\n\n<hr class=\"wp-block-separator\"\/>\n\n\n\n<div class=\"wp-block-media-text alignwide is-stacked-on-mobile is-image-fill\"><figure class=\"wp-block-media-text__media\" style=\"background-image:url(http:\/\/www.josettevilleneuve.com\/wp-content\/uploads\/2016\/10\/IMG_0666-e1478790532335-1024x1024.jpg);background-position:50% 50%\"><img loading=\"lazy\" width=\"1024\" height=\"1024\" src=\"http:\/\/www.josettevilleneuve.com\/wp-content\/uploads\/2016\/10\/IMG_0666-e1478790532335-1024x1024.jpg\" alt=\"Bruissements chromatiques\" class=\"wp-image-4376 size-full\" srcset=\"https:\/\/www.josettevilleneuve.com\/wp-content\/uploads\/2016\/10\/IMG_0666-e1478790532335-1024x1024.jpg 1024w, https:\/\/www.josettevilleneuve.com\/wp-content\/uploads\/2016\/10\/IMG_0666-e1478790532335-150x150.jpg 150w, https:\/\/www.josettevilleneuve.com\/wp-content\/uploads\/2016\/10\/IMG_0666-e1478790532335-300x300.jpg 300w, https:\/\/www.josettevilleneuve.com\/wp-content\/uploads\/2016\/10\/IMG_0666-e1478790532335.jpg 1936w\" sizes=\"(max-width: 1024px) 100vw, 1024px\" \/><\/figure><div class=\"wp-block-media-text__content\">\n<p class=\"has-medium-font-size\"><a href=\"http:\/\/www.josettevilleneuve.com\/?page_id=4356\">Bruissements chromatiques<\/a> &#8211; 2016<\/p>\n\n\n\n<p class=\"has-medium-font-size\">Centre des arts de Shawinigan<\/p>\n<\/div><\/div>\n\n\n\n<hr class=\"wp-block-separator\"\/>\n\n\n\n<div class=\"wp-block-media-text alignwide is-stacked-on-mobile\"><figure class=\"wp-block-media-text__media\"><img loading=\"lazy\" width=\"1024\" height=\"698\" src=\"http:\/\/www.josettevilleneuve.com\/wp-content\/uploads\/2020\/11\/11jvilleneuve-1024x698.jpg\" alt=\"\" class=\"wp-image-6167 size-full\" srcset=\"https:\/\/www.josettevilleneuve.com\/wp-content\/uploads\/2020\/11\/11jvilleneuve-1024x698.jpg 1024w, https:\/\/www.josettevilleneuve.com\/wp-content\/uploads\/2020\/11\/11jvilleneuve-300x204.jpg 300w, https:\/\/www.josettevilleneuve.com\/wp-content\/uploads\/2020\/11\/11jvilleneuve-768x523.jpg 768w, https:\/\/www.josettevilleneuve.com\/wp-content\/uploads\/2020\/11\/11jvilleneuve.jpg 1440w\" sizes=\"(max-width: 1024px) 100vw, 1024px\" \/><\/figure><div class=\"wp-block-media-text__content\">\n<figure class=\"wp-block-image size-full is-resized is-style-default\"><a href=\"http:\/\/www.josettevilleneuve.com\/wp-content\/uploads\/2024\/03\/1630599941135.jpg\"><img loading=\"lazy\" src=\"http:\/\/www.josettevilleneuve.com\/wp-content\/uploads\/2024\/03\/1630599941135.jpg\" alt=\"\" class=\"wp-image-7644\" width=\"69\" height=\"69\" srcset=\"https:\/\/www.josettevilleneuve.com\/wp-content\/uploads\/2024\/03\/1630599941135.jpg 200w, https:\/\/www.josettevilleneuve.com\/wp-content\/uploads\/2024\/03\/1630599941135-150x150.jpg 150w\" sizes=\"(max-width: 69px) 100vw, 69px\" \/><\/a><\/figure>\n\n\n\n<p class=\"has-vivid-cyan-blue-color has-text-color has-medium-font-size\"><a href=\"http:\/\/www.josettevilleneuve.com\/?page_id=3303\">Satellite de la biennale nationale de sculpture contemporaine<\/a> &#8211; 2014<\/p>\n\n\n\n<p class=\"has-medium-font-size\">Trois-Rivi\u00e8res &#8211; oeuvre \u00e9ph\u00e9m\u00e8re, vitrine<\/p>\n<\/div><\/div>\n\n\n\n<hr class=\"wp-block-separator\"\/>\n\n\n\n<div class=\"wp-block-media-text alignwide is-stacked-on-mobile is-image-fill\"><figure class=\"wp-block-media-text__media\" style=\"background-image:url(http:\/\/www.josettevilleneuve.com\/wp-content\/uploads\/2013\/05\/pommier.jpg);background-position:50% 50%\"><img loading=\"lazy\" width=\"900\" height=\"675\" src=\"http:\/\/www.josettevilleneuve.com\/wp-content\/uploads\/2013\/05\/pommier.jpg\" alt=\"\" class=\"wp-image-2699 size-full\" srcset=\"https:\/\/www.josettevilleneuve.com\/wp-content\/uploads\/2013\/05\/pommier.jpg 900w, https:\/\/www.josettevilleneuve.com\/wp-content\/uploads\/2013\/05\/pommier-300x225.jpg 300w\" sizes=\"(max-width: 900px) 100vw, 900px\" \/><\/figure><div class=\"wp-block-media-text__content\">\n<p class=\"has-medium-font-size\"><a href=\"http:\/\/www.josettevilleneuve.com\/?page_id=2588\">\u00c9v\u00e9nement Passage &#8211; Montmagny <\/a><\/p>\n\n\n\n<p class=\"has-medium-font-size\">2013, r\u00e9sidence<\/p>\n<\/div><\/div>\n\n\n\n<hr class=\"wp-block-separator\"\/>\n\n\n\n<div class=\"wp-block-media-text alignwide is-stacked-on-mobile is-image-fill\"><figure class=\"wp-block-media-text__media\" style=\"background-image:url(http:\/\/www.josettevilleneuve.com\/wp-content\/uploads\/2012\/03\/gap01.jpg);background-position:37% 17%\"><img loading=\"lazy\" width=\"900\" height=\"675\" src=\"http:\/\/www.josettevilleneuve.com\/wp-content\/uploads\/2012\/03\/gap01.jpg\" alt=\"40 appareils photos, pochette, pions, jouets\" class=\"wp-image-1186 size-full\" srcset=\"https:\/\/www.josettevilleneuve.com\/wp-content\/uploads\/2012\/03\/gap01.jpg 900w, https:\/\/www.josettevilleneuve.com\/wp-content\/uploads\/2012\/03\/gap01-300x225.jpg 300w\" sizes=\"(max-width: 900px) 100vw, 900px\" \/><\/figure><div class=\"wp-block-media-text__content\">\n<figure class=\"wp-block-image size-full is-resized is-style-default\"><a href=\"http:\/\/www.josettevilleneuve.com\/wp-content\/uploads\/2024\/03\/images.png\"><img loading=\"lazy\" src=\"http:\/\/www.josettevilleneuve.com\/wp-content\/uploads\/2024\/03\/images.png\" alt=\"\" class=\"wp-image-7651\" width=\"157\" height=\"133\"\/><\/a><\/figure>\n\n\n\n<p class=\"has-vivid-cyan-blue-color has-text-color has-medium-font-size\"><a href=\"http:\/\/www.josettevilleneuve.com\/?page_id=1036\">40e de la Galerie d&rsquo;art du Parc<\/a> &#8211; 2012<\/p>\n<\/div><\/div>\n\n\n\n<hr class=\"wp-block-separator\"\/>\n\n\n\n<div class=\"wp-block-media-text alignwide is-stacked-on-mobile is-image-fill\"><figure class=\"wp-block-media-text__media\" style=\"background-image:url(http:\/\/www.josettevilleneuve.com\/wp-content\/uploads\/2011\/03\/088-1024x884.jpg);background-position:50% 50%\"><img loading=\"lazy\" width=\"1024\" height=\"884\" src=\"http:\/\/www.josettevilleneuve.com\/wp-content\/uploads\/2011\/03\/088-1024x884.jpg\" alt=\"\" class=\"wp-image-1088 size-full\" srcset=\"https:\/\/www.josettevilleneuve.com\/wp-content\/uploads\/2011\/03\/088-1024x884.jpg 1024w, https:\/\/www.josettevilleneuve.com\/wp-content\/uploads\/2011\/03\/088-300x259.jpg 300w, https:\/\/www.josettevilleneuve.com\/wp-content\/uploads\/2011\/03\/088.jpg 1080w\" sizes=\"(max-width: 1024px) 100vw, 1024px\" \/><\/figure><div class=\"wp-block-media-text__content\">\n<p class=\"has-medium-font-size\"><a href=\"http:\/\/www.josettevilleneuve.com\/?page_id=1092\">150e anniversaire de Victoriaville<\/a><\/p>\n\n\n\n<p class=\"has-medium-font-size\">2011- <em>\u00ab\u00a0Accordez-vous donc, c&rsquo;est si beau l&rsquo;accord\u00e9on\u00a0\u00bb<\/em> &#8211; oeuvre \u00e9ph\u00e9m\u00e8re ext\u00e9rieure<\/p>\n<\/div><\/div>\n\n\n\n<hr class=\"wp-block-separator\"\/>\n\n\n\n<div class=\"wp-block-media-text alignwide is-stacked-on-mobile\"><figure class=\"wp-block-media-text__media\"><img loading=\"lazy\" width=\"1024\" height=\"768\" src=\"http:\/\/www.josettevilleneuve.com\/wp-content\/uploads\/2010\/08\/robe2-1024x768.jpg\" alt=\"N\/B, Jusqu'\u00e0 la derni\u00e8re minute...\" class=\"wp-image-626 size-full\" srcset=\"https:\/\/www.josettevilleneuve.com\/wp-content\/uploads\/2010\/08\/robe2-1024x768.jpg 1024w, https:\/\/www.josettevilleneuve.com\/wp-content\/uploads\/2010\/08\/robe2-300x225.jpg 300w, https:\/\/www.josettevilleneuve.com\/wp-content\/uploads\/2010\/08\/robe2.jpg 1460w\" sizes=\"(max-width: 1024px) 100vw, 1024px\" \/><\/figure><div class=\"wp-block-media-text__content\">\n<p class=\"has-vivid-cyan-blue-color has-text-color has-medium-font-size\"><a href=\"http:\/\/www.josettevilleneuve.com\/?page_id=801\">Jusqu&rsquo;\u00e0 la derni\u00e8re minute<\/a> &#8211; 2010<\/p>\n\n\n\n<p>Maison de la culture de Trois-Rivi\u00e8res<\/p>\n\n\n\n<figure class=\"wp-block-image size-large is-resized is-style-default\"><a href=\"http:\/\/www.josettevilleneuve.com\/wp-content\/uploads\/2024\/03\/344569872_942502596940562_4080711523307667780_n.jpg\"><img loading=\"lazy\" src=\"http:\/\/www.josettevilleneuve.com\/wp-content\/uploads\/2024\/03\/344569872_942502596940562_4080711523307667780_n-1024x1024.jpg\" alt=\"\" class=\"wp-image-7657\" width=\"75\" height=\"75\" srcset=\"https:\/\/www.josettevilleneuve.com\/wp-content\/uploads\/2024\/03\/344569872_942502596940562_4080711523307667780_n-1024x1024.jpg 1024w, https:\/\/www.josettevilleneuve.com\/wp-content\/uploads\/2024\/03\/344569872_942502596940562_4080711523307667780_n-300x300.jpg 300w, https:\/\/www.josettevilleneuve.com\/wp-content\/uploads\/2024\/03\/344569872_942502596940562_4080711523307667780_n-150x150.jpg 150w, https:\/\/www.josettevilleneuve.com\/wp-content\/uploads\/2024\/03\/344569872_942502596940562_4080711523307667780_n-768x768.jpg 768w, https:\/\/www.josettevilleneuve.com\/wp-content\/uploads\/2024\/03\/344569872_942502596940562_4080711523307667780_n.jpg 1080w\" sizes=\"(max-width: 75px) 100vw, 75px\" \/><\/a><\/figure>\n<\/div><\/div>\n\n\n\n<hr class=\"wp-block-separator\"\/>\n\n\n\n<div class=\"wp-block-media-text alignwide is-stacked-on-mobile\"><figure class=\"wp-block-media-text__media\"><img loading=\"lazy\" width=\"1440\" height=\"1077\" src=\"http:\/\/www.josettevilleneuve.com\/wp-content\/uploads\/2010\/03\/vitrine-alma.jpg\" alt=\"\" class=\"wp-image-230 size-full\" srcset=\"https:\/\/www.josettevilleneuve.com\/wp-content\/uploads\/2010\/03\/vitrine-alma.jpg 1440w, https:\/\/www.josettevilleneuve.com\/wp-content\/uploads\/2010\/03\/vitrine-alma-300x224.jpg 300w\" sizes=\"(max-width: 1440px) 100vw, 1440px\" \/><\/figure><div class=\"wp-block-media-text__content\">\n<p class=\"has-medium-font-size\"><a href=\"http:\/\/www.josettevilleneuve.com\/?page_id=255\">Utopique forum artistique<\/a><\/p>\n\n\n\n<p>2010, r\u00e9sidence, Alma<\/p>\n<\/div><\/div>\n\n\n\n<hr class=\"wp-block-separator\"\/>\n\n\n\n<div class=\"wp-block-media-text alignwide is-stacked-on-mobile is-image-fill\"><figure class=\"wp-block-media-text__media\" style=\"background-image:url(http:\/\/www.josettevilleneuve.com\/wp-content\/uploads\/2009\/08\/980151.jpg);background-position:50% 50%\"><img loading=\"lazy\" width=\"435\" height=\"290\" src=\"http:\/\/www.josettevilleneuve.com\/wp-content\/uploads\/2009\/08\/980151.jpg\" alt=\"\" class=\"wp-image-208 size-full\" srcset=\"https:\/\/www.josettevilleneuve.com\/wp-content\/uploads\/2009\/08\/980151.jpg 435w, https:\/\/www.josettevilleneuve.com\/wp-content\/uploads\/2009\/08\/980151-300x200.jpg 300w\" sizes=\"(max-width: 435px) 100vw, 435px\" \/><\/figure><div class=\"wp-block-media-text__content\">\n<figure class=\"wp-block-image size-full is-resized is-style-default\"><a href=\"http:\/\/www.josettevilleneuve.com\/wp-content\/uploads\/2024\/03\/images-1.png\"><img loading=\"lazy\" src=\"http:\/\/www.josettevilleneuve.com\/wp-content\/uploads\/2024\/03\/images-1.png\" alt=\"\" class=\"wp-image-7653\" width=\"97\" height=\"97\" srcset=\"https:\/\/www.josettevilleneuve.com\/wp-content\/uploads\/2024\/03\/images-1.png 204w, https:\/\/www.josettevilleneuve.com\/wp-content\/uploads\/2024\/03\/images-1-150x150.png 150w\" sizes=\"(max-width: 97px) 100vw, 97px\" \/><\/a><\/figure>\n\n\n\n<p class=\"has-medium-font-size\"><a href=\"http:\/\/www.josettevilleneuve.com\/?page_id=213\">\u00c9v\u00e9nement satellite de la BIEC<\/a> &#8211; 2009<\/p>\n<\/div><\/div>\n\n\n\n<hr class=\"wp-block-separator\"\/>\n\n\n\n<div class=\"wp-block-media-text alignwide is-stacked-on-mobile is-image-fill\"><figure class=\"wp-block-media-text__media\" style=\"background-image:url(http:\/\/www.josettevilleneuve.com\/wp-content\/uploads\/2008\/07\/vvmat.bmp);background-position:50% 50%\"><img src=\"http:\/\/www.josettevilleneuve.com\/wp-content\/uploads\/2008\/07\/vvmat.bmp\" alt=\"\" class=\"wp-image-65 size-full\"\/><\/figure><div class=\"wp-block-media-text__content\">\n<p class=\"has-medium-font-size\"><a href=\"http:\/\/www.josettevilleneuve.com\/?page_id=64\">Bourse Loto-Qu\u00e9bec <\/a> &#8211; 2006<\/p>\n\n\n\n<p>\u00ab\u00a0Mon premier atlas rotatif\u00a0\u00bb<\/p>\n\n\n\n<p><\/p>\n<\/div><\/div>\n\n\n\n<hr class=\"wp-block-separator\"\/>\n","protected":false},"excerpt":{"rendered":"<p>\u00ab&nbsp;Le Qu\u00e9bec, autrement dit&nbsp;\u00bb L&rsquo;exposition OBSERVER met en valeur la riche collection du MACBSP qui t\u00e9moigne d&rsquo;une vie artistique encore et toujours en effervescence. Drapeau nuage bor\u00e9al, 2008, Josette Villeneuve. \u00c9tiquettes de v\u00eatements cousues En 2020-2021, c&rsquo;est sous le th\u00e8me R\u00e9aliser ou Les mat\u00e9riaux dans l&rsquo;histoire que les visiteurs pourront explorer, \u00e0 travers les oeuvres<a class=\"rmore\" href=\"https:\/\/www.josettevilleneuve.com\/?page_id=6046\">&nbsp;&nbsp; Read More &#8230;<\/a><\/p>\n","protected":false},"author":1,"featured_media":0,"parent":0,"menu_order":0,"comment_status":"closed","ping_status":"closed","template":"","meta":[],"_links":{"self":[{"href":"https:\/\/www.josettevilleneuve.com\/index.php?rest_route=\/wp\/v2\/pages\/6046"}],"collection":[{"href":"https:\/\/www.josettevilleneuve.com\/index.php?rest_route=\/wp\/v2\/pages"}],"about":[{"href":"https:\/\/www.josettevilleneuve.com\/index.php?rest_route=\/wp\/v2\/types\/page"}],"author":[{"embeddable":true,"href":"https:\/\/www.josettevilleneuve.com\/index.php?rest_route=\/wp\/v2\/users\/1"}],"replies":[{"embeddable":true,"href":"https:\/\/www.josettevilleneuve.com\/index.php?rest_route=%2Fwp%2Fv2%2Fcomments&post=6046"}],"version-history":[{"count":58,"href":"https:\/\/www.josettevilleneuve.com\/index.php?rest_route=\/wp\/v2\/pages\/6046\/revisions"}],"predecessor-version":[{"id":8016,"href":"https:\/\/www.josettevilleneuve.com\/index.php?rest_route=\/wp\/v2\/pages\/6046\/revisions\/8016"}],"wp:attachment":[{"href":"https:\/\/www.josettevilleneuve.com\/index.php?rest_route=%2Fwp%2Fv2%2Fmedia&parent=6046"}],"curies":[{"name":"wp","href":"https:\/\/api.w.org\/{rel}","templated":true}]}}