{"id":64,"date":"2008-07-22T09:05:27","date_gmt":"2008-07-22T13:05:27","guid":{"rendered":"http:\/\/www.josettevilleneuve.com\/?page_id=64"},"modified":"2020-11-28T13:55:28","modified_gmt":"2020-11-28T18:55:28","slug":"expo-vente-loto-quebec-cote-jardin","status":"publish","type":"page","link":"https:\/\/www.josettevilleneuve.com\/?page_id=64","title":{"rendered":"Biennale nationale de sculpture contemporaine 2006 \/ Prix Loto-Qu\u00e9bec"},"content":{"rendered":"<p>Prix Loto-Qu\u00e9bec remis \u00e0 Josette Villeneuve pour :<em> \u00ab\u00a0Mon premier atlas rotatif\u00a0\u00bb<\/em><\/p>\n<p>En marge de sa programmation officielle, la <strong>Biennale nationale de sculpture contemporaine 2006<\/strong> <strong>(BNSC 06)<\/strong> pr\u00e9sente l&rsquo;Expo-vente Loto-Qu\u00e9bec dans la cour arri\u00e8re de la Galerie d&rsquo;art du Parc.<\/p>\n<p><a href=\"http:\/\/www.josettevilleneuve.com\/wp-content\/uploads\/2008\/07\/vvmat.bmp\"><img class=\"alignnone size-medium wp-image-65\" title=\"vire-vent\" src=\"http:\/\/www.josettevilleneuve.com\/wp-content\/uploads\/2008\/07\/vvmat.bmp\" alt=\"cartes et plans \/ ac\u00e9tate, billes, fil de plastique\" \/><\/a><\/p>\n<blockquote><p><em>\u00ab\u00a0Mon premier atlas rotatif\u00a0\u00bb.<\/em> Josette Villeneuve, 2006. Plans et cartes sur ac\u00e9tate, billes de plastic, fil de plastic, fourches de v\u00e9lo. (Photo : Mathieu Corriveau)<\/p><\/blockquote>\n<p>Article de presse :<\/p>\n<p><a href=\"http:\/\/www.voir.ca\/publishing\/article.aspx?zone=4&amp;section=20&amp;article=43192\">http:\/\/www.voir.ca\/publishing\/article.aspx?zone=4\u00a7ion=20&amp;article=43192<\/a><\/p>\n<p><span id=\"ctl00_ctl00_MainContent_MainColumn_ctl00_LBLAdvanceSubTitle\" class=\"TXT_C03_LRG\" style=\"width: 500px; font-weight: bold;\">La Biennale nationale de sculpture contemporaine<\/span><\/p>\n<div id=\"ctl00_ctl00_MainContent_MainColumn_ctl00_PNLAdvanceTitle\"><span id=\"ctl00_ctl00_MainContent_MainColumn_ctl00_LBLAdvanceTitle\" class=\"TXTArticleTitle\">Dehors!<\/span><\/div>\n<p><img id=\"ctl00_ctl00_MainContent_MainColumn_ctl00_IMGAdvanceSpacer\" style=\"height: 6px; border-width: 0px;\" src=\"http:\/\/static.voir.ca\/_images\/util\/spacer.gif\" alt=\" \" \/><br \/>\n<img id=\"ctl00_ctl00_MainContent_MainColumn_ctl00_IMGAdvanceLine\" style=\"width: 100%; height: 1px; border-width: 0px;\" src=\"http:\/\/static.voir.ca\/_images\/util\/spacer_e3e3e3.gif\" alt=\" \" \/><\/p>\n<div id=\"ctl00_ctl00_MainContent_MainColumn_ctl00_PNLAdvanceAuthorTypeDate\" class=\"DivAdvanceAuthorTypeDate60\"><span class=\"FloatRight\"><span id=\"ctl00_ctl00_MainContent_MainColumn_ctl00_LBLAdvanceType\" class=\"TXT_C03_NML\" style=\"font-weight: bold;\">ARTICLE<\/span> &#8211; <span id=\"ctl00_ctl00_MainContent_MainColumn_ctl00_LBLAdvanceDate\" class=\"TXT_C03_NML\">17 ao\u00fbt 2006<\/span> <\/span><\/div>\n<div id=\"ctl00_ctl00_MainContent_MainColumn_ctl00_PNLAdvanceAuthor\"><a id=\"ctl00_ctl00_MainContent_MainColumn_ctl00_LNKAdvanceAuthorPhoto\" class=\"LNK_C03_NML\"><\/a><img id=\"ctl00_ctl00_MainContent_MainColumn_ctl00_IMGAdvanceAuthorPhoto\" class=\"FloatLeft\" style=\"width: 40px; height: 40px; border-width: 0px;\" src=\"http:\/\/static.voir.ca\/_journalistes\/karinegelinas.jpg\" alt=\"Karine G\u00e9linas\" \/><span id=\"ctl00_ctl00_MainContent_MainColumn_ctl00_LBLAdvanceAuthor\" class=\"DivArticleAuthorName\">Karine G\u00e9linas<\/span><\/div>\n<div id=\"ctl00_ctl00_MainContent_MainColumn_ctl00_PNLAdvancePhoto\" class=\"FloatRight\" style=\"width: 220px;\">\n<table border=\"0\" width=\"100%\" cellspacing=\"0\" cellpadding=\"0\">\n<tbody>\n<tr>\n<td align=\"right\"><a id=\"ctl00_ctl00_MainContent_MainColumn_ctl00_LNKAdvancePhoto\" href=\"http:\/\/media.voir.ca\/pictures\/30\/30696_1.jpg\" target=\"_blank\" rel=\"noopener\"><img id=\"ctl00_ctl00_MainContent_MainColumn_ctl00_IMGAdvancePhoto\" style=\"width: 170px; height: 256px; border-width: 0px;\" src=\"http:\/\/media.voir.ca\/pictures\/30\/30696_1.jpg\" alt=\"\" \/><\/a><\/td>\n<\/tr>\n<tr>\n<td align=\"right\"><\/td>\n<\/tr>\n<\/tbody>\n<\/table>\n<\/div>\n<p><span id=\"ctl00_ctl00_MainContent_MainColumn_ctl00_LBLAdvanceChapeau\" style=\"font-style: italic;\">La BNSC, toujours aussi originale, s&rsquo;\u00e9tend maintenant jusqu&rsquo;au jardin de la Galerie d&rsquo;art du Parc.<br \/>\n<\/span><\/p>\n<p>Pour ses derni\u00e8res semaines, la Biennale nationale de sculpture contemporaine prend l&rsquo;air. En marge de sa programmation officielle, elle pr\u00e9sente l&rsquo;Expo-vente Loto-Qu\u00e9bec dans la cour arri\u00e8re de la Galerie d&rsquo;art du Parc.<\/p>\n<p>\u00c9cureuils masqu\u00e9s, cube de ciment int\u00e9gr\u00e9 \u00e0 l&rsquo;environnement, personnage de cire au centre d&rsquo;un cocon de bois, guirlandes de pommes&#8230; Les sculptures expos\u00e9es explorent des lieux fort diff\u00e9rents. Alors que certaines pourraient \u00eatre install\u00e9es en permanence dans le jardin, d&rsquo;autres se distinguent par leur fragilit\u00e9 et leur c\u00f4t\u00e9 \u00e9ph\u00e9m\u00e8re. En observant l&rsquo;alt\u00e9ration \u00e9vidente de certaines cr\u00e9ations au fil des jours, on peut se questionner sur la notion d&rsquo;expo-vente. \u00ab\u00a0L&rsquo;Expo-vente, c&rsquo;est trompeur!\u00a0\u00bb pr\u00e9cise <strong>Jos\u00e9e Wingen<\/strong>, directrice artistique de la BNSC. \u00ab\u00a0La collection Loto-Qu\u00e9bec, c&rsquo;est essentiellement de l&rsquo;estampe et de la peinture. Loto-Qu\u00e9bec fait une collaboration avec nous. Mais il ne peut pas acqu\u00e9rir une oeuvre, comme sa collection se prom\u00e8ne dans les bureaux gouvernementaux et que la sculpture, c&rsquo;est difficile \u00e0 placer.\u00a0\u00bb Au lieu d&rsquo;acqu\u00e9rir une oeuvre, l&rsquo;institution a donc pr\u00e9f\u00e9r\u00e9 offrir une bourse de 1000 $ \u00e0 l&rsquo;un des huit artistes participants. Celle-ci a d&rsquo;ailleurs \u00e9t\u00e9 remise \u00e0 <strong>Josette Villeneuve<\/strong> pour ses h\u00e9lices de couleur.<\/p>\n<p>Des 14 artistes de la BNSC, cinq participent \u00e0 ce projet parall\u00e8le, soit <strong>Ani Desch\u00eanes<\/strong>, <strong>Marc Dulude<\/strong>, <strong>Jos\u00e9e Fafard<\/strong>, <strong>Roger Gaudreau<\/strong> et <strong>Josette Villeneuve<\/strong>. \u00ab\u00a0C&rsquo;est chouette parce que \u00e7a nous permet de voir deux oeuvres du m\u00eame artiste, mais dans des contextes diff\u00e9rents. Et tu vois que les d\u00e9marches vont ensemble, qu&rsquo;elles sont coh\u00e9rentes\u00a0\u00bb, ajoute la responsable du projet. Les autres sculpteurs sont <strong>Lynda Baril<\/strong>, <strong>Chantal Brulotte<\/strong> et <strong>Guylaine Champoux<\/strong>.<\/p>\n<p>Jusqu&rsquo;au 3 septembre<br \/>\nDans le jardin de la Galerie d&rsquo;art du Parc<br \/>\nVoir calendrier <strong>Arts visuels<\/strong><\/p>\n<div id=\"ctl00_ctl00_MainContent_MainColumn_ctl00_PNLAdvance\"><\/div>\n","protected":false},"excerpt":{"rendered":"<p>Prix Loto-Qu\u00e9bec remis \u00e0 Josette Villeneuve pour : \u00ab\u00a0Mon premier atlas rotatif\u00a0\u00bb En marge de sa programmation officielle, la Biennale nationale de sculpture contemporaine 2006 (BNSC 06) pr\u00e9sente l&rsquo;Expo-vente Loto-Qu\u00e9bec dans la cour arri\u00e8re de la Galerie d&rsquo;art du Parc. \u00ab\u00a0Mon premier atlas rotatif\u00a0\u00bb. Josette Villeneuve, 2006. Plans et cartes sur ac\u00e9tate, billes de plastic,<a class=\"rmore\" href=\"https:\/\/www.josettevilleneuve.com\/?page_id=64\">&nbsp;&nbsp; Read More &#8230;<\/a><\/p>\n","protected":false},"author":1,"featured_media":0,"parent":109,"menu_order":67,"comment_status":"open","ping_status":"open","template":"","meta":[],"_links":{"self":[{"href":"https:\/\/www.josettevilleneuve.com\/index.php?rest_route=\/wp\/v2\/pages\/64"}],"collection":[{"href":"https:\/\/www.josettevilleneuve.com\/index.php?rest_route=\/wp\/v2\/pages"}],"about":[{"href":"https:\/\/www.josettevilleneuve.com\/index.php?rest_route=\/wp\/v2\/types\/page"}],"author":[{"embeddable":true,"href":"https:\/\/www.josettevilleneuve.com\/index.php?rest_route=\/wp\/v2\/users\/1"}],"replies":[{"embeddable":true,"href":"https:\/\/www.josettevilleneuve.com\/index.php?rest_route=%2Fwp%2Fv2%2Fcomments&post=64"}],"version-history":[{"count":5,"href":"https:\/\/www.josettevilleneuve.com\/index.php?rest_route=\/wp\/v2\/pages\/64\/revisions"}],"predecessor-version":[{"id":6050,"href":"https:\/\/www.josettevilleneuve.com\/index.php?rest_route=\/wp\/v2\/pages\/64\/revisions\/6050"}],"up":[{"embeddable":true,"href":"https:\/\/www.josettevilleneuve.com\/index.php?rest_route=\/wp\/v2\/pages\/109"}],"wp:attachment":[{"href":"https:\/\/www.josettevilleneuve.com\/index.php?rest_route=%2Fwp%2Fv2%2Fmedia&parent=64"}],"curies":[{"name":"wp","href":"https:\/\/api.w.org\/{rel}","templated":true}]}}