{"id":7216,"date":"2022-12-29T21:12:03","date_gmt":"2022-12-29T21:12:03","guid":{"rendered":"http:\/\/www.josettevilleneuve.com\/?page_id=7216"},"modified":"2023-01-04T22:32:06","modified_gmt":"2023-01-04T22:32:06","slug":"interzone-2022-2","status":"publish","type":"page","link":"https:\/\/www.josettevilleneuve.com\/?page_id=7216","title":{"rendered":"Interzone 2022"},"content":{"rendered":"\n<p>5e \u00e9dition &#8211; 7 artistes tout-terrain r\u00e9alisent des murales en direct dans le centre-ville de Shawinigan :<\/p>\n\n\n\n<ul><li>Lucas Blais Gamache<\/li><li>Marie-Jeanne Decoste<\/li><li>J\u00e9r\u00e9mie Deschamps-Bussi\u00e8res<\/li><li>Myriam Fauteux<\/li><li>Roxanne Lacourci\u00e8re<\/li><li>Sonia Payette<\/li><li>Caroline Potvin<\/li><li>Et le camp estival interculturel du SANA.<\/li><\/ul>\n\n\n\n<figure class=\"wp-block-gallery has-nested-images columns-default is-cropped\">\n<figure class=\"wp-block-image size-large is-style-default\"><a href=\"http:\/\/www.josettevilleneuve.com\/wp-content\/uploads\/2022\/12\/Sans-titre-1.jpg\"><img loading=\"lazy\" width=\"1024\" height=\"625\" data-id=\"7224\"  src=\"http:\/\/www.josettevilleneuve.com\/wp-content\/uploads\/2022\/12\/Sans-titre-1.jpg\" alt=\"\" class=\"wp-image-7224\" srcset=\"https:\/\/www.josettevilleneuve.com\/wp-content\/uploads\/2022\/12\/Sans-titre-1.jpg 1024w, https:\/\/www.josettevilleneuve.com\/wp-content\/uploads\/2022\/12\/Sans-titre-1-300x183.jpg 300w, https:\/\/www.josettevilleneuve.com\/wp-content\/uploads\/2022\/12\/Sans-titre-1-768x469.jpg 768w\" sizes=\"(max-width: 1024px) 100vw, 1024px\" \/><\/a><figcaption>Lucas Blais Gamache<\/figcaption><\/figure>\n\n\n\n<figure class=\"wp-block-image size-large is-style-default\"><a href=\"http:\/\/www.josettevilleneuve.com\/wp-content\/uploads\/2022\/12\/Potvin_web.jpg\"><img loading=\"lazy\" width=\"1024\" height=\"683\" data-id=\"7222\"  src=\"http:\/\/www.josettevilleneuve.com\/wp-content\/uploads\/2022\/12\/Potvin_web-1024x683.jpg\" alt=\"\" class=\"wp-image-7222\" srcset=\"https:\/\/www.josettevilleneuve.com\/wp-content\/uploads\/2022\/12\/Potvin_web-1024x683.jpg 1024w, https:\/\/www.josettevilleneuve.com\/wp-content\/uploads\/2022\/12\/Potvin_web-300x200.jpg 300w, https:\/\/www.josettevilleneuve.com\/wp-content\/uploads\/2022\/12\/Potvin_web-768x512.jpg 768w, https:\/\/www.josettevilleneuve.com\/wp-content\/uploads\/2022\/12\/Potvin_web.jpg 1536w\" sizes=\"(max-width: 1024px) 100vw, 1024px\" \/><\/a><figcaption>Caroline Potvin<\/figcaption><\/figure>\n\n\n\n<figure class=\"wp-block-image size-large is-style-default\"><a href=\"http:\/\/www.josettevilleneuve.com\/wp-content\/uploads\/2022\/12\/ApNSua9E-scaled.jpeg\"><img loading=\"lazy\" width=\"1024\" height=\"683\" data-id=\"7218\"  src=\"http:\/\/www.josettevilleneuve.com\/wp-content\/uploads\/2022\/12\/ApNSua9E-1024x683.jpeg\" alt=\"\" class=\"wp-image-7218\" srcset=\"https:\/\/www.josettevilleneuve.com\/wp-content\/uploads\/2022\/12\/ApNSua9E-1024x683.jpeg 1024w, https:\/\/www.josettevilleneuve.com\/wp-content\/uploads\/2022\/12\/ApNSua9E-300x200.jpeg 300w, https:\/\/www.josettevilleneuve.com\/wp-content\/uploads\/2022\/12\/ApNSua9E-768x512.jpeg 768w, https:\/\/www.josettevilleneuve.com\/wp-content\/uploads\/2022\/12\/ApNSua9E-1536x1024.jpeg 1536w, https:\/\/www.josettevilleneuve.com\/wp-content\/uploads\/2022\/12\/ApNSua9E-2048x1366.jpeg 2048w\" sizes=\"(max-width: 1024px) 100vw, 1024px\" \/><\/a><figcaption>J\u00e9r\u00e9mie Deschamps Bussi\u00e8res<\/figcaption><\/figure>\n\n\n\n<figure class=\"wp-block-image size-large is-style-default\"><a href=\"http:\/\/www.josettevilleneuve.com\/wp-content\/uploads\/2022\/12\/Sans-titre-1-1.jpg\"><img loading=\"lazy\" width=\"1024\" height=\"683\" data-id=\"7227\"  src=\"http:\/\/www.josettevilleneuve.com\/wp-content\/uploads\/2022\/12\/Sans-titre-1-1.jpg\" alt=\"\" class=\"wp-image-7227\" srcset=\"https:\/\/www.josettevilleneuve.com\/wp-content\/uploads\/2022\/12\/Sans-titre-1-1.jpg 1024w, https:\/\/www.josettevilleneuve.com\/wp-content\/uploads\/2022\/12\/Sans-titre-1-1-300x200.jpg 300w, https:\/\/www.josettevilleneuve.com\/wp-content\/uploads\/2022\/12\/Sans-titre-1-1-768x512.jpg 768w\" sizes=\"(max-width: 1024px) 100vw, 1024px\" \/><\/a><figcaption>Myriam Fauteux<\/figcaption><\/figure>\n\n\n\n<figure class=\"wp-block-image size-large is-style-default\"><a href=\"http:\/\/www.josettevilleneuve.com\/wp-content\/uploads\/2022\/12\/rox-0020.jpg\"><img loading=\"lazy\" width=\"1024\" height=\"683\" data-id=\"7226\"  src=\"http:\/\/www.josettevilleneuve.com\/wp-content\/uploads\/2022\/12\/rox-0020.jpg\" alt=\"\" class=\"wp-image-7226\" srcset=\"https:\/\/www.josettevilleneuve.com\/wp-content\/uploads\/2022\/12\/rox-0020.jpg 1024w, https:\/\/www.josettevilleneuve.com\/wp-content\/uploads\/2022\/12\/rox-0020-300x200.jpg 300w, https:\/\/www.josettevilleneuve.com\/wp-content\/uploads\/2022\/12\/rox-0020-768x512.jpg 768w\" sizes=\"(max-width: 1024px) 100vw, 1024px\" \/><\/a><figcaption>Roxanne Lacourci\u00e8re<\/figcaption><\/figure>\n\n\n\n<figure class=\"wp-block-image size-large is-style-default\"><a href=\"http:\/\/www.josettevilleneuve.com\/wp-content\/uploads\/2022\/12\/SANAserpEche-0011.jpg\"><img loading=\"lazy\" width=\"1024\" height=\"683\" data-id=\"7225\"  src=\"http:\/\/www.josettevilleneuve.com\/wp-content\/uploads\/2022\/12\/SANAserpEche-0011.jpg\" alt=\"\" class=\"wp-image-7225\" srcset=\"https:\/\/www.josettevilleneuve.com\/wp-content\/uploads\/2022\/12\/SANAserpEche-0011.jpg 1024w, https:\/\/www.josettevilleneuve.com\/wp-content\/uploads\/2022\/12\/SANAserpEche-0011-300x200.jpg 300w, https:\/\/www.josettevilleneuve.com\/wp-content\/uploads\/2022\/12\/SANAserpEche-0011-768x512.jpg 768w\" sizes=\"(max-width: 1024px) 100vw, 1024px\" \/><\/a><figcaption>Sonia Payette<\/figcaption><\/figure>\n\n\n\n<figure class=\"wp-block-image size-large is-style-default\"><a href=\"http:\/\/www.josettevilleneuve.com\/wp-content\/uploads\/2022\/12\/JyRI3rU-scaled.jpeg\"><img loading=\"lazy\" width=\"1024\" height=\"683\" data-id=\"7217\"  src=\"http:\/\/www.josettevilleneuve.com\/wp-content\/uploads\/2022\/12\/JyRI3rU-1024x683.jpeg\" alt=\"\" class=\"wp-image-7217\" srcset=\"https:\/\/www.josettevilleneuve.com\/wp-content\/uploads\/2022\/12\/JyRI3rU-1024x683.jpeg 1024w, https:\/\/www.josettevilleneuve.com\/wp-content\/uploads\/2022\/12\/JyRI3rU-300x200.jpeg 300w, https:\/\/www.josettevilleneuve.com\/wp-content\/uploads\/2022\/12\/JyRI3rU-768x512.jpeg 768w, https:\/\/www.josettevilleneuve.com\/wp-content\/uploads\/2022\/12\/JyRI3rU-1536x1024.jpeg 1536w, https:\/\/www.josettevilleneuve.com\/wp-content\/uploads\/2022\/12\/JyRI3rU-2048x1365.jpeg 2048w\" sizes=\"(max-width: 1024px) 100vw, 1024px\" \/><\/a><figcaption>Marie-Jeanne Decostes<\/figcaption><\/figure>\n\n\n\n<figure class=\"wp-block-image size-large is-style-default\"><a href=\"http:\/\/www.josettevilleneuve.com\/wp-content\/uploads\/2022\/12\/dXfHwPOU-scaled.jpeg\"><img loading=\"lazy\" width=\"1024\" height=\"683\" data-id=\"7235\"  src=\"http:\/\/www.josettevilleneuve.com\/wp-content\/uploads\/2022\/12\/dXfHwPOU-1024x683.jpeg\" alt=\"\" class=\"wp-image-7235\" srcset=\"https:\/\/www.josettevilleneuve.com\/wp-content\/uploads\/2022\/12\/dXfHwPOU-1024x683.jpeg 1024w, https:\/\/www.josettevilleneuve.com\/wp-content\/uploads\/2022\/12\/dXfHwPOU-300x200.jpeg 300w, https:\/\/www.josettevilleneuve.com\/wp-content\/uploads\/2022\/12\/dXfHwPOU-768x512.jpeg 768w, https:\/\/www.josettevilleneuve.com\/wp-content\/uploads\/2022\/12\/dXfHwPOU-1536x1024.jpeg 1536w, https:\/\/www.josettevilleneuve.com\/wp-content\/uploads\/2022\/12\/dXfHwPOU-2048x1365.jpeg 2048w\" sizes=\"(max-width: 1024px) 100vw, 1024px\" \/><\/a><figcaption>Camp interculturel estival du SANA<\/figcaption><\/figure>\n<\/figure>\n\n\n\n<hr class=\"wp-block-separator is-style-wide\"\/>\n\n\n\n<p>   <\/p>\n\n\n\n<hr class=\"wp-block-separator is-style-wide\"\/>\n\n\n\n<h2>Texte de l&rsquo;\u00e9dition 2022 par \u00c9milie Duchesne<\/h2>\n\n\n\n<pre class=\"wp-block-verse\">\"Un, deux, trois, quatre, cinq. Elles \u00e9taient cinq.<br>Cinq artistes, femmes, puis deux, deux architectes aussi.<br>&nbsp;<br>Une. Une ruelle.<br>Un clignement d\u2019oeil\u2026 Et cinq.<br>Cinq ann\u00e9es sont pass\u00e9es.<br>&nbsp;<br>Flashback:<br>&nbsp;<br>2018, ann\u00e9e racine. Interzone jaillit des craques du bitume et d\u00e9ploie ses ramifications dans les espaces placard\u00e9s d\u2019une ruelle de Shawinigan. Six oeuvres d\u2019art contemporaines, entre escaliers et poubelles. Un d\u00e9but. Une graine sem\u00e9e \u00e0 m\u00eame la crasse et le macadam.<br>&nbsp;<br>2019, ann\u00e9e bourgeon. C\u2019est le printemps d\u2019Interzone. \u00c7a foisonne. L\u2019art fleurit maintenant dans des espaces qui autrefois \u00e9taient anonymes, ignor\u00e9s, gris. Les visiteurs sont au rendez-vous, encore plus nombreux \u00e0 d\u00e9couvrir et appr\u00e9cier ce nouvel espace urbain transitoire, cet improbable mus\u00e9e \u00e0 ciel ouvert au coeur de la ville.<br>&nbsp;<br>2020, ann\u00e9e perce-neige. Suivant un premier long et froid hiver pand\u00e9mique, Interzone rena\u00eet. Premi\u00e8re floraison de culture depuis ce qui semble des si\u00e8cles de confinement, l\u2019\u00e9v\u00e8nement ram\u00e8ne la couleur, ensoleille la ruelle, gagne la rue et s\u2019enracine d\u00e9finitivement dans le coeur des Shawiniganais.<br>&nbsp;<br>2021, ann\u00e9e bouquet. On r\u00e9colte ce que l\u2019on a sem\u00e9. Coll\u00e9gialit\u00e9, audace, fiert\u00e9. Le jardin a bien grandi. La ruelle a litt\u00e9ralement un parfum d\u2019art enivrant. Cette ann\u00e9e-l\u00e0, c\u2019est pas moins de vingt-cinq \u00eelots de cr\u00e9ation qu\u2019on pouvait y compter.<br>&nbsp;<br>2022, ann\u00e9e fruit. Trouvant leurs marques dans ce qui feel un peu comme une \u00e8re nouvelle, les artistes de la cinqui\u00e8me \u00e9dition d\u2019Interzone en ont long \u00e0 dire et beaucoup \u00e0 montrer. Chacun ayant une pratique s\u2019inscrivant dans une d\u00e9marche qui lui est propre, ils construisent n\u00e9anmoins, ensemble, l\u2019Interzone.<br>&nbsp;<br>Six, douze, dix-huit, vingt-cinq\u2026 Jusqu\u2019\u00e0 aujourd\u2019hui, ce ne sont pas moins d\u2019une trentaine d\u2019artistes ou de groupes d\u2019artistes qui ont contribu\u00e9s \u00e0 la croissance de ce lieu fantastique hors de l\u2019espace et du temps.<br>&nbsp;<br>Peinture, sculpture, collage, photo, vid\u00e9o, art num\u00e9rique\u2026 L\u2019art urbain n\u2019est pas diff\u00e9rent de la soci\u00e9t\u00e9 au sein de laquelle il se d\u00e9veloppe. Il est \u00e0 la fois color\u00e9 et joyeux, en col\u00e8re, engag\u00e9 et profond. Il est h\u00e9t\u00e9rog\u00e8ne et h\u00e9t\u00e9roclite, diversifi\u00e9 et vibrant.<br>&nbsp;<br>Il est ce que nous sommes, et nous sommes art.<br>&nbsp;<br>Fast foward:<br>&nbsp;<br>Six, sept, huit, neuf, dix\u2026<br>&nbsp;<br>Longue vie \u00e0 Interzone, aux artistes qui l\u2019habitent, et \u00e0 vous qui la faites vivre!\"<br><br>\u00c9milie Duchesne, juillet 2022<\/pre>\n\n\n\n<hr class=\"wp-block-separator is-style-wide\"\/>\n\n\n\n<p>   <\/p>\n\n\n\n<hr class=\"wp-block-separator is-style-wide\"\/>\n\n\n\n<h2>COMMUNIQU\u00c9 DE PRESSE DE LA 5e \u00e9dition<\/h2>\n\n\n\n<hr class=\"wp-block-separator is-style-wide\"\/>\n\n\n\n<div class=\"wp-block-file\"><object class=\"wp-block-file__embed\" data=\"http:\/\/www.josettevilleneuve.com\/wp-content\/uploads\/2023\/01\/Communique_presse_2022.pdf\" type=\"application\/pdf\" style=\"width:100%;height:600px\" aria-label=\"Contenu embarqu\u00e9 Communique_presse_2022.\"><\/object><a id=\"wp-block-file--media-ec6d0a76-4753-4807-aeda-85ec6deae9ac\" href=\"http:\/\/www.josettevilleneuve.com\/wp-content\/uploads\/2023\/01\/Communique_presse_2022.pdf\">Communique_presse_2022<\/a><a href=\"http:\/\/www.josettevilleneuve.com\/wp-content\/uploads\/2023\/01\/Communique_presse_2022.pdf\" class=\"wp-block-file__button\" download aria-describedby=\"wp-block-file--media-ec6d0a76-4753-4807-aeda-85ec6deae9ac\">T\u00e9l\u00e9charger<\/a><\/div>\n\n\n\n<hr class=\"wp-block-separator is-style-wide\"\/>\n\n\n\n<p>     <\/p>\n\n\n\n<hr class=\"wp-block-separator is-style-wide\"\/>\n\n\n\n<figure class=\"wp-block-image size-large is-style-default\"><a href=\"http:\/\/www.josettevilleneuve.com\/wp-content\/uploads\/2023\/01\/banner20221-scaled.jpg\"><img loading=\"lazy\" width=\"1024\" height=\"260\" src=\"http:\/\/www.josettevilleneuve.com\/wp-content\/uploads\/2023\/01\/banner20221-1024x260.jpg\" alt=\"\" class=\"wp-image-7241\" srcset=\"https:\/\/www.josettevilleneuve.com\/wp-content\/uploads\/2023\/01\/banner20221-1024x260.jpg 1024w, https:\/\/www.josettevilleneuve.com\/wp-content\/uploads\/2023\/01\/banner20221-300x76.jpg 300w, https:\/\/www.josettevilleneuve.com\/wp-content\/uploads\/2023\/01\/banner20221-768x195.jpg 768w, https:\/\/www.josettevilleneuve.com\/wp-content\/uploads\/2023\/01\/banner20221-1536x390.jpg 1536w, https:\/\/www.josettevilleneuve.com\/wp-content\/uploads\/2023\/01\/banner20221-2048x520.jpg 2048w\" sizes=\"(max-width: 1024px) 100vw, 1024px\" \/><\/a><\/figure>\n\n\n\n<hr class=\"wp-block-separator is-style-wide\"\/>\n\n\n\n<p>       <\/p>\n\n\n\n<hr class=\"wp-block-separator is-style-wide\"\/>\n\n\n\n<figure class=\"wp-block-image is-style-default\"><img alt=\"\"\/><\/figure>\n","protected":false},"excerpt":{"rendered":"<p>5e \u00e9dition &#8211; 7 artistes tout-terrain r\u00e9alisent des murales en direct dans le centre-ville de Shawinigan : Lucas Blais Gamache Marie-Jeanne Decoste J\u00e9r\u00e9mie Deschamps-Bussi\u00e8res Myriam Fauteux Roxanne Lacourci\u00e8re Sonia Payette Caroline Potvin Et le camp estival interculturel du SANA. Texte de l&rsquo;\u00e9dition 2022 par \u00c9milie Duchesne \u00ab\u00a0Un, deux, trois, quatre, cinq. Elles \u00e9taient cinq.Cinq artistes,<a class=\"rmore\" href=\"https:\/\/www.josettevilleneuve.com\/?page_id=7216\">&nbsp;&nbsp; Read More &#8230;<\/a><\/p>\n","protected":false},"author":1,"featured_media":0,"parent":0,"menu_order":0,"comment_status":"closed","ping_status":"closed","template":"","meta":[],"_links":{"self":[{"href":"https:\/\/www.josettevilleneuve.com\/index.php?rest_route=\/wp\/v2\/pages\/7216"}],"collection":[{"href":"https:\/\/www.josettevilleneuve.com\/index.php?rest_route=\/wp\/v2\/pages"}],"about":[{"href":"https:\/\/www.josettevilleneuve.com\/index.php?rest_route=\/wp\/v2\/types\/page"}],"author":[{"embeddable":true,"href":"https:\/\/www.josettevilleneuve.com\/index.php?rest_route=\/wp\/v2\/users\/1"}],"replies":[{"embeddable":true,"href":"https:\/\/www.josettevilleneuve.com\/index.php?rest_route=%2Fwp%2Fv2%2Fcomments&post=7216"}],"version-history":[{"count":6,"href":"https:\/\/www.josettevilleneuve.com\/index.php?rest_route=\/wp\/v2\/pages\/7216\/revisions"}],"predecessor-version":[{"id":7240,"href":"https:\/\/www.josettevilleneuve.com\/index.php?rest_route=\/wp\/v2\/pages\/7216\/revisions\/7240"}],"wp:attachment":[{"href":"https:\/\/www.josettevilleneuve.com\/index.php?rest_route=%2Fwp%2Fv2%2Fmedia&parent=7216"}],"curies":[{"name":"wp","href":"https:\/\/api.w.org\/{rel}","templated":true}]}}