{"id":801,"date":"2010-12-15T12:31:38","date_gmt":"2010-12-15T16:31:38","guid":{"rendered":"http:\/\/www.josettevilleneuve.com\/?page_id=801"},"modified":"2021-05-05T13:10:30","modified_gmt":"2021-05-05T17:10:30","slug":"jusqua-ce-que-la-mort-vous-separe","status":"publish","type":"page","link":"https:\/\/www.josettevilleneuve.com\/?page_id=801","title":{"rendered":"jusqu&rsquo;\u00e0 la derni\u00e8re minute"},"content":{"rendered":"<p style=\"text-align: center;\"><strong><strong><strong><a href=\"http:\/\/www.josettevilleneuve.com\/wp-content\/uploads\/2010\/08\/robe1.jpg\" target=\"_blank\" rel=\"noopener\"><img loading=\"lazy\" class=\"aligncenter\" title=\"Jusqu'\u00e0 la derni\u00e8re minute...\" src=\"http:\/\/www.josettevilleneuve.com\/wp-content\/uploads\/2010\/08\/robe1-168x300.jpg\" alt=\"\" width=\"214\" height=\"382\" \/><\/a><\/strong><\/strong><\/strong>Vaisselle, miroir, bois, photocopies, couture. <em>Josette Villeneuve, 2010<br \/>\n<\/em><\/p>\n<p style=\"text-align: center;\">Maison de la culture de Trois-Rivi\u00e8res du 12 septembre au 7 octobre 2010. Commissaire : Marie-Andr\u00e9e Levasseur.<\/p>\n<div id=\"ctl00_ctl00_MainContent_MainColumn_DIVArticle\">\n<div id=\"ctl00_ctl00_MainContent_MainColumn_ctl00_PNLAdvance\">\n<div id=\"ctl00_ctl00_MainContent_MainColumn_ctl00_PNLAdvanceTitleSubTitle\">\n<div id=\"ctl00_ctl00_MainContent_MainColumn_ctl00_UCSharing1_PNLShareThis\">\n<div><img id=\"ctl00_ctl00_MainContent_MainColumn_ctl00_IMGAdvanceSpacer\" src=\"http:\/\/media.voir.ca\/_images\/util\/spacer.gif\" alt=\" \" \/><\/div>\n<\/div>\n<\/div>\n<\/div>\n<\/div>\n<div>\n\n\t\t<style type=\"text\/css\">\n\t\t\t#gallery-1 {\n\t\t\t\tmargin: auto;\n\t\t\t}\n\t\t\t#gallery-1 .gallery-item {\n\t\t\t\tfloat: left;\n\t\t\t\tmargin-top: 10px;\n\t\t\t\ttext-align: center;\n\t\t\t\twidth: 33%;\n\t\t\t}\n\t\t\t#gallery-1 img {\n\t\t\t\tborder: 2px solid #cfcfcf;\n\t\t\t}\n\t\t\t#gallery-1 .gallery-caption {\n\t\t\t\tmargin-left: 0;\n\t\t\t}\n\t\t\t\/* see gallery_shortcode() in wp-includes\/media.php *\/\n\t\t<\/style>\n\t\t<div id='gallery-1' class='gallery galleryid-801 gallery-columns-3 gallery-size-thumbnail'><dl class='gallery-item'>\n\t\t\t<dt class='gallery-icon landscape'>\n\t\t\t\t<a href='https:\/\/www.josettevilleneuve.com\/wp-content\/uploads\/2010\/12\/P1060700.jpg'><img width=\"150\" height=\"150\" src=\"https:\/\/www.josettevilleneuve.com\/wp-content\/uploads\/2010\/12\/P1060700-150x150.jpg\" class=\"attachment-thumbnail size-thumbnail\" alt=\"\" loading=\"lazy\" \/><\/a>\n\t\t\t<\/dt><\/dl><dl class='gallery-item'>\n\t\t\t<dt class='gallery-icon landscape'>\n\t\t\t\t<a href='https:\/\/www.josettevilleneuve.com\/wp-content\/uploads\/2010\/12\/P1060701.jpg'><img width=\"150\" height=\"150\" src=\"https:\/\/www.josettevilleneuve.com\/wp-content\/uploads\/2010\/12\/P1060701-150x150.jpg\" class=\"attachment-thumbnail size-thumbnail\" alt=\"\" loading=\"lazy\" \/><\/a>\n\t\t\t<\/dt><\/dl><dl class='gallery-item'>\n\t\t\t<dt class='gallery-icon landscape'>\n\t\t\t\t<a href='https:\/\/www.josettevilleneuve.com\/wp-content\/uploads\/2010\/12\/P1060704.jpg'><img width=\"150\" height=\"150\" src=\"https:\/\/www.josettevilleneuve.com\/wp-content\/uploads\/2010\/12\/P1060704-150x150.jpg\" class=\"attachment-thumbnail size-thumbnail\" alt=\"\" loading=\"lazy\" \/><\/a>\n\t\t\t<\/dt><\/dl><br style=\"clear: both\" \/><dl class='gallery-item'>\n\t\t\t<dt class='gallery-icon landscape'>\n\t\t\t\t<a href='https:\/\/www.josettevilleneuve.com\/wp-content\/uploads\/2010\/12\/P1060726.jpg'><img width=\"150\" height=\"150\" src=\"https:\/\/www.josettevilleneuve.com\/wp-content\/uploads\/2010\/12\/P1060726-150x150.jpg\" class=\"attachment-thumbnail size-thumbnail\" alt=\"\" loading=\"lazy\" \/><\/a>\n\t\t\t<\/dt><\/dl><dl class='gallery-item'>\n\t\t\t<dt class='gallery-icon portrait'>\n\t\t\t\t<a href='https:\/\/www.josettevilleneuve.com\/wp-content\/uploads\/2010\/12\/63377_10150270924690538_319548130537_14650901_5895327_n1.jpg'><img width=\"150\" height=\"150\" src=\"https:\/\/www.josettevilleneuve.com\/wp-content\/uploads\/2010\/12\/63377_10150270924690538_319548130537_14650901_5895327_n1-150x150.jpg\" class=\"attachment-thumbnail size-thumbnail\" alt=\"\" loading=\"lazy\" \/><\/a>\n\t\t\t<\/dt><\/dl>\n\t\t\t<br style='clear: both' \/>\n\t\t<\/div>\n\n<\/div>\n<p style=\"text-align: left;\"><strong>\u00a0<\/strong>Titre : <em>N\/B, jusqu&rsquo;\u00e0 la derni\u00e8re minute&#8230;<\/em>. Josette Villeneuve, 2010<\/p>\n<p>Liste descriptive :<\/p>\n<ul>\n<li><span style=\"text-decoration: underline;\">Robe de mari\u00e9e<\/span> : photocopies, couture, bois, clous, vaisselle, miroir.<\/li>\n<li><span style=\"text-decoration: underline;\">L\u2019Album de la mari\u00e9e<\/span> : 16 photos, papier Fabriano, couture, molleton, planche \u00e0 repasser, magazines.<\/li>\n<li><span style=\"text-decoration: underline;\">La suite des choses<\/span> : d\u00e9coupes de papier Canson superpos\u00e9es \u00e0 une impression num\u00e9rique sur polypropyl\u00e8ne (1,52 m x 1,52 m); couture, \u00e9pingles.<\/li>\n<li><span style=\"text-decoration: underline;\">Trois photographies<\/span> de noces, prises en 1947 et en 1950.<\/li>\n<\/ul>\n<p><em>La robe de mari\u00e9e me ram\u00e8ne \u00e0 un r\u00eave de petite fille o\u00f9 d\u00e9filent des images de bonheur festif, de beaut\u00e9 f\u00e9erique&#8230; Enfant, je d\u00e9coupais des robes de papier pour les fixer sur des poup\u00e9es de carton en pliant les rabats. Je reprends ici cette mani\u00e8re simple : je d\u00e9coupe sur blanc ou sur noir, des pleins ou des vides, l\u2019ombre ou son contraire, en n\u00e9gatif ou en positif.<\/em><\/p>\n<p><em>Au finale, l\u2019\u0153uvre se lit comme un r\u00e9cit o\u00f9 chacune des interventions, chacune des images et chacun des objets rappellent le souvenir de ce moment unique sans omettre la suite des choses : le quotidien, le passage du temps, les accidents, le destin&#8230;<\/em><\/p>\n<p>Josette Villeneuve, septembre 2010<\/p>\n<div>Cliquez <a title=\"L\u2019album de la mari\u00e9e\" href=\"http:\/\/www.josettevilleneuve.com\/?page_id=820\">L\u2019album de la mari\u00e9e<\/a> pour voir toutes les images<\/div>\n<p><img loading=\"lazy\" title=\"album14\" src=\"http:\/\/www.josettevilleneuve.com\/wp-content\/uploads\/2011\/01\/album14.jpg\" alt=\"\" width=\"324\" height=\"256\" \/><\/p>\n","protected":false},"excerpt":{"rendered":"<p>Vaisselle, miroir, bois, photocopies, couture. Josette Villeneuve, 2010 Maison de la culture de Trois-Rivi\u00e8res du 12 septembre au 7 octobre 2010. Commissaire : Marie-Andr\u00e9e Levasseur. \u00a0Titre : N\/B, jusqu&rsquo;\u00e0 la derni\u00e8re minute&#8230;. Josette Villeneuve, 2010 Liste descriptive : Robe de mari\u00e9e : photocopies, couture, bois, clous, vaisselle, miroir. L\u2019Album de la mari\u00e9e : 16 photos,<a class=\"rmore\" href=\"https:\/\/www.josettevilleneuve.com\/?page_id=801\">&nbsp;&nbsp; Read More &#8230;<\/a><\/p>\n","protected":false},"author":1,"featured_media":0,"parent":1320,"menu_order":51,"comment_status":"open","ping_status":"open","template":"","meta":[],"_links":{"self":[{"href":"https:\/\/www.josettevilleneuve.com\/index.php?rest_route=\/wp\/v2\/pages\/801"}],"collection":[{"href":"https:\/\/www.josettevilleneuve.com\/index.php?rest_route=\/wp\/v2\/pages"}],"about":[{"href":"https:\/\/www.josettevilleneuve.com\/index.php?rest_route=\/wp\/v2\/types\/page"}],"author":[{"embeddable":true,"href":"https:\/\/www.josettevilleneuve.com\/index.php?rest_route=\/wp\/v2\/users\/1"}],"replies":[{"embeddable":true,"href":"https:\/\/www.josettevilleneuve.com\/index.php?rest_route=%2Fwp%2Fv2%2Fcomments&post=801"}],"version-history":[{"count":38,"href":"https:\/\/www.josettevilleneuve.com\/index.php?rest_route=\/wp\/v2\/pages\/801\/revisions"}],"predecessor-version":[{"id":6498,"href":"https:\/\/www.josettevilleneuve.com\/index.php?rest_route=\/wp\/v2\/pages\/801\/revisions\/6498"}],"up":[{"embeddable":true,"href":"https:\/\/www.josettevilleneuve.com\/index.php?rest_route=\/wp\/v2\/pages\/1320"}],"wp:attachment":[{"href":"https:\/\/www.josettevilleneuve.com\/index.php?rest_route=%2Fwp%2Fv2%2Fmedia&parent=801"}],"curies":[{"name":"wp","href":"https:\/\/api.w.org\/{rel}","templated":true}]}}